{"id":25736,"date":"2017-05-16T09:31:33","date_gmt":"2017-05-16T14:31:33","guid":{"rendered":"http:\/\/portal.compraspublicas.gob.ec\/sercop\/?page_id=25736"},"modified":"2017-06-02T09:29:42","modified_gmt":"2017-06-02T14:29:42","slug":"25736-2","status":"publish","type":"page","link":"https:\/\/portal.compraspublicas.gob.ec\/sercop\/25736-2\/","title":{"rendered":"Contralor\u00eda General del Estado emite informe favorable a la Subasta P\u00fablica de Medicamentos"},"content":{"rendered":"<p><img loading=\"lazy\" class=\"attachment-post-thumbnail wp-post-image\" src=\"http:\/\/portal.compraspublicas.gob.ec\/sercop\/wp-content\/uploads\/2017\/05\/cge-sicm_int2.png\" alt=\"cge-sicm_int2\" width=\"591\" height=\"394\" \/><\/p>\n<p style=\"text-align: justify;\"><a href=\"http:\/\/portal.compraspublicas.gob.ec\/sercop\/wp-content\/uploads\/2017\/05\/informe_cge_sicm-2016.pdf\"><img loading=\"lazy\" class=\"alignnone\" src=\"http:\/\/portal.compraspublicas.gob.ec\/sercop\/wp-content\/uploads\/2017\/05\/descarga_aqui.png\" alt=\"\" width=\"654\" height=\"92\" \/><\/a><\/p>\n<p style=\"text-align: justify;\">La Contralor\u00eda General del Estado realiz\u00f3 un examen especial sobre el proceso de Subasta P\u00fablica de Medicamentos. El an\u00e1lisis se hizo sobre la etapa precontractual y contractual de la compra de m\u00e1s de 322 tipos de medicamentos y, de acuerdo al anuncio hecho por el Director General del Servicio Nacional de Contrataci\u00f3n P\u00fablica (Sercop), concluy\u00f3 lo siguiente:<\/p>\n<p style=\"text-align: justify;\">Que todas las recomendaciones realizadas por la entidad de control sobre el proceso de Subasta de Medicamentos del 2011 fueron acogidas y concluye que este proceso fue automatizado, funcional, transparente; cont\u00f3 con la tecnolog\u00eda y recursos t\u00e9cnicos necesarios para alcanzar un adecuado nivel de seguridad.<\/p>\n<p style=\"text-align: justify;\">Adem\u00e1s, la auditor\u00eda evalu\u00f3 la metodologaci\u00f3n para la determinaci\u00f3n de precios referenciales unitarios, estableciendo que los precios referenciales fijados fueron razonables.<\/p>\n<p style=\"text-align: justify;\">El informe indica que la Subasta fue un proceso planificado, al tomar en cuenta que las instituciones que integran la RPIS, ministerio de Salud P\u00fablica, instituto de Seguridad social de las Fuerzas Armadas (Issfa); instituto Ecuatoriano de Seguridad Social (Iess) e instituto de Seguridad Social de la Polic\u00eda (Isspol), consolidaron sus demandas de medicamentos.<\/p>\n<p style=\"text-align: justify;\">V\u00e1squez destac\u00f3 que el documento indica que el Sistema de Compra P\u00fablica, \u201ca nivel de pantalla del usuario, no permiti\u00f3 la visualizaci\u00f3n de los proveedores invitados y adheridos que participaron en el proceso de contrataci\u00f3n. De igual forma, a nivel de pantalla de usuario, no permiti\u00f3 visualizar y conocer a los proveedores que se encontraron ofertando y participando en la fase de puja, evitando que los usuarios conozcan con qu\u00e9 otros oferentes se encontraban compitiendo, lo que evidenci\u00f3 la transparencia del proceso\u201d.<\/p>\n<p style=\"text-align: justify;\">De igual forma, asegur\u00f3 que la Contralor\u00eda reconoce que, gracias al sistema de Compra P\u00fablica, todas las fases del proceso fueron p\u00fablicas y se mantienen a disposici\u00f3n de la ciudadan\u00eda en\u00a0la p\u00e1gina <a href=\"https:\/\/subastademedicamentos.compraspublicas.gob.ec\/\">subastademedicamentos.compraspublicas.gob.ec<\/a>, plataforma electr\u00f3nica en la que se pueden encontrar los precios unitarios adjudicados, proveedores participantes, especificaciones t\u00e9cnicas de los medicamentos, registros sanitarios y contratos realizados; as\u00ed como la competencia de precios entre los participantes.<\/p>\n<p style=\"text-align: justify;\">En esta p\u00e1gina se informa, tambi\u00e9n sobre la participaci\u00f3n de al menos 8 proveedores por cada uno de los 322 medicamentos que fueron adjudicados.<\/p>\n<p style=\"text-align: justify;\">El titular del Sercop inform\u00f3 que existieron dos recomendaciones que ya han sido ejecutadas por\u00a0 la instituci\u00f3n.<\/p>\n<div style=\"position: relative; height: 0; padding-bottom: 56.25%;\"><iframe loading=\"lazy\" style=\"position: absolute; width: 100%; height: 100%; left: 0;\" src=\"https:\/\/www.youtube.com\/embed\/Uw_CX8BEqjU?ecver=2\" width=\"640\" height=\"360\" frameborder=\"0\" allowfullscreen=\"allowfullscreen\"><\/iframe><\/div>\n<p style=\"text-align: justify;\"><strong>Contralor\u00eda ratifica que el proceso de adquisici\u00f3n de medicamentos fue transparente y eficiente al haber contado con participaci\u00f3n y vigilancia ciudadana.<\/strong><\/p>\n<p style=\"text-align: justify;\">M\u00e1s de mil personas, entre usuarios, empresas farmac\u00e9uticas, profesionales de la medicina, enfermer\u00eda y farmacia; comit\u00e9s de usuarios de la salud y organizaciones de pacientes acudieron a 14 Consejos Consultivos relativos al tema.<\/p>\n<p style=\"text-align: justify;\">Con este informe favorable de Contralor\u00eda, queda demostrado que la compra corporativa de medicamentos no solo fue un proceso transparente, sino que ahorr\u00f3 m\u00e1s de 300 millones de d\u00f3lares al pa\u00eds, \u201crecursos que seguir\u00e1n siendo utilizados en ampliar la infraestructura de salud, de educaci\u00f3n, de carreteras, de todos aquellos derechos que los ecuatorianos necesitamos. El Sercop ha permitido que todos esos recursos sean adecuadamente utilizados\u201d, dijo V\u00e1squez.<\/p>\n<p style=\"text-align: justify;\">En el proceso se adjudicaron contratos a 58 proveedores y grupos farmac\u00e9uticos\u00a0que, en ning\u00fan caso, concentran m\u00e1s del 12% del monto adquirido, equivalente a 150 millones de d\u00f3lares.<\/p>\n<p style=\"text-align: justify;\">La Subasta Inversa Corporativa de Medicamentos se convierte en un referente de contrataci\u00f3n p\u00fablica que arranc\u00f3 toda posibilidad de direccionamiento de contratos. Deja en el pasado las pr\u00e1cticas en las que incurr\u00edan ciertas empresas farmac\u00e9uticas que, contando con el apoyo de medios de comunicaci\u00f3n, recib\u00edan adjudicaciones a dedo.<\/p>\n<p style=\"text-align: justify;\">La compra p\u00fablica de medicamentos estableci\u00f3 procesos p\u00fablicos, abiertos, en beneficio de la ciudadan\u00eda y que han garantizado el acceso\u00a0a medicina de calidad y segura\u00a0para m\u00e1s de 3 mil unidades de salud en el pa\u00eds, convirti\u00e9ndose en un ejemplo a seguir por otros pa\u00edses de la Regi\u00f3n; es as\u00ed que Per\u00fa y Chile ya concretan la adquisisci\u00f3n de medicamentos para sus habitantes mediante el Sercop.<\/p>\n<p style=\"text-align: justify;\">Acceda al <span style=\"color: #0000ff;\"><strong><a style=\"color: #0000ff;\" href=\"http:\/\/portal.compraspublicas.gob.ec\/sercop\/wp-content\/uploads\/2017\/05\/informe_cge_sicm-2016.pdf\">Informe de Contralor\u00eda sobre la Subasta P\u00fablica de Medicamentos<\/a><\/strong><\/span><\/p>\n<p style=\"text-align: justify;\">(CCH)<\/p>\n","protected":false},"excerpt":{"rendered":"<p class=\"excerpt\">La Contralor\u00eda General del Estado realiz\u00f3 un examen especial sobre el proceso de Subasta P\u00fablica de Medicamentos. El an\u00e1lisis se hizo sobre la etapa precontractual y contractual de la compra de m\u00e1s de 322 tipos de medicamentos y, de acuerdo al anuncio hecho por el Director General del Servicio Nacional de Contrataci\u00f3n P\u00fablica (Sercop), concluy\u00f3 lo siguiente: Que todas las&hellip; <a href=\"https:\/\/portal.compraspublicas.gob.ec\/sercop\/25736-2\/\">Read more &rarr;<\/a><\/p>\n","protected":false},"author":1,"featured_media":0,"parent":0,"menu_order":0,"comment_status":"closed","ping_status":"closed","template":"menu_albummedica.php","meta":[],"_links":{"self":[{"href":"https:\/\/portal.compraspublicas.gob.ec\/sercop\/wp-json\/wp\/v2\/pages\/25736"}],"collection":[{"href":"https:\/\/portal.compraspublicas.gob.ec\/sercop\/wp-json\/wp\/v2\/pages"}],"about":[{"href":"https:\/\/portal.compraspublicas.gob.ec\/sercop\/wp-json\/wp\/v2\/types\/page"}],"author":[{"embeddable":true,"href":"https:\/\/portal.compraspublicas.gob.ec\/sercop\/wp-json\/wp\/v2\/users\/1"}],"replies":[{"embeddable":true,"href":"https:\/\/portal.compraspublicas.gob.ec\/sercop\/wp-json\/wp\/v2\/comments?post=25736"}],"version-history":[{"count":0,"href":"https:\/\/portal.compraspublicas.gob.ec\/sercop\/wp-json\/wp\/v2\/pages\/25736\/revisions"}],"wp:attachment":[{"href":"https:\/\/portal.compraspublicas.gob.ec\/sercop\/wp-json\/wp\/v2\/media?parent=25736"}],"curies":[{"name":"wp","href":"https:\/\/api.w.org\/{rel}","templated":true}]}}