{"id":28436,"date":"2017-07-14T16:56:36","date_gmt":"2017-07-14T21:56:36","guid":{"rendered":"http:\/\/portal.compraspublicas.gob.ec\/sercop\/?page_id=28436"},"modified":"2017-07-14T17:50:14","modified_gmt":"2017-07-14T22:50:14","slug":"normativa","status":"publish","type":"page","link":"https:\/\/portal.compraspublicas.gob.ec\/sercop\/normativa\/","title":{"rendered":"Conoce la normativa"},"content":{"rendered":"<h5 style=\"text-align: justify;\"><span style=\"color: #000000;\">Ley Org\u00e1nica del Sistema Nacional de Contrataci\u00f3n P\u00fablica (Losncp)<\/span><\/h5>\n<p style=\"text-align: justify;\"><span style=\"color: #000000;\">Art\u00edculo 4: <em>\u201cPara la aplicaci\u00f3n de esta Ley y de los contratos que de ella deriven, se observar\u00e1n los principios de legalidad, trato justo, igualdad, calidad, vigencia tecnol\u00f3gica, oportunidad, concurrencia, transparencia, publicidad; y, participaci\u00f3n nacional\u201d, <\/em>ha investigado y detectado casos puntuales de malas pr\u00e1cticas de contrataci\u00f3n p\u00fablica, como es la catalogaci\u00f3n de personas naturales, jur\u00eddicas o asociaciones, vinculadas entre s\u00ed, sea por relaci\u00f3n familiar o accionaria. Esta pr\u00e1ctica es considerada como desleal y anti\u00e9tica, que propende a corromper la legalidad y transparencia de la contrataci\u00f3n p\u00fablica.<\/span><\/p>\n<h5><span style=\"color: #000000;\">Pliegos Ferias Inclusivas<\/span><\/h5>\n<p><span style=\"color: #000000;\">Secci\u00f3n IV, numeral 4.1.1:<em style=\"color: #000000;\"> \u00abEsta oferta (adhesi\u00f3n a especificaciones t\u00e9cnicas y condiciones econ\u00f3micas) la realizo en forma independiente y sin conexi\u00f3n abierta u oculta con otra u otras personas, compa\u00f1\u00edas o grupos participantes en este procedimiento y, en todo aspecto, es honrada y de buena fe, por consiguiente, aseguro no haber vulnerado y que no vulnerar\u00e9 ning\u00fan principio o norma relacionada con la competencia libre, leal y justa; que no establecer\u00e9, concertar\u00e9 o coordinar\u00e9 directa o indirectamente, en forma expl\u00edcita o en forma oculta posturas, abstenciones o resultados con otro u otros oferentes, se consideren o no partes relacionadas en los t\u00e9rminos de la normativa aplicable; as\u00ed mismo, me obligo a abstenerme de acciones, omisiones, acuerdos o pr\u00e1cticas concertadas; y, en general, de toda conducta cuyo objeto o efecto sea impedir, restringir, falsear o distorsionar la competencia, ya sea en la presentaci\u00f3n de la documentaci\u00f3n de adhesi\u00f3n y posturas o buscando asegurar el resultado en beneficio propio o de otro proveedor u oferente, en este procedimiento de selecci\u00f3n proveedores\u201d.<\/em><\/span><\/p>\n<h5 style=\"text-align: justify;\"><span style=\"color: #000000;\"><strong>Ley Org\u00e1nica de Econom\u00eda Popular y Solidaria (Loeps)<br \/>\n<\/strong><\/span><\/h5>\n<p style=\"text-align: justify;\"><span style=\"color: #000000;\">Art\u00edculo 11: <em>\u201cLos miembros, asociados y socios, bajo pena de exclusi\u00f3n, no podr\u00e1n competir con la organizaci\u00f3n a que pertenezcan, realizando la misma actividad econ\u00f3mica que \u00e9sta, ni por s\u00ed mismos, ni por intermedio de terceros\u201d.<\/em><\/span><\/p>\n<h5 style=\"text-align: justify;\"><span style=\"color: #000000;\"><strong>Ley Org\u00e1nica de Regulaci\u00f3n y Control del Poder del Mercado (Lorcpm)<br \/>\n<\/strong><\/span><\/h5>\n<p style=\"text-align: justify;\"><span style=\"color: #000000;\">Art\u00edculo 11: <em>\u201cEst\u00e1n prohibidos y ser\u00e1n sancionados de conformidad con las normas de la presente ley todo acuerdo, decisi\u00f3n o recomendaci\u00f3n colectiva, o pr\u00e1ctica concertada o conscientemente paralela, y en general todos los actos o conductas realizados por dos o m\u00e1s operadores econ\u00f3micos, de cualquier forma manifestados, relacionados con la producci\u00f3n e intercambio de bienes o servicios, cuyo objeto o efecto sea o pueda ser impedir, restringir, falsear o distorsionar la competencia, o afecten negativamente a la eficiencia econ\u00f3mica o el bienestar general. En particular, las siguientes conductas, constituyen acuerdos y pr\u00e1cticas prohibidas: (\u2026) 6. Los actos u omisiones, acuerdos o pr\u00e1cticas concertadas y en general todas las conductas de proveedores u oferentes, cualquiera sea la forma que adopten, cuyo objeto o efecto sea impedir, restringir, falsear o distorsionar la competencia, ya sea en la presentaci\u00f3n de ofertas y posturas o buscando asegurar el resultado en beneficio propio o de otro proveedor u oferente, en una licitaci\u00f3n, concursos, remates, ventas al martillo, subastas p\u00fablicas u otros establecidos en las normas que regulen la contrataci\u00f3n p\u00fablica, o en procesos de contrataci\u00f3n privados abiertos al p\u00fablico\u201d.<\/em><\/span><\/p>\n<h5 style=\"text-align: justify;\"><span style=\"color: #000000;\"><strong>Manual de Buenas Pr\u00e1cticas en la Contrataci\u00f3n P\u00fablica<\/strong><\/span><\/h5>\n<ul style=\"text-align: justify;\">\n<li><span style=\"color: #000000;\">Cumplir las disposiciones contenidos en la Ley Org\u00e1nica de Regulaci\u00f3n y Control del Poder de Mercado;<\/span><\/li>\n<li><span style=\"color: #000000;\">Cumplir las disposiciones contenidas en la Ley Org\u00e1nica del Sistema Nacional de Contrataci\u00f3n P\u00fablica;<\/span><\/li>\n<li><span style=\"color: #000000;\">Colaborar con la Superintendencia de Control de Poder de Mercado en el control de las conductas anticompetitivas;<\/span><\/li>\n<li><span style=\"color: #000000;\">Promover pr\u00e1cticas comerciales competitivas y eficientes;<\/span><\/li>\n<li><span style=\"color: #000000;\">Evitar las pr\u00e1cticas que busquen la formaci\u00f3n de monopolios y oligopolios;<\/span><\/li>\n<li><span style=\"color: #000000;\">Denunciar las pr\u00e1cticas comerciales se\u00f1aladas en el Manual de Buenas Pr\u00e1cticas.<\/span><\/li>\n<\/ul>\n<h6 style=\"text-align: center;\"><em><span style=\"color: #000000;\">\u00a1Las pr\u00e1cticas desleales provienen de conductas anti\u00e9ticas que afectan al principio asociativo y la b\u00fasqueda de oportunidades de manera equitativa!<\/span><\/em><\/h6>\n","protected":false},"excerpt":{"rendered":"<p class=\"excerpt\">Ley Org\u00e1nica del Sistema Nacional de Contrataci\u00f3n P\u00fablica (Losncp) Art\u00edculo 4: \u201cPara la aplicaci\u00f3n de esta Ley y de los contratos que de ella deriven, se observar\u00e1n los principios de legalidad, trato justo, igualdad, calidad, vigencia tecnol\u00f3gica, oportunidad, concurrencia, transparencia, publicidad; y, participaci\u00f3n nacional\u201d, ha investigado y detectado casos puntuales de malas pr\u00e1cticas de contrataci\u00f3n p\u00fablica, como es la catalogaci\u00f3n&hellip; <a href=\"https:\/\/portal.compraspublicas.gob.ec\/sercop\/normativa\/\">Read more &rarr;<\/a><\/p>\n","protected":false},"author":1,"featured_media":28446,"parent":0,"menu_order":0,"comment_status":"closed","ping_status":"closed","template":"menu_eps.php","meta":[],"_links":{"self":[{"href":"https:\/\/portal.compraspublicas.gob.ec\/sercop\/wp-json\/wp\/v2\/pages\/28436"}],"collection":[{"href":"https:\/\/portal.compraspublicas.gob.ec\/sercop\/wp-json\/wp\/v2\/pages"}],"about":[{"href":"https:\/\/portal.compraspublicas.gob.ec\/sercop\/wp-json\/wp\/v2\/types\/page"}],"author":[{"embeddable":true,"href":"https:\/\/portal.compraspublicas.gob.ec\/sercop\/wp-json\/wp\/v2\/users\/1"}],"replies":[{"embeddable":true,"href":"https:\/\/portal.compraspublicas.gob.ec\/sercop\/wp-json\/wp\/v2\/comments?post=28436"}],"version-history":[{"count":0,"href":"https:\/\/portal.compraspublicas.gob.ec\/sercop\/wp-json\/wp\/v2\/pages\/28436\/revisions"}],"wp:featuredmedia":[{"embeddable":true,"href":"https:\/\/portal.compraspublicas.gob.ec\/sercop\/wp-json\/wp\/v2\/media\/28446"}],"wp:attachment":[{"href":"https:\/\/portal.compraspublicas.gob.ec\/sercop\/wp-json\/wp\/v2\/media?parent=28436"}],"curies":[{"name":"wp","href":"https:\/\/api.w.org\/{rel}","templated":true}]}}