{"id":28888,"date":"2017-07-28T10:37:43","date_gmt":"2017-07-28T15:37:43","guid":{"rendered":"http:\/\/portal.compraspublicas.gob.ec\/sercop\/?page_id=28888"},"modified":"2024-11-28T15:33:04","modified_gmt":"2024-11-28T20:33:04","slug":"mantenimiento-vial-incorporacion-de-productos","status":"publish","type":"page","link":"https:\/\/portal.compraspublicas.gob.ec\/sercop\/mantenimiento-vial-incorporacion-de-productos\/","title":{"rendered":"Mantenimiento V\u00edal \u2013 Incorporaci\u00f3n de productos"},"content":{"rendered":"<p><a style=\"display:flex\"\"><img loading=\"lazy\" class=\"aligncenter size-full wp-image-28892\" src=\"https:\/\/portal.compraspublicas.gob.ec\/sercop\/wp-content\/uploads\/2017\/07\/22-2-2017-Asociaciones-de-Conservaci\u00f3n-para-el-mantenimiento-vial.png\" alt=\"22-2-2017-Asociaciones-de-Conservaci\u00f3n-para-el-mantenimiento-vial\" width=\"779\" height=\"278\" srcset=\"https:\/\/portal.compraspublicas.gob.ec\/sercop\/wp-content\/uploads\/2017\/07\/22-2-2017-Asociaciones-de-Conservaci\u00f3n-para-el-mantenimiento-vial.png 779w, https:\/\/portal.compraspublicas.gob.ec\/sercop\/wp-content\/uploads\/2017\/07\/22-2-2017-Asociaciones-de-Conservaci\u00f3n-para-el-mantenimiento-vial-300x107.png 300w\" sizes=\"(max-width: 779px) 100vw, 779px\" \/><\/a><\/p>\n<p>Si\u00a0 te interesa participar en los Cat\u00e1logos Inclusivos del Servicio Nacional de Contrataci\u00f3n P\u00fablica revisa los requisitos de participaci\u00f3n para los productos lanzados mediante nuevas Ferias Inclusivas o mediante Adhesi\u00f3n de Productos.<\/p>\n<p><strong>PARA NUEVOS PROVEEDORES<\/strong><\/p>\n<ol>\n<li>Lee y analiza el <span style=\"color: #0000ff;\"><a style=\"color: #0000ff;\" href=\"https:\/\/portal.compraspublicas.gob.ec\/sercop\/wp-content\/uploads\/2017\/01\/pliego_servicios_mantenimiento.pdf\">pliego <\/a><\/span>detenidamente del proceso de catalogaci\u00f3n.<\/li>\n<li>Llena los <span style=\"color: #0000ff;\"><a style=\"color: #0000ff;\" href=\"https:\/\/portal.compraspublicas.gob.ec\/sercop\/wp-content\/uploads\/2017\/01\/formularios_servicio_mantenimiento.doc\">formularios <\/a><\/span>y requisitos de equipamiento y herramientas por producto que se solicitan en los pliegos. Recuerda que los formularios y los requisitos deben estar sumillados y numerados.<\/li>\n<\/ol>\n<p><strong>PARA PROVEEDORES CATALOGADOS<\/strong><\/p>\n<p>Deber\u00e1n presentar la manifestaci\u00f3n de inter\u00e9s del producto en el que le interese participar. As\u00ed como la documentaci\u00f3n y requisitos establecidos en las fichas t\u00e9cnicas, las cuales deber\u00e1n estar con las respectivas sumillas.<\/p>\n<p><strong><u>CONSIDERACIONES:<\/u><\/strong><\/p>\n<ul>\n<li>La oferta o manifestaci\u00f3n de inter\u00e9s obligatoriamente deber\u00e1 ser firmada electr\u00f3nicamente por el representante legal, apoderado, persona natural o procurador com\u00fan, con sus respectivos anexos o documentaci\u00f3n de respaldo seg\u00fan el caso.<\/li>\n<li>Finalmente, la oferta o manifestaci\u00f3n de inter\u00e9s deber\u00e1 ser enviada al correo electr\u00f3nico <strong>ofertascatalogo@sercop.gob.ec<\/strong>, de ser el caso, si el tama\u00f1o del o los archivos no le permita remitir la oferta por correo electr\u00f3nico, el oferente podr\u00e1 usar un servicio web de alojamiento de archivos, y deber\u00e1 enviar el link, mismo que debe ser de acceso p\u00fablico sin clave y sin fecha de caducidad.<\/li>\n<\/ul>\n<p>&nbsp;<\/p>\n<table width=\"832\">\n<tbody>\n<tr>\n<td width=\"376\"><strong>NOMBRE DE PRODUCTO<\/strong><\/td>\n<td width=\"183\"><strong>OFICIO CIRCULAR<\/strong><\/td>\n<td width=\"145\"><strong>DOCUMENTOS <\/strong><\/td>\n<td width=\"128\"><strong>ACTUALIZACIONES<\/strong><\/td>\n<\/tr>\n<tr>\n<td><span style=\"color: #0000ff;\"><a style=\"color: #0000ff;\" href=\"https:\/\/portal.compraspublicas.gob.ec\/sercop\/wp-content\/uploads\/2017\/07\/ficha_mantenimiento_vial_pavimento_rigido.pdf\" target=\"_blank\" rel=\"noopener\">Servicio de mantenimiento vial pavimento r\u00edgido<\/a><\/span><\/td>\n<td width=\"183\"><span style=\"color: #0000ff;\"><a style=\"color: #0000ff;\" href=\"https:\/\/portal.compraspublicas.gob.ec\/sercop\/wp-content\/uploads\/2017\/07\/oficio_circular_sercop_cdi_2017_0100.pdf\" target=\"_blank\" rel=\"noopener\">SERCOP-CDI-2017-0100<\/a><\/span><\/td>\n<td width=\"145\"><span style=\"color: #0000ff;\"><a style=\"color: #0000ff;\" href=\"https:\/\/portal.compraspublicas.gob.ec\/sercop\/wp-content\/uploads\/2022\/08\/manifestaciOn_de_interEs_mantenimiento_red_vial.doc\" target=\"_blank\" rel=\"noopener\">Manifestaci\u00f3n de Inter\u00e9s<\/a><\/span><\/td>\n<td width=\"128\"><\/td>\n<\/tr>\n<tr>\n<td width=\"376\"><span style=\"color: #0000ff;\"><a style=\"color: #0000ff;\" href=\"https:\/\/portal.compraspublicas.gob.ec\/sercop\/wp-content\/uploads\/2017\/01\/red_vial_pavimentada1.pdf\">Servicio de mantenimiento rutinario de red vial pavimentada<\/a><\/span><\/td>\n<td width=\"183\"><span style=\"color: #0000ff;\"><a style=\"color: #0000ff;\" href=\"https:\/\/portal.compraspublicas.gob.ec\/sercop\/wp-content\/uploads\/2017\/01\/oficio_circular_no_082.pdf\">SERCOP-CDI-2016-0082<\/a><\/span><\/td>\n<td width=\"145\"><span style=\"color: #0000ff;\"><a style=\"color: #0000ff;\" href=\"https:\/\/portal.compraspublicas.gob.ec\/sercop\/wp-content\/uploads\/2022\/08\/manifestaciOn_de_interEs_mantenimiento_red_vial.doc\">Manifestaci\u00f3n de Inter\u00e9s<\/a><\/span><\/td>\n<td width=\"128\"><\/td>\n<\/tr>\n<tr>\n<td width=\"376\"><span style=\"color: #0000ff;\"><a style=\"color: #0000ff;\" href=\"https:\/\/portal.compraspublicas.gob.ec\/sercop\/wp-content\/uploads\/2017\/01\/ficha_red_vial_lastrada.pdf\">Servicio de mantenimiento rutinario de red vial lastrada<\/a><\/span><\/td>\n<td width=\"183\"><span style=\"color: #0000ff;\"><a style=\"color: #0000ff;\" href=\"https:\/\/portal.compraspublicas.gob.ec\/sercop\/wp-content\/uploads\/2017\/01\/oficio_circular_no_082.pdf\">SERCOP-CDI-2016-0082<\/a><\/span><\/td>\n<td width=\"145\"><span style=\"color: #0000ff;\"><a style=\"color: #0000ff;\" href=\"https:\/\/portal.compraspublicas.gob.ec\/sercop\/wp-content\/uploads\/2022\/08\/manifestaciOn_de_interEs_mantenimiento_red_vial.doc\">Manifestaci\u00f3n de Inter\u00e9s<\/a><\/span><\/td>\n<td width=\"128\"><\/td>\n<\/tr>\n<\/tbody>\n<\/table>\n","protected":false},"excerpt":{"rendered":"<p class=\"excerpt\"> <a href=\"https:\/\/portal.compraspublicas.gob.ec\/sercop\/mantenimiento-vial-incorporacion-de-productos\/\">Read more &rarr;<\/a><\/p>\n","protected":false},"author":1,"featured_media":0,"parent":0,"menu_order":0,"comment_status":"closed","ping_status":"closed","template":"menugenerico.php","meta":[],"_links":{"self":[{"href":"https:\/\/portal.compraspublicas.gob.ec\/sercop\/wp-json\/wp\/v2\/pages\/28888"}],"collection":[{"href":"https:\/\/portal.compraspublicas.gob.ec\/sercop\/wp-json\/wp\/v2\/pages"}],"about":[{"href":"https:\/\/portal.compraspublicas.gob.ec\/sercop\/wp-json\/wp\/v2\/types\/page"}],"author":[{"embeddable":true,"href":"https:\/\/portal.compraspublicas.gob.ec\/sercop\/wp-json\/wp\/v2\/users\/1"}],"replies":[{"embeddable":true,"href":"https:\/\/portal.compraspublicas.gob.ec\/sercop\/wp-json\/wp\/v2\/comments?post=28888"}],"version-history":[{"count":6,"href":"https:\/\/portal.compraspublicas.gob.ec\/sercop\/wp-json\/wp\/v2\/pages\/28888\/revisions"}],"predecessor-version":[{"id":60442,"href":"https:\/\/portal.compraspublicas.gob.ec\/sercop\/wp-json\/wp\/v2\/pages\/28888\/revisions\/60442"}],"wp:attachment":[{"href":"https:\/\/portal.compraspublicas.gob.ec\/sercop\/wp-json\/wp\/v2\/media?parent=28888"}],"curies":[{"name":"wp","href":"https:\/\/api.w.org\/{rel}","templated":true}]}}