{"id":28986,"date":"2017-07-31T17:05:20","date_gmt":"2017-07-31T22:05:20","guid":{"rendered":"http:\/\/portal.compraspublicas.gob.ec\/sercop\/?page_id=28986"},"modified":"2017-07-31T17:05:20","modified_gmt":"2017-07-31T22:05:20","slug":"subastas-ahorraron-300-millones","status":"publish","type":"page","link":"https:\/\/portal.compraspublicas.gob.ec\/sercop\/subastas-ahorraron-300-millones\/","title":{"rendered":"Subastas ahorraron $ 300 millones"},"content":{"rendered":"<p style=\"text-align: justify;\"><a href=\"http:\/\/portal.compraspublicas.gob.ec\/sercop\/wp-content\/uploads\/2017\/07\/sicm2.jpg\"><img loading=\"lazy\" class=\" size-large wp-image-28988 aligncenter\" src=\"http:\/\/portal.compraspublicas.gob.ec\/sercop\/wp-content\/uploads\/2017\/07\/sicm2-1024x483.jpg\" alt=\"sicm2\" width=\"1024\" height=\"483\" srcset=\"https:\/\/portal.compraspublicas.gob.ec\/sercop\/wp-content\/uploads\/2017\/07\/sicm2-1024x483.jpg 1024w, https:\/\/portal.compraspublicas.gob.ec\/sercop\/wp-content\/uploads\/2017\/07\/sicm2-300x142.jpg 300w, https:\/\/portal.compraspublicas.gob.ec\/sercop\/wp-content\/uploads\/2017\/07\/sicm2.jpg 1170w\" sizes=\"(max-width: 1024px) 100vw, 1024px\" \/><\/a><\/p>\n<p style=\"text-align: justify;\"><span style=\"color: #000000;\">Los centros p\u00fablicos de salud adquieren medicinas a trav\u00e9s del Cat\u00e1logo Electr\u00f3nico. La herramienta virtual facilita la gesti\u00f3n log\u00edstica, administrativa y reduce los tiempos de contrataci\u00f3n.<\/span><\/p>\n<p style=\"text-align: justify;\"><span style=\"color: #000000;\">La Contralor\u00eda General del Estado (CGE) realiz\u00f3 un examen especial al proceso de Subasta P\u00fablica de Medicamentos. El an\u00e1lisis se hizo sobre la etapa precontractual y contractual de la compra de 326 tipos de medicamentos ejecutada por el Servicio Nacional de Contrataci\u00f3n P\u00fablica (Sercop).<\/span><\/p>\n<p style=\"text-align: justify;\"><span style=\"color: #000000;\">El informe concluy\u00f3 que todas las recomendaciones realizadas por la entidad de control al proceso de Subasta de Medicamentos de 2011 fueron aplicadas y la adquisici\u00f3n de f\u00e1rmacos ejecutada en 2016 estuvo automatizada y fue funcional; cont\u00f3 con tecnolog\u00eda y recursos t\u00e9cnicos necesarios para alcanzar un adecuado nivel de seguridad.<\/span><\/p>\n<p style=\"text-align: justify;\"><span style=\"color: #000000;\">\u201cSe evalu\u00f3 la funcionalidad del sistema, en cada una de las etapas de la contrataci\u00f3n; as\u00ed como se verific\u00f3 que la informaci\u00f3n de los proveedores est\u00e1 registrada (\u2026) A nivel de pantalla de usuario, no permiti\u00f3 visualizar y conocer a los proveedores que se encontraron ofertando y participando en la fase de puja, evitando que los usuarios conozcan con qu\u00e9 otros oferentes estaban compitiendo, lo que evidenci\u00f3 la transparencia del proceso\u201d, dice el informe. <\/span><\/p>\n<p style=\"text-align: justify;\"><span style=\"color: #000000;\"><a style=\"color: #000000;\" href=\"http:\/\/portal.compraspublicas.gob.ec\/sercop\/wp-content\/uploads\/2017\/07\/sicm1.jpg\"><img loading=\"lazy\" class=\" size-large wp-image-28987 aligncenter\" src=\"http:\/\/portal.compraspublicas.gob.ec\/sercop\/wp-content\/uploads\/2017\/07\/sicm1-577x1024.jpg\" alt=\"sicm1\" width=\"577\" height=\"1024\" srcset=\"https:\/\/portal.compraspublicas.gob.ec\/sercop\/wp-content\/uploads\/2017\/07\/sicm1-577x1024.jpg 577w, https:\/\/portal.compraspublicas.gob.ec\/sercop\/wp-content\/uploads\/2017\/07\/sicm1-169x300.jpg 169w, https:\/\/portal.compraspublicas.gob.ec\/sercop\/wp-content\/uploads\/2017\/07\/sicm1.jpg 880w\" sizes=\"(max-width: 577px) 100vw, 577px\" \/><\/a><\/span><\/p>\n<p style=\"text-align: justify;\"><span style=\"color: #000000;\">La plataforma de contrataci\u00f3n del Ecuador fue calificada en 2017 por el Banco Mundial como la m\u00e1s transparente y eficiente en Sudam\u00e9rica y Norteam\u00e9rica, porque ha consolidado un sistema transparente y participativo de contrataci\u00f3n. En el caso de los medicamentos se lograron ahorros por m\u00e1s de $ 300 millones y hubo m\u00e1s de 8 participantes por cada medicamento a ser adquirido.<\/span><\/p>\n<p style=\"text-align: justify;\"><span style=\"color: #000000;\">La auditor\u00eda de la CGE evalu\u00f3 la metodolog\u00eda utilizada para la determinaci\u00f3n de precios referenciales unitarios y estableci\u00f3 que \u201clos precios son adecuados\u201d. <\/span><\/p>\n<p style=\"text-align: justify;\"><span style=\"color: #000000;\">Uno de los objetivos del procedimiento fue articular las compras p\u00fablicas del sector de la salud para incrementar la efectividad en los procesos de adquisici\u00f3n y abastecimiento a los centros de salud; meta que, seg\u00fan la CGE, se cumpli\u00f3: \u201cHubo programaci\u00f3n y planificaci\u00f3n\u201d e indica que el Ministerio de Salud P\u00fablica, IESS, Issfa e Isspol consolidaron sus demandas de medicamentos.<\/span><\/p>\n<p style=\"text-align: justify;\"><span style=\"color: #000000;\">Ver\u00f3nica Espinosa, ministra de Salud, se\u00f1al\u00f3 que desde el Gobierno\u00a0 se ha realizado una importante inversi\u00f3n para garantizar el acceso a salud y que, gracias a eso, existe infraestructura, talento humano y medicinas suficientes. \u201cLos hospitales est\u00e1n dotados de medicamentos, las farmacias y bodegas han realizado procesos de adquisici\u00f3n para que puedan atender las necesidades de la poblaci\u00f3n\u201d, enfatiz\u00f3.<\/span><\/p>\n<p style=\"text-align: justify;\"><span style=\"color: #000000;\">Cada centro de salud p\u00fablica adquiere medicamentos de forma desconcentrada a trav\u00e9s del Cat\u00e1logo Electr\u00f3nico de Medicamentos administrado por Sercop, y el proveedor est\u00e1 en la obligaci\u00f3n de entregar el producto en la puerta de cada unidad de salud, en el plazo y cantidad solicitada.<\/span><\/p>\n<p style=\"text-align: justify;\"><span style=\"color: #000000;\">Para el director del Hospital de Vinces, Alfredo Medina, la Subasta P\u00fablica de Medicamentos tambi\u00e9n es efectiva porque genera ahorro: \u201cMediante \u00ednfima cuant\u00eda compr\u00e1bamos el suero oral en $ 0,80, en el cat\u00e1logo electr\u00f3nico el precio es de $ 0,10\u201d, se\u00f1al\u00f3. La reducci\u00f3n en el costo obedece a que la compra agregada ofreci\u00f3 seguridad jur\u00eddica y comercial a las casas farmac\u00e9uticas mediante convenios de al menos 2 a\u00f1os.<\/span><\/p>\n<p style=\"text-align: justify;\"><span style=\"color: #000000;\">As\u00ed tambi\u00e9n lo considera Lenin Mantilla, gerente del Hospital Eugenio Espejo. \u201cBajo ninguna circunstancia bajar costos es bajar calidad, es sin\u00f3nimo de una buena negociaci\u00f3n entre el Estado y la empresa privada\u201d, afirm\u00f3.<\/span><\/p>\n<p style=\"text-align: justify;\"><span style=\"color: #000000;\">En la subasta se adjudicaron procedimientos a 58 proveedores por un monto de $ 133 millones.<\/span><\/p>\n<p style=\"text-align: justify;\"><span style=\"color: #000000;\">Antes de la adjudicaci\u00f3n de los 326 tipos de medicamentos se verific\u00f3 que tengan Registro Sanitario emitido por la Agencia Nacional de Regulaci\u00f3n, Control y Vigilancia Sanitaria (Arcsa) y Certificado de Buenas Pr\u00e1cticas de Manufactura, de acuerdo con la legislaci\u00f3n vigente en el pa\u00eds.<\/span><\/p>\n<p style=\"text-align: justify;\"><span style=\"color: #000000;\">El Director General del Sercop, Santiago V\u00e1squez, destac\u00f3 que la Subasta P\u00fablica de Medicamentos de 2016 gener\u00f3 ahorro y se desarroll\u00f3 en una plataforma eficiente que expone precios unitarios, proveedores participantes y adjudicados, especificaciones t\u00e9cnicas de los medicamentos, convenios suscritos. \u201cLos recursos ahorrados seguir\u00e1n siendo utilizados para ampliar la infraestructura de salud, de educaci\u00f3n, de carreteras, de todos aquellos derechos que actualmente son garantizados\u201d, a\u00f1adi\u00f3.<\/span><\/p>\n<p style=\"text-align: justify;\"><span style=\"color: #000000;\">La experiencia del Ecuador con la Subasta P\u00fablica de Medicamentos trasciende fronteras; Per\u00fa y Chile est\u00e1n concretando compras de medicamentos al sistema ecuatoriano a trav\u00e9s de Sercop, y el Instituto de Gobernanza en Salud de Unasur la ubica como un referente para ser replicado en la regi\u00f3n. (I)<\/span><\/p>\n<p style=\"text-align: justify;\"><span style=\"text-decoration: underline; color: #0000ff;\"><em><a style=\"color: #0000ff; text-decoration: underline;\" href=\"http:\/\/www.eltelegrafo.com.ec\/noticias\/economia\/8\/la-contraloria-determino-que-hubo-transparencia-en-subasta-de-medicamentos\" target=\"_blank\">Fuente: El Tel\u00e9grafo<\/a><\/em><\/span><\/p>\n","protected":false},"excerpt":{"rendered":"<p class=\"excerpt\">Los centros p\u00fablicos de salud adquieren medicinas a trav\u00e9s del Cat\u00e1logo Electr\u00f3nico. La herramienta virtual facilita la gesti\u00f3n log\u00edstica, administrativa y reduce los tiempos de contrataci\u00f3n. La Contralor\u00eda General del Estado (CGE) realiz\u00f3 un examen especial al proceso de Subasta P\u00fablica de Medicamentos. El an\u00e1lisis se hizo sobre la etapa precontractual y contractual de la compra de 326 tipos de&hellip; <a href=\"https:\/\/portal.compraspublicas.gob.ec\/sercop\/subastas-ahorraron-300-millones\/\">Read more &rarr;<\/a><\/p>\n","protected":false},"author":1,"featured_media":0,"parent":0,"menu_order":0,"comment_status":"closed","ping_status":"closed","template":"menu_albummedica.php","meta":[],"_links":{"self":[{"href":"https:\/\/portal.compraspublicas.gob.ec\/sercop\/wp-json\/wp\/v2\/pages\/28986"}],"collection":[{"href":"https:\/\/portal.compraspublicas.gob.ec\/sercop\/wp-json\/wp\/v2\/pages"}],"about":[{"href":"https:\/\/portal.compraspublicas.gob.ec\/sercop\/wp-json\/wp\/v2\/types\/page"}],"author":[{"embeddable":true,"href":"https:\/\/portal.compraspublicas.gob.ec\/sercop\/wp-json\/wp\/v2\/users\/1"}],"replies":[{"embeddable":true,"href":"https:\/\/portal.compraspublicas.gob.ec\/sercop\/wp-json\/wp\/v2\/comments?post=28986"}],"version-history":[{"count":0,"href":"https:\/\/portal.compraspublicas.gob.ec\/sercop\/wp-json\/wp\/v2\/pages\/28986\/revisions"}],"wp:attachment":[{"href":"https:\/\/portal.compraspublicas.gob.ec\/sercop\/wp-json\/wp\/v2\/media?parent=28986"}],"curies":[{"name":"wp","href":"https:\/\/api.w.org\/{rel}","templated":true}]}}