{"id":29265,"date":"2017-08-15T11:30:03","date_gmt":"2017-08-15T16:30:03","guid":{"rendered":"http:\/\/portal.compraspublicas.gob.ec\/sercop\/?page_id=29265"},"modified":"2017-08-15T14:27:17","modified_gmt":"2017-08-15T19:27:17","slug":"cronograma-entrevistas-4","status":"publish","type":"page","link":"https:\/\/portal.compraspublicas.gob.ec\/sercop\/cronograma-entrevistas-4\/","title":{"rendered":"Cronograma Entrevistas"},"content":{"rendered":"<h3 style=\"text-align: center;\"><a> Convocatoria 2017<\/a><\/h3>\n<h3 style=\"text-align: center;\">Cronograma Entrevistas<\/h3>\n<p>&nbsp;<\/p>\n<table style=\"height: 89px;\" width=\"517\">\n<tbody>\n<tr>\n<td width=\"243\">\n<p style=\"text-align: center;\"><span style=\"color: #0000ff;\"><a style=\"color: #0000ff;\" href=\"http:\/\/portal.compraspublicas.gob.ec\/sercop\/wp-content\/uploads\/2017\/08\/ASISTENTE_DE_ATENCION_AL_USUARIO-ZONAL-_GUAYAQUIL_ENTREVISTAS.pdf\">Asistente de atenci\u00f3n al usuario zonal Guayaquil<\/a><\/span><\/p>\n<\/td>\n<\/tr>\n<tr>\n<td width=\"243\">\n<p style=\"text-align: center;\"><span style=\"color: #0000ff;\"><a style=\"color: #0000ff;\" href=\"http:\/\/portal.compraspublicas.gob.ec\/sercop\/wp-content\/uploads\/2017\/08\/ASISTENTE_DE_ATENCION_AL_USUARIO_ZONAL-_IBARRA_ENTREVISTAS.pdf\">Asistente de atenci\u00f3n al usuario zonal (Ibarra)<\/a><\/span><\/p>\n<\/td>\n<\/tr>\n<tr>\n<td width=\"243\">\n<p style=\"text-align: center;\"><span style=\"color: #0000ff;\"><a style=\"color: #0000ff;\" href=\"http:\/\/portal.compraspublicas.gob.ec\/sercop\/wp-content\/uploads\/2017\/08\/ANALISTA_DE_ASESORIA_JURIDICA_2_QUITO.pdf\">Analista de asesor\u00eda jur\u00eddica 2<\/a><\/span><\/p>\n<\/td>\n<\/tr>\n<\/tbody>\n<\/table>\n<p>&nbsp;<\/p>\n","protected":false},"excerpt":{"rendered":"<p class=\"excerpt\">Convocatoria 2017 Cronograma Entrevistas &nbsp; Asistente de atenci\u00f3n al usuario zonal Guayaquil Asistente de atenci\u00f3n al usuario zonal (Ibarra) Analista de asesor\u00eda jur\u00eddica 2 &nbsp; <a href=\"https:\/\/portal.compraspublicas.gob.ec\/sercop\/cronograma-entrevistas-4\/\">Read more &rarr;<\/a><\/p>\n","protected":false},"author":1,"featured_media":0,"parent":0,"menu_order":0,"comment_status":"closed","ping_status":"closed","template":"meritos.php","meta":[],"_links":{"self":[{"href":"https:\/\/portal.compraspublicas.gob.ec\/sercop\/wp-json\/wp\/v2\/pages\/29265"}],"collection":[{"href":"https:\/\/portal.compraspublicas.gob.ec\/sercop\/wp-json\/wp\/v2\/pages"}],"about":[{"href":"https:\/\/portal.compraspublicas.gob.ec\/sercop\/wp-json\/wp\/v2\/types\/page"}],"author":[{"embeddable":true,"href":"https:\/\/portal.compraspublicas.gob.ec\/sercop\/wp-json\/wp\/v2\/users\/1"}],"replies":[{"embeddable":true,"href":"https:\/\/portal.compraspublicas.gob.ec\/sercop\/wp-json\/wp\/v2\/comments?post=29265"}],"version-history":[{"count":0,"href":"https:\/\/portal.compraspublicas.gob.ec\/sercop\/wp-json\/wp\/v2\/pages\/29265\/revisions"}],"wp:attachment":[{"href":"https:\/\/portal.compraspublicas.gob.ec\/sercop\/wp-json\/wp\/v2\/media?parent=29265"}],"curies":[{"name":"wp","href":"https:\/\/api.w.org\/{rel}","templated":true}]}}