{"id":29502,"date":"2017-08-31T09:31:39","date_gmt":"2017-08-31T14:31:39","guid":{"rendered":"http:\/\/portal.compraspublicas.gob.ec\/sercop\/?page_id=29502"},"modified":"2024-11-27T16:22:57","modified_gmt":"2024-11-27T21:22:57","slug":"alimentacion-permanente-para-campamentos-incorporacion-productos","status":"publish","type":"page","link":"https:\/\/portal.compraspublicas.gob.ec\/sercop\/alimentacion-permanente-para-campamentos-incorporacion-productos\/","title":{"rendered":"Alimentaci\u00f3n Permanente  para Campamentos  &#8211; Incorporaci\u00f3n Productos"},"content":{"rendered":"<p style=\"display:flex\"><img loading=\"lazy\" src=\"https:\/\/portal.compraspublicas.gob.ec\/sercop\/wp-content\/uploads\/2016\/11\/servicio-1-421469543998b8f96786ce00554e6170.png\" alt=\"\" width=\"800\" height=\"304\" \/> <\/a><\/p>\n<p>Si\u00a0 te interesa participar en los Cat\u00e1logos Inclusivos del Servicio Nacional de Contrataci\u00f3n P\u00fablica revisa los requisitos de participaci\u00f3n para los productos lanzados mediante nuevas Ferias Inclusivas o mediante Adhesi\u00f3n de Productos.<\/p>\n<p><strong>PARA NUEVOS PROVEEDORES<\/strong><\/p>\n<ol>\n<li>Lee y analiza el <span style=\"color: #0000ff;\"><a style=\"color: #0000ff;\" href=\"https:\/\/portal.compraspublicas.gob.ec\/sercop\/wp-content\/uploads\/2017\/01\/cdi_sercop_007_2016_pliego2.pdf\">pliego <\/a><\/span>detenidamente del proceso de catalogaci\u00f3n.<\/li>\n<li>Llena los <span style=\"color: #0000ff;\"><a style=\"color: #0000ff;\" href=\"https:\/\/portal.compraspublicas.gob.ec\/sercop\/wp-content\/uploads\/2024\/11\/Formularios_servicio_de_preparacion_alimentos_6.docx\">formularios <\/a><\/span>y requisitos de equipamiento y herramientas por producto que se solicitan en los pliegos. Recuerda que los formularios y los requisitos deben estar sumillados y numerados.<\/li>\n<\/ol>\n<p><strong>PARA PROVEEDORES CATALOGADOS<\/strong><\/p>\n<p>Deber\u00e1n presentar la manifestaci\u00f3n de inter\u00e9s del producto en el que le interese participar. As\u00ed como la documentaci\u00f3n y requisitos establecidos en las fichas t\u00e9cnicas, las cuales deber\u00e1n estar con las respectivas sumillas.<\/p>\n<p><strong><u>CONSIDERACIONES:<\/u><\/strong><\/p>\n<ul>\n<li>La oferta o manifestaci\u00f3n de inter\u00e9s obligatoriamente deber\u00e1 ser firmada electr\u00f3nicamente por el representante legal, apoderado, persona natural o procurador com\u00fan, con sus respectivos anexos o documentaci\u00f3n de respaldo seg\u00fan el caso.<\/li>\n<li>Finalmente, la oferta o manifestaci\u00f3n de inter\u00e9s deber\u00e1 ser enviada al correo electr\u00f3nico <strong>ofertascatalogo@sercop.gob.ec<\/strong>, de ser el caso, si el tama\u00f1o del o los archivos no le permita remitir la oferta por correo electr\u00f3nico, el oferente podr\u00e1 usar un servicio web de alojamiento de archivos, y deber\u00e1 enviar el link, mismo que debe ser de acceso p\u00fablico sin clave y sin fecha de caducidad.<\/li>\n<\/ul>\n<p>&nbsp;<\/p>\n<p>LAS SIGUIENTES ACTUALIZACIONES APLICAN A TODAS LAS FICHAS INCORPORADAS O QUE SE INCORPOREEN A ESTE PLIEGO:<\/p>\n<p><span style=\"color: #0000ff;\"><a style=\"color: #0000ff;\" href=\"https:\/\/portal.compraspublicas.gob.ec\/sercop\/wp-content\/uploads\/2017\/02\/act_pliego_2017_004_2016_069_053_alim_permanete1.pdf\">* ACTUALIZACI\u00d3N SERCOP-CDI-2016-053<\/a><\/span><\/p>\n<p><span style=\"color: #0000ff;\"> <a style=\"color: #0000ff;\" href=\"https:\/\/portal.compraspublicas.gob.ec\/sercop\/wp-content\/uploads\/2017\/02\/actua_pliego_sercop_cdi_2017_004_aliment_permante1.pdf\">* ACTUALIZACI\u00d3N SERCOP-CDI-2016-004<\/a><\/span><\/p>\n<p><span style=\"color: #0000ff;\"> <a style=\"color: #0000ff;\" href=\"https:\/\/portal.compraspublicas.gob.ec\/sercop\/wp-content\/uploads\/2017\/02\/actualizacion_pliego_2016_0069_alimentacion_permanente1.pdf\">* ACTUALIZACI\u00d3N SERCOP-CDI-2016-0069<\/a><\/span><\/p>\n<p>&nbsp;<\/p>\n<p><span style=\"color: #0000ff;\"><span style=\"color: #333300;\"><strong>CATEGOR\u00cdA: \u00a0\u00a0 \u00a0SERVICIO DE ALIMENTACI\u00d3N PERMANENTE \u2013 PARA CAMPAMENTOS TIPO I<br \/>\n<\/strong><\/span><\/span><\/p>\n<table width=\"708\">\n<tbody>\n<tr>\n<td width=\"258\"><strong>NOMBRE DE PRODUCTO<\/strong><\/td>\n<td width=\"151\"><strong>OFICIO CIRCULAR<\/strong><\/td>\n<td width=\"135\"><strong>DOCUMENTOS\u00a0<\/strong><\/td>\n<td width=\"164\"><strong>ACTUALIZACIONES<\/strong><\/td>\n<\/tr>\n<tr>\n<td width=\"258\"><span style=\"color: #0000ff;\"><a style=\"color: #0000ff;\" href=\"https:\/\/portal.compraspublicas.gob.ec\/sercop\/wp-content\/uploads\/2017\/01\/alimentacion_permanente_campamentos_tipo_1_sin_equip.pdf\">Servicio de alimentaci\u00f3n permanente \u2013 para campamentos tipo I \u2013 sin equipamiento<\/a><\/span><\/td>\n<td width=\"151\"><span style=\"color: #0000ff;\"><a style=\"color: #0000ff;\" href=\"https:\/\/portal.compraspublicas.gob.ec\/sercop\/wp-content\/uploads\/2017\/01\/oficio_circular_107_alimentacion_campamentos_tipo_1_sin_equip.pdf\">SERCOP-CDI-2016-107<\/a><\/span><\/td>\n<td width=\"135\"><span style=\"color: #0000ff;\"><a style=\"color: #0000ff;\" href=\"https:\/\/portal.compraspublicas.gob.ec\/sercop\/wp-content\/uploads\/2017\/01\/manifestacion_de_interes_alimentacion_campamentos_tipo_1_sin_equip.doc\">Manifestaci\u00f3n de inter\u00e9s<\/a><\/span><\/td>\n<td><\/td>\n<\/tr>\n<tr>\n<td width=\"258\"><span style=\"color: #0000ff;\"><a style=\"color: #0000ff;\" href=\"https:\/\/portal.compraspublicas.gob.ec\/sercop\/wp-content\/uploads\/2017\/08\/alimentacion_celec_con_equipo.pdf\">SERVICIO DE ALIMENTACION PERMANENTE &#8211; PARA CAMPAMENTOS TIPO I &#8211; CON EQUIPAMIENTO<\/a><\/span><\/td>\n<td width=\"151\"><span style=\"color: #0000ff;\"><a style=\"color: #0000ff;\" href=\"https:\/\/portal.compraspublicas.gob.ec\/sercop\/wp-content\/uploads\/2017\/08\/oficio_circular_publicacion.pdf\">SERCOP-cdi_2017_107<\/a><\/span><\/td>\n<td width=\"135\"><span style=\"color: #0000ff;\"><a style=\"color: #0000ff;\" href=\"https:\/\/portal.compraspublicas.gob.ec\/sercop\/wp-content\/uploads\/2017\/08\/manifestacion-de-interes.doc\">Manifestaci\u00f3n de inter\u00e9s\u00a0<\/a><\/span><\/td>\n<td><\/td>\n<\/tr>\n<\/tbody>\n<\/table>\n<p><span style=\"color: #0000ff;\"><br \/>\n<span style=\"color: #333300;\"><strong>CATEGOR\u00cdA: \u00a0\u00a0 \u00a0SERVICIO DE ALIMENTACI\u00d3N PERMANENTE \u2013 PARA CAMPAMENTOS TIPO II\u00a0\u00a0 \u00a0\u00a0\u00a0<\/strong><\/span><\/span><\/p>\n<p>&nbsp;<\/p>\n<table style=\"height: 506px;\" width=\"815\">\n<tbody>\n<tr>\n<td style=\"text-align: center;\" width=\"210\"><strong>NOMBRE DE PRODUCTO<\/strong><\/td>\n<td style=\"text-align: center;\" width=\"108\"><strong>OFICIO CIRCULAR<\/strong><\/td>\n<td style=\"text-align: center;\" width=\"123\"><strong>DOCUMENTOS\u00a0<\/strong><\/td>\n<td style=\"text-align: center;\" width=\"111\"><strong>ACTUALIZACIONES<\/strong><\/td>\n<\/tr>\n<tr>\n<td width=\"210\"><span style=\"color: #0000ff;\"><a style=\"color: #0000ff;\" href=\"https:\/\/portal.compraspublicas.gob.ec\/sercop\/wp-content\/uploads\/2017\/07\/1_ficha_suministro_bebidas.pdf\">Servicio de suministro de bebidas complementario al servicio de alimentaci\u00f3n permanente para campamentos tipo II<\/a><\/span><\/td>\n<td width=\"108\"><span style=\"color: #0000ff;\"><a style=\"color: #0000ff;\" href=\"https:\/\/portal.compraspublicas.gob.ec\/sercop\/wp-content\/uploads\/2017\/07\/oficio_circular_sercop_cdi_2017_103.pdf\">SERCOP-CDI-2017-103<\/a><\/span><\/td>\n<td width=\"123\"><span style=\"color: #0000ff;\"><a style=\"color: #0000ff;\" href=\"https:\/\/portal.compraspublicas.gob.ec\/sercop\/wp-content\/uploads\/2017\/07\/manifestacion-de-interes.doc\">Manifestaci\u00f3n de inter\u00e9s<\/a><\/span><\/td>\n<td><\/td>\n<\/tr>\n<tr>\n<td width=\"210\"><span style=\"color: #0000ff;\"><a style=\"color: #0000ff;\" href=\"https:\/\/portal.compraspublicas.gob.ec\/sercop\/wp-content\/uploads\/2017\/04\/1_desayuno_almuerzo_merienda.pdf\">Servicio de alimentaci\u00f3n permanente \u2013 desayuno o almuerzo o merienda \u2013 con equipamiento m\u00ednimo<\/a><\/span><\/td>\n<td width=\"108\"><span style=\"color: #0000ff;\"><a style=\"color: #0000ff;\" href=\"https:\/\/portal.compraspublicas.gob.ec\/sercop\/wp-content\/uploads\/2017\/03\/oficio_circular_2017_0231.pdf\">SERCOP-CDI-2017-023<\/a><\/span><\/td>\n<td width=\"123\"><span style=\"color: #0000ff;\"><a style=\"color: #0000ff;\" href=\"https:\/\/portal.compraspublicas.gob.ec\/sercop\/wp-content\/uploads\/2017\/04\/manifestacion-de-interes2.doc\">Manifestaci\u00f3n de inter\u00e9s<\/a><\/span><\/td>\n<td>\u00a0<span style=\"color: #0000ff;\"><a style=\"color: #0000ff;\" href=\"https:\/\/portal.compraspublicas.gob.ec\/sercop\/wp-content\/uploads\/2017\/05\/oficio_circular_sercop_cdi_2017_070.pdf\">SERCOP-CDI-2017-070<\/a><\/span><\/td>\n<\/tr>\n<tr>\n<td width=\"210\"><span style=\"color: #0000ff;\"><a style=\"color: #0000ff;\" href=\"https:\/\/portal.compraspublicas.gob.ec\/sercop\/wp-content\/uploads\/2017\/04\/2_cena1.pdf\">Cena \u2013 Complementaria a la ficha de desayuno o almuerzo o merienda \u2013 con equipamiento m\u00ednimo<\/a><\/span><\/td>\n<td width=\"108\"><span style=\"color: #0000ff;\"><a style=\"color: #0000ff;\" href=\"https:\/\/portal.compraspublicas.gob.ec\/sercop\/wp-content\/uploads\/2017\/03\/oficio_circular_2017_0231.pdf\">SERCOP-CDI-2017-023<\/a><\/span><\/td>\n<td width=\"123\"><span style=\"color: #0000ff;\"><a style=\"color: #0000ff;\" href=\"https:\/\/portal.compraspublicas.gob.ec\/sercop\/wp-content\/uploads\/2017\/04\/manifestacion-de-interes2.doc\">Manifestaci\u00f3n de inter\u00e9s<\/a><\/span><\/td>\n<td>\u00a0<span style=\"color: #0000ff;\"><a style=\"color: #0000ff;\" href=\"https:\/\/portal.compraspublicas.gob.ec\/sercop\/wp-content\/uploads\/2017\/05\/oficio_circular_sercop_cdi_2017_070.pdf\">SERCOP-CDI-2017-070<\/a><\/span><\/td>\n<\/tr>\n<tr>\n<td width=\"210\"><span style=\"color: #0000ff;\"><a style=\"color: #0000ff;\" href=\"https:\/\/portal.compraspublicas.gob.ec\/sercop\/wp-content\/uploads\/2017\/03\/3_comida_para_llevar.pdf\">Comida para llevar \u2013 Complementaria a la ficha de desayuno o almuerzo o merienda \u2013 con equipamiento m\u00ednimo<\/a><\/span><\/td>\n<td width=\"108\"><span style=\"color: #0000ff;\"><a style=\"color: #0000ff;\" href=\"https:\/\/portal.compraspublicas.gob.ec\/sercop\/wp-content\/uploads\/2017\/03\/oficio_circular_2017_0231.pdf\">SERCOP-CDI-2017-023<\/a><\/span><\/td>\n<td width=\"123\"><span style=\"color: #0000ff;\"><a style=\"color: #0000ff;\" href=\"https:\/\/portal.compraspublicas.gob.ec\/sercop\/wp-content\/uploads\/2017\/04\/manifestacion-de-interes2.doc\">Manifestaci\u00f3n de inter\u00e9s<\/a><\/span><\/td>\n<td>\u00a0<span style=\"color: #0000ff;\"><a style=\"color: #0000ff;\" href=\"https:\/\/portal.compraspublicas.gob.ec\/sercop\/wp-content\/uploads\/2017\/05\/oficio_circular_sercop_cdi_2017_070.pdf\">SERCOP-CDI-2017-070<\/a><\/span><\/td>\n<\/tr>\n<tr>\n<td width=\"210\"><span style=\"color: #0000ff;\"><a style=\"color: #0000ff;\" href=\"https:\/\/portal.compraspublicas.gob.ec\/sercop\/wp-content\/uploads\/2017\/03\/4_refrigerio_emergente.pdf\">Refrigerio Emergente \u2013 Complementaria a la ficha de desayuno o almuerzo o merienda \u2013 con equipamiento m\u00ednimo<\/a><\/span><\/td>\n<td width=\"108\"><span style=\"color: #0000ff;\"><a style=\"color: #0000ff;\" href=\"https:\/\/portal.compraspublicas.gob.ec\/sercop\/wp-content\/uploads\/2017\/03\/oficio_circular_2017_0231.pdf\">SERCOP-CDI-2017-023<\/a><\/span><\/td>\n<td width=\"123\"><span style=\"color: #0000ff;\"><a style=\"color: #0000ff;\" href=\"https:\/\/portal.compraspublicas.gob.ec\/sercop\/wp-content\/uploads\/2017\/04\/manifestacion-de-interes2.doc\">Manifestaci\u00f3n de inter\u00e9s<\/a><\/span><\/td>\n<td>\u00a0<span style=\"color: #0000ff;\"><a style=\"color: #0000ff;\" href=\"https:\/\/portal.compraspublicas.gob.ec\/sercop\/wp-content\/uploads\/2017\/05\/oficio_circular_sercop_cdi_2017_070.pdf\">SERCOP-CDI-2017-070<\/a><\/span><\/td>\n<\/tr>\n<\/tbody>\n<\/table>\n","protected":false},"excerpt":{"rendered":"<p class=\"excerpt\">Si\u00a0 te interesa participar en los Cat\u00e1logos Inclusivos del Servicio Nacional de Contrataci\u00f3n P\u00fablica revisa los requisitos de participaci\u00f3n para los productos lanzados mediante nuevas Ferias Inclusivas o mediante Adhesi\u00f3n de Productos. PARA NUEVOS PROVEEDORES Lee y analiza el pliego detenidamente del proceso de catalogaci\u00f3n. Llena los formularios y requisitos de equipamiento y herramientas por producto que se solicitan en&hellip; <a href=\"https:\/\/portal.compraspublicas.gob.ec\/sercop\/alimentacion-permanente-para-campamentos-incorporacion-productos\/\">Read more &rarr;<\/a><\/p>\n","protected":false},"author":1,"featured_media":0,"parent":0,"menu_order":0,"comment_status":"closed","ping_status":"closed","template":"menugenerico.php","meta":[],"_links":{"self":[{"href":"https:\/\/portal.compraspublicas.gob.ec\/sercop\/wp-json\/wp\/v2\/pages\/29502"}],"collection":[{"href":"https:\/\/portal.compraspublicas.gob.ec\/sercop\/wp-json\/wp\/v2\/pages"}],"about":[{"href":"https:\/\/portal.compraspublicas.gob.ec\/sercop\/wp-json\/wp\/v2\/types\/page"}],"author":[{"embeddable":true,"href":"https:\/\/portal.compraspublicas.gob.ec\/sercop\/wp-json\/wp\/v2\/users\/1"}],"replies":[{"embeddable":true,"href":"https:\/\/portal.compraspublicas.gob.ec\/sercop\/wp-json\/wp\/v2\/comments?post=29502"}],"version-history":[{"count":7,"href":"https:\/\/portal.compraspublicas.gob.ec\/sercop\/wp-json\/wp\/v2\/pages\/29502\/revisions"}],"predecessor-version":[{"id":60252,"href":"https:\/\/portal.compraspublicas.gob.ec\/sercop\/wp-json\/wp\/v2\/pages\/29502\/revisions\/60252"}],"wp:attachment":[{"href":"https:\/\/portal.compraspublicas.gob.ec\/sercop\/wp-json\/wp\/v2\/media?parent=29502"}],"curies":[{"name":"wp","href":"https:\/\/api.w.org\/{rel}","templated":true}]}}