{"id":29572,"date":"2017-09-04T15:49:52","date_gmt":"2017-09-04T20:49:52","guid":{"rendered":"http:\/\/portal.compraspublicas.gob.ec\/sercop\/?page_id=29572"},"modified":"2024-11-28T16:31:17","modified_gmt":"2024-11-28T21:31:17","slug":"subasta-publica-de-medicamentos","status":"publish","type":"page","link":"https:\/\/portal.compraspublicas.gob.ec\/sercop\/subasta-publica-de-medicamentos\/","title":{"rendered":"Subasta P\u00fablica de Medicamentos"},"content":{"rendered":"<p><a style=\"display:flex\"><img loading=\"lazy\" class=\"aligncenter size-full wp-image-29593\" src=\"https:\/\/portal.compraspublicas.gob.ec\/sercop\/wp-content\/uploads\/2017\/09\/banner_sicm.jpg\" alt=\"banner_sicm\" width=\"630\" height=\"225\" srcset=\"https:\/\/portal.compraspublicas.gob.ec\/sercop\/wp-content\/uploads\/2017\/09\/banner_sicm.jpg 630w, https:\/\/portal.compraspublicas.gob.ec\/sercop\/wp-content\/uploads\/2017\/09\/banner_sicm-300x107.jpg 300w\" sizes=\"(max-width: 630px) 100vw, 630px\" \/><\/a><\/p>\n<p><strong>Antecedentes<\/strong><\/p>\n<p>El Servicio Nacional de Contrataci\u00f3n P\u00fablica (Sercop) ejecut\u00f3 un proceso de Subasta Inversa Corporativa de Medicamentos que inici\u00f3 el mes de julio de 2010 y concluy\u00f3 en enero de 2012 con la firma de m\u00e1s de 200 Convenios Marco.<\/p>\n<p>Los medicamentos adquiridos en esa ocasi\u00f3n conformaron el primer repertorio, mismo que se mantiene en vigencia.<\/p>\n<p>El monto total de medicamentos adquiridos en el 2014, a trav\u00e9s del Repertorio de Medicamentos ascendi\u00f3 a USD $ 203.172.361,41.<\/p>\n<p>Para la SICM del 2015 se implement\u00f3 un sistema completamente electr\u00f3nico que permita mayor agilidad, eficiencia y transparencia. Para motivar la participaci\u00f3n de proveedores, tanto a escala nacional como internacional, se realiz\u00f3 un proceso de acompa\u00f1amiento continuo a los proveedores durante todo el procedimiento de adquisici\u00f3n.<\/p>\n<p>En el proceso SICM 2015, el Ministerio de Salud P\u00fablica (MSP), Instituto Ecuatoriano de Seguridad Social (Iess), Instituto de Seguridad Social de las Fuerzas Armadas (Issfa), Instituto de Seguridad Social de la Polic\u00eda Nacional (Isspol), como integrantes de la Red P\u00fablica de Salud (Rpis) y el Sercop, realizaron las siguientes actividades:<\/p>\n<ul>\n<li>Estructurar equipos interinstitucionales<\/li>\n<li>Consolidar la demanda de medicamentos para los siguientes dos a\u00f1os<\/li>\n<li>Definir fichas t\u00e9cnicas de los medicamentos<\/li>\n<li>Determinar precios referenciales<\/li>\n<li>Determinar condiciones t\u00e9cnicas y requisitos sanitarios de los medicamentos<\/li>\n<li>Elaborar el instructivo para normar y regular el procedimiento de Subasta Inversa Corporativa de Medicamentos<\/li>\n<li>Elaborar de modelo de pliegos, actas e informes, con el fin de contar con una estructura estandarizada en la ejecuci\u00f3n del proceso<\/li>\n<li>Dise\u00f1ar e implementar la plataforma inform\u00e1tica en el Sistema de Compras P\u00fablicas<\/li>\n<\/ul>\n<p><strong>\u00bfQu\u00e9 es la SICM? <\/strong><\/p>\n<p>La Subasta Inversa Corporativa de Medicamentos es el procedimiento mediante el cual se identifican y seleccionan oferentes, nacionales e internacionales, para la provisi\u00f3n de medicamentos de uso y consumo humano en la Rpis. Dentro de este proceso Estado ecuatoriano prev\u00e9 la adquisici\u00f3n de los medicamentos que, formando parte del Cuadro Nacional B\u00e1sico de Medicamentos, satisfar\u00e1n un alto porcentaje de la demanda que cada uno de los hospitales y centros de salud de la red, previendo una provisi\u00f3n no menor a dos a\u00f1os.<\/p>\n<p>Cada unidad de salud recibe los medicamentos solicitados, conforme a los t\u00e9rminos y condiciones establecidos en los pliegos de contrataci\u00f3n establecidos en este procedimiento.<\/p>\n<p><strong>Objetivos de la SICM<\/strong><\/p>\n<ul>\n<li>Articular las compras p\u00fablicas del sector salud Incrementar la efectividad en los procesos de adquisici\u00f3n y abastecimiento oportuno de medicamentos para los centros de salud<\/li>\n<li>Incrementar el margen de ahorro para el Estado ecuatoriano en la compra de medicamentos<\/li>\n<li>Impulsar la efectividad y transparencia del Sistema Nacional de Contrataci\u00f3n P\u00fablica<\/li>\n<\/ul>\n<p><strong>Beneficios que la SICM genera para el pa\u00eds<\/strong><\/p>\n<ul>\n<li>Reducci\u00f3n del costo de adquisici\u00f3n de f\u00e1rmacos, debido a que se adquieren en grandes cantidades<br \/>\n\u2022 Disminuci\u00f3n de la variabilidad de precios en la adquisici\u00f3n de medicamentos de similares caracter\u00edsticas<br \/>\n\u2022 Reducir la carga administrativa, costo operativo y tiempo de adquisici\u00f3n de medicamentos y dispositivos m\u00e9dicos<\/li>\n<li>Motivar la participaci\u00f3n de proveedores nacionales e internacionales que compiten en igualdad de condiciones.<\/li>\n<\/ul>\n<p><strong>Instituciones participantes y responsabilidades<\/strong><\/p>\n<p><strong>Red P\u00fabica Integral de Salud (Rpis): <\/strong>Es una red conformada por el ministerio de Salud P\u00fablica, el Instituto Ecuatoriano de Seguridad Social, el Instituto de Seguridad Social de las Fuerzas Armadas, Instituto de Seguridad Social de la Polic\u00eda Nacional que se constituyen en las entidades contratantes de los medicamentos.<\/p>\n<p><strong>Servicio Nacional de Contrataci\u00f3n P\u00fablica (Sercop):<\/strong> es la instituci\u00f3n que lidera el procedimiento de adquisici\u00f3n de los medicamentos y vigila que los posibles proveedores cumplan con las especificaciones establecidas en las fichas t\u00e9cnicas para esta compra. De igual forma se constituye en el administrador de los convenios marco que firman los proveedores adjudicados.<\/p>\n<p><strong>Agencia de Regulaci\u00f3n, Control y Vigilancia Sanitaria (Arcsa): <\/strong>es la instituci\u00f3n que funciona como autoridad sanitaria nacional y expide el Registro Sanitario para las empresas y proveedores que, luego de cumplir con todas las exigencias del Estado ecuatoriano, desean fabricar, expender y distribuir medicamentos para el consumo humano.<\/p>\n<p><strong>Etapas y Fases Subasta P\u00fablica de Medicamentos Fase I y Fase II<br \/>\n<\/strong><\/p>\n<p><img loading=\"lazy\" class=\"alignnone\" src=\"https:\/\/subastademedicamentos.compraspublicas.gob.ec\/primera_fase\/img\/fas1.jpg\" alt=\"\" width=\"1201\" height=\"900\" \/><\/p>\n<p><img loading=\"lazy\" class=\"alignnone\" src=\"https:\/\/subastademedicamentos.compraspublicas.gob.ec\/primera_fase\/img\/fas2.jpg\" alt=\"\" width=\"1201\" height=\"900\" \/><\/p>\n<p>&nbsp;<\/p>\n","protected":false},"excerpt":{"rendered":"<p class=\"excerpt\">Antecedentes El Servicio Nacional de Contrataci\u00f3n P\u00fablica (Sercop) ejecut\u00f3 un proceso de Subasta Inversa Corporativa de Medicamentos que inici\u00f3 el mes de julio de 2010 y concluy\u00f3 en enero de 2012 con la firma de m\u00e1s de 200 Convenios Marco. Los medicamentos adquiridos en esa ocasi\u00f3n conformaron el primer repertorio, mismo que se mantiene en vigencia. El monto total de&hellip; <a href=\"https:\/\/portal.compraspublicas.gob.ec\/sercop\/subasta-publica-de-medicamentos\/\">Read more &rarr;<\/a><\/p>\n","protected":false},"author":1,"featured_media":0,"parent":0,"menu_order":0,"comment_status":"closed","ping_status":"closed","template":"menugenerico.php","meta":[],"_links":{"self":[{"href":"https:\/\/portal.compraspublicas.gob.ec\/sercop\/wp-json\/wp\/v2\/pages\/29572"}],"collection":[{"href":"https:\/\/portal.compraspublicas.gob.ec\/sercop\/wp-json\/wp\/v2\/pages"}],"about":[{"href":"https:\/\/portal.compraspublicas.gob.ec\/sercop\/wp-json\/wp\/v2\/types\/page"}],"author":[{"embeddable":true,"href":"https:\/\/portal.compraspublicas.gob.ec\/sercop\/wp-json\/wp\/v2\/users\/1"}],"replies":[{"embeddable":true,"href":"https:\/\/portal.compraspublicas.gob.ec\/sercop\/wp-json\/wp\/v2\/comments?post=29572"}],"version-history":[{"count":1,"href":"https:\/\/portal.compraspublicas.gob.ec\/sercop\/wp-json\/wp\/v2\/pages\/29572\/revisions"}],"predecessor-version":[{"id":60514,"href":"https:\/\/portal.compraspublicas.gob.ec\/sercop\/wp-json\/wp\/v2\/pages\/29572\/revisions\/60514"}],"wp:attachment":[{"href":"https:\/\/portal.compraspublicas.gob.ec\/sercop\/wp-json\/wp\/v2\/media?parent=29572"}],"curies":[{"name":"wp","href":"https:\/\/api.w.org\/{rel}","templated":true}]}}