{"id":29614,"date":"2017-09-06T14:58:30","date_gmt":"2017-09-06T19:58:30","guid":{"rendered":"http:\/\/portal.compraspublicas.gob.ec\/sercop\/?page_id=29614"},"modified":"2024-11-28T14:45:00","modified_gmt":"2024-11-28T19:45:00","slug":"diferencial-de-precios","status":"publish","type":"page","link":"https:\/\/portal.compraspublicas.gob.ec\/sercop\/diferencial-de-precios\/","title":{"rendered":"Diferencial de Precios"},"content":{"rendered":"<p style=\"text-align: justify;\"><a style=\"display:flex\"><img loading=\"lazy\" class=\"aligncenter size-full wp-image-29621\" src=\"https:\/\/portal.compraspublicas.gob.ec\/sercop\/wp-content\/uploads\/2017\/09\/banner_diferencial_precios.jpg\" alt=\"banner_diferencial_precios\" width=\"630\" height=\"225\" srcset=\"https:\/\/portal.compraspublicas.gob.ec\/sercop\/wp-content\/uploads\/2017\/09\/banner_diferencial_precios.jpg 630w, https:\/\/portal.compraspublicas.gob.ec\/sercop\/wp-content\/uploads\/2017\/09\/banner_diferencial_precios-300x107.jpg 300w\" sizes=\"(max-width: 630px) 100vw, 630px\" \/><\/a><\/p>\n<p style=\"text-align: justify;\">El Estado ecuatoriano garantiza, a trav\u00e9s de la Constituci\u00f3n promulgada en 2008, el derecho de la ciudadan\u00eda a un sistema de salud eficiente y al acceso oportuno a medicamentos de calidad, seguros y eficaces.<\/p>\n<p style=\"text-align: justify;\">El Servicio Nacional de Contrataci\u00f3n P\u00fablica (Sercop), junto a la Red P\u00fablica Integral de Salud (RPIS), compuesta por el Ministerio de Salud P\u00fablica (MSP), Instituto Ecuatoriano de Seguridad Social (Iess), Instituto de Seguridad Social de las Fuerzas Armadas (Issfa), Instituto de Seguridad Social de la Polic\u00eda Nacional (Isspol), lideraron la Subasta P\u00fablica de Medicamentos para la provisi\u00f3n de f\u00e1rmacos en todas las unidades de salud p\u00fablica del pa\u00eds.<\/p>\n<p style=\"text-align: justify;\">Este proceso de compra corporativa, no solo fue 100% electr\u00f3nico sino que, garantiz\u00f3 que el Estado acceda a los mejores precios por parte de los proveedores, alcanzando una mayor cobertura de pacientes de la RPIS.<\/p>\n<p style=\"text-align: justify;\"><strong>Diferencial de precios de diez de los medicamentos m\u00e1s solicitados por las unidades de la RPIS<\/strong><\/p>\n<p style=\"text-align: justify;\"><a href=\"https:\/\/portal.compraspublicas.gob.ec\/sercop\/wp-content\/uploads\/2017\/09\/cuadro_comparativo_sicm_06_09_2017.jpg\"><img loading=\"lazy\" class=\"aligncenter size-full wp-image-29619\" src=\"https:\/\/portal.compraspublicas.gob.ec\/sercop\/wp-content\/uploads\/2017\/09\/cuadro_comparativo_sicm_06_09_2017.jpg\" alt=\"cuadro_comparativo_sicm_06_09_2017\" width=\"591\" height=\"327\" srcset=\"https:\/\/portal.compraspublicas.gob.ec\/sercop\/wp-content\/uploads\/2017\/09\/cuadro_comparativo_sicm_06_09_2017.jpg 591w, https:\/\/portal.compraspublicas.gob.ec\/sercop\/wp-content\/uploads\/2017\/09\/cuadro_comparativo_sicm_06_09_2017-300x166.jpg 300w\" sizes=\"(max-width: 591px) 100vw, 591px\" \/><\/a><\/p>\n<p style=\"text-align: justify;\">En esta muestra se evidencia la reducci\u00f3n de precios que se logr\u00f3 en la Subasta P\u00fablica de Medicamentos, destacando el el precio referencial como el valor que preve\u00eda pagar cada unidad de salud al realizar la compra de forma individual y el precio de adjudicaci\u00f3n alcanzado luego de hacer una compra corporativa agregada.<\/p>\n<p><span style=\"color: #0000ff;\"><a style=\"color: #0000ff;\" href=\"https:\/\/portal.compraspublicas.gob.ec\/sercop\/wp-content\/uploads\/2017\/09\/PRECIOS_2.pdf\"><u>Ingrese aqu\u00ed a la lista completa de precios de los medicamentos adquiridos mediante Subas P\u00fablica de Medicamentos.<\/u><\/a><\/span><\/p>\n","protected":false},"excerpt":{"rendered":"<p class=\"excerpt\">El Estado ecuatoriano garantiza, a trav\u00e9s de la Constituci\u00f3n promulgada en 2008, el derecho de la ciudadan\u00eda a un sistema de salud eficiente y al acceso oportuno a medicamentos de calidad, seguros y eficaces. El Servicio Nacional de Contrataci\u00f3n P\u00fablica (Sercop), junto a la Red P\u00fablica Integral de Salud (RPIS), compuesta por el Ministerio de Salud P\u00fablica (MSP), Instituto Ecuatoriano&hellip; <a href=\"https:\/\/portal.compraspublicas.gob.ec\/sercop\/diferencial-de-precios\/\">Read more &rarr;<\/a><\/p>\n","protected":false},"author":1,"featured_media":0,"parent":0,"menu_order":0,"comment_status":"closed","ping_status":"closed","template":"menugenerico.php","meta":[],"_links":{"self":[{"href":"https:\/\/portal.compraspublicas.gob.ec\/sercop\/wp-json\/wp\/v2\/pages\/29614"}],"collection":[{"href":"https:\/\/portal.compraspublicas.gob.ec\/sercop\/wp-json\/wp\/v2\/pages"}],"about":[{"href":"https:\/\/portal.compraspublicas.gob.ec\/sercop\/wp-json\/wp\/v2\/types\/page"}],"author":[{"embeddable":true,"href":"https:\/\/portal.compraspublicas.gob.ec\/sercop\/wp-json\/wp\/v2\/users\/1"}],"replies":[{"embeddable":true,"href":"https:\/\/portal.compraspublicas.gob.ec\/sercop\/wp-json\/wp\/v2\/comments?post=29614"}],"version-history":[{"count":2,"href":"https:\/\/portal.compraspublicas.gob.ec\/sercop\/wp-json\/wp\/v2\/pages\/29614\/revisions"}],"predecessor-version":[{"id":60389,"href":"https:\/\/portal.compraspublicas.gob.ec\/sercop\/wp-json\/wp\/v2\/pages\/29614\/revisions\/60389"}],"wp:attachment":[{"href":"https:\/\/portal.compraspublicas.gob.ec\/sercop\/wp-json\/wp\/v2\/media?parent=29614"}],"curies":[{"name":"wp","href":"https:\/\/api.w.org\/{rel}","templated":true}]}}