{"id":31421,"date":"2018-02-06T17:42:01","date_gmt":"2018-02-06T22:42:01","guid":{"rendered":"http:\/\/portal.compraspublicas.gob.ec\/sercop\/?page_id=31421"},"modified":"2018-02-07T09:10:18","modified_gmt":"2018-02-07T14:10:18","slug":"31421-2","status":"publish","type":"page","link":"https:\/\/portal.compraspublicas.gob.ec\/sercop\/31421-2\/","title":{"rendered":"Cronograma Evaluaci\u00f3nes T\u00e9cnicas y Psicom\u00e9tricas"},"content":{"rendered":"<h3 style=\"text-align: center;\"><a>Convocatoria 2018<\/a><\/h3>\n<h3 style=\"text-align: center;\">Cronograma Evaluaci\u00f3nes T\u00e9cnicas y Psicom\u00e9tricas<\/h3>\n<p>&nbsp;<\/p>\n<p><strong>ESTIMAD@S POSTULANTES:<\/strong> Conforme lo estipulado en el Art\u00edculo 25 de la Norma T\u00e9cnica del Subsistema de Selecci\u00f3n de Personal, las pruebas de conocimientos t\u00e9cnicos y psicom\u00e9tricas ser\u00e1n aplicadas de manera simult\u00e1nea, para lo cual los y las postulantes, obligatoriamente, deber\u00e1n:<\/p>\n<p>Presentarse al menos 15 minutos antes de la hora de inicio de la prueba (VERIFICAR CRONOGRAMA POR GRUPO); Presentar su documento original de identificaci\u00f3n: c\u00e9dula de ciudadan\u00eda, identidad, licencia de conducir con fotograf\u00eda o pasaporte.<\/p>\n<p><strong>NOTA IMPORTANTE:<\/strong> Los y las postulantes deben llevar calculadora, l\u00e1piz y borrador, no se permitir\u00e1 el uso de dispositivos electr\u00f3nicos: celulares, tablets, aud\u00edfonos, pendrive, laptops, etc.<\/p>\n<p>&nbsp;<\/p>\n<table width=\"626\">\n<tbody>\n<tr>\n<td width=\"243\"><a href=\"https:\/\/portal.compraspublicas.gob.ec\/sercop\/wp-content\/uploads\/2018\/02\/LISTADOS-ANALISTA-COMUNICACION-PRUEBAS-CONVOCATORIA-ENERO-2018.pdf\">\u00a0Analista de Comunicaci\u00f3n Social 2<\/a><\/td>\n<\/tr>\n<tr>\n<td width=\"243\"><a href=\"https:\/\/portal.compraspublicas.gob.ec\/sercop\/wp-content\/uploads\/2018\/02\/LISTADOS-ANALISTA-SUPERVISION-PRUEBAS-CONVOCATORIA-ENERO-2018.pdf\">Analista de Supervisi\u00f3n de Procedimientos 2<\/a><\/td>\n<\/tr>\n<tr>\n<td width=\"243\"><a href=\"https:\/\/portal.compraspublicas.gob.ec\/sercop\/wp-content\/uploads\/2018\/02\/LISTADOS-RIOBAMBA-ASISTENTE-RAU-PRUEBAS-CONVOCATORIA-ENERO-2018.pdf\">Asistente de Atenci\u00f3n al Usuario Provincial \u2013 Riobamba<\/a><\/td>\n<\/tr>\n<tr>\n<td width=\"243\"><a href=\"https:\/\/portal.compraspublicas.gob.ec\/sercop\/wp-content\/uploads\/2018\/02\/POSTULANTES-LATACUNGA-PRUEBAS-ASISTENTE-RAU.pdf\"> Asistente de Atenci\u00f3n al Usuario Provincial \u2013 Latacunga<\/a><\/td>\n<\/tr>\n<tr>\n<td width=\"243\"><a href=\"https:\/\/portal.compraspublicas.gob.ec\/sercop\/wp-content\/uploads\/2018\/02\/LISTADOS-PRUEBAS-CONVOCATORIA-ENERO-2018-ANALISTA-FINANCIERO.pdf\">Analista Financiero 2<\/a><\/td>\n<\/tr>\n<\/tbody>\n<\/table>\n","protected":false},"excerpt":{"rendered":"<p class=\"excerpt\">Convocatoria 2018 Cronograma Evaluaci\u00f3nes T\u00e9cnicas y Psicom\u00e9tricas &nbsp; ESTIMAD@S POSTULANTES: Conforme lo estipulado en el Art\u00edculo 25 de la Norma T\u00e9cnica del Subsistema de Selecci\u00f3n de Personal, las pruebas de conocimientos t\u00e9cnicos y psicom\u00e9tricas ser\u00e1n aplicadas de manera simult\u00e1nea, para lo cual los y las postulantes, obligatoriamente, deber\u00e1n: Presentarse al menos 15 minutos antes de la hora de inicio de&hellip; <a href=\"https:\/\/portal.compraspublicas.gob.ec\/sercop\/31421-2\/\">Read more &rarr;<\/a><\/p>\n","protected":false},"author":75,"featured_media":0,"parent":0,"menu_order":0,"comment_status":"closed","ping_status":"closed","template":"menugenerico.php","meta":[],"_links":{"self":[{"href":"https:\/\/portal.compraspublicas.gob.ec\/sercop\/wp-json\/wp\/v2\/pages\/31421"}],"collection":[{"href":"https:\/\/portal.compraspublicas.gob.ec\/sercop\/wp-json\/wp\/v2\/pages"}],"about":[{"href":"https:\/\/portal.compraspublicas.gob.ec\/sercop\/wp-json\/wp\/v2\/types\/page"}],"author":[{"embeddable":true,"href":"https:\/\/portal.compraspublicas.gob.ec\/sercop\/wp-json\/wp\/v2\/users\/75"}],"replies":[{"embeddable":true,"href":"https:\/\/portal.compraspublicas.gob.ec\/sercop\/wp-json\/wp\/v2\/comments?post=31421"}],"version-history":[{"count":5,"href":"https:\/\/portal.compraspublicas.gob.ec\/sercop\/wp-json\/wp\/v2\/pages\/31421\/revisions"}],"predecessor-version":[{"id":31438,"href":"https:\/\/portal.compraspublicas.gob.ec\/sercop\/wp-json\/wp\/v2\/pages\/31421\/revisions\/31438"}],"wp:attachment":[{"href":"https:\/\/portal.compraspublicas.gob.ec\/sercop\/wp-json\/wp\/v2\/media?parent=31421"}],"curies":[{"name":"wp","href":"https:\/\/api.w.org\/{rel}","templated":true}]}}