{"id":31655,"date":"2018-02-27T14:52:08","date_gmt":"2018-02-27T19:52:08","guid":{"rendered":"http:\/\/portal.compraspublicas.gob.ec\/sercop\/?page_id=31655"},"modified":"2018-02-27T15:17:34","modified_gmt":"2018-02-27T20:17:34","slug":"cronograma-de-entrevistas-8","status":"publish","type":"page","link":"https:\/\/portal.compraspublicas.gob.ec\/sercop\/cronograma-de-entrevistas-8\/","title":{"rendered":"Cronograma de entrevistas"},"content":{"rendered":"<h3 style=\"text-align: center;\"><a> Convocatoria 2018<\/a><\/h3>\n<h3 style=\"text-align: center;\">Cronograma Entrevistas<\/h3>\n<p>&nbsp;<\/p>\n<table width=\"517\">\n<tbody>\n<tr>\n<td width=\"243\"><a href=\"https:\/\/portal.compraspublicas.gob.ec\/sercop\/wp-content\/uploads\/2018\/02\/supervision2.pdf\">ANALISTA SUPERVISI\u00d3N 2<\/a><\/td>\n<\/tr>\n<tr>\n<td width=\"243\"><a href=\"https:\/\/portal.compraspublicas.gob.ec\/sercop\/wp-content\/uploads\/2018\/02\/analista-financiero-2.pdf\">ANALISTA FINANCIERO 2<\/a><\/td>\n<\/tr>\n<tr>\n<td width=\"243\"><a href=\"https:\/\/portal.compraspublicas.gob.ec\/sercop\/wp-content\/uploads\/2018\/02\/asistente-atencion-usuario.pdf\">ASISTENTE ATENCI\u00d3N USUARIO<\/a><\/td>\n<\/tr>\n<tr>\n<td width=\"243\"><a href=\"https:\/\/portal.compraspublicas.gob.ec\/sercop\/wp-content\/uploads\/2018\/02\/asistente-usario-latacunga.pdf\">ASISTENTE ATENCCI\u00d3N USUARIO LATACUNGA<\/a><\/td>\n<\/tr>\n<\/tbody>\n<\/table>\n","protected":false},"excerpt":{"rendered":"<p class=\"excerpt\">Convocatoria 2018 Cronograma Entrevistas &nbsp; ANALISTA SUPERVISI\u00d3N 2 ANALISTA FINANCIERO 2 ASISTENTE ATENCI\u00d3N USUARIO ASISTENTE ATENCCI\u00d3N USUARIO LATACUNGA <a href=\"https:\/\/portal.compraspublicas.gob.ec\/sercop\/cronograma-de-entrevistas-8\/\">Read more &rarr;<\/a><\/p>\n","protected":false},"author":75,"featured_media":0,"parent":0,"menu_order":0,"comment_status":"closed","ping_status":"closed","template":"menugenerico.php","meta":[],"_links":{"self":[{"href":"https:\/\/portal.compraspublicas.gob.ec\/sercop\/wp-json\/wp\/v2\/pages\/31655"}],"collection":[{"href":"https:\/\/portal.compraspublicas.gob.ec\/sercop\/wp-json\/wp\/v2\/pages"}],"about":[{"href":"https:\/\/portal.compraspublicas.gob.ec\/sercop\/wp-json\/wp\/v2\/types\/page"}],"author":[{"embeddable":true,"href":"https:\/\/portal.compraspublicas.gob.ec\/sercop\/wp-json\/wp\/v2\/users\/75"}],"replies":[{"embeddable":true,"href":"https:\/\/portal.compraspublicas.gob.ec\/sercop\/wp-json\/wp\/v2\/comments?post=31655"}],"version-history":[{"count":4,"href":"https:\/\/portal.compraspublicas.gob.ec\/sercop\/wp-json\/wp\/v2\/pages\/31655\/revisions"}],"predecessor-version":[{"id":31665,"href":"https:\/\/portal.compraspublicas.gob.ec\/sercop\/wp-json\/wp\/v2\/pages\/31655\/revisions\/31665"}],"wp:attachment":[{"href":"https:\/\/portal.compraspublicas.gob.ec\/sercop\/wp-json\/wp\/v2\/media?parent=31655"}],"curies":[{"name":"wp","href":"https:\/\/api.w.org\/{rel}","templated":true}]}}