{"id":31793,"date":"2018-03-12T11:01:39","date_gmt":"2018-03-12T16:01:39","guid":{"rendered":"http:\/\/portal.compraspublicas.gob.ec\/sercop\/?page_id=31793"},"modified":"2020-05-07T11:38:44","modified_gmt":"2020-05-07T16:38:44","slug":"anexos-3","status":"publish","type":"page","link":"https:\/\/portal.compraspublicas.gob.ec\/sercop\/anexos-3\/","title":{"rendered":"Anexos"},"content":{"rendered":"<p>&nbsp;<\/p>\n<p>&nbsp;<\/p>\n<table style=\"height: 262px;\" width=\"598\">\n<tbody>\n<tr>\n<td width=\"415\"><span style=\"color: #0000ff;\"><a style=\"color: #0000ff;\" href=\"https:\/\/portal.compraspublicas.gob.ec\/sercop\/wp-content\/uploads\/2018\/03\/Anexo_01_Lista_excepciones.pdf\">Anexo 1 -Lista de excepciones a la aplicaci\u00f3n del ACM UE<\/a><\/span><\/td>\n<\/tr>\n<tr>\n<td><span style=\"color: #0000ff;\"><a style=\"color: #0000ff;\" href=\"https:\/\/portal.compraspublicas.gob.ec\/sercop\/wp-content\/uploads\/2018\/03\/Anexo_02_Umbrales_2018-2019.pdf\">Anexo 2 &#8211; Umbrales en d\u00f3lares a ser aplicados en el marco del ACM UE<\/a><\/span><\/td>\n<\/tr>\n<tr>\n<td><span style=\"color: #0000ff;\"><a style=\"color: #0000ff;\" href=\"https:\/\/portal.compraspublicas.gob.ec\/sercop\/wp-content\/uploads\/2018\/03\/Anexo_03_Nota_Listado_Codigo_CPC.pdf\">Anexo 3 &#8211; Listado de c\u00f3digos CPC homologados<\/a><\/span><\/td>\n<\/tr>\n<tr>\n<td><span style=\"color: #0000ff;\"><a style=\"color: #0000ff;\" href=\"https:\/\/portal.compraspublicas.gob.ec\/sercop\/wp-content\/uploads\/2020\/05\/SERCOP-SERCOP-2019-0017-C_.pdf\">Circular SERCOP-SERCOP-2019-0017-C<\/a><\/span><\/td>\n<\/tr>\n<\/tbody>\n<\/table>\n","protected":false},"excerpt":{"rendered":"<p class=\"excerpt\">&nbsp; &nbsp; Anexo 1 -Lista de excepciones a la aplicaci\u00f3n del ACM UE Anexo 2 &#8211; Umbrales en d\u00f3lares a ser aplicados en el marco del ACM UE Anexo 3 &#8211; Listado de c\u00f3digos CPC homologados Circular SERCOP-SERCOP-2019-0017-C <a href=\"https:\/\/portal.compraspublicas.gob.ec\/sercop\/anexos-3\/\">Read more &rarr;<\/a><\/p>\n","protected":false},"author":75,"featured_media":0,"parent":0,"menu_order":0,"comment_status":"closed","ping_status":"closed","template":"menugenerico.php","meta":[],"_links":{"self":[{"href":"https:\/\/portal.compraspublicas.gob.ec\/sercop\/wp-json\/wp\/v2\/pages\/31793"}],"collection":[{"href":"https:\/\/portal.compraspublicas.gob.ec\/sercop\/wp-json\/wp\/v2\/pages"}],"about":[{"href":"https:\/\/portal.compraspublicas.gob.ec\/sercop\/wp-json\/wp\/v2\/types\/page"}],"author":[{"embeddable":true,"href":"https:\/\/portal.compraspublicas.gob.ec\/sercop\/wp-json\/wp\/v2\/users\/75"}],"replies":[{"embeddable":true,"href":"https:\/\/portal.compraspublicas.gob.ec\/sercop\/wp-json\/wp\/v2\/comments?post=31793"}],"version-history":[{"count":7,"href":"https:\/\/portal.compraspublicas.gob.ec\/sercop\/wp-json\/wp\/v2\/pages\/31793\/revisions"}],"predecessor-version":[{"id":41469,"href":"https:\/\/portal.compraspublicas.gob.ec\/sercop\/wp-json\/wp\/v2\/pages\/31793\/revisions\/41469"}],"wp:attachment":[{"href":"https:\/\/portal.compraspublicas.gob.ec\/sercop\/wp-json\/wp\/v2\/media?parent=31793"}],"curies":[{"name":"wp","href":"https:\/\/api.w.org\/{rel}","templated":true}]}}