{"id":32215,"date":"2018-04-17T15:46:39","date_gmt":"2018-04-17T20:46:39","guid":{"rendered":"http:\/\/portal.compraspublicas.gob.ec\/sercop\/?page_id=32215"},"modified":"2018-04-17T15:49:22","modified_gmt":"2018-04-17T20:49:22","slug":"cronograma-evaluaciones-tecnicas-y-psicometricas-11","status":"publish","type":"page","link":"https:\/\/portal.compraspublicas.gob.ec\/sercop\/cronograma-evaluaciones-tecnicas-y-psicometricas-11\/","title":{"rendered":"Cronograma Evaluaci\u00f3nes T\u00e9cnicas y Psicom\u00e9tricas"},"content":{"rendered":"<h3 style=\"text-align: center;\"><a>Convocatoria 2018<\/a><\/h3>\n<h3 style=\"text-align: center;\">Cronograma Evaluaci\u00f3nes T\u00e9cnicas y Psicom\u00e9tricas<\/h3>\n<p>&nbsp;<\/p>\n<p><strong>ESTIMAD@S POSTULANTES:<\/strong> Conforme lo estipulado en el Art\u00edculo 25 de la Norma T\u00e9cnica del Subsistema de Selecci\u00f3n de Personal, las pruebas de conocimientos t\u00e9cnicos y psicom\u00e9tricas ser\u00e1n aplicadas de manera simult\u00e1nea, para lo cual los y las postulantes, obligatoriamente, deber\u00e1n:<\/p>\n<p>Presentarse al menos 15 minutos antes de la hora de inicio de la prueba (VERIFICAR CRONOGRAMA POR GRUPO); Presentar su documento original de identificaci\u00f3n: c\u00e9dula de ciudadan\u00eda, identidad, licencia de conducir con fotograf\u00eda o pasaporte.<\/p>\n<p><strong>NOTA IMPORTANTE:<\/strong> Los y las postulantes deben llevar calculadora, l\u00e1piz y borrador, no se permitir\u00e1 el uso de dispositivos electr\u00f3nicos: celulares, tablets, aud\u00edfonos, pendrive, laptops, etc.<\/p>\n<p>&nbsp;<\/p>\n<table width=\"626\">\n<tbody>\n<tr>\n<td width=\"243\"><a href=\"https:\/\/portal.compraspublicas.gob.ec\/sercop\/wp-content\/uploads\/2018\/04\/ASISTENTE_DE_ATENCION_USUARIO_PROVINCIAL_ZONAL2.pdf\">ASISTENTE DE ATENCI\u00d3N AL USUARIO PROVINCIAL ZONAL 2<\/a><\/td>\n<\/tr>\n<tr>\n<td width=\"243\"><a href=\"https:\/\/portal.compraspublicas.gob.ec\/sercop\/wp-content\/uploads\/2018\/04\/ASISTENTE_ATENCION_USUARIO_PROVINCIAL.pdf\">ASISTENTE DE ATENCI\u00d3N AL USUARIO PROVINCIAL<\/a><\/td>\n<\/tr>\n<tr>\n<td width=\"243\"><a href=\"https:\/\/portal.compraspublicas.gob.ec\/sercop\/wp-content\/uploads\/2018\/04\/ASISTENTE_ATENCION_USUARIO_ZONAL.pdf\">ASISTENTE DE ATENCI\u00d3N AL USUARIO ZONAL<\/a><\/td>\n<\/tr>\n<tr>\n<td width=\"243\"><a href=\"https:\/\/portal.compraspublicas.gob.ec\/sercop\/wp-content\/uploads\/2018\/04\/ASISTENTE_DE_SUPERVISION_PROCEDIMIENTOS..pdf\">ASISTENTE DE SUPERVISI\u00d3N DE PROCEDIMIENTOS.<\/a><\/td>\n<\/tr>\n<tr>\n<td width=\"243\"><a href=\"https:\/\/portal.compraspublicas.gob.ec\/sercop\/wp-content\/uploads\/2018\/04\/ESPECIALISTA_JURIDICO.pdf\">ESPECIALISTA JUR\u00edDICO<\/a><\/td>\n<\/tr>\n<\/tbody>\n<\/table>\n","protected":false},"excerpt":{"rendered":"<p class=\"excerpt\">Convocatoria 2018 Cronograma Evaluaci\u00f3nes T\u00e9cnicas y Psicom\u00e9tricas &nbsp; ESTIMAD@S POSTULANTES: Conforme lo estipulado en el Art\u00edculo 25 de la Norma T\u00e9cnica del Subsistema de Selecci\u00f3n de Personal, las pruebas de conocimientos t\u00e9cnicos y psicom\u00e9tricas ser\u00e1n aplicadas de manera simult\u00e1nea, para lo cual los y las postulantes, obligatoriamente, deber\u00e1n: Presentarse al menos 15 minutos antes de la hora de inicio de&hellip; <a href=\"https:\/\/portal.compraspublicas.gob.ec\/sercop\/cronograma-evaluaciones-tecnicas-y-psicometricas-11\/\">Read more &rarr;<\/a><\/p>\n","protected":false},"author":75,"featured_media":0,"parent":0,"menu_order":0,"comment_status":"closed","ping_status":"closed","template":"menugenerico.php","meta":[],"_links":{"self":[{"href":"https:\/\/portal.compraspublicas.gob.ec\/sercop\/wp-json\/wp\/v2\/pages\/32215"}],"collection":[{"href":"https:\/\/portal.compraspublicas.gob.ec\/sercop\/wp-json\/wp\/v2\/pages"}],"about":[{"href":"https:\/\/portal.compraspublicas.gob.ec\/sercop\/wp-json\/wp\/v2\/types\/page"}],"author":[{"embeddable":true,"href":"https:\/\/portal.compraspublicas.gob.ec\/sercop\/wp-json\/wp\/v2\/users\/75"}],"replies":[{"embeddable":true,"href":"https:\/\/portal.compraspublicas.gob.ec\/sercop\/wp-json\/wp\/v2\/comments?post=32215"}],"version-history":[{"count":1,"href":"https:\/\/portal.compraspublicas.gob.ec\/sercop\/wp-json\/wp\/v2\/pages\/32215\/revisions"}],"predecessor-version":[{"id":32221,"href":"https:\/\/portal.compraspublicas.gob.ec\/sercop\/wp-json\/wp\/v2\/pages\/32215\/revisions\/32221"}],"wp:attachment":[{"href":"https:\/\/portal.compraspublicas.gob.ec\/sercop\/wp-json\/wp\/v2\/media?parent=32215"}],"curies":[{"name":"wp","href":"https:\/\/api.w.org\/{rel}","templated":true}]}}