{"id":32320,"date":"2018-05-02T10:28:37","date_gmt":"2018-05-02T15:28:37","guid":{"rendered":"http:\/\/portal.compraspublicas.gob.ec\/sercop\/?page_id=32320"},"modified":"2018-05-02T11:17:41","modified_gmt":"2018-05-02T16:17:41","slug":"montos-de-contratacion-publica-2015","status":"publish","type":"page","link":"https:\/\/portal.compraspublicas.gob.ec\/sercop\/montos-de-contratacion-publica-2015\/","title":{"rendered":"Montos de contrataci\u00f3n p\u00fablica 2015"},"content":{"rendered":"<p>&nbsp;<\/p>\n<table border=\"2\" cellspacing=\"0\" cellpadding=\"0\">\n<tbody>\n<tr>\n<td width=\"238\"><\/td>\n<td style=\"text-align: center;\" width=\"535\"><strong>PROCEDIMIENTOS\u00a0<\/strong><\/td>\n<td style=\"text-align: center;\" width=\"305\"><strong>MONTOS 2015<\/strong><br \/>\n<strong> (PIE: 36.317\u2019117.010,35)<\/strong><\/td>\n<\/tr>\n<tr>\n<td dir=\"LTR\" rowspan=\"6\" width=\"238\"><strong>Bienes y servicios normalizados<\/strong><\/td>\n<td dir=\"LTR\" width=\"535\">Compra por cat\u00e1logo<\/td>\n<td dir=\"LTR\" width=\"305\">Sin l\u00edmites<\/td>\n<\/tr>\n<tr>\n<td dir=\"LTR\" width=\"535\">\u00cdnfima Cuant\u00eda<\/td>\n<td dir=\"LTR\" width=\"305\">\u00a0\u2264 $ 7.263,42<\/td>\n<\/tr>\n<tr>\n<td dir=\"LTR\" width=\"535\">Subasta inversa electr\u00f3nica<\/td>\n<td dir=\"LTR\" width=\"305\">M\u00e1s de $ 7.263,42<\/td>\n<\/tr>\n<tr>\n<td dir=\"LTR\" width=\"535\">Menor cuant\u00eda (Si no es posible aplicar procedimientos Din\u00e1micos)<\/td>\n<td dir=\"LTR\" width=\"305\">\u00a0&lt; $ 72.634,23<\/td>\n<\/tr>\n<tr>\n<td dir=\"LTR\" width=\"535\">Cotizaci\u00f3n\u00a0 (Si no es posible aplicar procedimientos Din\u00e1micos)<\/td>\n<td dir=\"LTR\" width=\"305\">\u2265 $ 72.634,23 y \u2264 $ 544.756,76<\/td>\n<\/tr>\n<tr>\n<td dir=\"LTR\" width=\"535\">Licitaci\u00f3n\u00a0 (Si no es posible aplicar procedimientos Din\u00e1micos)<\/td>\n<td dir=\"LTR\" width=\"305\">M\u00e1s de $ 544.756,76<\/td>\n<\/tr>\n<tr>\n<td dir=\"LTR\" rowspan=\"3\" width=\"238\"><strong>Bienes y servicios no normalizados<\/strong><\/td>\n<td dir=\"LTR\" width=\"535\">Menor cuant\u00eda<\/td>\n<td dir=\"LTR\" width=\"305\">\u00a0&lt; $ 72.634,23<\/td>\n<\/tr>\n<tr>\n<td dir=\"LTR\" width=\"535\">Cotizaci\u00f3n<\/td>\n<td dir=\"LTR\" width=\"305\">\u2265 $ 72.634,23 y \u2264 $ 544.756,76<\/td>\n<\/tr>\n<tr>\n<td dir=\"LTR\" width=\"535\">Licitaci\u00f3n<\/td>\n<td dir=\"LTR\" width=\"305\">M\u00e1s de $ 544.756,76<\/td>\n<\/tr>\n<tr>\n<td dir=\"LTR\" rowspan=\"4\" width=\"238\"><strong>Obras<\/strong><\/td>\n<td dir=\"LTR\" width=\"535\">Menor cuant\u00eda<\/td>\n<td dir=\"LTR\" width=\"305\">\u00a0&lt; $ 254.219,82<\/td>\n<\/tr>\n<tr>\n<td dir=\"LTR\" width=\"535\">Cotizaci\u00f3n<\/td>\n<td dir=\"LTR\" width=\"305\">\u00a0 \u2265$ 254.219,82 y \u2264 $ 1\u00b4089.513,51<\/td>\n<\/tr>\n<tr>\n<td dir=\"LTR\" width=\"535\">Licitaci\u00f3n<\/td>\n<td dir=\"LTR\" width=\"305\">M\u00e1s de $ 1\u00b4089.513,51<\/td>\n<\/tr>\n<tr>\n<td dir=\"LTR\" width=\"535\">Contrataci\u00f3n Integral por precio fijo<\/td>\n<td dir=\"LTR\" width=\"305\">M\u00e1s de $ 36\u00b4317.117,01<\/td>\n<\/tr>\n<tr>\n<td dir=\"LTR\" rowspan=\"3\" width=\"238\"><strong>Consultor\u00eda<\/strong><\/td>\n<td dir=\"LTR\" width=\"535\">Contrataci\u00f3n directa<\/td>\n<td dir=\"LTR\" width=\"305\">\u2264 $ 72.634,23<\/td>\n<\/tr>\n<tr>\n<td dir=\"LTR\" width=\"535\">Lista corta<\/td>\n<td dir=\"LTR\" width=\"305\">&gt; $ 72.634,23 y &lt; $ 544.756,76<\/td>\n<\/tr>\n<tr>\n<td dir=\"LTR\" width=\"535\">Concurso p\u00fablico<\/td>\n<td dir=\"LTR\" width=\"305\">\u00a0\u2265 $ 544.756,76<\/td>\n<\/tr>\n<\/tbody>\n<\/table>\n","protected":false},"excerpt":{"rendered":"<p class=\"excerpt\">&nbsp; PROCEDIMIENTOS\u00a0 MONTOS 2015 (PIE: 36.317\u2019117.010,35) Bienes y servicios normalizados Compra por cat\u00e1logo Sin l\u00edmites \u00cdnfima Cuant\u00eda \u00a0\u2264 $ 7.263,42 Subasta inversa electr\u00f3nica M\u00e1s de $ 7.263,42 Menor cuant\u00eda (Si no es posible aplicar procedimientos Din\u00e1micos) \u00a0&lt; $ 72.634,23 Cotizaci\u00f3n\u00a0 (Si no es posible aplicar procedimientos Din\u00e1micos) \u2265 $ 72.634,23 y \u2264 $ 544.756,76 Licitaci\u00f3n\u00a0 (Si no es posible aplicar&hellip; <a href=\"https:\/\/portal.compraspublicas.gob.ec\/sercop\/montos-de-contratacion-publica-2015\/\">Read more &rarr;<\/a><\/p>\n","protected":false},"author":75,"featured_media":0,"parent":0,"menu_order":0,"comment_status":"closed","ping_status":"closed","template":"menugenerico.php","meta":[],"_links":{"self":[{"href":"https:\/\/portal.compraspublicas.gob.ec\/sercop\/wp-json\/wp\/v2\/pages\/32320"}],"collection":[{"href":"https:\/\/portal.compraspublicas.gob.ec\/sercop\/wp-json\/wp\/v2\/pages"}],"about":[{"href":"https:\/\/portal.compraspublicas.gob.ec\/sercop\/wp-json\/wp\/v2\/types\/page"}],"author":[{"embeddable":true,"href":"https:\/\/portal.compraspublicas.gob.ec\/sercop\/wp-json\/wp\/v2\/users\/75"}],"replies":[{"embeddable":true,"href":"https:\/\/portal.compraspublicas.gob.ec\/sercop\/wp-json\/wp\/v2\/comments?post=32320"}],"version-history":[{"count":5,"href":"https:\/\/portal.compraspublicas.gob.ec\/sercop\/wp-json\/wp\/v2\/pages\/32320\/revisions"}],"predecessor-version":[{"id":32356,"href":"https:\/\/portal.compraspublicas.gob.ec\/sercop\/wp-json\/wp\/v2\/pages\/32320\/revisions\/32356"}],"wp:attachment":[{"href":"https:\/\/portal.compraspublicas.gob.ec\/sercop\/wp-json\/wp\/v2\/media?parent=32320"}],"curies":[{"name":"wp","href":"https:\/\/api.w.org\/{rel}","templated":true}]}}