{"id":32324,"date":"2018-05-02T10:32:28","date_gmt":"2018-05-02T15:32:28","guid":{"rendered":"http:\/\/portal.compraspublicas.gob.ec\/sercop\/?page_id=32324"},"modified":"2018-05-02T11:27:52","modified_gmt":"2018-05-02T16:27:52","slug":"montos-de-contratacion-publica-2016","status":"publish","type":"page","link":"https:\/\/portal.compraspublicas.gob.ec\/sercop\/montos-de-contratacion-publica-2016\/","title":{"rendered":"Montos de contrataci\u00f3n p\u00fablica 2016"},"content":{"rendered":"<p>&nbsp;<\/p>\n<table border=\"2\" cellspacing=\"0\" cellpadding=\"0\">\n<tbody>\n<tr>\n<td width=\"238\"><\/td>\n<td style=\"text-align: center;\" width=\"535\"><strong>PROCEDIMIENTOS<\/strong><\/td>\n<td style=\"text-align: center;\" width=\"305\"><strong>MONTOS 2016<\/strong><br \/>\n<strong> (PIE: 29.835\u2019098.320,79)<\/strong><\/td>\n<\/tr>\n<tr>\n<td dir=\"LTR\" style=\"text-align: left;\" rowspan=\"6\" width=\"238\"><strong>Bienes y servicios normalizados<\/strong><\/td>\n<td dir=\"LTR\" width=\"535\">Compra por cat\u00e1logo<\/td>\n<td dir=\"LTR\" width=\"305\">Sin l\u00edmites<\/td>\n<\/tr>\n<tr>\n<td dir=\"LTR\" width=\"535\">\u00cdnfima Cuant\u00eda<\/td>\n<td dir=\"LTR\" width=\"305\">\u00a0&lt; $ 5.967,02<\/td>\n<\/tr>\n<tr>\n<td dir=\"LTR\" width=\"535\">Subasta inversa electr\u00f3nica<\/td>\n<td dir=\"LTR\" width=\"305\">M\u00e1s de $ 5.967,02<\/td>\n<\/tr>\n<tr>\n<td dir=\"LTR\" width=\"535\">Menor cuant\u00eda (Si no es posible aplicar procedimientos Din\u00e1micos)<\/td>\n<td dir=\"LTR\" width=\"305\">\u00a0&lt; $ 59.670,20<\/td>\n<\/tr>\n<tr>\n<td dir=\"LTR\" width=\"535\">Cotizaci\u00f3n\u00a0 (Si no es posible aplicar procedimientos Din\u00e1micos)<\/td>\n<td dir=\"LTR\" width=\"305\">\u2265 $ 59.670,20 y \u2264 $ 447.526,47<\/td>\n<\/tr>\n<tr>\n<td dir=\"LTR\" width=\"535\">Licitaci\u00f3n\u00a0 (Si no es posible aplicar procedimientos Din\u00e1micos)<\/td>\n<td dir=\"LTR\" width=\"305\">M\u00e1s de $ 447.526,47<\/td>\n<\/tr>\n<tr>\n<td dir=\"LTR\" rowspan=\"3\" width=\"238\"><strong>Bienes y servicios no normalizados<\/strong><\/td>\n<td dir=\"LTR\" width=\"535\">Menor cuant\u00eda<\/td>\n<td dir=\"LTR\" width=\"305\">\u00a0&lt; $ 59.670,20<\/td>\n<\/tr>\n<tr>\n<td dir=\"LTR\" width=\"535\">Cotizaci\u00f3n<\/td>\n<td dir=\"LTR\" width=\"305\">\u2265 $ 59.670,20 y \u2264 $ 447.526,47<\/td>\n<\/tr>\n<tr>\n<td dir=\"LTR\" width=\"535\">Licitaci\u00f3n<\/td>\n<td dir=\"LTR\" width=\"305\">M\u00e1s de $ 447.526,47<\/td>\n<\/tr>\n<tr>\n<td dir=\"LTR\" rowspan=\"4\" width=\"238\"><strong>Obras<\/strong><\/td>\n<td dir=\"LTR\" width=\"535\">Menor cuant\u00eda<\/td>\n<td dir=\"LTR\" width=\"305\">\u00a0&lt; $ 208.845,69<\/td>\n<\/tr>\n<tr>\n<td dir=\"LTR\" width=\"535\">Cotizaci\u00f3n<\/td>\n<td dir=\"LTR\" width=\"305\">\u00a0 \u2265$ 208.052,95 y \u2264 $ 895.052,95<\/td>\n<\/tr>\n<tr>\n<td dir=\"LTR\" width=\"535\">Licitaci\u00f3n<\/td>\n<td dir=\"LTR\" width=\"305\">M\u00e1s de $ 895.052,95<\/td>\n<\/tr>\n<tr>\n<td dir=\"LTR\" width=\"535\">Contrataci\u00f3n Integral por precio fijo<\/td>\n<td dir=\"LTR\" width=\"305\">M\u00e1s de $ 36\u00b4317.117,04<\/td>\n<\/tr>\n<tr>\n<td dir=\"LTR\" rowspan=\"3\" width=\"238\"><strong>Consultor\u00eda<\/strong><\/td>\n<td dir=\"LTR\" width=\"535\">Contrataci\u00f3n directa<\/td>\n<td dir=\"LTR\" width=\"305\">\u2264 $ 59.670,20<\/td>\n<\/tr>\n<tr>\n<td dir=\"LTR\" width=\"535\">Lista corta<\/td>\n<td dir=\"LTR\" width=\"305\">&gt; $ 59.670,20 y &lt; $ 447.526,47<\/td>\n<\/tr>\n<tr>\n<td dir=\"LTR\" width=\"535\">Concurso p\u00fablico<\/td>\n<td dir=\"LTR\" width=\"305\">\u00a0\u2265 $ 447.526,47<\/td>\n<\/tr>\n<\/tbody>\n<\/table>\n","protected":false},"excerpt":{"rendered":"<p class=\"excerpt\">&nbsp; PROCEDIMIENTOS MONTOS 2016 (PIE: 29.835\u2019098.320,79) Bienes y servicios normalizados Compra por cat\u00e1logo Sin l\u00edmites \u00cdnfima Cuant\u00eda \u00a0&lt; $ 5.967,02 Subasta inversa electr\u00f3nica M\u00e1s de $ 5.967,02 Menor cuant\u00eda (Si no es posible aplicar procedimientos Din\u00e1micos) \u00a0&lt; $ 59.670,20 Cotizaci\u00f3n\u00a0 (Si no es posible aplicar procedimientos Din\u00e1micos) \u2265 $ 59.670,20 y \u2264 $ 447.526,47 Licitaci\u00f3n\u00a0 (Si no es posible aplicar&hellip; <a href=\"https:\/\/portal.compraspublicas.gob.ec\/sercop\/montos-de-contratacion-publica-2016\/\">Read more &rarr;<\/a><\/p>\n","protected":false},"author":75,"featured_media":0,"parent":0,"menu_order":0,"comment_status":"closed","ping_status":"closed","template":"menugenerico.php","meta":[],"_links":{"self":[{"href":"https:\/\/portal.compraspublicas.gob.ec\/sercop\/wp-json\/wp\/v2\/pages\/32324"}],"collection":[{"href":"https:\/\/portal.compraspublicas.gob.ec\/sercop\/wp-json\/wp\/v2\/pages"}],"about":[{"href":"https:\/\/portal.compraspublicas.gob.ec\/sercop\/wp-json\/wp\/v2\/types\/page"}],"author":[{"embeddable":true,"href":"https:\/\/portal.compraspublicas.gob.ec\/sercop\/wp-json\/wp\/v2\/users\/75"}],"replies":[{"embeddable":true,"href":"https:\/\/portal.compraspublicas.gob.ec\/sercop\/wp-json\/wp\/v2\/comments?post=32324"}],"version-history":[{"count":6,"href":"https:\/\/portal.compraspublicas.gob.ec\/sercop\/wp-json\/wp\/v2\/pages\/32324\/revisions"}],"predecessor-version":[{"id":32362,"href":"https:\/\/portal.compraspublicas.gob.ec\/sercop\/wp-json\/wp\/v2\/pages\/32324\/revisions\/32362"}],"wp:attachment":[{"href":"https:\/\/portal.compraspublicas.gob.ec\/sercop\/wp-json\/wp\/v2\/media?parent=32324"}],"curies":[{"name":"wp","href":"https:\/\/api.w.org\/{rel}","templated":true}]}}