{"id":32445,"date":"2018-05-07T09:10:21","date_gmt":"2018-05-07T14:10:21","guid":{"rendered":"http:\/\/portal.compraspublicas.gob.ec\/sercop\/?page_id=32445"},"modified":"2018-05-07T09:10:21","modified_gmt":"2018-05-07T14:10:21","slug":"montos-contracion-publica-2010","status":"publish","type":"page","link":"https:\/\/portal.compraspublicas.gob.ec\/sercop\/montos-contracion-publica-2010\/","title":{"rendered":"Montos contraci\u00f3n p\u00fablica 2010"},"content":{"rendered":"<table border=\"2\" cellspacing=\"0\" cellpadding=\"0\">\n<tbody>\n<tr>\n<td style=\"text-align: center;\" colspan=\"3\" width=\"1044\"><strong>MONTOS 2010<\/strong><\/td>\n<\/tr>\n<tr>\n<td><\/td>\n<td><\/td>\n<td><\/td>\n<\/tr>\n<tr>\n<td><\/td>\n<td style=\"text-align: center;\"><strong>PROCEDIMIENTOS\u00a0<\/strong><\/td>\n<td style=\"text-align: center;\" width=\"302\"><strong>MONTOS 2010<\/strong><br \/>\n<strong> (PIE: 21.282\u2019062.270,35)<\/strong><\/td>\n<\/tr>\n<tr>\n<td dir=\"LTR\" rowspan=\"6\" width=\"268\"><strong>Bienes y servicios normalizados<\/strong><\/td>\n<td dir=\"LTR\" width=\"474\">Compra por cat\u00e1logo<\/td>\n<td dir=\"LTR\" width=\"302\">Sin l\u00edmites<\/td>\n<\/tr>\n<tr>\n<td dir=\"LTR\" width=\"474\">\u00cdnfima Cuant\u00eda<\/td>\n<td dir=\"LTR\" width=\"302\">\u00a0&lt; $ 4.256,41<\/td>\n<\/tr>\n<tr>\n<td dir=\"LTR\" width=\"474\">Subasta inversa electr\u00f3nica<\/td>\n<td dir=\"LTR\" width=\"302\">M\u00e1s de $ 4.256,41<\/td>\n<\/tr>\n<tr>\n<td dir=\"LTR\" width=\"474\">Menor cuant\u00eda (Si no es posible aplicar procedimientos Din\u00e1micos)<\/td>\n<td dir=\"LTR\" width=\"302\">\u00a0&lt; $ 42.564,12<\/td>\n<\/tr>\n<tr>\n<td dir=\"LTR\" width=\"474\">Cotizaci\u00f3n\u00a0 (Si no es posible aplicar procedimientos Din\u00e1micos)<\/td>\n<td dir=\"LTR\" width=\"302\">\u2265 42.564,12\u00a0 y \u2264 $ 319.230,93<\/td>\n<\/tr>\n<tr>\n<td dir=\"LTR\" width=\"474\">Licitaci\u00f3n\u00a0 (Si no es posible aplicar procedimientos Din\u00e1micos)<\/td>\n<td dir=\"LTR\" width=\"302\">M\u00e1s de $ 319.230,93<\/td>\n<\/tr>\n<tr>\n<td dir=\"LTR\" rowspan=\"3\" width=\"268\"><strong>Bienes y servicios no normalizados<\/strong><\/td>\n<td dir=\"LTR\" width=\"474\">Menor cuant\u00eda<\/td>\n<td dir=\"LTR\" width=\"302\">\u00a0&lt; 42.564,12<\/td>\n<\/tr>\n<tr>\n<td dir=\"LTR\" width=\"474\">Cotizaci\u00f3n<\/td>\n<td dir=\"LTR\" width=\"302\">\u2265 $ 42.564,12 y \u2264 $ 319.230,93<\/td>\n<\/tr>\n<tr>\n<td dir=\"LTR\" width=\"474\">Licitaci\u00f3n<\/td>\n<td dir=\"LTR\" width=\"302\">M\u00e1s de $ 319.230,93<\/td>\n<\/tr>\n<tr>\n<td dir=\"LTR\" rowspan=\"4\" width=\"268\"><strong>Obras<\/strong><\/td>\n<td dir=\"LTR\" width=\"474\">Menor cuant\u00eda<\/td>\n<td dir=\"LTR\" width=\"302\">\u00a0&lt; $ 148.974,44<\/td>\n<\/tr>\n<tr>\n<td dir=\"LTR\" width=\"474\">Cotizaci\u00f3n<\/td>\n<td dir=\"LTR\" width=\"302\">\u00a0 \u2265$ 148.974,44 y \u2264 $ 638.461,87<\/td>\n<\/tr>\n<tr>\n<td dir=\"LTR\" width=\"474\">Licitaci\u00f3n<\/td>\n<td dir=\"LTR\" width=\"302\">M\u00e1s de $ 638.461,87<\/td>\n<\/tr>\n<tr>\n<td dir=\"LTR\" width=\"474\">Contrataci\u00f3n Integral por precio fijo<\/td>\n<td dir=\"LTR\" width=\"302\">M\u00e1s de $ 21.282.062,27<\/td>\n<\/tr>\n<tr>\n<td dir=\"LTR\" rowspan=\"3\" width=\"268\"><strong>Consultor\u00eda<\/strong><\/td>\n<td dir=\"LTR\" width=\"474\">Contrataci\u00f3n directa<\/td>\n<td dir=\"LTR\" width=\"302\">\u2264 $ 42.564,12<\/td>\n<\/tr>\n<tr>\n<td dir=\"LTR\" width=\"474\">Lista corta<\/td>\n<td dir=\"LTR\" width=\"302\">&gt; $ 42.564,12 y &lt; $ 319.230,,93<\/td>\n<\/tr>\n<tr>\n<td dir=\"LTR\" width=\"474\">Concurso p\u00fablico<\/td>\n<td dir=\"LTR\" width=\"302\">\u00a0\u2265 $ 319.230,93<\/td>\n<\/tr>\n<\/tbody>\n<\/table>\n","protected":false},"excerpt":{"rendered":"<p class=\"excerpt\">MONTOS 2010 PROCEDIMIENTOS\u00a0 MONTOS 2010 (PIE: 21.282\u2019062.270,35) Bienes y servicios normalizados Compra por cat\u00e1logo Sin l\u00edmites \u00cdnfima Cuant\u00eda \u00a0&lt; $ 4.256,41 Subasta inversa electr\u00f3nica M\u00e1s de $ 4.256,41 Menor cuant\u00eda (Si no es posible aplicar procedimientos Din\u00e1micos) \u00a0&lt; $ 42.564,12 Cotizaci\u00f3n\u00a0 (Si no es posible aplicar procedimientos Din\u00e1micos) \u2265 42.564,12\u00a0 y \u2264 $ 319.230,93 Licitaci\u00f3n\u00a0 (Si no es posible aplicar&hellip; <a href=\"https:\/\/portal.compraspublicas.gob.ec\/sercop\/montos-contracion-publica-2010\/\">Read more &rarr;<\/a><\/p>\n","protected":false},"author":75,"featured_media":0,"parent":0,"menu_order":0,"comment_status":"closed","ping_status":"closed","template":"menugenerico.php","meta":[],"_links":{"self":[{"href":"https:\/\/portal.compraspublicas.gob.ec\/sercop\/wp-json\/wp\/v2\/pages\/32445"}],"collection":[{"href":"https:\/\/portal.compraspublicas.gob.ec\/sercop\/wp-json\/wp\/v2\/pages"}],"about":[{"href":"https:\/\/portal.compraspublicas.gob.ec\/sercop\/wp-json\/wp\/v2\/types\/page"}],"author":[{"embeddable":true,"href":"https:\/\/portal.compraspublicas.gob.ec\/sercop\/wp-json\/wp\/v2\/users\/75"}],"replies":[{"embeddable":true,"href":"https:\/\/portal.compraspublicas.gob.ec\/sercop\/wp-json\/wp\/v2\/comments?post=32445"}],"version-history":[{"count":1,"href":"https:\/\/portal.compraspublicas.gob.ec\/sercop\/wp-json\/wp\/v2\/pages\/32445\/revisions"}],"predecessor-version":[{"id":32446,"href":"https:\/\/portal.compraspublicas.gob.ec\/sercop\/wp-json\/wp\/v2\/pages\/32445\/revisions\/32446"}],"wp:attachment":[{"href":"https:\/\/portal.compraspublicas.gob.ec\/sercop\/wp-json\/wp\/v2\/media?parent=32445"}],"curies":[{"name":"wp","href":"https:\/\/api.w.org\/{rel}","templated":true}]}}