{"id":32964,"date":"2018-07-06T10:39:53","date_gmt":"2018-07-06T15:39:53","guid":{"rendered":"http:\/\/portal.compraspublicas.gob.ec\/sercop\/?page_id=32964"},"modified":"2018-07-11T13:26:06","modified_gmt":"2018-07-11T18:26:06","slug":"cronograma-evaluaciones-tecnicas-y-psicometricas-12","status":"publish","type":"page","link":"https:\/\/portal.compraspublicas.gob.ec\/sercop\/cronograma-evaluaciones-tecnicas-y-psicometricas-12\/","title":{"rendered":"Cronograma Evaluaci\u00f3nes T\u00e9cnicas y Psicom\u00e9tricas"},"content":{"rendered":"<section id=\"postcontent\" class=\"col-md-9 col-sm-6 line-right\">\n<h3><a>Convocatoria 2018<\/a><\/h3>\n<h3>Cronograma Evaluaci\u00f3nes T\u00e9cnicas y Psicom\u00e9tricas<\/h3>\n<p>&nbsp;<\/p>\n<p><strong>ESTIMAD@S POSTULANTES:<\/strong> Conforme lo estipulado en el Art\u00edculo 25 de la Norma T\u00e9cnica del Subsistema de Selecci\u00f3n de Personal, las pruebas de conocimientos t\u00e9cnicos y psicom\u00e9tricas ser\u00e1n aplicadas de manera simult\u00e1nea, para lo cual los y las postulantes, obligatoriamente, deber\u00e1n:<\/p>\n<p>Presentarse al menos 15 minutos antes de la hora de inicio de la prueba (VERIFICAR CRONOGRAMA POR GRUPO); Presentar su documento original de identificaci\u00f3n: c\u00e9dula de ciudadan\u00eda, identidad, licencia de conducir con fotograf\u00eda o pasaporte.<\/p>\n<p><strong>NOTA IMPORTANTE:<\/strong> Los y las postulantes deben llevar calculadora, l\u00e1piz y borrador, no se permitir\u00e1 el uso de dispositivos electr\u00f3nicos: celulares, tablets, aud\u00edfonos, pendrive, laptops, etc.<\/p>\n<p>&nbsp;<\/p>\n<table width=\"626\">\n<tbody>\n<tr>\n<td width=\"243\"><a href=\"https:\/\/portal.compraspublicas.gob.ec\/sercop\/wp-content\/uploads\/2018\/07\/CRONOGRAMA_PRUEBAS_TECNICAS_ANALISTA_DE_RIESGOS_2.pdf\">ANALISTA DE RIESGOS 2<\/a><\/td>\n<\/tr>\n<tr>\n<td width=\"243\"><a href=\"https:\/\/portal.compraspublicas.gob.ec\/sercop\/wp-content\/uploads\/2018\/07\/CRONOGRAMA_PRUEBAS_TECNICAS_asistente_de_desarrollo.pdf\">ASISTENTE DE DESARROLLO\u00a0<\/a><\/td>\n<\/tr>\n<tr>\n<td width=\"243\"><a href=\"https:\/\/portal.compraspublicas.gob.ec\/sercop\/wp-content\/uploads\/2018\/07\/CRONOGRAMA_PRUEBAS_TECNICAS_asistente_de-catalogo.pdf\">ASISTENTE DE CAT\u00c1LOGO<\/a><\/td>\n<\/tr>\n<tr>\n<td width=\"243\"><a href=\"https:\/\/portal.compraspublicas.gob.ec\/sercop\/wp-content\/uploads\/2018\/07\/CRONOGRAMA_PRUEBAS_TECNICAS_analista_administrativo2.pdf\">ANALISTA ADMINISTRATIVO 2<\/a><\/td>\n<\/tr>\n<tr>\n<td width=\"243\"><a href=\"https:\/\/portal.compraspublicas.gob.ec\/sercop\/wp-content\/uploads\/2018\/07\/CRONOGRAMA_PRUEBAS_TECNICAS_asistente_TTHH.pdf\">ASISTENTE DE ADMINISTRACI\u00d3N DE TALENTO HUMANO<\/a><\/td>\n<\/tr>\n<tr>\n<td width=\"243\"><a href=\"https:\/\/portal.compraspublicas.gob.ec\/sercop\/wp-content\/uploads\/2018\/07\/CRONOGRAMA_PRUEBAS_TECNICAS_especialista_gestion_del_cambio.pdf\">ESPECIALISTA DE SERVICIOS, PROCESOS Y GESTI\u00d3N DEL CAMBIO Y CULTURA ORGANIZATIVA<\/a><\/td>\n<\/tr>\n<tr>\n<td width=\"243\"><a href=\"https:\/\/portal.compraspublicas.gob.ec\/sercop\/wp-content\/uploads\/2018\/07\/CRONOGRAMA_PRUEBAS_TECNICASasistente_administrativo.pdf\">ASISTENTE ADMINISTRATIVO<\/a><\/td>\n<\/tr>\n<tr>\n<td width=\"243\"><a href=\"https:\/\/portal.compraspublicas.gob.ec\/sercop\/wp-content\/uploads\/2018\/07\/CRONOGRAMA_PRUEBAS_TECNICAS_especialista_seguridad_informatica.pdf\">ESPECIALISTA DE SEGURIDAD INFORM\u00c1TICA<\/a><\/td>\n<\/tr>\n<\/tbody>\n<\/table>\n<\/section>\n","protected":false},"excerpt":{"rendered":"<p class=\"excerpt\">Convocatoria 2018 Cronograma Evaluaci\u00f3nes T\u00e9cnicas y Psicom\u00e9tricas &nbsp; ESTIMAD@S POSTULANTES: Conforme lo estipulado en el Art\u00edculo 25 de la Norma T\u00e9cnica del Subsistema de Selecci\u00f3n de Personal, las pruebas de conocimientos t\u00e9cnicos y psicom\u00e9tricas ser\u00e1n aplicadas de manera simult\u00e1nea, para lo cual los y las postulantes, obligatoriamente, deber\u00e1n: Presentarse al menos 15 minutos antes de la hora de inicio de&hellip; <a href=\"https:\/\/portal.compraspublicas.gob.ec\/sercop\/cronograma-evaluaciones-tecnicas-y-psicometricas-12\/\">Read more &rarr;<\/a><\/p>\n","protected":false},"author":75,"featured_media":0,"parent":0,"menu_order":0,"comment_status":"closed","ping_status":"closed","template":"menugenerico.php","meta":[],"_links":{"self":[{"href":"https:\/\/portal.compraspublicas.gob.ec\/sercop\/wp-json\/wp\/v2\/pages\/32964"}],"collection":[{"href":"https:\/\/portal.compraspublicas.gob.ec\/sercop\/wp-json\/wp\/v2\/pages"}],"about":[{"href":"https:\/\/portal.compraspublicas.gob.ec\/sercop\/wp-json\/wp\/v2\/types\/page"}],"author":[{"embeddable":true,"href":"https:\/\/portal.compraspublicas.gob.ec\/sercop\/wp-json\/wp\/v2\/users\/75"}],"replies":[{"embeddable":true,"href":"https:\/\/portal.compraspublicas.gob.ec\/sercop\/wp-json\/wp\/v2\/comments?post=32964"}],"version-history":[{"count":4,"href":"https:\/\/portal.compraspublicas.gob.ec\/sercop\/wp-json\/wp\/v2\/pages\/32964\/revisions"}],"predecessor-version":[{"id":32995,"href":"https:\/\/portal.compraspublicas.gob.ec\/sercop\/wp-json\/wp\/v2\/pages\/32964\/revisions\/32995"}],"wp:attachment":[{"href":"https:\/\/portal.compraspublicas.gob.ec\/sercop\/wp-json\/wp\/v2\/media?parent=32964"}],"curies":[{"name":"wp","href":"https:\/\/api.w.org\/{rel}","templated":true}]}}