{"id":34487,"date":"2018-09-24T23:01:38","date_gmt":"2018-09-25T04:01:38","guid":{"rendered":"http:\/\/portal.compraspublicas.gob.ec\/sercop\/?page_id=34487"},"modified":"2018-09-24T23:05:42","modified_gmt":"2018-09-25T04:05:42","slug":"cronograma-evaluaciones-tecnicas-y-psicometricas-13","status":"publish","type":"page","link":"https:\/\/portal.compraspublicas.gob.ec\/sercop\/cronograma-evaluaciones-tecnicas-y-psicometricas-13\/","title":{"rendered":"Cronograma Evaluaci\u00f3nes T\u00e9cnicas y Psicom\u00e9tricas"},"content":{"rendered":"<h3 style=\"text-align: center;\"><a>Convocatoria 2018<\/a><\/h3>\n<h3 style=\"text-align: center;\">Cronograma Evaluaci\u00f3nes T\u00e9cnicas y Psicom\u00e9tricas<\/h3>\n<p>&nbsp;<\/p>\n<p><strong>ESTIMAD@S POSTULANTES:<\/strong>\u00a0Conforme lo estipulado en el Art\u00edculo 25 de la Norma T\u00e9cnica del Subsistema de Selecci\u00f3n de Personal, las pruebas de conocimientos t\u00e9cnicos y psicom\u00e9tricas ser\u00e1n aplicadas de manera simult\u00e1nea, para lo cual los y las postulantes, obligatoriamente, deber\u00e1n:<\/p>\n<p>Presentarse al menos 15 minutos antes de la hora de inicio de la prueba (VERIFICAR CRONOGRAMA POR GRUPO); Presentar su documento original de identificaci\u00f3n: c\u00e9dula de ciudadan\u00eda, identidad, licencia de conducir con fotograf\u00eda o pasaporte.<\/p>\n<p><strong>NOTA IMPORTANTE:<\/strong>\u00a0Los y las postulantes deben llevar calculadora, l\u00e1piz y borrador, no se permitir\u00e1 el uso de dispositivos electr\u00f3nicos: celulares, tablets, aud\u00edfonos, pendrive, laptops, etc.<\/p>\n<div style=\"font-variant-ligatures: normal; font-variant-caps: normal; orphans: 2; text-align: start; widows: 2; -webkit-text-stroke-width: 0px; text-decoration-style: initial; text-decoration-color: initial;\"><\/div>\n<table style=\"border-collapse: collapse; width: 525px; height: 670px;\" border=\"0\" width=\"80\" cellspacing=\"0\" cellpadding=\"0\">\n<colgroup>\n<col style=\"width: 60pt;\" width=\"80\" \/> <\/colgroup>\n<tbody>\n<tr style=\"height: 31.5pt;\">\n<td style=\"height: 31.5pt; width: 60pt;\" width=\"80\" height=\"42\"><a href=\"https:\/\/portal.compraspublicas.gob.ec\/sercop\/wp-content\/uploads\/2018\/09\/ANALISTA-DE-CATALOGACION-ZONAL_QUITO.pdf\">ANALISTA DE CATALOGACI\u00d3N ZONAL QUITO<\/a><\/td>\n<\/tr>\n<tr style=\"height: 31.5pt;\">\n<td style=\"height: 31.5pt;\" height=\"42\"><a href=\"https:\/\/portal.compraspublicas.gob.ec\/sercop\/wp-content\/uploads\/2018\/09\/ANALISTA-DE-COMPRAS-INCLUSIVAS-2.pdf\">ANALISTA DE COMPRAS INCLUSIVAS 2\u00a0<\/a><\/td>\n<\/tr>\n<tr style=\"height: 31.5pt;\">\n<td style=\"height: 31.5pt;\" height=\"42\"><a href=\"https:\/\/portal.compraspublicas.gob.ec\/sercop\/wp-content\/uploads\/2018\/09\/ANALISTA-DE-COMUNICACION-SOCIAL-2.pdf\">ANALISTA DE COMUNICACI\u00d3N SOCIAL 2<\/a><\/td>\n<\/tr>\n<tr style=\"height: 31.5pt;\">\n<td style=\"height: 31.5pt;\" height=\"42\"><a href=\"https:\/\/portal.compraspublicas.gob.ec\/sercop\/wp-content\/uploads\/2018\/09\/ANALISTA-DE-DESARROLLO-DE-SOLUCIONES-2.pdf\">ANALISTA DE DESARROLLO DE SOLUCIONES 2<\/a><\/td>\n<\/tr>\n<tr style=\"height: 15.75pt;\">\n<td style=\"height: 15.75pt;\" height=\"21\"><a href=\"https:\/\/portal.compraspublicas.gob.ec\/sercop\/wp-content\/uploads\/2018\/09\/ANALISTA-DE-NORMATIVA.pdf\">ANALISTA DE NORMATIVA<\/a><\/td>\n<\/tr>\n<tr style=\"height: 31.5pt;\">\n<td style=\"height: 31.5pt;\" height=\"42\"><a href=\"https:\/\/portal.compraspublicas.gob.ec\/sercop\/wp-content\/uploads\/2018\/09\/ANALISTA-TECNICO-DISTRITAL_SANTO-DOMINGO.pdf\">ANALISTA T\u00c9CNICO DISTRITAL SANTO DOMINGO<\/a><\/td>\n<\/tr>\n<tr style=\"height: 47.25pt;\">\n<td style=\"height: 47.25pt;\" height=\"63\"><a href=\"https:\/\/portal.compraspublicas.gob.ec\/sercop\/wp-content\/uploads\/2018\/09\/ASISTENTE-DE-PLANIFICACION-SEGUIMIENTO-Y-EVALUACI\u00d3N.pdf\">ASISTENTE DE PLANIFICACI\u00d3N,SEGUIMIENTO Y EVALUACI\u00d3N<\/a><\/td>\n<\/tr>\n<tr style=\"height: 15.75pt;\">\n<td style=\"height: 15.75pt;\" height=\"21\"><a href=\"https:\/\/portal.compraspublicas.gob.ec\/sercop\/wp-content\/uploads\/2018\/09\/ASISTENTE-FINANCIERO.pdf\">ASISTENTE FINANCIERO\u00a0<\/a><\/td>\n<\/tr>\n<tr style=\"height: 31.5pt;\">\n<td style=\"height: 31.5pt;\" height=\"42\"><a href=\"https:\/\/portal.compraspublicas.gob.ec\/sercop\/wp-content\/uploads\/2018\/09\/ESPECIALISTA-DE-RIESGOS-DE-CONTRATACION-PUBLICA.pdf\">ESPECIALISTA DE RIESGOS DE CONTRATACI\u00d3N P\u00daBLICA\u00a0<\/a><\/td>\n<\/tr>\n<tr style=\"height: 15.75pt;\">\n<td style=\"height: 15.75pt;\" height=\"21\"><a href=\"https:\/\/portal.compraspublicas.gob.ec\/sercop\/wp-content\/uploads\/2018\/09\/RECEPCIONISTA.pdf\">RECEPCIONISTA<\/a><\/td>\n<\/tr>\n<tr style=\"height: 31.5pt;\">\n<td style=\"height: 31.5pt;\" height=\"42\"><a href=\"https:\/\/portal.compraspublicas.gob.ec\/sercop\/wp-content\/uploads\/2018\/09\/ANALISTA-CONTROL_-AMBATO.pdf\">ANALISTA DE CONTROL DE PROCEDIMIENTOS AMBATO<\/a><\/td>\n<\/tr>\n<tr style=\"height: 31.5pt;\">\n<td style=\"height: 31.5pt;\" height=\"42\"><a href=\"https:\/\/portal.compraspublicas.gob.ec\/sercop\/wp-content\/uploads\/2018\/09\/ANALISTA-DE-ADMINISTRACION-DE-TALENTO-HUMANO-1.pdf\">ANALISTA DE ADMINISTRACI\u00d3N DE TALENTO HUMANO 1<\/a><\/td>\n<\/tr>\n<tr style=\"height: 31.5pt;\">\n<td style=\"height: 31.5pt;\" height=\"42\"><a href=\"https:\/\/portal.compraspublicas.gob.ec\/sercop\/wp-content\/uploads\/2018\/09\/ANALISTA-TECNICO-DISTRITAL_TENA_CRONOGRAMA_OK.pdf\">ANALISTA T\u00c9CNICO DISTRITAL TENA<\/a><\/td>\n<\/tr>\n<tr style=\"height: 31.5pt;\">\n<td style=\"height: 31.5pt;\" height=\"42\"><a href=\"https:\/\/portal.compraspublicas.gob.ec\/sercop\/wp-content\/uploads\/2018\/09\/ASISTENTE-DE-CATALOGACION-ZONAL_IBARRA.pdf\">ANALISTA T\u00c9CNICO DE CATALOGACI\u00d3N ZONAL IBARRA<\/a><\/td>\n<\/tr>\n<tr style=\"height: 31.5pt;\">\n<td style=\"height: 31.5pt;\" height=\"42\"><a href=\"https:\/\/portal.compraspublicas.gob.ec\/sercop\/wp-content\/uploads\/2018\/09\/ESPECIALISTA-DE-SERVICIOS-INFORMATICOS.pdf\">ESPECIALISTA DE SERVICIOS INFORM\u00c1TICOS<\/a><\/td>\n<\/tr>\n<\/tbody>\n<\/table>\n","protected":false},"excerpt":{"rendered":"<p class=\"excerpt\">Convocatoria 2018 Cronograma Evaluaci\u00f3nes T\u00e9cnicas y Psicom\u00e9tricas &nbsp; ESTIMAD@S POSTULANTES:\u00a0Conforme lo estipulado en el Art\u00edculo 25 de la Norma T\u00e9cnica del Subsistema de Selecci\u00f3n de Personal, las pruebas de conocimientos t\u00e9cnicos y psicom\u00e9tricas ser\u00e1n aplicadas de manera simult\u00e1nea, para lo cual los y las postulantes, obligatoriamente, deber\u00e1n: Presentarse al menos 15 minutos antes de la hora de inicio de la&hellip; <a href=\"https:\/\/portal.compraspublicas.gob.ec\/sercop\/cronograma-evaluaciones-tecnicas-y-psicometricas-13\/\">Read more &rarr;<\/a><\/p>\n","protected":false},"author":75,"featured_media":0,"parent":0,"menu_order":0,"comment_status":"closed","ping_status":"closed","template":"menugenerico.php","meta":[],"_links":{"self":[{"href":"https:\/\/portal.compraspublicas.gob.ec\/sercop\/wp-json\/wp\/v2\/pages\/34487"}],"collection":[{"href":"https:\/\/portal.compraspublicas.gob.ec\/sercop\/wp-json\/wp\/v2\/pages"}],"about":[{"href":"https:\/\/portal.compraspublicas.gob.ec\/sercop\/wp-json\/wp\/v2\/types\/page"}],"author":[{"embeddable":true,"href":"https:\/\/portal.compraspublicas.gob.ec\/sercop\/wp-json\/wp\/v2\/users\/75"}],"replies":[{"embeddable":true,"href":"https:\/\/portal.compraspublicas.gob.ec\/sercop\/wp-json\/wp\/v2\/comments?post=34487"}],"version-history":[{"count":2,"href":"https:\/\/portal.compraspublicas.gob.ec\/sercop\/wp-json\/wp\/v2\/pages\/34487\/revisions"}],"predecessor-version":[{"id":34505,"href":"https:\/\/portal.compraspublicas.gob.ec\/sercop\/wp-json\/wp\/v2\/pages\/34487\/revisions\/34505"}],"wp:attachment":[{"href":"https:\/\/portal.compraspublicas.gob.ec\/sercop\/wp-json\/wp\/v2\/media?parent=34487"}],"curies":[{"name":"wp","href":"https:\/\/api.w.org\/{rel}","templated":true}]}}