{"id":34629,"date":"2018-10-11T15:35:14","date_gmt":"2018-10-11T20:35:14","guid":{"rendered":"http:\/\/portal.compraspublicas.gob.ec\/sercop\/?page_id=34629"},"modified":"2018-10-12T15:20:25","modified_gmt":"2018-10-12T20:20:25","slug":"cronograma-de-entrevistas-septiembre-2018","status":"publish","type":"page","link":"https:\/\/portal.compraspublicas.gob.ec\/sercop\/cronograma-de-entrevistas-septiembre-2018\/","title":{"rendered":"Cronograma de entrevistas Septiembre 2018"},"content":{"rendered":"<h3><a> Convocatoria 2018<\/a><\/h3>\n<h3>Cronograma Entrevistas<\/h3>\n<p>&nbsp;<\/p>\n<table cellspacing=\"0\" cellpadding=\"0\">\n<tbody>\n<tr>\n<td width=\"439\"><a href=\"https:\/\/portal.compraspublicas.gob.ec\/sercop\/wp-content\/uploads\/2018\/10\/ANALISTA_DE_COMPRAS_INCLUSIVAS_2.pdf\">Analista de compras inclusivas 2<\/a><\/td>\n<\/tr>\n<tr>\n<td><a href=\"https:\/\/portal.compraspublicas.gob.ec\/sercop\/wp-content\/uploads\/2018\/10\/ANALISTA_DE_COMUNICACION_SOCIAL_2.pdf\">Analista de comunicaci\u00f3n social 2<\/a><\/td>\n<\/tr>\n<tr>\n<td><a href=\"https:\/\/portal.compraspublicas.gob.ec\/sercop\/wp-content\/uploads\/2018\/10\/ANALISTA_DE_NORMATIVA_2.pdf\">Analista de normativa 2<\/a><\/td>\n<\/tr>\n<tr>\n<td><a href=\"https:\/\/portal.compraspublicas.gob.ec\/sercop\/wp-content\/uploads\/2018\/10\/ASISTENTE_DE_CATALOGACION-ZONAL-_QUITO.pdf\">Asistente de catalogaci\u00f3n zonal\u00a0 Quito<\/a><\/td>\n<\/tr>\n<tr>\n<td><a href=\"https:\/\/portal.compraspublicas.gob.ec\/sercop\/wp-content\/uploads\/2018\/10\/ASISTENTE_DE_PLANIFICACION_SEGUIMIENTO_Y-EVALUACION.pdf\">Asistente de planificaci\u00f3n, seguimiento y evaluaci\u00f3n<\/a><\/td>\n<\/tr>\n<tr>\n<td><a href=\"https:\/\/portal.compraspublicas.gob.ec\/sercop\/wp-content\/uploads\/2018\/10\/ASISTENTE_FINANCIERO.pdf\">Asistente financiero<\/a><\/td>\n<\/tr>\n<tr>\n<td><a href=\"https:\/\/portal.compraspublicas.gob.ec\/sercop\/wp-content\/uploads\/2018\/10\/ESPECIALISTA_DE_GESTION_DE_SERVICIOS_INFORMATICOS.pdf\">Especialista de gesti\u00f3n de servicios inform\u00e1ticos<\/a><\/td>\n<\/tr>\n<tr>\n<td><a href=\"https:\/\/portal.compraspublicas.gob.ec\/sercop\/wp-content\/uploads\/2018\/10\/ESPECIALISTA_DE_RIESGOS_EN_CONTRATACION_PUBLICA.pdf\">Especialista de riesgos en contrataci\u00f3n p\u00fablica<\/a><\/td>\n<\/tr>\n<tr>\n<td><a href=\"https:\/\/portal.compraspublicas.gob.ec\/sercop\/wp-content\/uploads\/2018\/10\/RECEPCIONISTA.pdf\">Recepcionista<\/a><\/td>\n<\/tr>\n<tr>\n<td><a href=\"https:\/\/portal.compraspublicas.gob.ec\/sercop\/wp-content\/uploads\/2018\/10\/ANALISTA-_TECNICO_DISTRITAL_TENA.pdf\">Analista t\u00e9cnico distrital Tena<\/a><\/td>\n<\/tr>\n<\/tbody>\n<\/table>\n","protected":false},"excerpt":{"rendered":"<p class=\"excerpt\">Convocatoria 2018 Cronograma Entrevistas &nbsp; Analista de compras inclusivas 2 Analista de comunicaci\u00f3n social 2 Analista de normativa 2 Asistente de catalogaci\u00f3n zonal\u00a0 Quito Asistente de planificaci\u00f3n, seguimiento y evaluaci\u00f3n Asistente financiero Especialista de gesti\u00f3n de servicios inform\u00e1ticos Especialista de riesgos en contrataci\u00f3n p\u00fablica Recepcionista Analista t\u00e9cnico distrital Tena <a href=\"https:\/\/portal.compraspublicas.gob.ec\/sercop\/cronograma-de-entrevistas-septiembre-2018\/\">Read more &rarr;<\/a><\/p>\n","protected":false},"author":75,"featured_media":0,"parent":0,"menu_order":0,"comment_status":"closed","ping_status":"closed","template":"menugenerico.php","meta":[],"_links":{"self":[{"href":"https:\/\/portal.compraspublicas.gob.ec\/sercop\/wp-json\/wp\/v2\/pages\/34629"}],"collection":[{"href":"https:\/\/portal.compraspublicas.gob.ec\/sercop\/wp-json\/wp\/v2\/pages"}],"about":[{"href":"https:\/\/portal.compraspublicas.gob.ec\/sercop\/wp-json\/wp\/v2\/types\/page"}],"author":[{"embeddable":true,"href":"https:\/\/portal.compraspublicas.gob.ec\/sercop\/wp-json\/wp\/v2\/users\/75"}],"replies":[{"embeddable":true,"href":"https:\/\/portal.compraspublicas.gob.ec\/sercop\/wp-json\/wp\/v2\/comments?post=34629"}],"version-history":[{"count":2,"href":"https:\/\/portal.compraspublicas.gob.ec\/sercop\/wp-json\/wp\/v2\/pages\/34629\/revisions"}],"predecessor-version":[{"id":34646,"href":"https:\/\/portal.compraspublicas.gob.ec\/sercop\/wp-json\/wp\/v2\/pages\/34629\/revisions\/34646"}],"wp:attachment":[{"href":"https:\/\/portal.compraspublicas.gob.ec\/sercop\/wp-json\/wp\/v2\/media?parent=34629"}],"curies":[{"name":"wp","href":"https:\/\/api.w.org\/{rel}","templated":true}]}}