{"id":35015,"date":"2018-11-26T16:54:30","date_gmt":"2018-11-26T21:54:30","guid":{"rendered":"http:\/\/portal.compraspublicas.gob.ec\/sercop\/?page_id=35015"},"modified":"2024-11-27T17:00:21","modified_gmt":"2024-11-27T22:00:21","slug":"autorizaciones","status":"publish","type":"page","link":"https:\/\/portal.compraspublicas.gob.ec\/sercop\/autorizaciones\/","title":{"rendered":"Autorizaciones"},"content":{"rendered":"<p><a style=\"display:flex\"><img loading=\"lazy\" class=\"alignnone size-full wp-image-45988\" src=\"https:\/\/portal.compraspublicas.gob.ec\/sercop\/wp-content\/uploads\/2021\/10\/10_entidades_autorizaciones-1.png\" alt=\"\" width=\"759\" height=\"224\" srcset=\"https:\/\/portal.compraspublicas.gob.ec\/sercop\/wp-content\/uploads\/2021\/10\/10_entidades_autorizaciones-1.png 759w, https:\/\/portal.compraspublicas.gob.ec\/sercop\/wp-content\/uploads\/2021\/10\/10_entidades_autorizaciones-1-300x89.png 300w\" sizes=\"(max-width: 759px) 100vw, 759px\" \/><\/a><\/p>\n<ul>\n<li>\n<div>\n<div>\n<p>Oficio No. INCOP-DE-OF-1176-2011 de 10 de agosto de 2011 con el cual se determin\u00f3 el Giro Espec\u00edfico<\/p>\n<p>Oficio No. INCOP-DE-OF-1176-2011 de 10 de agosto de 2011 con el cual se determin\u00f3 el \u00abGiro Espec\u00edfico del Negocio\u00bb de la Compa\u00f1\u00eda Industrias Guap\u00e1n S.A.<\/p>\n<\/div>\n<div><a title=\"Ver Oficio No. INCOP-DE-OF-1176-2011 de 10 de agosto de 2011 con el cual se determin\u00f3 el Giro Espec\u00edfico\" href=\"https:\/\/portal.compraspublicas.gob.ec\/sercop\/wp-content\/plugins\/download-monitor\/download.php?id=2272&amp;force=0\" target=\"_blank\" rel=\"noopener noreferrer\">ver<\/a>\u00a0\u00a0\u00a0 <a title=\"Descargar Oficio No. INCOP-DE-OF-1176-2011 de 10 de agosto de 2011 con el cual se determin\u00f3 el Giro Espec\u00edfico\" href=\"https:\/\/portal.compraspublicas.gob.ec\/sercop\/wp-content\/plugins\/download-monitor\/download.php?id=2272&amp;force=1\">descarga<\/a><\/div>\n<div><\/div>\n<\/div>\n<\/li>\n<\/ul>\n<ul>\n<li>\n<div>\n<div>\n<p>Oficio No. INCOP-DE-OF-0585-2011, con el cual se determin\u00f3 el Giro Espec\u00edfico<\/p>\n<p>DETERMINACI\u00d3N DEL GIRO ESPEC\u00cdFICO DE LA EMPRESA QUITO LINDO S.A.<\/p>\n<\/div>\n<div><a title=\"Ver Oficio No. INCOP-DE-OF-0585-2011, con el cual se determin\u00f3 el Giro Espec\u00edfico\" href=\"https:\/\/portal.compraspublicas.gob.ec\/sercop\/wp-content\/plugins\/download-monitor\/download.php?id=2271&amp;force=0\" target=\"_blank\" rel=\"noopener noreferrer\">ver<\/a>\u00a0\u00a0\u00a0 <a title=\"Descargar Oficio No. INCOP-DE-OF-0585-2011, con el cual se determin\u00f3 el Giro Espec\u00edfico\" href=\"https:\/\/portal.compraspublicas.gob.ec\/sercop\/wp-content\/plugins\/download-monitor\/download.php?id=2271&amp;force=1\">descarga<\/a><\/div>\n<div><\/div>\n<\/div>\n<\/li>\n<\/ul>\n<ul>\n<li>\n<div>\n<div>\n<p>Oficio No. INCOP-DE-2011-1420-0F con el cual se determin\u00f3 el Giro Espec\u00edfico<\/p>\n<p>Oficio No. INCOP-DE-2011-1420-0F con el cual se determin\u00f3 el Giro Espec\u00edfico de la REFINER\u00cdA DEL PAC\u00cdFICO RDP COMPA\u00d1\u00cdA DE ECONOM\u00cdA MIXTA<\/p>\n<\/div>\n<div><a title=\"Ver Oficio No. INCOP-DE-2011-1420-0F con el cual se determin\u00f3 el Giro Espec\u00edfico\" href=\"https:\/\/portal.compraspublicas.gob.ec\/sercop\/wp-content\/plugins\/download-monitor\/download.php?id=2270&amp;force=0\" target=\"_blank\" rel=\"noopener noreferrer\">ver<\/a>\u00a0\u00a0\u00a0 <a title=\"Descargar Oficio No. INCOP-DE-2011-1420-0F con el cual se determin\u00f3 el Giro Espec\u00edfico\" href=\"https:\/\/portal.compraspublicas.gob.ec\/sercop\/wp-content\/plugins\/download-monitor\/download.php?id=2270&amp;force=1\">descarga<\/a><\/div>\n<div><\/div>\n<\/div>\n<\/li>\n<\/ul>\n<ul>\n<li>\n<div>\n<div>\n<p>OFICIO No. DE-9031-2010, con el cual se determin\u00f3 el Giro Espec\u00edfico<\/p>\n<p>DETERMINACI\u00d3N DEL GIRO ESPEC\u00cdFICO DEL NEGOCIO, OPERACIONES R\u00cdO NAPO COMPA\u00d1\u00cdA DE ECONOM\u00cdA MIXTA.<\/p>\n<\/div>\n<div><a title=\"Ver OFICIO No. DE-9031-2010, con el cual se determin\u00f3 el Giro Espec\u00edfico\" href=\"https:\/\/portal.compraspublicas.gob.ec\/sercop\/wp-content\/plugins\/download-monitor\/download.php?id=2269&amp;force=0\" target=\"_blank\" rel=\"noopener noreferrer\">ver<\/a>\u00a0\u00a0\u00a0 <a title=\"Descargar OFICIO No. DE-9031-2010, con el cual se determin\u00f3 el Giro Espec\u00edfico\" href=\"https:\/\/portal.compraspublicas.gob.ec\/sercop\/wp-content\/plugins\/download-monitor\/download.php?id=2269&amp;force=1\">descarga<\/a><\/div>\n<div><\/div>\n<\/div>\n<\/li>\n<\/ul>\n<ul>\n<li>\n<div>\n<div>\n<p>OFICIO No. DE-9030 &#8211; 2010, con el cual se determin\u00f3 el Giro Espec\u00edfico<\/p>\n<p>DETERNINACI\u00d3N DEL GIRO ESPEC\u00cdFCICO DEL NEGOCIO DE COMPA\u00d1\u00cdA DE ASTILLEROS NAVALES ECUATORIANOS, AST1NAVE.<\/p>\n<\/div>\n<div><a title=\"Ver OFICIO No. DE-9030 - 2010, con el cual se determin\u00f3 el Giro Espec\u00edfico\" href=\"https:\/\/portal.compraspublicas.gob.ec\/sercop\/wp-content\/plugins\/download-monitor\/download.php?id=2268&amp;force=0\" target=\"_blank\" rel=\"noopener noreferrer\">ver<\/a>\u00a0\u00a0\u00a0 <a title=\"Descargar OFICIO No. DE-9030 - 2010, con el cual se determin\u00f3 el Giro Espec\u00edfico\" href=\"https:\/\/portal.compraspublicas.gob.ec\/sercop\/wp-content\/plugins\/download-monitor\/download.php?id=2268&amp;force=1\">descarga<\/a><\/div>\n<div><\/div>\n<\/div>\n<\/li>\n<\/ul>\n<ul>\n<li>\n<div>\n<div>\n<p>Oficio No. DE-3030-2011, se determin\u00f3 Giro Espec\u00edfico a Gran Nacional Minera Mariscal Sucre<\/p>\n<p>DETERMINACI\u00d3N DEL GIRO ESPEC\u00cdFICO DEL NEGOCIO de la empresa GRAN NACIONAL MINERA MARISCAL SUCRE C.E.M<\/p>\n<\/div>\n<div><a title=\"Ver Oficio No. DE-3030-2011, se determin\u00f3 Giro Espec\u00edfico a Gran Nacional Minera Mariscal Sucre\" href=\"https:\/\/portal.compraspublicas.gob.ec\/sercop\/wp-content\/plugins\/download-monitor\/download.php?id=2267&amp;force=0\" target=\"_blank\" rel=\"noopener noreferrer\">ver<\/a>\u00a0\u00a0\u00a0 <a title=\"Descargar Oficio No. DE-3030-2011, se determin\u00f3 Giro Espec\u00edfico a Gran Nacional Minera Mariscal Sucre\" href=\"https:\/\/portal.compraspublicas.gob.ec\/sercop\/wp-content\/plugins\/download-monitor\/download.php?id=2267&amp;force=1\">descarga<\/a><\/div>\n<div><\/div>\n<\/div>\n<\/li>\n<\/ul>\n<ul>\n<li>\n<div>\n<div>\n<p>OFICIO No. DE-2249-2011,<\/p>\n<p>DETERMINACI\u00d3N DEL GIRO ESPEC\u00cdFICO DEL NEGOCIO, EMPRESA P\u00daBLICA METROPOLITANA DE GESTI\u00d3N DE DESTINO TUR\u00cdSTICO QUITO TURISMO.<\/p>\n<\/div>\n<div><a title=\"Ver OFICIO No. DE-2249-2011,\" href=\"https:\/\/portal.compraspublicas.gob.ec\/sercop\/wp-content\/plugins\/download-monitor\/download.php?id=2266&amp;force=0\" target=\"_blank\" rel=\"noopener noreferrer\">ver<\/a>\u00a0\u00a0\u00a0 <a title=\"Descargar OFICIO No. DE-2249-2011,\" href=\"https:\/\/portal.compraspublicas.gob.ec\/sercop\/wp-content\/plugins\/download-monitor\/download.php?id=2266&amp;force=1\">descarga<\/a><\/div>\n<div><\/div>\n<\/div>\n<\/li>\n<\/ul>\n<ul>\n<li>\n<div>\n<div>\n<p>Oficio No. DE-0150-2011, AMPLIACI\u00d3N DEL GIRO DE NEGOCIO DE CEMENTO CHIMBORAZO C.A<\/p>\n<p>DETERMINACi\u00d3N DEL GIRO ESPECiFICO DEL NEGOCIO DE CEMENTO CHIMBORAZO CA.<\/p>\n<\/div>\n<div><a title=\"Ver Oficio No. DE-0150-2011, AMPLIACI\u00d3N DEL GIRO DE NEGOCIO DE CEMENTO CHIMBORAZO C.A\" href=\"https:\/\/portal.compraspublicas.gob.ec\/sercop\/wp-content\/plugins\/download-monitor\/download.php?id=2265&amp;force=0\" target=\"_blank\" rel=\"noopener noreferrer\">ver<\/a>\u00a0\u00a0\u00a0 <a title=\"Descargar Oficio No. DE-0150-2011, AMPLIACI\u00d3N DEL GIRO DE NEGOCIO DE CEMENTO CHIMBORAZO C.A\" href=\"https:\/\/portal.compraspublicas.gob.ec\/sercop\/wp-content\/plugins\/download-monitor\/download.php?id=2265&amp;force=1\">descarga<\/a><\/div>\n<div><\/div>\n<\/div>\n<\/li>\n<\/ul>\n<ul>\n<li>\n<div>\n<div>\n<p>OFICIO No. DE &#8211; 9086 &#8211; 2010,OFICIO No. DE &#8211; 9086 &#8211; 2010<\/p>\n<p>DETERMINACI\u00d3N DEL GIRO ESPEC\u00cdFICO DEL NEGOCIO, EMPRESA NACIONAL MINERA ENAMI E.P.<\/p>\n<\/div>\n<div><a title=\"Ver OFICIO No. DE - 9086 - 2010,OFICIO No. DE - 9086 - 2010\" href=\"https:\/\/portal.compraspublicas.gob.ec\/sercop\/wp-content\/plugins\/download-monitor\/download.php?id=2264&amp;force=0\" target=\"_blank\" rel=\"noopener noreferrer\">ver<\/a>\u00a0\u00a0\u00a0 <a title=\"Descargar OFICIO No. DE - 9086 - 2010,OFICIO No. DE - 9086 - 2010\" href=\"https:\/\/portal.compraspublicas.gob.ec\/sercop\/wp-content\/plugins\/download-monitor\/download.php?id=2264&amp;force=1\">descarga<\/a><\/div>\n<div><\/div>\n<\/div>\n<\/li>\n<\/ul>\n<ul>\n<li>\n<div>\n<div>\n<p>Oficio INCOP-DE-OF-0454-2011, se determin\u00f3 Giro espec\u00edfico de Gran Nacional Minera Mariscal Sucre<\/p>\n<p>SOLICITUD DE GIRO DE NEGOCIO DE LA EMPRESA GRAN NACIONAL MINERA MARISCAL SUCRE C.E.M.<\/p>\n<\/div>\n<div><a title=\"Ver Oficio INCOP-DE-OF-0454-2011, se determin\u00f3 Giro espec\u00edfico de Gran Nacional Minera Mariscal Sucre\" href=\"https:\/\/portal.compraspublicas.gob.ec\/sercop\/wp-content\/plugins\/download-monitor\/download.php?id=2263&amp;force=0\" target=\"_blank\" rel=\"noopener noreferrer\">ver<\/a>\u00a0\u00a0\u00a0 <a title=\"Descargar Oficio INCOP-DE-OF-0454-2011, se determin\u00f3 Giro espec\u00edfico de Gran Nacional Minera Mariscal Sucre\" href=\"https:\/\/portal.compraspublicas.gob.ec\/sercop\/wp-content\/plugins\/download-monitor\/download.php?id=2263&amp;force=1\">descarga<\/a><\/div>\n<div><\/div>\n<\/div>\n<\/li>\n<\/ul>\n<ul>\n<li>\n<div>\n<div>\n<p>OFICIO INCOP No.DE-Z811-Z010, con el cual se determin\u00f3 el Giro Espec\u00edfico<\/p>\n<p>DETERMINACi\u00d3N DEL GIRO ESPEC\u00edFICO DEL NEGOCIO DE CEMENTO CHIMBORAZO<br \/>\nC.A.<\/p>\n<\/div>\n<div><a title=\"Ver OFICIO INCOP No.DE-Z811-Z010, con el cual se determin\u00f3 el Giro Espec\u00edfico\" href=\"https:\/\/portal.compraspublicas.gob.ec\/sercop\/wp-content\/plugins\/download-monitor\/download.php?id=2262&amp;force=0\" target=\"_blank\" rel=\"noopener noreferrer\">ver<\/a>\u00a0\u00a0\u00a0 <a title=\"Descargar OFICIO INCOP No.DE-Z811-Z010, con el cual se determin\u00f3 el Giro Espec\u00edfico\" href=\"https:\/\/portal.compraspublicas.gob.ec\/sercop\/wp-content\/plugins\/download-monitor\/download.php?id=2262&amp;force=1\">descarga<\/a><\/div>\n<div><\/div>\n<\/div>\n<\/li>\n<\/ul>\n<ul>\n<li>\n<div>\n<div>\n<p>OFICIO INCOP No.DE-7155-2010, con el cual se determin\u00f3 el Giro Espec\u00edfico<\/p>\n<p>DETERMINACI\u00d3N DEL GiRO ESPEC\u00cdFICO DEL NEGOCIO DE FARMASOL E.P.<\/p>\n<\/div>\n<div><a title=\"Ver OFICIO INCOP No.DE-7155-2010, con el cual se determin\u00f3 el Giro Espec\u00edfico\" href=\"https:\/\/portal.compraspublicas.gob.ec\/sercop\/wp-content\/plugins\/download-monitor\/download.php?id=2261&amp;force=0\" target=\"_blank\" rel=\"noopener noreferrer\">ver<\/a>\u00a0\u00a0\u00a0 <a title=\"Descargar OFICIO INCOP No.DE-7155-2010, con el cual se determin\u00f3 el Giro Espec\u00edfico\" href=\"https:\/\/portal.compraspublicas.gob.ec\/sercop\/wp-content\/plugins\/download-monitor\/download.php?id=2261&amp;force=1\">descarga<\/a><\/div>\n<div><\/div>\n<\/div>\n<\/li>\n<\/ul>\n<ul>\n<li>\n<div>\n<div>\n<p>OFICIO INCOP No.DE-3747-2010, con el cual se determin\u00f3 el Giro Espec\u00edfico<\/p>\n<p>DETERMINACi\u00d3N DEL GIRO ESPEC\u00cdFICO DEL NEGOCIO DE COMPA\u00d1\u00cdA DE ECONOM\u00cdA MIXTA SERVICIOS AEROPORTUARIOS DEL ECUADOR, EMSAAIRPORT SERVICES .<\/p>\n<\/div>\n<div><a title=\"Ver OFICIO INCOP No.DE-3747-2010, con el cual se determin\u00f3 el Giro Espec\u00edfico\" href=\"https:\/\/portal.compraspublicas.gob.ec\/sercop\/wp-content\/plugins\/download-monitor\/download.php?id=2260&amp;force=0\" target=\"_blank\" rel=\"noopener noreferrer\">ver<\/a>\u00a0\u00a0\u00a0 <a title=\"Descargar OFICIO INCOP No.DE-3747-2010, con el cual se determin\u00f3 el Giro Espec\u00edfico\" href=\"https:\/\/portal.compraspublicas.gob.ec\/sercop\/wp-content\/plugins\/download-monitor\/download.php?id=2260&amp;force=1\">descarga<\/a><\/div>\n<div><\/div>\n<\/div>\n<\/li>\n<\/ul>\n<ul>\n<li>\n<div>\n<div>\n<p>OFICIO INCOP No.DE-2216-2010, con el cual se determin\u00f3 el Giro Espec\u00edfico<\/p>\n<p>DETERMINACI\u00d3N DEL GIRO ESPEC\u00cdFICO DEL NEGOCIO A LA REFINER\u00cdA DELPAC\u00cdFICO RDP COMPA\u00d1\u00cdA DE ECONOM\u00cdA MIXTA.<\/p>\n<\/div>\n<div><a title=\"Ver OFICIO INCOP No.DE-2216-2010, con el cual se determin\u00f3 el Giro Espec\u00edfico\" href=\"https:\/\/portal.compraspublicas.gob.ec\/sercop\/wp-content\/plugins\/download-monitor\/download.php?id=2259&amp;force=0\" target=\"_blank\" rel=\"noopener noreferrer\">ver<\/a>\u00a0\u00a0\u00a0 <a title=\"Descargar OFICIO INCOP No.DE-2216-2010, con el cual se determin\u00f3 el Giro Espec\u00edfico\" href=\"https:\/\/portal.compraspublicas.gob.ec\/sercop\/wp-content\/plugins\/download-monitor\/download.php?id=2259&amp;force=1\">descarga<\/a><\/div>\n<div><\/div>\n<\/div>\n<\/li>\n<\/ul>\n<ul>\n<li>\n<div>\n<div>\n<p>OFICIO INCOP No.DE-0889-2010, con el cual se determin\u00f3 el Giro Espec\u00edfico<\/p>\n<p>DETERMINACi\u00d3N DEL GIRO ESPEC\u00edFICO DEL NEGOCIO DE TAME L\u00edNEA A\u00c9REA<br \/>\nDEL ECUADOR.<\/p>\n<\/div>\n<div><a title=\"Ver OFICIO INCOP No.DE-0889-2010, con el cual se determin\u00f3 el Giro Espec\u00edfico\" href=\"https:\/\/portal.compraspublicas.gob.ec\/sercop\/wp-content\/plugins\/download-monitor\/download.php?id=2258&amp;force=0\" target=\"_blank\" rel=\"noopener noreferrer\">ver<\/a>\u00a0\u00a0\u00a0 <a title=\"Descargar OFICIO INCOP No.DE-0889-2010, con el cual se determin\u00f3 el Giro Espec\u00edfico\" href=\"https:\/\/portal.compraspublicas.gob.ec\/sercop\/wp-content\/plugins\/download-monitor\/download.php?id=2258&amp;force=1\">descarga<\/a><\/div>\n<\/div>\n<\/li>\n<\/ul>\n","protected":false},"excerpt":{"rendered":"<p class=\"excerpt\">Oficio No. INCOP-DE-OF-1176-2011 de 10 de agosto de 2011 con el cual se determin\u00f3 el Giro Espec\u00edfico Oficio No. INCOP-DE-OF-1176-2011 de 10 de agosto de 2011 con el cual se determin\u00f3 el \u00abGiro Espec\u00edfico del Negocio\u00bb de la Compa\u00f1\u00eda Industrias Guap\u00e1n S.A. ver\u00a0\u00a0\u00a0 descarga Oficio No. INCOP-DE-OF-0585-2011, con el cual se determin\u00f3 el Giro Espec\u00edfico DETERMINACI\u00d3N DEL GIRO ESPEC\u00cdFICO DE&hellip; <a href=\"https:\/\/portal.compraspublicas.gob.ec\/sercop\/autorizaciones\/\">Read more &rarr;<\/a><\/p>\n","protected":false},"author":75,"featured_media":0,"parent":0,"menu_order":0,"comment_status":"closed","ping_status":"closed","template":"menugenerico.php","meta":[],"_links":{"self":[{"href":"https:\/\/portal.compraspublicas.gob.ec\/sercop\/wp-json\/wp\/v2\/pages\/35015"}],"collection":[{"href":"https:\/\/portal.compraspublicas.gob.ec\/sercop\/wp-json\/wp\/v2\/pages"}],"about":[{"href":"https:\/\/portal.compraspublicas.gob.ec\/sercop\/wp-json\/wp\/v2\/types\/page"}],"author":[{"embeddable":true,"href":"https:\/\/portal.compraspublicas.gob.ec\/sercop\/wp-json\/wp\/v2\/users\/75"}],"replies":[{"embeddable":true,"href":"https:\/\/portal.compraspublicas.gob.ec\/sercop\/wp-json\/wp\/v2\/comments?post=35015"}],"version-history":[{"count":3,"href":"https:\/\/portal.compraspublicas.gob.ec\/sercop\/wp-json\/wp\/v2\/pages\/35015\/revisions"}],"predecessor-version":[{"id":60266,"href":"https:\/\/portal.compraspublicas.gob.ec\/sercop\/wp-json\/wp\/v2\/pages\/35015\/revisions\/60266"}],"wp:attachment":[{"href":"https:\/\/portal.compraspublicas.gob.ec\/sercop\/wp-json\/wp\/v2\/media?parent=35015"}],"curies":[{"name":"wp","href":"https:\/\/api.w.org\/{rel}","templated":true}]}}