{"id":35906,"date":"2019-01-15T10:50:43","date_gmt":"2019-01-15T15:50:43","guid":{"rendered":"http:\/\/portal.compraspublicas.gob.ec\/sercop\/?page_id=35906"},"modified":"2019-01-15T10:52:31","modified_gmt":"2019-01-15T15:52:31","slug":"montos-de-contratacion-publica-2019","status":"publish","type":"page","link":"https:\/\/portal.compraspublicas.gob.ec\/sercop\/montos-de-contratacion-publica-2019\/","title":{"rendered":"Montos de contrataci\u00f3n p\u00fablica 2019"},"content":{"rendered":"<table style=\"height: 745px;\" border=\"2\" width=\"725\">\n<tbody>\n<tr>\n<td style=\"text-align: center;\" colspan=\"3\" width=\"710\"><strong>MONTOS DE CONTRATACI\u00d3N 2019<\/strong><\/td>\n<\/tr>\n<tr>\n<td colspan=\"3\"><strong>Presupuesto Inicial del Estado: $ 35.529\u00b4394.461,72<\/strong><\/td>\n<\/tr>\n<tr>\n<td width=\"164\"><strong>CONTRATACI\u00d3N<\/strong><\/td>\n<td width=\"246\"><strong>PROCEDIMIENTOS<\/strong><\/td>\n<td width=\"320\"><strong>MONTOS DE CONTRATACI\u00d3N<\/strong><\/td>\n<\/tr>\n<tr>\n<td rowspan=\"3\" width=\"164\"><strong>Bienes y Servicios Normalizados<\/strong><\/td>\n<td width=\"246\">Catalogo Electr\u00f3nico<\/td>\n<td width=\"320\">\u00a0Sin l\u00edmite de monto<\/td>\n<\/tr>\n<tr>\n<td width=\"246\">Subasta Inversa Electr\u00f3nica<\/td>\n<td width=\"320\">\u00a0Mayor a $ 7.105,88<\/td>\n<\/tr>\n<tr>\n<td width=\"246\">\u00cdnfima Cuant\u00eda<\/td>\n<td width=\"320\">\u00a0Inferior a $ 7.105,88<\/td>\n<\/tr>\n<tr>\n<td rowspan=\"3\" width=\"164\"><strong>Bienes y Servicios No Normalizados<\/strong><\/td>\n<td width=\"246\">Menor Cuant\u00eda<\/td>\n<td width=\"320\">\u00a0Inferior a $ 71.058,79<\/td>\n<\/tr>\n<tr>\n<td width=\"246\">Cotizaci\u00f3n<\/td>\n<td width=\"320\">\u00a0Entre $ 71.058.79 y $ 532.940,92<\/td>\n<\/tr>\n<tr>\n<td width=\"246\">Licitaci\u00f3n<\/td>\n<td width=\"320\">\u00a0Mayor a $ 532.940,92<\/td>\n<\/tr>\n<tr>\n<td rowspan=\"4\" width=\"164\"><strong>Obras<\/strong><\/td>\n<td width=\"246\">Menor Cuant\u00eda<\/td>\n<td width=\"320\">\u00a0Inferior a $ 248.705,76<\/td>\n<\/tr>\n<tr>\n<td width=\"246\">Cotizaci\u00f3n<\/td>\n<td width=\"320\">\u00a0Entre $ 248.705,76 y $ 1.065.881,83<\/td>\n<\/tr>\n<tr>\n<td width=\"246\">Licitaci\u00f3n<\/td>\n<td width=\"320\">\u00a0Mayor a $ 1.065.881,83<\/td>\n<\/tr>\n<tr>\n<td width=\"246\">Contrataci\u00f3n Integral por Precio Fijo<\/td>\n<td width=\"320\">\u00a0Mayor a $ 248.705,76<\/td>\n<\/tr>\n<tr>\n<td rowspan=\"3\" width=\"164\"><strong>Consultor\u00eda<\/strong><\/td>\n<td width=\"246\">Contrataci\u00f3n Directa<\/td>\n<td width=\"320\">\u00a0Menor o igual a $ 71.058,79<\/td>\n<\/tr>\n<tr>\n<td width=\"246\">Lista Corta<\/td>\n<td width=\"320\">\u00a0Mayor a $ 71.058,79 y menor a $ 532.940,92<\/td>\n<\/tr>\n<tr>\n<td width=\"246\">Concurso P\u00fablico<\/td>\n<td width=\"320\">\u00a0Mayor o igual a $ 532.940,92<\/td>\n<\/tr>\n<tr>\n<td width=\"164\"><strong>Bienes y Servicios\u00a0 Normalizados y No Normalizados y Obras<\/strong><\/td>\n<td width=\"246\">Ferias Inclusivas<\/td>\n<td width=\"320\">\u00a0Sin l\u00edmite de monto<\/td>\n<\/tr>\n<\/tbody>\n<\/table>\n<p>&nbsp;<\/p>\n<table style=\"height: 485px;\" border=\"2\" width=\"733\">\n<tbody>\n<tr>\n<td style=\"text-align: center;\" colspan=\"3\" width=\"410\"><strong>MONTOS DE CONTRATACI\u00d3N 2019<\/strong><br \/>\n<strong>ACUERDO COMERCIAL CON LA UNI\u00d3N EUROPEA<\/strong><\/td>\n<\/tr>\n<tr>\n<td colspan=\"3\"><strong>(Desde el 1 de enero 2018 al 31 de diciembre de 2019)<\/strong><\/td>\n<\/tr>\n<tr>\n<td width=\"164\"><strong>NIVEL DE GOBIERNO<\/strong><\/td>\n<td width=\"246\">TIPO DE COMPRA<\/td>\n<td width=\"320\">VALOR EN D\u00d3LARES DE LOS ESTADOS UNIDOS DE NORTEAM\u00c9RICA<\/td>\n<\/tr>\n<tr>\n<td width=\"164\"><strong>\u00a0NIVEL CENTRAL\u00a0<\/strong><\/td>\n<td width=\"246\">\u00a0Bienes y Servicios<\/td>\n<td width=\"320\">\u00a0Igual o superior a $360.000<\/td>\n<\/tr>\n<tr>\n<td width=\"164\"><strong>NIVEL SUBCENTRAL<\/strong><\/td>\n<td width=\"246\">Bienes y Servicios<\/td>\n<td width=\"320\">Igual o superior a $484.000<\/td>\n<\/tr>\n<tr>\n<td width=\"164\"><strong>\u00a0OTRAS ENTIDADES CUBIERTAS\u00a0<\/strong><\/td>\n<td width=\"246\">\u00a0Bienes y Servicios<\/td>\n<td width=\"320\">\u00a0Igual o superior a $554.000<\/td>\n<\/tr>\n<tr>\n<td width=\"164\"><strong>NIVEL CENTRAL<\/strong><br \/>\n<strong>NIVEL SUBCENTRAL<\/strong><br \/>\n<strong>OTRAS ENTIDADES CUBIERTAS<\/strong><\/td>\n<td width=\"246\">Servicios de Construcci\u00f3n<\/td>\n<td width=\"320\">Igual o superior a $8\u00b4313.000<\/td>\n<\/tr>\n<\/tbody>\n<\/table>\n<p>&nbsp;<\/p>\n<table style=\"height: 503px;\" border=\"2\" width=\"723\">\n<tbody>\n<tr>\n<td style=\"text-align: center;\" colspan=\"3\" width=\"410\"><strong>MONTOS DE CONTRATACI\u00d3N 2019<\/strong><br \/>\n<strong>CON FONDOS BID<\/strong><\/td>\n<\/tr>\n<tr>\n<td colspan=\"3\"><strong>Presupuesto Inicial del Estado: $ 35.529\u00b4394.461,72<\/strong><\/td>\n<\/tr>\n<tr>\n<td width=\"164\"><strong>CONTRATACI\u00d3N<\/strong><\/td>\n<td width=\"246\"><strong>PROCEDIMIENTOS<\/strong><\/td>\n<td width=\"320\"><strong>MONTOS DE CONTRATACI\u00d3N<\/strong><\/td>\n<\/tr>\n<tr>\n<td width=\"164\"><strong>Bienes y Servicios Normalizados\u00a0<\/strong><\/td>\n<td width=\"246\">Subasta Inversa Electr\u00f3nica<\/td>\n<td width=\"320\">Mayor a $ 7.105,88 hasta $ 250.000<\/td>\n<\/tr>\n<tr>\n<td rowspan=\"2\" width=\"164\"><strong>Bienes y Servicios No Normalizados<\/strong><\/td>\n<td width=\"246\">Menor Cuant\u00eda<\/td>\n<td width=\"320\">Menor a $ 71.058,79<\/td>\n<\/tr>\n<tr>\n<td width=\"246\">Cotizaci\u00f3n<\/td>\n<td width=\"320\">Entre $ 71.058,79 y $ 250.000<\/td>\n<\/tr>\n<tr>\n<td rowspan=\"3\" width=\"164\"><strong>Obras<\/strong><\/td>\n<td width=\"246\">Menor Cuant\u00eda<\/td>\n<td width=\"320\">Menor a $ 248.705,76<\/td>\n<\/tr>\n<tr>\n<td width=\"246\">Cotizaci\u00f3n<\/td>\n<td width=\"320\">Entre $248.705,76 y $ 1&#8217;065.881,83<\/td>\n<\/tr>\n<tr>\n<td width=\"246\">Licitaci\u00f3n<\/td>\n<td width=\"320\">Mayor a $ 1&#8217;065.881,83 hasta 3&#8217;000.000<\/td>\n<\/tr>\n<tr>\n<td rowspan=\"2\" width=\"164\"><strong>Consultor\u00eda<\/strong><\/td>\n<td width=\"246\">Contrataci\u00f3n Directa<\/td>\n<td width=\"320\">Menor o Igual a $ 71.058,79<\/td>\n<\/tr>\n<tr>\n<td width=\"246\">Lista Corta<\/td>\n<td width=\"320\">Mayor a $ 71.058,79 y Menor a $ 200.000<\/td>\n<\/tr>\n<\/tbody>\n<\/table>\n","protected":false},"excerpt":{"rendered":"<p class=\"excerpt\">MONTOS DE CONTRATACI\u00d3N 2019 Presupuesto Inicial del Estado: $ 35.529\u00b4394.461,72 CONTRATACI\u00d3N PROCEDIMIENTOS MONTOS DE CONTRATACI\u00d3N Bienes y Servicios Normalizados Catalogo Electr\u00f3nico \u00a0Sin l\u00edmite de monto Subasta Inversa Electr\u00f3nica \u00a0Mayor a $ 7.105,88 \u00cdnfima Cuant\u00eda \u00a0Inferior a $ 7.105,88 Bienes y Servicios No Normalizados Menor Cuant\u00eda \u00a0Inferior a $ 71.058,79 Cotizaci\u00f3n \u00a0Entre $ 71.058.79 y $ 532.940,92 Licitaci\u00f3n \u00a0Mayor a $&hellip; <a href=\"https:\/\/portal.compraspublicas.gob.ec\/sercop\/montos-de-contratacion-publica-2019\/\">Read more &rarr;<\/a><\/p>\n","protected":false},"author":75,"featured_media":0,"parent":0,"menu_order":0,"comment_status":"closed","ping_status":"closed","template":"menugenerico.php","meta":[],"_links":{"self":[{"href":"https:\/\/portal.compraspublicas.gob.ec\/sercop\/wp-json\/wp\/v2\/pages\/35906"}],"collection":[{"href":"https:\/\/portal.compraspublicas.gob.ec\/sercop\/wp-json\/wp\/v2\/pages"}],"about":[{"href":"https:\/\/portal.compraspublicas.gob.ec\/sercop\/wp-json\/wp\/v2\/types\/page"}],"author":[{"embeddable":true,"href":"https:\/\/portal.compraspublicas.gob.ec\/sercop\/wp-json\/wp\/v2\/users\/75"}],"replies":[{"embeddable":true,"href":"https:\/\/portal.compraspublicas.gob.ec\/sercop\/wp-json\/wp\/v2\/comments?post=35906"}],"version-history":[{"count":3,"href":"https:\/\/portal.compraspublicas.gob.ec\/sercop\/wp-json\/wp\/v2\/pages\/35906\/revisions"}],"predecessor-version":[{"id":35909,"href":"https:\/\/portal.compraspublicas.gob.ec\/sercop\/wp-json\/wp\/v2\/pages\/35906\/revisions\/35909"}],"wp:attachment":[{"href":"https:\/\/portal.compraspublicas.gob.ec\/sercop\/wp-json\/wp\/v2\/media?parent=35906"}],"curies":[{"name":"wp","href":"https:\/\/api.w.org\/{rel}","templated":true}]}}