{"id":37322,"date":"2019-06-13T16:54:36","date_gmt":"2019-06-13T21:54:36","guid":{"rendered":"http:\/\/portal.compraspublicas.gob.ec\/sercop\/?page_id=37322"},"modified":"2024-06-25T10:52:05","modified_gmt":"2024-06-25T15:52:05","slug":"produccion-de-calzado-2","status":"publish","type":"page","link":"https:\/\/portal.compraspublicas.gob.ec\/sercop\/produccion-de-calzado-2\/","title":{"rendered":"Productos de Calzado"},"content":{"rendered":"<p><img loading=\"lazy\" class=\"alignleft\" src=\"https:\/\/portal.compraspublicas.gob.ec\/sercop\/wp-content\/uploads\/2015\/12\/calzado.jpg\" alt=\"\" width=\"426\" height=\"323\" \/><\/p>\n<p>&nbsp;<\/p>\n<p>&nbsp;<\/p>\n<p>&nbsp;<\/p>\n<p>&nbsp;<\/p>\n<p>&nbsp;<\/p>\n<p>&nbsp;<\/p>\n<p>&nbsp;<\/p>\n<p>&nbsp;<\/p>\n<p>&nbsp;<\/p>\n<p>&nbsp;<\/p>\n<p>&nbsp;<\/p>\n<p style=\"text-align: justify;\">De conformidad con la Resoluci\u00f3n No. RE- SERCOP-2016-000007, que se\u00f1ala en el art\u00edculo 246.1: \u201c<em>Convocatoria para la incorporaci\u00f3n de proveedores al Cat\u00e1logo Din\u00e1mico Inclusivo. &#8211; El SERCOP, mediante oficio circular podr\u00e1 convocar a los proveedores habilitados en el Registro \u00danico de Proveedores y en el c\u00f3digo del Clasificador Central de Productos CPC, a que se incorporen en uno o varios productos o en el total de la categor\u00eda existentes en el Cat\u00e1logo Din\u00e1mico Inclusivo, m\u00e1ximo tres veces durante la vigencia del convenio marco, en una o varias provincias, o a nivel nacional. <\/em><\/p>\n<p>Si\u00a0 te interesa participar en los Cat\u00e1logos Inclusivos del Servicio Nacional de Contrataci\u00f3n P\u00fablica revisa los requisitos de participaci\u00f3n para los productos lanzados mediante nuevas Ferias Inclusivas o mediante Adhesi\u00f3n de Productos.<\/p>\n<p style=\"text-align: justify;\"><strong>PARA INCORPORACI\u00d3N DE PROVEEDORES EN EL CDI:<\/strong><\/p>\n<ul style=\"text-align: justify;\">\n<li>Recibe la convocatoria que el SERCOP realice para la incorporaci\u00f3n de proveedores al Cat\u00e1logo Din\u00e1mico Inclusivo, en la Categor\u00eda \u201cProductos de Calzado\u201d.<\/li>\n<li>Lee y analiza el <a href=\"https:\/\/portal.compraspublicas.gob.ec\/sercop\/wp-content\/uploads\/2022\/08\/Pliego-Calzado-final-signed-signed.pdf\"><strong><u>pliego\u00a0<\/u><\/strong><\/a>y las fichas t\u00e9cnicas para que conozcas los requisitos m\u00ednimos de participaci\u00f3n y las especificaciones t\u00e9cnicas de los bienes catalogados.<\/li>\n<li>Llena los <a href=\"https:\/\/portal.compraspublicas.gob.ec\/sercop\/wp-content\/uploads\/2022\/08\/Formularios-de-la-Oferta_actualizado_modificatoria.docx\"><u>formularios\u00a0<\/u><\/a>de la oferta y adjunta los requisitos que se solicitan en el pliego y las fichas t\u00e9cnicas. Recuerda que los formularios y los documentos requeridos deben estar firmados electr\u00f3nicamente.<\/li>\n<\/ul>\n<p><strong><u>CONSIDERACIONES:<\/u><\/strong><\/p>\n<ul>\n<li>La oferta o manifestaci\u00f3n de inter\u00e9s obligatoriamente deber\u00e1 ser firmada electr\u00f3nicamente por el representante legal, apoderado, persona natural o procurador com\u00fan, con sus respectivos anexos o documentaci\u00f3n de respaldo seg\u00fan el caso.<\/li>\n<li>Finalmente, la oferta o manifestaci\u00f3n de inter\u00e9s deber\u00e1 ser enviada al correo electr\u00f3nico <strong>ofertascatalogo@sercop.gob.ec<\/strong>, de ser el caso, si el tama\u00f1o del o los archivos no le permita remitir la oferta por correo electr\u00f3nico, el oferente podr\u00e1 usar un servicio web de alojamiento de archivos, y deber\u00e1 enviar el link, mismo que debe ser de acceso p\u00fablico sin clave y sin fecha de caducidad.<\/li>\n<\/ul>\n<p style=\"text-align: justify;\"><strong>PRODUCTOS CATALOGADOS PROCESO FISP-SERCOP-001-2022 \u201cPRODUCTOS DE CALZADO\u201d<\/strong><\/p>\n<table width=\"93%\">\n<thead>\n<tr>\n<td width=\"37%\"><strong>NOMBRE DE PRODUCTO<\/strong><\/td>\n<td width=\"24%\"><strong>PROCESO DE CATALOGACI\u00d3N<\/strong><\/td>\n<td width=\"18%\"><strong>FECHA DE PUBLICACI\u00d3N<\/strong><\/td>\n<td width=\"18%\"><strong>DOCUMENTOS<\/strong><\/td>\n<\/tr>\n<\/thead>\n<tbody>\n<tr>\n<td width=\"37%\">BOTA TIPO MILITAR UNISEX<\/td>\n<td width=\"24%\"><u>FERIA INCLUSIVA<\/u><\/td>\n<td width=\"18%\">31 de enero 2022<\/td>\n<td width=\"18%\"><a href=\"https:\/\/portal.compraspublicas.gob.ec\/sercop\/wp-content\/uploads\/2022\/08\/Pliego-Calzado-final-signed-signed.pdf\"><u>Pliego<\/u><\/a><\/p>\n<p><a href=\"https:\/\/portal.compraspublicas.gob.ec\/sercop\/wp-content\/uploads\/2022\/08\/BOTA-TIPO-MILITAR-UNISEX.pdf\"><u>Ficha T\u00e9cnica<\/u><\/a><\/td>\n<\/tr>\n<tr>\n<td width=\"37%\">BOTIN DE TRABAJO DE CAMPO DE CUERO HOMBRE-MUJER<\/td>\n<td width=\"24%\"><u>FERIA INCLUSIVA<\/u><\/td>\n<td width=\"18%\">31 de enero 2022<\/td>\n<td width=\"18%\"><a href=\"https:\/\/portal.compraspublicas.gob.ec\/sercop\/wp-content\/uploads\/2022\/08\/Pliego-Calzado-final-signed-signed.pdf\"><u>Pliego<\/u><\/a><\/p>\n<p><a href=\"https:\/\/portal.compraspublicas.gob.ec\/sercop\/wp-content\/uploads\/2022\/08\/BOTIN-DE-TRABAJO-DE-CAMPO-DE-CUERO-HOMBRE-MUJER.pdf\"><u>Ficha T\u00e9cnica<\/u><\/a><\/td>\n<\/tr>\n<tr>\n<td width=\"37%\">ZAPATO DE HOMBRE DE CHAROL CON CORDONES<\/td>\n<td width=\"24%\"><u>FERIA INCLUSIVA<\/u><\/td>\n<td width=\"18%\">31 de enero 2022<\/td>\n<td width=\"18%\"><a href=\"https:\/\/portal.compraspublicas.gob.ec\/sercop\/wp-content\/uploads\/2022\/08\/Pliego-Calzado-final-signed-signed.pdf\"><u>Pliego<\/u><\/a><\/p>\n<p><a href=\"https:\/\/portal.compraspublicas.gob.ec\/sercop\/wp-content\/uploads\/2022\/08\/ZAPATO-DE-HOMBRE-DE-CUERO-CON-CORDONES.pdf\"><u>Ficha T\u00e9cnica<\/u><\/a><\/td>\n<\/tr>\n<tr>\n<td width=\"37%\">ZAPATO DE HOMBRE DE CUERO \u2013 MOCASIN<\/td>\n<td width=\"24%\"><u>FERIA INCLUSIVA<\/u><\/td>\n<td width=\"18%\">31 de enero 2022<\/td>\n<td width=\"18%\"><a href=\"https:\/\/portal.compraspublicas.gob.ec\/sercop\/wp-content\/uploads\/2022\/08\/Pliego-Calzado-final-signed-signed.pdf\"><u>Pliego<\/u><\/a><\/p>\n<p><a href=\"https:\/\/portal.compraspublicas.gob.ec\/sercop\/wp-content\/uploads\/2024\/06\/ZAPATO-DE-HOMBRE-DE-CUERO-MOCASIN.pdf\"><u>Ficha T\u00e9cnica<\/u><\/a><\/td>\n<\/tr>\n<tr>\n<td width=\"37%\">ZAPATO DE HOMBRE DE CUERO CON CORDONES<\/td>\n<td width=\"24%\"><u>FERIA INCLUSIVA<\/u><\/td>\n<td width=\"18%\">31 de enero 2022<\/td>\n<td width=\"18%\"><a href=\"https:\/\/portal.compraspublicas.gob.ec\/sercop\/wp-content\/uploads\/2022\/08\/Pliego-Calzado-final-signed-signed.pdf\"><u>Pliego<\/u><\/a><\/p>\n<p><a href=\"https:\/\/portal.compraspublicas.gob.ec\/sercop\/wp-content\/uploads\/2022\/08\/ZAPATO-DE-HOMBRE-DE-CUERO-CON-CORDONES.pdf\"><u>Ficha T\u00e9cnica<\/u><\/a><\/td>\n<\/tr>\n<tr>\n<td width=\"37%\">ZAPATO DE MUER DE CUERO &#8211; MOCASIN<\/td>\n<td width=\"24%\"><u>FERIA INCLUSIVA<\/u><\/td>\n<td width=\"18%\">31 de enero 2022<\/td>\n<td width=\"18%\"><a href=\"https:\/\/portal.compraspublicas.gob.ec\/sercop\/wp-content\/uploads\/2022\/08\/Pliego-Calzado-final-signed-signed.pdf\"><u>Pliego<\/u><\/a><\/p>\n<p><a href=\"https:\/\/portal.compraspublicas.gob.ec\/sercop\/wp-content\/uploads\/2022\/08\/ZAPATO-DE-MUJER-DE-CUERO-MOCASIN.pdf\"><u>Ficha T\u00e9cnica<\/u><\/a><\/td>\n<\/tr>\n<\/tbody>\n<\/table>\n<p style=\"text-align: justify;\"><!--\n<a href=\"https:\/\/www.compraspublicas.gob.ec\/ProcesoContratacion\/compras\/CR\/mostrarferia.cpe?idSoliCompra=Jp1ilOHgw1kS5CvR3nmV7pI_IXyavOqomKK8emRGaT8\"><img loading=\"lazy\" class=\"alignnone size-full wp-image-47056\" src=\"https:\/\/portal.compraspublicas.gob.ec\/sercop\/wp-content\/uploads\/2022\/02\/WhatsApp-Image-2022-02-10-at-12.07.26-PM.jpeg\" alt=\"\" width=\"800\" height=\"560\" srcset=\"https:\/\/portal.compraspublicas.gob.ec\/sercop\/wp-content\/uploads\/2022\/02\/WhatsApp-Image-2022-02-10-at-12.07.26-PM.jpeg 800w, https:\/\/portal.compraspublicas.gob.ec\/sercop\/wp-content\/uploads\/2022\/02\/WhatsApp-Image-2022-02-10-at-12.07.26-PM-300x210.jpeg 300w, https:\/\/portal.compraspublicas.gob.ec\/sercop\/wp-content\/uploads\/2022\/02\/WhatsApp-Image-2022-02-10-at-12.07.26-PM-768x538.jpeg 768w\" sizes=\"(max-width: 800px) 100vw, 800px\" \/><\/a> --><\/p>\n","protected":false},"excerpt":{"rendered":"<p class=\"excerpt\">&nbsp; &nbsp; &nbsp; &nbsp; &nbsp; &nbsp; &nbsp; &nbsp; &nbsp; &nbsp; &nbsp; De conformidad con la Resoluci\u00f3n No. RE- SERCOP-2016-000007, que se\u00f1ala en el art\u00edculo 246.1: \u201cConvocatoria para la incorporaci\u00f3n de proveedores al Cat\u00e1logo Din\u00e1mico Inclusivo. &#8211; El SERCOP, mediante oficio circular podr\u00e1 convocar a los proveedores habilitados en el Registro \u00danico de Proveedores y en el c\u00f3digo del Clasificador Central&hellip; <a href=\"https:\/\/portal.compraspublicas.gob.ec\/sercop\/produccion-de-calzado-2\/\">Read more &rarr;<\/a><\/p>\n","protected":false},"author":75,"featured_media":0,"parent":0,"menu_order":0,"comment_status":"closed","ping_status":"closed","template":"menugenerico.php","meta":[],"_links":{"self":[{"href":"https:\/\/portal.compraspublicas.gob.ec\/sercop\/wp-json\/wp\/v2\/pages\/37322"}],"collection":[{"href":"https:\/\/portal.compraspublicas.gob.ec\/sercop\/wp-json\/wp\/v2\/pages"}],"about":[{"href":"https:\/\/portal.compraspublicas.gob.ec\/sercop\/wp-json\/wp\/v2\/types\/page"}],"author":[{"embeddable":true,"href":"https:\/\/portal.compraspublicas.gob.ec\/sercop\/wp-json\/wp\/v2\/users\/75"}],"replies":[{"embeddable":true,"href":"https:\/\/portal.compraspublicas.gob.ec\/sercop\/wp-json\/wp\/v2\/comments?post=37322"}],"version-history":[{"count":31,"href":"https:\/\/portal.compraspublicas.gob.ec\/sercop\/wp-json\/wp\/v2\/pages\/37322\/revisions"}],"predecessor-version":[{"id":58481,"href":"https:\/\/portal.compraspublicas.gob.ec\/sercop\/wp-json\/wp\/v2\/pages\/37322\/revisions\/58481"}],"wp:attachment":[{"href":"https:\/\/portal.compraspublicas.gob.ec\/sercop\/wp-json\/wp\/v2\/media?parent=37322"}],"curies":[{"name":"wp","href":"https:\/\/api.w.org\/{rel}","templated":true}]}}