{"id":39246,"date":"2019-11-28T10:26:49","date_gmt":"2019-11-28T15:26:49","guid":{"rendered":"http:\/\/portal.compraspublicas.gob.ec\/sercop\/?page_id=39246"},"modified":"2026-04-01T11:10:00","modified_gmt":"2026-04-01T16:10:00","slug":"horarios-examen-de-certificacion","status":"publish","type":"page","link":"https:\/\/portal.compraspublicas.gob.ec\/sercop\/horarios-examen-de-certificacion\/","title":{"rendered":"Horarios de ex\u00e1menes de certificaci\u00f3n"},"content":{"rendered":"<p><a style=\"display: flex;\"><img loading=\"lazy\" class=\"alignnone wp-image-57155\" src=\"https:\/\/portal.compraspublicas.gob.ec\/sercop\/wp-content\/uploads\/2024\/01\/Examanes-Certificacion.png\" alt=\"\" width=\"1000\" height=\"250\" srcset=\"https:\/\/portal.compraspublicas.gob.ec\/sercop\/wp-content\/uploads\/2024\/01\/Examanes-Certificacion.png 900w, https:\/\/portal.compraspublicas.gob.ec\/sercop\/wp-content\/uploads\/2024\/01\/Examanes-Certificacion-300x75.png 300w, https:\/\/portal.compraspublicas.gob.ec\/sercop\/wp-content\/uploads\/2024\/01\/Examanes-Certificacion-768x192.png 768w\" sizes=\"(max-width: 1000px) 100vw, 1000px\" \/><\/a><\/p>\n<table border=\"3\" cellspacing=\"0\" cellpadding=\"0\">\n<tbody>\n<tr>\n<td style=\"text-align: center;\" colspan=\"3\" width=\"985\"><strong><span style=\"color: #ff0000;\">JORNADAS PARA EL EXAMEN DE CERTIFICACI\u00d3N PARA<br \/>\nOPERADORES DEL SISTEMA NACIONAL DE CONTRATACI\u00d3N P\u00daBLICA<br \/>\nFUNDAMENTOS DE LA CONTRATACI\u00d3N P\u00daBLICA<br \/>\nDE ENERO A JUNIO DE 2026<\/span><\/strong><\/td>\n<\/tr>\n<tr>\n<td width=\"176\"><strong>DIRIGIDO A<\/strong><\/td>\n<td width=\"320\"><strong>FECHA DE INSCRIPCIONES<\/strong><\/td>\n<td width=\"277\"><strong>FECHA DE EXAMEN DE CERTIFICACI\u00d3N<\/strong><\/td>\n<\/tr>\n<tr>\n<td rowspan=\"52\" width=\"176\">SERVIDORES P\u00daBLICOS, CIUDADAN\u00cdA EN GENERAL<\/td>\n<td width=\"320\">Del 06 al 08 de enero<\/td>\n<td width=\"277\">10 de enero<\/td>\n<\/tr>\n<tr>\n<td width=\"320\">Del 10 al 13 de enero<\/td>\n<td width=\"277\">17 de enero<\/td>\n<\/tr>\n<tr>\n<td width=\"320\">Del 17 al 20 de enero<\/td>\n<td width=\"277\">24 de enero<\/td>\n<\/tr>\n<tr>\n<td width=\"320\">Del 24 al 27 de enero<\/td>\n<td width=\"277\">31 de enero<\/td>\n<\/tr>\n<tr>\n<td width=\"320\">Del 31 de enero al 03 de febrero<\/td>\n<td width=\"277\">07 de febrero<\/td>\n<\/tr>\n<tr>\n<td width=\"320\">Del 07 al 10 de febrero<\/td>\n<td width=\"277\">14 de febrero<\/td>\n<\/tr>\n<tr>\n<td width=\"320\">Del 14 al 17 de febrero<\/td>\n<td width=\"277\">21 de febrero<\/td>\n<\/tr>\n<tr>\n<td width=\"320\">Del 21 al 24 de febrero<\/td>\n<td width=\"277\">28 de febrero<\/td>\n<\/tr>\n<tr>\n<td width=\"320\">Del 28 de febrero al 03 de marzo<\/td>\n<td width=\"277\">07 de marzo<\/td>\n<\/tr>\n<tr>\n<td width=\"320\">Del 07 al 10 de marzo<\/td>\n<td width=\"277\">14 de marzo<\/td>\n<\/tr>\n<tr>\n<td width=\"320\">Del 14 al 17 de marzo<\/td>\n<td width=\"277\">21 de marzo<\/td>\n<\/tr>\n<tr>\n<td width=\"320\">Del 21 al 24 de marzo<\/td>\n<td width=\"277\">28 de marzo<\/td>\n<\/tr>\n<tr>\n<td width=\"320\">Del 28 al 31 de marzo<\/td>\n<td width=\"277\">04 de abril<\/td>\n<\/tr>\n<tr>\n<td width=\"320\">Del 04 al 07 de abril<\/td>\n<td width=\"277\">11 de abril<\/td>\n<\/tr>\n<tr>\n<td width=\"320\">Del 11 al 14 de abril<\/td>\n<td width=\"277\">18 de abril<\/td>\n<\/tr>\n<tr>\n<td width=\"320\">Del 18 al 21 de abril<\/td>\n<td width=\"277\">25 de abril<\/td>\n<\/tr>\n<tr>\n<td width=\"320\">Del 25 al 28 de abril<\/td>\n<td width=\"277\">02 de mayo<\/td>\n<\/tr>\n<tr>\n<td width=\"320\">Del 02 al 05 de mayo<\/td>\n<td width=\"277\">09 de mayo<\/td>\n<\/tr>\n<tr>\n<td width=\"320\">Del 09 al 12 de mayo<\/td>\n<td width=\"277\">16 de mayo<\/td>\n<\/tr>\n<tr>\n<td width=\"320\">Del 16 al 19 de mayo<\/td>\n<td width=\"277\">23 de mayo<\/td>\n<\/tr>\n<tr>\n<td width=\"320\">Del 23 al 26 de mayo<\/td>\n<td width=\"277\">30 de mayo<\/td>\n<\/tr>\n<tr>\n<td width=\"320\">Del 30 de mayo al 02 de junio<\/td>\n<td width=\"277\">06 de junio<\/td>\n<\/tr>\n<tr>\n<td width=\"320\">Del 06 al 09 de junio<\/td>\n<td width=\"277\">13 de junio<\/td>\n<\/tr>\n<tr>\n<td width=\"320\">Del 14 al 16 de junio<\/td>\n<td width=\"277\">20 de junio<\/td>\n<\/tr>\n<tr>\n<td style=\"text-align: center;\" colspan=\"4\"><strong>NOTAS IMPORTANTES:<\/strong><\/td>\n<\/tr>\n<tr>\n<td colspan=\"4\" width=\"985\">* Los postulantes no aprobados o que no pudieron rendir el examen deber\u00e1n postularse nuevamente de acuerdo a las fechas programas.<br \/>\n* Para inscribirse en las jornadas de certificaci\u00f3n ingrese al siguiente link: <a href=\"https:\/\/certificaciones.compraspublicas.gob.ec\/\">https:\/\/certificaciones.compraspublicas.gob.ec\/<\/a><br \/>\n<strong>* Es importante tener en cuenta que, al concluir la evaluaci\u00f3n, se requiere completar la encuesta de satisfacci\u00f3n del servicio. Esta encuesta es un requisito obligatorio para poder descargar el certificado. Por favor, tome en cuenta que si no ha completado la encuesta, no podr\u00e1 proceder con la descarga del certificado.<\/strong><\/td>\n<\/tr>\n<\/tbody>\n<\/table>\n<p><a href=\"https:\/\/portal.compraspublicas.gob.ec\/sercop\/wp-content\/uploads\/2021\/08\/separador1.jpg\"><img loading=\"lazy\" class=\"alignnone wp-image-45123\" src=\"https:\/\/portal.compraspublicas.gob.ec\/sercop\/wp-content\/uploads\/2021\/08\/separador1.jpg\" alt=\"\" width=\"822\" height=\"10\" srcset=\"https:\/\/portal.compraspublicas.gob.ec\/sercop\/wp-content\/uploads\/2021\/08\/separador1.jpg 885w, https:\/\/portal.compraspublicas.gob.ec\/sercop\/wp-content\/uploads\/2021\/08\/separador1-300x3.jpg 300w, https:\/\/portal.compraspublicas.gob.ec\/sercop\/wp-content\/uploads\/2021\/08\/separador1-768x9.jpg 768w\" sizes=\"(max-width: 822px) 100vw, 822px\" \/><\/a><\/p>\n","protected":false},"excerpt":{"rendered":"<p class=\"excerpt\">JORNADAS PARA EL EXAMEN DE CERTIFICACI\u00d3N PARA OPERADORES DEL SISTEMA NACIONAL DE CONTRATACI\u00d3N P\u00daBLICA FUNDAMENTOS DE LA CONTRATACI\u00d3N P\u00daBLICA DE ENERO A JUNIO DE 2026 DIRIGIDO A FECHA DE INSCRIPCIONES FECHA DE EXAMEN DE CERTIFICACI\u00d3N SERVIDORES P\u00daBLICOS, CIUDADAN\u00cdA EN GENERAL Del 06 al 08 de enero 10 de enero Del 10 al 13 de enero 17 de enero Del 17&hellip; <a href=\"https:\/\/portal.compraspublicas.gob.ec\/sercop\/horarios-examen-de-certificacion\/\">Read more &rarr;<\/a><\/p>\n","protected":false},"author":75,"featured_media":0,"parent":0,"menu_order":0,"comment_status":"closed","ping_status":"closed","template":"menugenerico.php","meta":[],"_links":{"self":[{"href":"https:\/\/portal.compraspublicas.gob.ec\/sercop\/wp-json\/wp\/v2\/pages\/39246"}],"collection":[{"href":"https:\/\/portal.compraspublicas.gob.ec\/sercop\/wp-json\/wp\/v2\/pages"}],"about":[{"href":"https:\/\/portal.compraspublicas.gob.ec\/sercop\/wp-json\/wp\/v2\/types\/page"}],"author":[{"embeddable":true,"href":"https:\/\/portal.compraspublicas.gob.ec\/sercop\/wp-json\/wp\/v2\/users\/75"}],"replies":[{"embeddable":true,"href":"https:\/\/portal.compraspublicas.gob.ec\/sercop\/wp-json\/wp\/v2\/comments?post=39246"}],"version-history":[{"count":111,"href":"https:\/\/portal.compraspublicas.gob.ec\/sercop\/wp-json\/wp\/v2\/pages\/39246\/revisions"}],"predecessor-version":[{"id":64127,"href":"https:\/\/portal.compraspublicas.gob.ec\/sercop\/wp-json\/wp\/v2\/pages\/39246\/revisions\/64127"}],"wp:attachment":[{"href":"https:\/\/portal.compraspublicas.gob.ec\/sercop\/wp-json\/wp\/v2\/media?parent=39246"}],"curies":[{"name":"wp","href":"https:\/\/api.w.org\/{rel}","templated":true}]}}