{"id":394,"date":"2012-10-27T08:52:36","date_gmt":"2012-10-27T13:52:36","guid":{"rendered":"http:\/\/www.compraspublicas.gob.ec\/?page_id=394"},"modified":"2024-11-27T15:27:37","modified_gmt":"2024-11-27T20:27:37","slug":"la-institucion","status":"publish","type":"page","link":"https:\/\/portal.compraspublicas.gob.ec\/sercop\/la-institucion\/","title":{"rendered":"La Instituci\u00f3n"},"content":{"rendered":"<p><!--<img loading=\"lazy\" class=\"size-full wp-image-32524 aligncenter\" src=\"https:\/\/portal.compraspublicas.gob.ec\/sercop\/wp-content\/uploads\/2021\/05\/WhatsApp-Image-2021-05-24-at-12.52.59-PM.jpeg\" alt=\"\" width=\"590\" height=\"145\" \/>--><\/p>\n<p><a style=\"Display:flex;\"><br \/>\n<img loading=\"lazy\" class=\"alignnone wp-image-59333 size-large\" src=\"https:\/\/portal.compraspublicas.gob.ec\/sercop\/wp-content\/uploads\/2024\/08\/Mesa-de-trabajo-2-copia-8@3x-1024x256.png\" alt=\"\" width=\"750\" height=\"188\" srcset=\"https:\/\/portal.compraspublicas.gob.ec\/sercop\/wp-content\/uploads\/2024\/08\/Mesa-de-trabajo-2-copia-8@3x-1024x256.png 1024w, https:\/\/portal.compraspublicas.gob.ec\/sercop\/wp-content\/uploads\/2024\/08\/Mesa-de-trabajo-2-copia-8@3x-300x75.png 300w, https:\/\/portal.compraspublicas.gob.ec\/sercop\/wp-content\/uploads\/2024\/08\/Mesa-de-trabajo-2-copia-8@3x-768x192.png 768w, https:\/\/portal.compraspublicas.gob.ec\/sercop\/wp-content\/uploads\/2024\/08\/Mesa-de-trabajo-2-copia-8@3x-1536x384.png 1536w, https:\/\/portal.compraspublicas.gob.ec\/sercop\/wp-content\/uploads\/2024\/08\/Mesa-de-trabajo-2-copia-8@3x-2048x513.png 2048w\" sizes=\"(max-width: 750px) 100vw, 750px\" \/><br \/>\n<\/a><br \/>\n&nbsp;<\/p>\n<p style=\"text-align: justify;\">El Servicio Nacional de Contrataci\u00f3n P\u00fablica (Sercop), es la entidad rectora del Sistema Nacional de Contrataci\u00f3n P\u00fablica (SNCP), responsable de desarrollar y administrar el Sistema Oficial de Contrataci\u00f3n P\u00fablica del Ecuador (SOCE) y de establecer las pol\u00edticas y condiciones de la contrataci\u00f3n p\u00fablica a nivel nacional; ha enfocado su gesti\u00f3n sobre la base de los ejes de transparencia, calidad, eficiencia, eficacia y ahorro para el Estado, y garantiza el cumplimiento de sus principios, valores y pol\u00edtica integrada de calidad y anti-soborno en los procesos de contrataci\u00f3n p\u00fablica.<\/p>\n<p style=\"text-align: justify;\">El Art\u00edculo 288 de la Constituci\u00f3n del Ecuador determina: \u201cLas compras p\u00fablicas cumplir\u00e1n con criterios de eficiencia, transparencia, calidad, responsabilidad ambiental y social. Se priorizar\u00e1n los productos y servicios nacionales, en particular los provenientes de la econom\u00eda popular y solidaria, y de las micro, peque\u00f1as y medianas unidades productivas\u201d.<\/p>\n<p style=\"text-align: justify;\">Un logro significativo para el Sercop, fue la creaci\u00f3n del Sistema Nacional de Contrataci\u00f3n P\u00fablica, a trav\u00e9s del cual, se da inicio a la administraci\u00f3n del Registro \u00danico de Proveedores (RUP), sistema p\u00fablico de informaci\u00f3n y habilitaci\u00f3n de las personas naturales y jur\u00eddicas, nacionales y extranjeras, con capacidad para ser contratadas por el Estado Ecuatoriano seg\u00fan lo establecido en la Ley Org\u00e1nica del Sistema Nacional de Contrataci\u00f3n P\u00fablica (LOSNCP).<\/p>\n<p style=\"text-align: justify;\">Asimismo, el Sercop, promociona la calidad en la compra p\u00fablica como una manera de optimizar los recursos del Estado, es por esto que el 2018 marc\u00f3 un hito relevante para la instituci\u00f3n, al certificarse con la norma internacional ISO 9001:2015, basada en Sistemas de Gesti\u00f3n de la Calidad, en pos de garantizar un mejor servicio a los usuarios del SNCP.<\/p>\n<p style=\"text-align: justify;\">Consecuentemente, en el a\u00f1o 2019, el Sercop, vuelve a marcar un hito importante en la lucha contra la corrupci\u00f3n, al ser la primera instituci\u00f3n del pa\u00eds en certificar su Sistema de Gesti\u00f3n Anti-soborno bajo la norma internacional ISO 37001: 2016 en todos sus procesos a nivel nacional; y la primera a nivel regional, relacionada con contrataci\u00f3n p\u00fablica.<\/p>\n<p style=\"text-align: justify;\">Actualmente, los esfuerzos del Sercop se concentran en contar con una contrataci\u00f3n p\u00fablica en la que prime la transparencia y calidad; que exista un enfoque hacia la participaci\u00f3n de los actores de la contrataci\u00f3n p\u00fablica en t\u00e9rminos de inclusi\u00f3n, con un Sistema Oficial de Contrataci\u00f3n del Estado \u2013 SOCE, efectivo y moderno.<\/p>\n<div><!-- El Servicio Nacional de Contrataci\u00f3n P\u00fablica, Sercop, es la entidad rectora del Sistema Nacional de Contrataci\u00f3n P\u00fablica (SNCP), responsable de desarrollar y administrar el Sistema Oficial de Contrataci\u00f3n P\u00fablica del Ecuador y de establecer las pol\u00edticas y condiciones en la materia, a nivel nacional. La compra p\u00fablica, bajo la administraci\u00f3n del Gobierno del presidente Len\u00edn Moreno, es sin\u00f3nimo de transparencia, calidad, eficiencia, eficacia, y ahorro para el Estado; por eso el Sercop ha venido trabajando para garantizar la concurrencia, igualdad, oportunidad, trato justo e inclusi\u00f3n en los procesos de la contrataci\u00f3n p\u00fablica. En el a\u00f1o 2018, el monto total adjudicado en la contrataci\u00f3n p\u00fablica fue de 7.000,6 millones de d\u00f3lares, lo que represent\u00f3 el 20,1% del Presupuesto General del Estado (PGE) y el 6,4% del Producto Interno Bruto (PIB); dicho porcentaje es menor al registrado en todos los a\u00f1os anteriores, exceptuando el a\u00f1o 2017 (considerado como at\u00edpico por haber sido electoral). As\u00ed, en 2016 alcanz\u00f3 el 7,0%; en 2015 represent\u00f3 el 7,5% y en 2014 signific\u00f3 el 8,1%. El Sercop fortaleci\u00f3 su rol de supervisi\u00f3n y control a trav\u00e9s de la aplicaci\u00f3n de un modelo predictivo que identifica posibles riesgos en los procedimientos de contrataci\u00f3n p\u00fablica. En 2018 se supervisaron y monitorearon 7.076 procesos por oficio, alertas, reclamos, denuncias y retenciones indebidas de pago. Los procesos supervisados y monitoreados por la Instituci\u00f3n representan el 56% de la contrataci\u00f3n p\u00fablica; es decir 3984 millones de d\u00f3lares. Se generaron espacios de di\u00e1logo participativo a trav\u00e9s de los cuales se recibieron propuestas y criterios de todos los sectores que participan en la compra p\u00fablica: GADs, industrias, instituciones del ejecutivo, emprendedores de la Econom\u00eda Popular y Solidaria, academia y ciudadan\u00eda en general, con el fin de incrementar la concurrencia y optimizaci\u00f3n del gasto p\u00fablico. El Sercop, con la entrada en vigencia del \u201cAcuerdo Comercial entre la Uni\u00f3n Europea y sus Estados Miembros por una Parte, y Colombia, el Per\u00fa y Ecuador por Otra\u201d \u2013 ACMUE, durante 2018 puso a disposici\u00f3n de las Entidades Contratantes el\u00a0 Manual de Aplicaci\u00f3n del Acuerdo, que en su primera fase servir\u00e1 para verificar si las contrataciones p\u00fablicas de obras, bienes y servicios incluidos los de consultor\u00eda a ejecutar est\u00e1n cubiertas por el Acuerdo Comercial. En coordinaci\u00f3n con Ministerio de Producci\u00f3n, Comercio Exterior, Inversiones y Pesca y el Servicio Ecuatoriano de Normalizaci\u00f3n, se impulsa a los proveedores del Estado para que obtengan sellos de calidad sobre los productos que se ofertan a las instituciones p\u00fablicas. El Sercop promociona la calidad en la compra p\u00fablica como una manera para generar ahorro para el Estado, es por esto que durante el 2018 se certific\u00f3 tanto a nivel de matriz como de coordinaciones zonales con la Norma Internacional ISO 9001:2015, para la Implementaci\u00f3n del Sistema de Gesti\u00f3n de la Calidad, garantizando un mejor servicio para nuestros usuarios. Los actores de la Econom\u00eda Popular y Solidaria, durante 2018 tambi\u00e9n tuvieron un rol protag\u00f3nico en la contrataci\u00f3n p\u00fablica, puesto que su adjudicaci\u00f3n corresponde a 301,4 millones de d\u00f3lares, este monto signific\u00f3 un incremento del 7% respecto de lo adjudicado en el a\u00f1o 2017 y del 54% respecto el a\u00f1o 2016. La Instituci\u00f3n se plante\u00f3 una meta para el 2019: \u00a0la implementaci\u00f3n de la Norma 37001 para \u201cSistemas de Gesti\u00f3n Antisoborno\u201d, con el fin de contribuir al establecimiento de una cultura de integridad, transparencia, honestidad y anticorrupci\u00f3n, para as\u00ed convertirnos en una instituci\u00f3n p\u00fablica reconocida a nivel nacional y regional por su alto grado de transparencia, calidad y eficiencia. --><br \/>\n<span style=\"color: #000000;\">\u00a0<\/span><\/div>\n","protected":false},"excerpt":{"rendered":"<p class=\"excerpt\">&nbsp; El Servicio Nacional de Contrataci\u00f3n P\u00fablica (Sercop), es la entidad rectora del Sistema Nacional de Contrataci\u00f3n P\u00fablica (SNCP), responsable de desarrollar y administrar el Sistema Oficial de Contrataci\u00f3n P\u00fablica del Ecuador (SOCE) y de establecer las pol\u00edticas y condiciones de la contrataci\u00f3n p\u00fablica a nivel nacional; ha enfocado su gesti\u00f3n sobre la base de los ejes de transparencia, calidad,&hellip; <a href=\"https:\/\/portal.compraspublicas.gob.ec\/sercop\/la-institucion\/\">Read more &rarr;<\/a><\/p>\n","protected":false},"author":1,"featured_media":0,"parent":0,"menu_order":1,"comment_status":"open","ping_status":"open","template":"menugenerico.php","meta":[],"_links":{"self":[{"href":"https:\/\/portal.compraspublicas.gob.ec\/sercop\/wp-json\/wp\/v2\/pages\/394"}],"collection":[{"href":"https:\/\/portal.compraspublicas.gob.ec\/sercop\/wp-json\/wp\/v2\/pages"}],"about":[{"href":"https:\/\/portal.compraspublicas.gob.ec\/sercop\/wp-json\/wp\/v2\/types\/page"}],"author":[{"embeddable":true,"href":"https:\/\/portal.compraspublicas.gob.ec\/sercop\/wp-json\/wp\/v2\/users\/1"}],"replies":[{"embeddable":true,"href":"https:\/\/portal.compraspublicas.gob.ec\/sercop\/wp-json\/wp\/v2\/comments?post=394"}],"version-history":[{"count":18,"href":"https:\/\/portal.compraspublicas.gob.ec\/sercop\/wp-json\/wp\/v2\/pages\/394\/revisions"}],"predecessor-version":[{"id":60231,"href":"https:\/\/portal.compraspublicas.gob.ec\/sercop\/wp-json\/wp\/v2\/pages\/394\/revisions\/60231"}],"wp:attachment":[{"href":"https:\/\/portal.compraspublicas.gob.ec\/sercop\/wp-json\/wp\/v2\/media?parent=394"}],"curies":[{"name":"wp","href":"https:\/\/api.w.org\/{rel}","templated":true}]}}