{"id":39607,"date":"2020-01-01T21:19:52","date_gmt":"2020-01-02T02:19:52","guid":{"rendered":"http:\/\/portal.compraspublicas.gob.ec\/sercop\/?page_id=39607"},"modified":"2020-01-02T14:52:58","modified_gmt":"2020-01-02T19:52:58","slug":"montos-de-contratacion-2020","status":"publish","type":"page","link":"https:\/\/portal.compraspublicas.gob.ec\/sercop\/montos-de-contratacion-2020\/","title":{"rendered":"MONTOS DE CONTRATACI\u00d3N P\u00daBLICA 2020"},"content":{"rendered":"<table cellspacing=\"0\" cellpadding=\"0\">\n<tbody>\n<tr>\n<td style=\"text-align: center;\" colspan=\"3\" width=\"410\"><strong>MONTOS DE CONTRATACI\u00d3N P\u00daBLICA 2020<\/strong><\/td>\n<\/tr>\n<tr bgcolor=\"95b3d7\">\n<td style=\"text-align: center;\" colspan=\"3\"><span style=\"color: #ffffff;\"><strong>Presupueso Inicial del Estado: $ 35.498.420.637,20<\/strong><\/span><\/td>\n<\/tr>\n<tr bgcolor=\"366092\">\n<td style=\"text-align: center;\" width=\"164\"><span style=\"color: #ffffff;\"><strong>CONTRATACI\u00d3N<\/strong><\/span><\/td>\n<td style=\"text-align: center;\" width=\"246\"><span style=\"color: #ffffff;\"><strong>PROCEDIMIENTOS<\/strong><\/span><\/td>\n<td style=\"text-align: center;\" width=\"320\"><span style=\"color: #ffffff;\"><strong>MONTOS DE CONTRATACI\u00d3N<\/strong><\/span><\/td>\n<\/tr>\n<tr bgcolor=\"dce6f1\">\n<td rowspan=\"3\" width=\"164\"><strong>Bienes y Servicios Normalizados<\/strong><\/td>\n<td width=\"246\">Cat\u00e1logo Electr\u00f3nico<\/td>\n<td width=\"320\">\u00a0Sin l\u00edmite de monto<\/td>\n<\/tr>\n<tr bgcolor=\"dce6f1\">\n<td bgcolor=\"95b3d7\" width=\"246\">Subasta Inversa Electr\u00f3nica<\/td>\n<td bgcolor=\"95b3d7\" width=\"320\">\u00a0Mayor a $ 7.099,68<\/td>\n<\/tr>\n<tr bgcolor=\"dce6f1\">\n<td width=\"246\">\u00cdnfima Cuant\u00eda<\/td>\n<td width=\"320\">\u00a0Inferior a $ 7.099,68<\/td>\n<\/tr>\n<tr bgcolor=\"dce6f1\">\n<td rowspan=\"3\" width=\"164\"><strong>Bienes y Servicios No Normalizados<\/strong><\/td>\n<td width=\"246\">Menor Cuant\u00eda<\/td>\n<td width=\"320\">\u00a0Inferior a $ 70.996,84<\/td>\n<\/tr>\n<tr bgcolor=\"dce6f1\">\n<td bgcolor=\"95b3d7\" width=\"246\">Cotizaci\u00f3n<\/td>\n<td bgcolor=\"95b3d7\" width=\"320\">\u00a0Entre $ 70.996,84 y $ 532.476,31<\/td>\n<\/tr>\n<tr bgcolor=\"dce6f1\">\n<td width=\"246\">Licitaci\u00f3n<\/td>\n<td width=\"320\">\u00a0Mayor a $ 532.476,31<\/td>\n<\/tr>\n<tr bgcolor=\"dce6f1\">\n<td rowspan=\"4\" width=\"164\"><strong>Obras<\/strong><\/td>\n<td width=\"246\">Menor Cuant\u00eda<\/td>\n<td width=\"320\">\u00a0Inferior a $ 248.488,94<\/td>\n<\/tr>\n<tr bgcolor=\"dce6f1\">\n<td bgcolor=\"95b3d7\" width=\"246\">Cotizaci\u00f3n<\/td>\n<td bgcolor=\"95b3d7\" width=\"320\">\u00a0Entre $ 248.488,94 y $ 1.064.952,62<\/td>\n<\/tr>\n<tr bgcolor=\"dce6f1\">\n<td width=\"246\">Licitaci\u00f3n<\/td>\n<td width=\"320\">\u00a0Mayor a $ 1.064.952,62<\/td>\n<\/tr>\n<tr bgcolor=\"dce6f1\">\n<td bgcolor=\"95b3d7\" width=\"246\">Contrataci\u00f3n Integral por Precio Fijo<\/td>\n<td bgcolor=\"95b3d7\" width=\"320\">\u00a0Mayor a $ 248.488,94<\/td>\n<\/tr>\n<tr bgcolor=\"dce6f1\">\n<td rowspan=\"3\" width=\"164\"><strong>Consultor\u00eda<\/strong><\/td>\n<td width=\"246\">Contrataci\u00f3n Directa<\/td>\n<td width=\"320\">\u00a0Menor o igual a $ 70.996,84<\/td>\n<\/tr>\n<tr bgcolor=\"dce6f1\">\n<td bgcolor=\"95b3d7\" width=\"246\">Lista Corta<\/td>\n<td bgcolor=\"95b3d7\" width=\"320\">\u00a0Mayor a $ 70.996,84 y menor a $ 532.476,31<\/td>\n<\/tr>\n<tr bgcolor=\"dce6f1\">\n<td width=\"246\">Concurso P\u00fablico<\/td>\n<td width=\"320\">\u00a0Mayor o igual a $ 532.476,31<\/td>\n<\/tr>\n<tr bgcolor=\"dce6f1\">\n<td width=\"164\"><strong>Bienes y Servicios\u00a0 Normalizados y No Normalizados y Obras<\/strong><\/td>\n<td width=\"246\">Ferias Inclusivas<\/td>\n<td width=\"320\">\u00a0Sin l\u00edmite de monto<\/td>\n<\/tr>\n<\/tbody>\n<\/table>\n<p>&nbsp;<\/p>\n<p>&nbsp;<\/p>\n<table width=\"917\">\n<tbody>\n<tr>\n<td style=\"text-align: center;\" colspan=\"4\" width=\"410\"><strong>MONTOS DE CONTRATACI\u00d3N 2020<\/strong><br \/>\n<strong>ACUERDO COMERCIAL CON LA UNI\u00d3N EUROPEA<\/strong><\/td>\n<\/tr>\n<tr>\n<td style=\"text-align: center;\" colspan=\"4\">(Desde el 1 de enero 2020 al 31 de diciembre de 2021)<\/td>\n<\/tr>\n<tr>\n<td><\/td>\n<td><\/td>\n<td><\/td>\n<td><\/td>\n<\/tr>\n<tr>\n<td><\/td>\n<td><\/td>\n<td style=\"text-align: center;\" colspan=\"2\" bgcolor=\"95b3d7\" width=\"320\"><span style=\"color: #ffffff;\"><strong>UMBRAL ECUADOR 2020-2021<\/strong><\/span><\/td>\n<\/tr>\n<tr bgcolor=\"95b3d7\">\n<td width=\"164\"><span style=\"color: #ffffff;\"><strong>NIVEL DE GOBIERNO<\/strong><\/span><\/td>\n<td style=\"text-align: center;\" width=\"246\"><span style=\"color: #ffffff;\"><strong>TIPO DE COMPRA<\/strong><\/span><\/td>\n<td style=\"text-align: center;\" width=\"320\"><span style=\"color: #ffffff;\"><strong>USD (miles)<\/strong><\/span><\/td>\n<td style=\"text-align: center;\" width=\"187\"><span style=\"color: #ffffff;\"><strong>DEG (miles)<\/strong><\/span><\/td>\n<\/tr>\n<tr bgcolor=\"b7dee8\">\n<td rowspan=\"3\"><strong>NIVEL CENTRAL<\/strong><\/td>\n<td>Bienes<\/td>\n<td>363<\/td>\n<td>260<\/td>\n<\/tr>\n<tr bgcolor=\"b7dee8\">\n<td>Servicios<\/td>\n<td>363<\/td>\n<td>260<\/td>\n<\/tr>\n<tr bgcolor=\"b7dee8\">\n<td>Obras<\/td>\n<td>8.383<\/td>\n<td>6000<\/td>\n<\/tr>\n<tr bgcolor=\"dce6f1\">\n<td rowspan=\"3\"><strong>NIVEL SUBCENTRAL<\/strong><\/td>\n<td>Bienes<\/td>\n<td>489<\/td>\n<td>350<\/td>\n<\/tr>\n<tr bgcolor=\"dce6f1\">\n<td>Servicios<\/td>\n<td>489<\/td>\n<td>350<\/td>\n<\/tr>\n<tr bgcolor=\"dce6f1\">\n<td>Obras<\/td>\n<td>8.383<\/td>\n<td>6.000<\/td>\n<\/tr>\n<tr bgcolor=\"e4dfec\">\n<td rowspan=\"3\"><strong>OTROS<\/strong><\/td>\n<td>Bienes<\/td>\n<td>559<\/td>\n<td>400<\/td>\n<\/tr>\n<tr bgcolor=\"e4dfec\">\n<td>Servicios<\/td>\n<td>559<\/td>\n<td>400<\/td>\n<\/tr>\n<tr bgcolor=\"e4dfec\">\n<td>Obras<\/td>\n<td>8.383<\/td>\n<td>6000<\/td>\n<\/tr>\n<\/tbody>\n<\/table>\n<p>&nbsp;<\/p>\n<table width=\"730\">\n<tbody>\n<tr>\n<td style=\"text-align: center;\" colspan=\"3\" width=\"410\"><strong>MONTOS DE CONTRATACI\u00d3N 2020<\/strong><br \/>\n<strong>CON FONDOS BID<\/strong><\/td>\n<\/tr>\n<tr>\n<td><\/td>\n<td width=\"246\"><\/td>\n<td width=\"320\"><\/td>\n<\/tr>\n<tr>\n<td style=\"text-align: center;\" colspan=\"3\" bgcolor=\"95b3d7\"><span style=\"color: #ffffff;\"><strong>Presupuesto Inicial del Estado: $ 35.498.420.637,20<\/strong><\/span><\/td>\n<\/tr>\n<tr bgcolor=\"366092\">\n<td style=\"text-align: center;\" width=\"164\"><span style=\"color: #ffffff;\"><strong>CONTRATACI\u00d3N<\/strong><\/span><\/td>\n<td style=\"text-align: center;\" width=\"246\"><span style=\"color: #ffffff;\"><strong>PROCEDIMIENTOS<\/strong><\/span><\/td>\n<td style=\"text-align: center;\" width=\"320\"><span style=\"color: #ffffff;\"><strong>MONTOS DE CONTRATACI\u00d3N<\/strong><\/span><\/td>\n<\/tr>\n<tr bgcolor=\"dce6f1\">\n<td width=\"164\"><strong>Bienes y Servicios Normalizados<\/strong><\/td>\n<td width=\"246\">Subasta Inversa Electr\u00f3nica<\/td>\n<td width=\"320\">Mayor a $ 7.099,68 hasta $ 250.000<\/td>\n<\/tr>\n<tr bgcolor=\"dce6f1\">\n<td rowspan=\"2\" width=\"164\"><strong>Bienes y Servicios No Normalizados<\/strong><\/td>\n<td width=\"246\">Menor Cuant\u00eda<\/td>\n<td width=\"320\">Inferior a $ 70.996,84<\/td>\n<\/tr>\n<tr bgcolor=\"95b3d7\">\n<td width=\"246\">Cotizaci\u00f3n<\/td>\n<td width=\"320\">Entre $ 70.996,84 y $ 250.000<\/td>\n<\/tr>\n<tr bgcolor=\"dce6f1\">\n<td rowspan=\"3\" width=\"164\"><strong>Obras<\/strong><\/td>\n<td width=\"246\">Menor Cuant\u00eda<\/td>\n<td width=\"320\">Inferior a $ 248.488,94<\/td>\n<\/tr>\n<tr bgcolor=\"95b3d7\">\n<td width=\"246\">Cotizaci\u00f3n<\/td>\n<td width=\"320\">Entre $248.488,94 y $ 1&#8217;064.952,62<\/td>\n<\/tr>\n<tr bgcolor=\"dce6f1\">\n<td width=\"246\">Licitaci\u00f3n<\/td>\n<td width=\"320\">Mayor a $ 1&#8217;064.952,62 hasta 3&#8217;000.000<\/td>\n<\/tr>\n<tr bgcolor=\"dce6f1\">\n<td rowspan=\"2\" width=\"164\"><strong>Consultor\u00eda<\/strong><\/td>\n<td width=\"246\">Contrataci\u00f3n Directa<\/td>\n<td width=\"320\">Menor o Igual a $ 70.996,84<\/td>\n<\/tr>\n<tr bgcolor=\"95b3d7\">\n<td width=\"246\">Lista Corta<\/td>\n<td width=\"320\">Mayor a $ 70.996,84 y Menor a $ 200.000<\/td>\n<\/tr>\n<\/tbody>\n<\/table>\n","protected":false},"excerpt":{"rendered":"<p class=\"excerpt\">MONTOS DE CONTRATACI\u00d3N P\u00daBLICA 2020 Presupueso Inicial del Estado: $ 35.498.420.637,20 CONTRATACI\u00d3N PROCEDIMIENTOS MONTOS DE CONTRATACI\u00d3N Bienes y Servicios Normalizados Cat\u00e1logo Electr\u00f3nico \u00a0Sin l\u00edmite de monto Subasta Inversa Electr\u00f3nica \u00a0Mayor a $ 7.099,68 \u00cdnfima Cuant\u00eda \u00a0Inferior a $ 7.099,68 Bienes y Servicios No Normalizados Menor Cuant\u00eda \u00a0Inferior a $ 70.996,84 Cotizaci\u00f3n \u00a0Entre $ 70.996,84 y $ 532.476,31 Licitaci\u00f3n \u00a0Mayor a&hellip; <a href=\"https:\/\/portal.compraspublicas.gob.ec\/sercop\/montos-de-contratacion-2020\/\">Read more &rarr;<\/a><\/p>\n","protected":false},"author":75,"featured_media":0,"parent":0,"menu_order":0,"comment_status":"closed","ping_status":"closed","template":"menugenerico.php","meta":[],"_links":{"self":[{"href":"https:\/\/portal.compraspublicas.gob.ec\/sercop\/wp-json\/wp\/v2\/pages\/39607"}],"collection":[{"href":"https:\/\/portal.compraspublicas.gob.ec\/sercop\/wp-json\/wp\/v2\/pages"}],"about":[{"href":"https:\/\/portal.compraspublicas.gob.ec\/sercop\/wp-json\/wp\/v2\/types\/page"}],"author":[{"embeddable":true,"href":"https:\/\/portal.compraspublicas.gob.ec\/sercop\/wp-json\/wp\/v2\/users\/75"}],"replies":[{"embeddable":true,"href":"https:\/\/portal.compraspublicas.gob.ec\/sercop\/wp-json\/wp\/v2\/comments?post=39607"}],"version-history":[{"count":5,"href":"https:\/\/portal.compraspublicas.gob.ec\/sercop\/wp-json\/wp\/v2\/pages\/39607\/revisions"}],"predecessor-version":[{"id":39619,"href":"https:\/\/portal.compraspublicas.gob.ec\/sercop\/wp-json\/wp\/v2\/pages\/39607\/revisions\/39619"}],"wp:attachment":[{"href":"https:\/\/portal.compraspublicas.gob.ec\/sercop\/wp-json\/wp\/v2\/media?parent=39607"}],"curies":[{"name":"wp","href":"https:\/\/api.w.org\/{rel}","templated":true}]}}