{"id":39639,"date":"2020-01-04T11:38:28","date_gmt":"2020-01-04T16:38:28","guid":{"rendered":"http:\/\/portal.compraspublicas.gob.ec\/sercop\/?page_id=39639"},"modified":"2020-12-29T15:49:04","modified_gmt":"2020-12-29T20:49:04","slug":"politica-de-privacidad","status":"publish","type":"page","link":"https:\/\/portal.compraspublicas.gob.ec\/sercop\/politica-de-privacidad\/","title":{"rendered":"Pol\u00edtica de privacidad"},"content":{"rendered":"<p align=\"center\"><b>Pol\u00edtica para el tratamiento de datos personales en el portal web del Servicio Nacional de contrataci\u00f3n P\u00fablica<\/b><\/p>\n<h4 class=\"western\">I. POL\u00cdTICA DE PRIVACIDAD<\/h4>\n<p>&nbsp;<\/p>\n<ol>\n<li>\n<p align=\"justify\"><b>Alcance<\/b><\/p>\n<\/li>\n<\/ol>\n<p align=\"justify\">Esta pol\u00edtica de privacidad se aplica a todos los datos personales recolectados a trav\u00e9s portal web informativo y transaccional del Servicio Nacional de Contrataci\u00f3n P\u00fablica (SERCOP).<\/p>\n<p align=\"justify\">Web informativo:<\/p>\n<ul>\n<li>\n<p align=\"justify\"><a href=\"http:\/\/capacitate.compraspublicas.gob.ec\/virtual\/\">http:\/\/capacitate.compraspublicas.gob.ec\/virtual\/<\/a><\/p>\n<\/li>\n<li>\n<p align=\"justify\"><a href=\"https:\/\/sercopcapacita.compraspublicas.gob.ec\/sercopcapacita\/\">https:\/\/sercopcapacita.compraspublicas.gob.ec\/sercopcapacita\/<\/a><\/p>\n<\/li>\n<li>\n<p align=\"justify\"><a href=\"https:\/\/subastademedicamentos.compraspublicas.gob.ec\/\">https:\/\/subastademedicamentos.compraspublicas.gob.ec\/<\/a><\/p>\n<\/li>\n<li>\n<p align=\"justify\"><a href=\"https:\/\/ecuadorprovee.compraspublicas.gob.ec\/pt_pg_fn\/\">https:\/\/ecuadorprovee.compraspublicas.gob.ec\/pt_pg_fn\/<\/a><\/p>\n<\/li>\n<li>\u00a0\u00a0 <a href=\"https:\/\/comprascorporativas.compraspublicas.gob.ec\/\">https:\/\/comprascorporativas.compraspublicas.gob.ec\/<\/a><\/li>\n<li>\n<p align=\"justify\"><a href=\"https:\/\/portal.compraspublicas.gob.ec\/sercop\/\">https:\/\/portal.compraspublicas.gob.ec\/sercop\/<\/a><\/p>\n<\/li>\n<li>\n<p align=\"justify\"><a href=\"https:\/\/compracorporativasalud.compraspublicas.gob.ec\/\">https:\/\/compracorporativasalud.compraspublicas.gob.ec\/<\/a><\/p>\n<\/li>\n<li>\n<p align=\"justify\"><a href=\"https:\/\/compracorporativasalud.compraspublicas.gob.ec\/sicm2020\/\">https:\/\/compracorporativasalud.compraspublicas.gob.ec\/sicm2020\/<\/a><\/p>\n<\/li>\n<li>\n<p align=\"justify\"><a href=\"https:\/\/compracorporativasalud.compraspublicas.gob.ec\/logistica\/\">https:\/\/compracorporativasalud.compraspublicas.gob.ec\/logistica\/<\/a><\/p>\n<\/li>\n<\/ul>\n<p align=\"justify\">Web transaccionales:<\/p>\n<ul>\n<li>\n<p align=\"justify\"><a href=\"https:\/\/www.compraspublicas.gob.ec\/ProcesoContratacion\/compras\/\">https:\/\/www.compraspublicas.gob.ec\/ProcesoContratacion\/compras\/<\/a><\/p>\n<\/li>\n<li>\n<p align=\"justify\"><a href=\"https:\/\/catalogo.compraspublicas.gob.ec\/\">https:\/\/catalogo.compraspublicas.gob.ec\/<\/a><\/p>\n<\/li>\n<li>\n<p align=\"justify\"><a href=\"https:\/\/capacitacatalogo.compraspublicas.gob.ec\/\">https:\/\/capacitacatalogo.compraspublicas.gob.ec\/<\/a><\/p>\n<\/li>\n<\/ul>\n<p align=\"justify\">En el SERCOP todos los funcionarios que realiza el tratamiento de datos personales, suscriben acuerdos de confidencialidad de la informaci\u00f3n.<\/p>\n<ol start=\"2\">\n<li>\n<p align=\"justify\"><b>Datos que se recolecta: <\/b><\/p>\n<\/li>\n<\/ol>\n<p align=\"justify\">En el portal web <a href=\"https:\/\/www.compraspublicas.gob.ec\/ProcesoContratacion\/compras\/\">https:\/\/www.compraspublicas.gob.ec\/ProcesoContratacion\/compras\/<\/a> del SERCOP recopila los siguientes datos personales:<\/p>\n<ul>\n<li>\n<p align=\"justify\">Nombres completos,<\/p>\n<\/li>\n<li>\n<p align=\"justify\">Apellidos completos<\/p>\n<\/li>\n<li>\n<p align=\"justify\">C\u00e9dula de ciudadan\u00eda,<\/p>\n<\/li>\n<li>\n<p align=\"justify\">Fecha de nacimiento.<\/p>\n<\/li>\n<li>\n<p align=\"justify\">Direcci\u00f3n de correo electr\u00f3nico,<\/p>\n<\/li>\n<li>\n<p align=\"justify\">Educaci\u00f3n e informaci\u00f3n profesional<\/p>\n<\/li>\n<li>\n<p align=\"justify\">Provincia de residencia,<\/p>\n<\/li>\n<li>\n<p align=\"justify\">Ciudad de residencia,<\/p>\n<\/li>\n<li>\n<p align=\"justify\">N\u00fameros de contacto,<\/p>\n<\/li>\n<li>\n<p align=\"justify\">Datos de autentificaci\u00f3n<\/p>\n<\/li>\n<li>\n<p align=\"justify\">Y otros datos que usted cargue o nos proporcione<\/p>\n<\/li>\n<\/ul>\n<p align=\"justify\"><em><b>Pol\u00edticas de Registro<\/b><\/em><\/p>\n<p align=\"justify\">El SERCOP registra autom\u00e1ticamente las direcciones de Protocolos de Internet (IP) de los usuarios. Hacemos un seguimiento de las p\u00e1ginas visitadas en el portal de compras p\u00fablicas del SERCOP, la cantidad de tiempo que pasa dentro del Sistema, tambi\u00e9n almacena los datos que usted transmite, esto puede incluir:<\/p>\n<ul>\n<li>\n<p align=\"justify\">Comportamiento de navegaci\u00f3n en la p\u00e1gina,<\/p>\n<\/li>\n<li>\n<p align=\"justify\">Navegador utilizado.<\/p>\n<\/li>\n<li>\n<p align=\"justify\">Fecha y hora de solicitud del servidor.<\/p>\n<\/li>\n<\/ul>\n<ol start=\"3\">\n<li>\n<p align=\"justify\"><b>Finalidad<\/b><\/p>\n<\/li>\n<\/ol>\n<p align=\"justify\">El Servicio Nacional de Contrataci\u00f3n P\u00fablica (SERCOP) utiliza su informaci\u00f3n personal para los siguientes fines:<\/p>\n<ul>\n<li>\n<p align=\"justify\">Para proporcionar soporte u otros servicios, el Servicio Nacional de Contrataci\u00f3n P\u00fablica (SERCOP) puede usar su informaci\u00f3n personal para proporcionarle asistencia u otros servicios que haya solicitado. El Servicio Nacional de Contrataci\u00f3n P\u00fablica (SERCOP) tambi\u00e9n puede usar su informaci\u00f3n personal para responder directamente a sus solicitudes de informaci\u00f3n.<\/p>\n<\/li>\n<\/ul>\n<ul>\n<li>\n<p align=\"justify\">Para proporcionar informaci\u00f3n basada en sus necesidades y responder a sus solicitudes, Servicio Nacional de Contrataci\u00f3n P\u00fablica (SERCOP) puede usar su informaci\u00f3n personal para proporcionarle avisos de nuevos lanzamientos de productos y desarrollos de servicios.<\/p>\n<\/li>\n<\/ul>\n<ul>\n<li>\n<p align=\"justify\">Para administrar servicios. El Servicio Nacional de Contrataci\u00f3n P\u00fablica (SERCOP) puede contactarlo para confirmar cierta informaci\u00f3n.<\/p>\n<\/li>\n<\/ul>\n<ul>\n<li>\n<p align=\"justify\">Para evaluar el uso de los productos o servicios. El Servicio Nacional de Contrataci\u00f3n P\u00fablica (SERCOP) puede rastrear el uso de los servicios para determinar su nivel de uso, esas estad\u00edsticas son para uso exclusivo de la entidad.<\/p>\n<\/li>\n<\/ul>\n<ul>\n<li>\n<p align=\"justify\">Para considerarlo para un reconocimiento o distinci\u00f3n.<\/p>\n<\/li>\n<\/ul>\n<ul>\n<li>\n<p align=\"justify\">Para proteger contenidos y servicios. Podemos usar su informaci\u00f3n para prevenir actividades potencialmente ilegales y para hacer cumplir nuestros t\u00e9rminos y condiciones. Tambi\u00e9n utilizamos una variedad de sistemas tecnol\u00f3gicos para detectar y abordar actividades an\u00f3malas y para analizar el contenido a fin de evitar abusos, como el spam.<\/p>\n<\/li>\n<\/ul>\n<ul>\n<li>\n<p align=\"justify\">Para obtener retroalimentaci\u00f3n o aportaci\u00f3n de usted. Con el fin de ofrecer productos y servicios de mayor inter\u00e9s (por ejemplo, a trav\u00e9s de encuestas, estudios de usabilidad, grupos de enfoque).<\/p>\n<\/li>\n<\/ul>\n<p align=\"justify\"><i><b>Datos personales de ni\u00f1os<\/b><\/i><\/p>\n<p align=\"justify\">El Servicio Nacional de Contrataci\u00f3n P\u00fablica (SERCOP) no recopila datos de o sobre ni\u00f1os\/as.<\/p>\n<ol start=\"4\">\n<li>\n<p align=\"justify\"><b>Proceso para ejercer derecho de Acceso y Rectificaci\u00f3n:\u00a0<\/b><\/p>\n<\/li>\n<\/ol>\n<p align=\"justify\">Se reconoce a los titulares de datos personales el <i>Acceso y Rectificaci\u00f3n<\/i> al tratamiento que se realice sobre sus datos, para lo cual debe seguir el respectivo proceso, mediante la atenci\u00f3n y servicio al cliente del Servicio Nacional de Contrataci\u00f3n P\u00fablica (SERCOP).<\/p>\n<p align=\"justify\"><i><b>Derecho de Acceso<\/b><\/i><\/p>\n<p align=\"justify\">Debe solicitar directamente el requerimiento por atenci\u00f3n al cliente y se procede a realizar los cambios requeridos dentro de las posibilidades de funcionario, caso contrario se genera un incidente con la descripci\u00f3n conteniendo la informaci\u00f3n requerida dependiendo el caso.<\/p>\n<p align=\"justify\"><i><b>Derecho de Rectificaci\u00f3n.<\/b><\/i><\/p>\n<p align=\"justify\">El Servicio Nacional de Contrataci\u00f3n P\u00fablica (SERCOP) analiza si el pedido es procedente o no y comunica al titular notificando dicho particular.<\/p>\n<ol start=\"5\">\n<li>\n<p align=\"justify\"><b>Notificaciones cuando existan cambios en la pol\u00edtica de privacidad: <\/b><\/p>\n<\/li>\n<\/ol>\n<p align=\"justify\">El Servicio Nacional de Contrataci\u00f3n P\u00fablica (SERCOP) puede actualizar su Pol\u00edtica de Privacidad cuando sea necesario. Si realizamos cambios sustanciales, notificaremos mediante un aviso en este sitio web. Le recomendamos que revise peri\u00f3dicamente esta p\u00e1gina para obtener la informaci\u00f3n m\u00e1s reciente sobre nuestra pol\u00edtica de privacidad.<\/p>\n<ol start=\"6\">\n<li>\n<p align=\"justify\"><b>Uso de cookies:\u00a0<\/b><\/p>\n<\/li>\n<\/ol>\n<p align=\"justify\">El Servicio Nacional de Contrataci\u00f3n P\u00fablica (SERCOP) puede utilizar sus datos personales, incluidos los datos recopilados para ayudar a crear y personalizar el contenido del sitio web, mejora la calidad del sitio web, realizar el seguimiento de la capacidad de respuesta de los servicios entregados.<\/p>\n<p align=\"justify\">No compartimos sus datos personales sin su consentimiento. Cuando hace clic o interact\u00faa con un anuncio o banner, existe la posibilidad de que el propietario de este recurso pueda colocar una cookie en su navegador con sus propias condiciones de uso.<\/p>\n<ol start=\"7\">\n<li>\n<p align=\"justify\"><b>Medidas para precautelar la seguridad de los datos personales: <\/b><\/p>\n<\/li>\n<\/ol>\n<p align=\"justify\">El Servicio Nacional de Contrataci\u00f3n P\u00fablica (SERCOP) protege la confidencialidad, integridad y disponibilidad de los activos de informaci\u00f3n al seguir un enfoque de administraci\u00f3n de riesgos basado en pol\u00edticas, procedimientos para cumplir con los objetivos de seguridad.<\/p>\n<p align=\"justify\">El Servicio Nacional de Contrataci\u00f3n P\u00fablica (SERCOP) utiliza el protocolo HTTPS para brindar seguridad en el uso de este canal electr\u00f3nico y mitiga los riesgos utilizando el <em>\u00abEsquema Gubernamental de Seguridad de la Informaci\u00f3n\u00bb<\/em> EGSI, Normas ISO 27000, OWAS.<\/p>\n<ol start=\"8\">\n<li>\n<p align=\"justify\"><b>Base legal que sustenta el tratamiento de los datos<\/b>:<\/p>\n<\/li>\n<\/ol>\n<p align=\"justify\">El Servicio Nacional de Contrataci\u00f3n P\u00fablica (SERCOP) fundamenta el tratamiento que da a los datos personales en los siguientes instrumentos legales:<\/p>\n<ul>\n<li>\n<p align=\"justify\">COESCCi, Disposiciones Generales, VIG\u00c9SIMA SEPTIMA.- \u201c(\u2026) El tratamiento de datos personales que incluya acciones tales como la recopilaci\u00f3n, sistematizaci\u00f3n y almacenamiento de datos personales, requerir\u00e1 la autorizaci\u00f3n previa e informada del titular. No se requerir\u00e1 de la autorizaci\u00f3n del titular cuando el tratamiento sea desarrollado por una instituci\u00f3n p\u00fablica y tenga una finalidad estad\u00edstica o cient\u00edfica; de protecci\u00f3n a la salud o seguridad; o sea realizado como parte de una pol\u00edtica p\u00fablica de garant\u00eda de derechos constitucionalmente reconocidos\u201d.<\/p>\n<\/li>\n<li>\n<p align=\"justify\">Decreto Ejecutivo No. 1384, diciembre 2012, que establece como pol\u00edtica p\u00fablica el desarrollo de la interoperabilidad gubernamental que consiste en el esfuerzo mancomunado y permanente de todas las entidades de la Administraci\u00f3n P\u00fablica Central, para compartir e intercambiar entre ellas, por medio de las tecnolog\u00edas de la informaci\u00f3n y comunicaci\u00f3n, datos e informaci\u00f3n electr\u00f3nicos que son necesarios en la prestaci\u00f3n de los tr\u00e1mites y servicios ciudadanos que presentan las entidades, as\u00ed como en la gesti\u00f3n interna e interinstitucional.<\/p>\n<\/li>\n<\/ul>\n<h4 class=\"western\">II. T\u00c9RMINOS Y CONDICIONES DE USO<\/h4>\n<p align=\"justify\">El uso de este portal o de cualquiera de sus componentes, implica la aceptaci\u00f3n expresa de los presentes T\u00e9rminos y condiciones de uso.<\/p>\n<p align=\"justify\">El Servicio Nacional de Contrataci\u00f3n P\u00fablica (SERCOP) dispone de este portal web para prestar informaci\u00f3n a los ciudadanos sobre la gesti\u00f3n que lleva adelante.<\/p>\n<p align=\"justify\">Los datos que han recibido tratamiento estad\u00edstico pueden est\u00e1n disponibles en formatos abiertos, para facilitar su utilizaci\u00f3n.<\/p>\n<p align=\"justify\">Los tr\u00e1mites o servicios que se realicen despu\u00e9s de las dieciocho horas o en d\u00edas inh\u00e1biles, se considerar\u00e1n realizados al d\u00eda h\u00e1bil siguiente.<\/p>\n<p align=\"justify\"><i><b>Responsabilidad<\/b><\/i><\/p>\n<p align=\"justify\">El Servicio Nacional de Contrataci\u00f3n P\u00fablica (SERCOP) solamente ser\u00e1 responsable del tratamiento y uso de los datos personales que recabe en forma directa a trav\u00e9s de este canal electr\u00f3nico.<\/p>\n<p align=\"justify\">El Servicio Nacional de Contrataci\u00f3n P\u00fablica (SERCOP) se deslinda de cualquier responsabilidad que pueda generar al usuario por cualquier uso inadecuado o contrario a los fines de este canal electr\u00f3nico.<\/p>\n<p align=\"justify\">El Servicio Nacional de Contrataci\u00f3n P\u00fablica (SERCOP) no se hace responsable por la veracidad o exactitud de la informaci\u00f3n contenida en los enlaces a otros sitios web o que haya sido entregada por terceros.<\/p>\n<p align=\"justify\"><b>Son obligaciones del usuario<\/b><\/p>\n<ul>\n<li>\n<p align=\"justify\">No da\u00f1ar, inutilizar, modificar o deteriorar los canales electr\u00f3nicos a los que est\u00e1 teniendo acceso, ni los contenidos incorporados y almacenados en \u00e9stos.<\/p>\n<\/li>\n<li>\n<p align=\"justify\">\u00a0No utilizar versiones de sistemas modificados con el fin de obtener accesos no autorizados a cualquier canal electr\u00f3nico, contenido y\/o servicios ofrecidos a trav\u00e9s de estos.<\/p>\n<\/li>\n<li>\n<p align=\"justify\">No interferir ni interrumpir el acceso, funcionalidad y utilizaci\u00f3n de canales electr\u00f3nicos y redes conectados al mismo.<\/p>\n<\/li>\n<\/ul>\n","protected":false},"excerpt":{"rendered":"<p class=\"excerpt\">Pol\u00edtica para el tratamiento de datos personales en el portal web del Servicio Nacional de contrataci\u00f3n P\u00fablica I. POL\u00cdTICA DE PRIVACIDAD &nbsp; Alcance Esta pol\u00edtica de privacidad se aplica a todos los datos personales recolectados a trav\u00e9s portal web informativo y transaccional del Servicio Nacional de Contrataci\u00f3n P\u00fablica (SERCOP). Web informativo: http:\/\/capacitate.compraspublicas.gob.ec\/virtual\/ https:\/\/sercopcapacita.compraspublicas.gob.ec\/sercopcapacita\/ https:\/\/subastademedicamentos.compraspublicas.gob.ec\/ https:\/\/ecuadorprovee.compraspublicas.gob.ec\/pt_pg_fn\/ \u00a0\u00a0 https:\/\/comprascorporativas.compraspublicas.gob.ec\/ https:\/\/portal.compraspublicas.gob.ec\/sercop\/ https:\/\/compracorporativasalud.compraspublicas.gob.ec\/ https:\/\/compracorporativasalud.compraspublicas.gob.ec\/sicm2020\/&hellip; <a href=\"https:\/\/portal.compraspublicas.gob.ec\/sercop\/politica-de-privacidad\/\">Read more &rarr;<\/a><\/p>\n","protected":false},"author":1,"featured_media":0,"parent":0,"menu_order":0,"comment_status":"closed","ping_status":"closed","template":"","meta":[],"_links":{"self":[{"href":"https:\/\/portal.compraspublicas.gob.ec\/sercop\/wp-json\/wp\/v2\/pages\/39639"}],"collection":[{"href":"https:\/\/portal.compraspublicas.gob.ec\/sercop\/wp-json\/wp\/v2\/pages"}],"about":[{"href":"https:\/\/portal.compraspublicas.gob.ec\/sercop\/wp-json\/wp\/v2\/types\/page"}],"author":[{"embeddable":true,"href":"https:\/\/portal.compraspublicas.gob.ec\/sercop\/wp-json\/wp\/v2\/users\/1"}],"replies":[{"embeddable":true,"href":"https:\/\/portal.compraspublicas.gob.ec\/sercop\/wp-json\/wp\/v2\/comments?post=39639"}],"version-history":[{"count":7,"href":"https:\/\/portal.compraspublicas.gob.ec\/sercop\/wp-json\/wp\/v2\/pages\/39639\/revisions"}],"predecessor-version":[{"id":43401,"href":"https:\/\/portal.compraspublicas.gob.ec\/sercop\/wp-json\/wp\/v2\/pages\/39639\/revisions\/43401"}],"wp:attachment":[{"href":"https:\/\/portal.compraspublicas.gob.ec\/sercop\/wp-json\/wp\/v2\/media?parent=39639"}],"curies":[{"name":"wp","href":"https:\/\/api.w.org\/{rel}","templated":true}]}}