{"id":40134,"date":"2020-02-10T16:06:42","date_gmt":"2020-02-10T21:06:42","guid":{"rendered":"http:\/\/portal.compraspublicas.gob.ec\/sercop\/?page_id=40134"},"modified":"2020-02-11T12:32:22","modified_gmt":"2020-02-11T17:32:22","slug":"comunicados-oficiales-febrero","status":"publish","type":"page","link":"https:\/\/portal.compraspublicas.gob.ec\/sercop\/comunicados-oficiales-febrero\/","title":{"rendered":"Comunicados Oficiales &#8211; Febrero"},"content":{"rendered":"<p><a href=\"https:\/\/portal.compraspublicas.gob.ec\/sercop\/wp-content\/uploads\/2020\/02\/banner_comunicados_febrero1.jpg\"><img loading=\"lazy\" class=\"alignnone size-full wp-image-40153\" src=\"https:\/\/portal.compraspublicas.gob.ec\/sercop\/wp-content\/uploads\/2020\/02\/banner_comunicados_febrero1.jpg\" alt=\"\" width=\"590\" height=\"112\" srcset=\"https:\/\/portal.compraspublicas.gob.ec\/sercop\/wp-content\/uploads\/2020\/02\/banner_comunicados_febrero1.jpg 590w, https:\/\/portal.compraspublicas.gob.ec\/sercop\/wp-content\/uploads\/2020\/02\/banner_comunicados_febrero1-300x57.jpg 300w\" sizes=\"(max-width: 590px) 100vw, 590px\" \/><\/a><\/p>\n<p>&nbsp;<\/p>\n<table style=\"height: 194px;\" width=\"564\">\n<tbody>\n<tr>\n<td width=\"550\"><a href=\"https:\/\/portal.compraspublicas.gob.ec\/sercop\/solicitud-de-permiso-de-funcionamiento-y-certificaciones-de-buenas-practicas-para-adquisicion-de-bienes-en-salud-publica\/\">Solicitud de permiso de funcionamiento y certificaciones de buenas pr\u00e1cticas para adquisici\u00f3n de bienes en salud p\u00fablica<\/a><\/td>\n<\/tr>\n<tr>\n<td><a href=\"https:\/\/portal.compraspublicas.gob.ec\/sercop\/deshabilitacion-temporal-de-las-categorias-kit-de-uniformes-escolares-y-uniformes-interculturales-bilingues\/\">Deshabilitaci\u00f3n temporal de las categor\u00edas Kit de Uniformes Escolares y Uniformes Interculturales Biling\u00fces<\/a><\/td>\n<\/tr>\n<tr>\n<td><a href=\"https:\/\/portal.compraspublicas.gob.ec\/sercop\/comunicado-oficial-sobre-la-contratacion-de-servicio-de-vigilancia-y-seguridad-privada\/\">Comunicado Oficial: Sobre la contrataci\u00f3n de servicio de vigilancia y seguridad privada<\/a><\/td>\n<\/tr>\n<\/tbody>\n<\/table>\n","protected":false},"excerpt":{"rendered":"<p class=\"excerpt\">&nbsp; Solicitud de permiso de funcionamiento y certificaciones de buenas pr\u00e1cticas para adquisici\u00f3n de bienes en salud p\u00fablica Deshabilitaci\u00f3n temporal de las categor\u00edas Kit de Uniformes Escolares y Uniformes Interculturales Biling\u00fces Comunicado Oficial: Sobre la contrataci\u00f3n de servicio de vigilancia y seguridad privada <a href=\"https:\/\/portal.compraspublicas.gob.ec\/sercop\/comunicados-oficiales-febrero\/\">Read more &rarr;<\/a><\/p>\n","protected":false},"author":75,"featured_media":0,"parent":0,"menu_order":0,"comment_status":"closed","ping_status":"closed","template":"menugenerico.php","meta":[],"_links":{"self":[{"href":"https:\/\/portal.compraspublicas.gob.ec\/sercop\/wp-json\/wp\/v2\/pages\/40134"}],"collection":[{"href":"https:\/\/portal.compraspublicas.gob.ec\/sercop\/wp-json\/wp\/v2\/pages"}],"about":[{"href":"https:\/\/portal.compraspublicas.gob.ec\/sercop\/wp-json\/wp\/v2\/types\/page"}],"author":[{"embeddable":true,"href":"https:\/\/portal.compraspublicas.gob.ec\/sercop\/wp-json\/wp\/v2\/users\/75"}],"replies":[{"embeddable":true,"href":"https:\/\/portal.compraspublicas.gob.ec\/sercop\/wp-json\/wp\/v2\/comments?post=40134"}],"version-history":[{"count":7,"href":"https:\/\/portal.compraspublicas.gob.ec\/sercop\/wp-json\/wp\/v2\/pages\/40134\/revisions"}],"predecessor-version":[{"id":40221,"href":"https:\/\/portal.compraspublicas.gob.ec\/sercop\/wp-json\/wp\/v2\/pages\/40134\/revisions\/40221"}],"wp:attachment":[{"href":"https:\/\/portal.compraspublicas.gob.ec\/sercop\/wp-json\/wp\/v2\/media?parent=40134"}],"curies":[{"name":"wp","href":"https:\/\/api.w.org\/{rel}","templated":true}]}}