{"id":40583,"date":"2020-03-12T21:54:49","date_gmt":"2020-03-13T02:54:49","guid":{"rendered":"http:\/\/portal.compraspublicas.gob.ec\/sercop\/?page_id=40583"},"modified":"2020-04-28T15:05:51","modified_gmt":"2020-04-28T20:05:51","slug":"comunicados-oficiales-marzo","status":"publish","type":"page","link":"https:\/\/portal.compraspublicas.gob.ec\/sercop\/comunicados-oficiales-marzo\/","title":{"rendered":"Comunicados Oficiales \u2013 Marzo"},"content":{"rendered":"<p><a href=\"https:\/\/portal.compraspublicas.gob.ec\/sercop\/wp-content\/uploads\/2020\/03\/banner_comunicados_marzo.png\"><img loading=\"lazy\" class=\"alignnone size-full wp-image-40584\" src=\"https:\/\/portal.compraspublicas.gob.ec\/sercop\/wp-content\/uploads\/2020\/03\/banner_comunicados_marzo.png\" alt=\"\" width=\"590\" height=\"112\" srcset=\"https:\/\/portal.compraspublicas.gob.ec\/sercop\/wp-content\/uploads\/2020\/03\/banner_comunicados_marzo.png 590w, https:\/\/portal.compraspublicas.gob.ec\/sercop\/wp-content\/uploads\/2020\/03\/banner_comunicados_marzo-300x57.png 300w\" sizes=\"(max-width: 590px) 100vw, 590px\" \/><\/a><\/p>\n<p>&nbsp;<\/p>\n<table width=\"564\">\n<tbody>\n<tr>\n<td width=\"550\"><a href=\"https:\/\/portal.compraspublicas.gob.ec\/sercop\/el-estado-busca-a-los-mejores-proveedores\/\">El Estado busca a los mejores Proveedores<br \/>\n<\/a><\/td>\n<\/tr>\n<tr>\n<td width=\"550\"><a href=\"https:\/\/portal.compraspublicas.gob.ec\/sercop\/publica-tus-necesidades-para-esta-emergencia\/\">Publica tus necesidades para esta emergencia<br \/>\n<\/a><\/td>\n<\/tr>\n<tr>\n<td width=\"550\"><a href=\"https:\/\/portal.compraspublicas.gob.ec\/sercop\/firma-electronica-en-los-procedimientos-de-contratacion-publica\/\">Firma electr\u00f3nica en los procedimientos de Contrataci\u00f3n P\u00fablica<br \/>\n<\/a><\/td>\n<\/tr>\n<tr>\n<td width=\"550\"><a href=\"https:\/\/portal.compraspublicas.gob.ec\/sercop\/exclusion-cdi-servicio-de-limpieza\/\">Exclusi\u00f3n CDI &#8211; Servicio de Limpieza<\/a><\/td>\n<\/tr>\n<tr>\n<td width=\"550\"><a href=\"https:\/\/portal.compraspublicas.gob.ec\/sercop\/exclusion-de-productos-catalogo-dinamico-inclusivo-servicio-centro-de-llamada\/\">Exclusi\u00f3n de productos Cat\u00e1logo Din\u00e1mico Inclusivo \u201cSERVICIO CENTRO DE LLAMADA\u00bb<br \/>\n<\/a><\/td>\n<\/tr>\n<tr>\n<td width=\"550\"><a href=\"https:\/\/portal.compraspublicas.gob.ec\/sercop\/contrataciones-por-emergencia-msp-2\/ \">Contrataciones por Emergencia MSP<br \/>\n<\/a><\/td>\n<\/tr>\n<tr>\n<td width=\"550\"><a href=\"https:\/\/portal.compraspublicas.gob.ec\/sercop\/expidio-la-resolucion-no-re-sercop-2020-0104-reforma-la-codificacion-de-resoluciones\/\">Se Expidi\u00f3 la resoluci\u00f3n No. RE-SERCOP-2020-0104, reforma la Codificaci\u00f3n de Resoluciones<br \/>\n<\/a><\/td>\n<\/tr>\n<tr>\n<td width=\"550\"><a href=\"https:\/\/portal.compraspublicas.gob.ec\/sercop\/exclusion-de-producto-de-catalogo-de-productos-de-limpieza\/\">Exclusi\u00f3n de Producto de Cat\u00e1logo de productos de limpieza<br \/>\n<\/a><\/td>\n<\/tr>\n<tr>\n<td width=\"550\"><a href=\"https:\/\/portal.compraspublicas.gob.ec\/sercop\/exclusion-de-servicio-de-transporte\/\">Exclusi\u00f3n de Servicio de Transporte<br \/>\n<\/a><\/td>\n<\/tr>\n<tr>\n<td width=\"550\"><a href=\"https:\/\/portal.compraspublicas.gob.ec\/sercop\/ingreso-de-documentacion\/\">Ingreso de documentaci\u00f3n<br \/>\n<\/a><\/td>\n<\/tr>\n<tr>\n<td width=\"550\"><a href=\"https:\/\/portal.compraspublicas.gob.ec\/sercop\/directrices-para-entrega-de-ofertas\/\">Directrices para entrega de ofertas<br \/>\n<\/a><\/td>\n<\/tr>\n<tr>\n<td width=\"550\"><a href=\"https:\/\/portal.compraspublicas.gob.ec\/sercop\/recomendaciones-para-operativizar-procedimientos-de-contracion-publica\/\">Recomendaciones para operativizar Procedimientos de Contrataci\u00f3n P\u00fablica<br \/>\n<\/a><\/td>\n<\/tr>\n<tr>\n<td width=\"550\"><a href=\"https:\/\/portal.compraspublicas.gob.ec\/sercop\/dispposicion-para-contratacion-por-emergencia\/\">Disposici\u00f3n para contrataci\u00f3n por emergencia<br \/>\n<\/a><\/td>\n<\/tr>\n<tr>\n<td width=\"550\"><a href=\"https:\/\/portal.compraspublicas.gob.ec\/sercop\/comunicado-oficial-las-capacitaciones-presenciales-se-suspenden-por-dos-semanas\/#\">Comunicado Oficial: Las capacitaciones presenciales, se suspenden por dos semanas<\/a><\/td>\n<\/tr>\n<tr>\n<td><a href=\"https:\/\/portal.compraspublicas.gob.ec\/sercop\/solicitud-de-permiso-de-funcionamiento-y-certificaciones-de-buenas-practicas-para-adquisicion-de-bienes-en-salud-publica\/\">Comunicado en relaci\u00f3n con la declaraci\u00f3n de emergencia<\/a><\/td>\n<\/tr>\n<tr>\n<td><\/td>\n<\/tr>\n<\/tbody>\n<\/table>\n","protected":false},"excerpt":{"rendered":"<p class=\"excerpt\">&nbsp; El Estado busca a los mejores Proveedores Publica tus necesidades para esta emergencia Firma electr\u00f3nica en los procedimientos de Contrataci\u00f3n P\u00fablica Exclusi\u00f3n CDI &#8211; Servicio de Limpieza Exclusi\u00f3n de productos Cat\u00e1logo Din\u00e1mico Inclusivo \u201cSERVICIO CENTRO DE LLAMADA\u00bb Contrataciones por Emergencia MSP Se Expidi\u00f3 la resoluci\u00f3n No. RE-SERCOP-2020-0104, reforma la Codificaci\u00f3n de Resoluciones Exclusi\u00f3n de Producto de Cat\u00e1logo de productos&hellip; <a href=\"https:\/\/portal.compraspublicas.gob.ec\/sercop\/comunicados-oficiales-marzo\/\">Read more &rarr;<\/a><\/p>\n","protected":false},"author":75,"featured_media":0,"parent":0,"menu_order":0,"comment_status":"closed","ping_status":"closed","template":"menugenerico.php","meta":[],"_links":{"self":[{"href":"https:\/\/portal.compraspublicas.gob.ec\/sercop\/wp-json\/wp\/v2\/pages\/40583"}],"collection":[{"href":"https:\/\/portal.compraspublicas.gob.ec\/sercop\/wp-json\/wp\/v2\/pages"}],"about":[{"href":"https:\/\/portal.compraspublicas.gob.ec\/sercop\/wp-json\/wp\/v2\/types\/page"}],"author":[{"embeddable":true,"href":"https:\/\/portal.compraspublicas.gob.ec\/sercop\/wp-json\/wp\/v2\/users\/75"}],"replies":[{"embeddable":true,"href":"https:\/\/portal.compraspublicas.gob.ec\/sercop\/wp-json\/wp\/v2\/comments?post=40583"}],"version-history":[{"count":13,"href":"https:\/\/portal.compraspublicas.gob.ec\/sercop\/wp-json\/wp\/v2\/pages\/40583\/revisions"}],"predecessor-version":[{"id":41341,"href":"https:\/\/portal.compraspublicas.gob.ec\/sercop\/wp-json\/wp\/v2\/pages\/40583\/revisions\/41341"}],"wp:attachment":[{"href":"https:\/\/portal.compraspublicas.gob.ec\/sercop\/wp-json\/wp\/v2\/media?parent=40583"}],"curies":[{"name":"wp","href":"https:\/\/api.w.org\/{rel}","templated":true}]}}