{"id":40822,"date":"2020-03-26T15:36:40","date_gmt":"2020-03-26T20:36:40","guid":{"rendered":"http:\/\/portal.compraspublicas.gob.ec\/sercop\/?page_id=40822"},"modified":"2024-11-28T15:01:20","modified_gmt":"2024-11-28T20:01:20","slug":"firma-electronica-en-los-procedimientos-de-contratacion-publica","status":"publish","type":"page","link":"https:\/\/portal.compraspublicas.gob.ec\/sercop\/firma-electronica-en-los-procedimientos-de-contratacion-publica\/","title":{"rendered":"Firma electr\u00f3nica en los procedimientos de Contrataci\u00f3n P\u00fablica"},"content":{"rendered":"<p><a style=\"display:flex\" href=\"https:\/\/portal.compraspublicas.gob.ec\/sercop\/wp-content\/uploads\/2020\/03\/SERCOP-SERCOP-2020-0014-C.pdf\"><img loading=\"lazy\" class=\"alignnone size-full wp-image-40821\" src=\"https:\/\/portal.compraspublicas.gob.ec\/sercop\/wp-content\/uploads\/2020\/03\/26-mailing-firma_electronica.jpg\" alt=\"\" width=\"800\" height=\"389\" srcset=\"https:\/\/portal.compraspublicas.gob.ec\/sercop\/wp-content\/uploads\/2020\/03\/26-mailing-firma_electronica.jpg 800w, https:\/\/portal.compraspublicas.gob.ec\/sercop\/wp-content\/uploads\/2020\/03\/26-mailing-firma_electronica-300x146.jpg 300w, https:\/\/portal.compraspublicas.gob.ec\/sercop\/wp-content\/uploads\/2020\/03\/26-mailing-firma_electronica-768x373.jpg 768w\" sizes=\"(max-width: 800px) 100vw, 800px\" \/><\/a><\/p>\n","protected":false},"excerpt":{"rendered":"<p class=\"excerpt\"> <a href=\"https:\/\/portal.compraspublicas.gob.ec\/sercop\/firma-electronica-en-los-procedimientos-de-contratacion-publica\/\">Read more &rarr;<\/a><\/p>\n","protected":false},"author":75,"featured_media":0,"parent":0,"menu_order":0,"comment_status":"closed","ping_status":"closed","template":"menugenerico.php","meta":[],"_links":{"self":[{"href":"https:\/\/portal.compraspublicas.gob.ec\/sercop\/wp-json\/wp\/v2\/pages\/40822"}],"collection":[{"href":"https:\/\/portal.compraspublicas.gob.ec\/sercop\/wp-json\/wp\/v2\/pages"}],"about":[{"href":"https:\/\/portal.compraspublicas.gob.ec\/sercop\/wp-json\/wp\/v2\/types\/page"}],"author":[{"embeddable":true,"href":"https:\/\/portal.compraspublicas.gob.ec\/sercop\/wp-json\/wp\/v2\/users\/75"}],"replies":[{"embeddable":true,"href":"https:\/\/portal.compraspublicas.gob.ec\/sercop\/wp-json\/wp\/v2\/comments?post=40822"}],"version-history":[{"count":2,"href":"https:\/\/portal.compraspublicas.gob.ec\/sercop\/wp-json\/wp\/v2\/pages\/40822\/revisions"}],"predecessor-version":[{"id":60413,"href":"https:\/\/portal.compraspublicas.gob.ec\/sercop\/wp-json\/wp\/v2\/pages\/40822\/revisions\/60413"}],"wp:attachment":[{"href":"https:\/\/portal.compraspublicas.gob.ec\/sercop\/wp-json\/wp\/v2\/media?parent=40822"}],"curies":[{"name":"wp","href":"https:\/\/api.w.org\/{rel}","templated":true}]}}