{"id":40963,"date":"2020-04-07T10:02:28","date_gmt":"2020-04-07T15:02:28","guid":{"rendered":"http:\/\/portal.compraspublicas.gob.ec\/sercop\/?page_id=40963"},"modified":"2020-04-28T15:09:09","modified_gmt":"2020-04-28T20:09:09","slug":"comunicados-oficiales-abril","status":"publish","type":"page","link":"https:\/\/portal.compraspublicas.gob.ec\/sercop\/comunicados-oficiales-abril\/","title":{"rendered":"Comunicados Oficiales \u2013 Abril"},"content":{"rendered":"<p><a href=\"https:\/\/portal.compraspublicas.gob.ec\/sercop\/wp-content\/uploads\/2020\/04\/WhatsApp-Image-2020-04-07-at-9.43.20-AM.jpeg\"><img loading=\"lazy\" class=\"alignnone size-full wp-image-40964\" src=\"https:\/\/portal.compraspublicas.gob.ec\/sercop\/wp-content\/uploads\/2020\/04\/WhatsApp-Image-2020-04-07-at-9.43.20-AM.jpeg\" alt=\"\" width=\"590\" height=\"112\" srcset=\"https:\/\/portal.compraspublicas.gob.ec\/sercop\/wp-content\/uploads\/2020\/04\/WhatsApp-Image-2020-04-07-at-9.43.20-AM.jpeg 590w, https:\/\/portal.compraspublicas.gob.ec\/sercop\/wp-content\/uploads\/2020\/04\/WhatsApp-Image-2020-04-07-at-9.43.20-AM-300x57.jpeg 300w\" sizes=\"(max-width: 590px) 100vw, 590px\" \/><\/a><\/p>\n<table width=\"564\">\n<tbody>\n<tr>\n<td width=\"550\"><a href=\"https:\/\/portal.compraspublicas.gob.ec\/sercop\/recomendaciones-y-disposiciones-emergencia\/\">Recomendaciones y disposiciones Emergencia<\/a><\/td>\n<\/tr>\n<tr>\n<td width=\"550\"><a href=\"https:\/\/portal.compraspublicas.gob.ec\/sercop\/instrucciones-informe-parciales-emergencia\/\">Instrucciones informe parciales Emergencia<\/a><\/td>\n<\/tr>\n<tr>\n<td width=\"550\"><a href=\"https:\/\/portal.compraspublicas.gob.ec\/sercop\/exclusion-cdi-servicio-de-transporte\/\">Exclusi\u00f3n CDI- Servicio de Transporte<\/a><\/td>\n<\/tr>\n<tr>\n<td width=\"550\"><a href=\"https:\/\/portal.compraspublicas.gob.ec\/sercop\/contrataciones-por-emergencia-msp\/ \">Contrataciones por emergencia MSP<\/a><\/td>\n<\/tr>\n<tr>\n<td width=\"550\"><a href=\"https:\/\/portal.compraspublicas.gob.ec\/sercop\/comunicado-sercop-scpm\/ \">Comunicado Sercop-SCPM<\/a><\/td>\n<\/tr>\n<tr>\n<td width=\"550\"><a href=\"https:\/\/portal.compraspublicas.gob.ec\/sercop\/quieres-conocer-mas-sobre-contratacion-publica\/\">\u00bfQuieres conocer m\u00e1s sobre Contrataci\u00f3n P\u00fablica?<\/a><\/td>\n<\/tr>\n<tr>\n<td width=\"550\"><a href=\"https:\/\/portal.compraspublicas.gob.ec\/sercop\/publicacion-de-necesidades-en-situacion-de-emergencia\/\">Publicaci\u00f3n de necesidades en situaci\u00f3n de emergencia<\/a><\/td>\n<\/tr>\n<tr>\n<td width=\"550\"><a href=\"https:\/\/portal.compraspublicas.gob.ec\/sercop\/cumplimiento-de-normativa-emergencia-sanitaria\/\">Cumplimiento de normativa\/Emergencia Sanitaria<\/a><\/td>\n<\/tr>\n<tr>\n<td width=\"550\"><a href=\"https:\/\/portal.compraspublicas.gob.ec\/sercop\/resolucion-105-reforma-a-la-codificacion-de-resoluciones\/\">Resoluci\u00f3n 105: Reforma a la Codificaci\u00f3n de Resoluciones<\/a><\/td>\n<\/tr>\n<\/tbody>\n<\/table>\n","protected":false},"excerpt":{"rendered":"<p class=\"excerpt\">Recomendaciones y disposiciones Emergencia Instrucciones informe parciales Emergencia Exclusi\u00f3n CDI- Servicio de Transporte Contrataciones por emergencia MSP Comunicado Sercop-SCPM \u00bfQuieres conocer m\u00e1s sobre Contrataci\u00f3n P\u00fablica? Publicaci\u00f3n de necesidades en situaci\u00f3n de emergencia Cumplimiento de normativa\/Emergencia Sanitaria Resoluci\u00f3n 105: Reforma a la Codificaci\u00f3n de Resoluciones <a href=\"https:\/\/portal.compraspublicas.gob.ec\/sercop\/comunicados-oficiales-abril\/\">Read more &rarr;<\/a><\/p>\n","protected":false},"author":75,"featured_media":0,"parent":0,"menu_order":0,"comment_status":"closed","ping_status":"closed","template":"menugenerico.php","meta":[],"_links":{"self":[{"href":"https:\/\/portal.compraspublicas.gob.ec\/sercop\/wp-json\/wp\/v2\/pages\/40963"}],"collection":[{"href":"https:\/\/portal.compraspublicas.gob.ec\/sercop\/wp-json\/wp\/v2\/pages"}],"about":[{"href":"https:\/\/portal.compraspublicas.gob.ec\/sercop\/wp-json\/wp\/v2\/types\/page"}],"author":[{"embeddable":true,"href":"https:\/\/portal.compraspublicas.gob.ec\/sercop\/wp-json\/wp\/v2\/users\/75"}],"replies":[{"embeddable":true,"href":"https:\/\/portal.compraspublicas.gob.ec\/sercop\/wp-json\/wp\/v2\/comments?post=40963"}],"version-history":[{"count":15,"href":"https:\/\/portal.compraspublicas.gob.ec\/sercop\/wp-json\/wp\/v2\/pages\/40963\/revisions"}],"predecessor-version":[{"id":41346,"href":"https:\/\/portal.compraspublicas.gob.ec\/sercop\/wp-json\/wp\/v2\/pages\/40963\/revisions\/41346"}],"wp:attachment":[{"href":"https:\/\/portal.compraspublicas.gob.ec\/sercop\/wp-json\/wp\/v2\/media?parent=40963"}],"curies":[{"name":"wp","href":"https:\/\/api.w.org\/{rel}","templated":true}]}}