{"id":41038,"date":"2020-04-14T10:46:10","date_gmt":"2020-04-14T15:46:10","guid":{"rendered":"http:\/\/portal.compraspublicas.gob.ec\/sercop\/?page_id=41038"},"modified":"2024-11-27T15:53:57","modified_gmt":"2024-11-27T20:53:57","slug":"quieres-conocer-mas-sobre-contratacion-publica","status":"publish","type":"page","link":"https:\/\/portal.compraspublicas.gob.ec\/sercop\/quieres-conocer-mas-sobre-contratacion-publica\/","title":{"rendered":"\u00bfQuieres conocer m\u00e1s sobre Contrataci\u00f3n P\u00fablica?"},"content":{"rendered":"<p><a style=\"display:flex\" href=\"https:\/\/portal.compraspublicas.gob.ec\/sercop\/wp-content\/uploads\/2020\/04\/WhatsApp-Image-2020-04-10-at-10.41.49-AM.jpeg\"><img loading=\"lazy\" class=\"alignnone size-full wp-image-41023\" src=\"https:\/\/portal.compraspublicas.gob.ec\/sercop\/wp-content\/uploads\/2020\/04\/WhatsApp-Image-2020-04-10-at-10.41.49-AM.jpeg\" alt=\"\" width=\"900\" height=\"945\" srcset=\"https:\/\/portal.compraspublicas.gob.ec\/sercop\/wp-content\/uploads\/2020\/04\/WhatsApp-Image-2020-04-10-at-10.41.49-AM.jpeg 900w, https:\/\/portal.compraspublicas.gob.ec\/sercop\/wp-content\/uploads\/2020\/04\/WhatsApp-Image-2020-04-10-at-10.41.49-AM-286x300.jpeg 286w, https:\/\/portal.compraspublicas.gob.ec\/sercop\/wp-content\/uploads\/2020\/04\/WhatsApp-Image-2020-04-10-at-10.41.49-AM-768x806.jpeg 768w\" sizes=\"(max-width: 900px) 100vw, 900px\" \/><\/a><\/p>\n","protected":false},"excerpt":{"rendered":"<p class=\"excerpt\"> <a href=\"https:\/\/portal.compraspublicas.gob.ec\/sercop\/quieres-conocer-mas-sobre-contratacion-publica\/\">Read more &rarr;<\/a><\/p>\n","protected":false},"author":75,"featured_media":0,"parent":0,"menu_order":0,"comment_status":"closed","ping_status":"closed","template":"menugenerico.php","meta":[],"_links":{"self":[{"href":"https:\/\/portal.compraspublicas.gob.ec\/sercop\/wp-json\/wp\/v2\/pages\/41038"}],"collection":[{"href":"https:\/\/portal.compraspublicas.gob.ec\/sercop\/wp-json\/wp\/v2\/pages"}],"about":[{"href":"https:\/\/portal.compraspublicas.gob.ec\/sercop\/wp-json\/wp\/v2\/types\/page"}],"author":[{"embeddable":true,"href":"https:\/\/portal.compraspublicas.gob.ec\/sercop\/wp-json\/wp\/v2\/users\/75"}],"replies":[{"embeddable":true,"href":"https:\/\/portal.compraspublicas.gob.ec\/sercop\/wp-json\/wp\/v2\/comments?post=41038"}],"version-history":[{"count":2,"href":"https:\/\/portal.compraspublicas.gob.ec\/sercop\/wp-json\/wp\/v2\/pages\/41038\/revisions"}],"predecessor-version":[{"id":60244,"href":"https:\/\/portal.compraspublicas.gob.ec\/sercop\/wp-json\/wp\/v2\/pages\/41038\/revisions\/60244"}],"wp:attachment":[{"href":"https:\/\/portal.compraspublicas.gob.ec\/sercop\/wp-json\/wp\/v2\/media?parent=41038"}],"curies":[{"name":"wp","href":"https:\/\/api.w.org\/{rel}","templated":true}]}}