{"id":43415,"date":"2020-12-30T15:26:10","date_gmt":"2020-12-30T20:26:10","guid":{"rendered":"http:\/\/portal.compraspublicas.gob.ec\/sercop\/?page_id=43415"},"modified":"2024-11-27T15:00:20","modified_gmt":"2024-11-27T20:00:20","slug":"acuerdos-comerciales","status":"publish","type":"page","link":"https:\/\/portal.compraspublicas.gob.ec\/sercop\/acuerdos-comerciales\/","title":{"rendered":"Acuerdos Comerciales"},"content":{"rendered":"<p><a style=\"display: flex;\"><img loading=\"lazy\" class=\"alignnone size-large wp-image-59326\" src=\"https:\/\/portal.compraspublicas.gob.ec\/sercop\/wp-content\/uploads\/2024\/08\/Mesa-de-trabajo-2-copia-7@3x-1024x256.png\" alt=\"\" width=\"750\" height=\"188\" \/><\/a><\/p>\n<p>&nbsp;<\/p>\n<p style=\"text-align: justify;\">Ecuador ha realizado cambios sustanciales dentro de la pol\u00edtica comercial en su intenci\u00f3n de abrirse al mundo, generando programas econ\u00f3micos de estabilizaci\u00f3n fiscal, a fin de brindar seguridad jur\u00eddica, econ\u00f3mica y pol\u00edtica, garantizando de esta manera un ambiente favorable para el intercambio comercial y la atracci\u00f3n de inversiones nacionales y extranjeras, con miras al fortalecimiento de las relaciones comerciales con varios pa\u00edses.<\/p>\n<p style=\"text-align: justify;\">Ecuador ha negociado nuevos acuerdos comerciales con la Uni\u00f3n Europea, la Asociaci\u00f3n Europea de Libre Comercio (o tambi\u00e9n denominada EFTA), Reino Unido de Gran Breta\u00f1a e Irlanda del Norte y Chile. Estos Acuerdos Comerciales tienen incidencia directa en el Sistema Nacional de Contrataci\u00f3n P\u00fablica, por lo que las entidades contratantes deben revisar su contenido para su correcta aplicaci\u00f3n.<\/p>\n","protected":false},"excerpt":{"rendered":"<p class=\"excerpt\">&nbsp; Ecuador ha realizado cambios sustanciales dentro de la pol\u00edtica comercial en su intenci\u00f3n de abrirse al mundo, generando programas econ\u00f3micos de estabilizaci\u00f3n fiscal, a fin de brindar seguridad jur\u00eddica, econ\u00f3mica y pol\u00edtica, garantizando de esta manera un ambiente favorable para el intercambio comercial y la atracci\u00f3n de inversiones nacionales y extranjeras, con miras al fortalecimiento de las relaciones comerciales&hellip; <a href=\"https:\/\/portal.compraspublicas.gob.ec\/sercop\/acuerdos-comerciales\/\">Read more &rarr;<\/a><\/p>\n","protected":false},"author":75,"featured_media":0,"parent":0,"menu_order":0,"comment_status":"closed","ping_status":"closed","template":"menugenerico.php","meta":[],"_links":{"self":[{"href":"https:\/\/portal.compraspublicas.gob.ec\/sercop\/wp-json\/wp\/v2\/pages\/43415"}],"collection":[{"href":"https:\/\/portal.compraspublicas.gob.ec\/sercop\/wp-json\/wp\/v2\/pages"}],"about":[{"href":"https:\/\/portal.compraspublicas.gob.ec\/sercop\/wp-json\/wp\/v2\/types\/page"}],"author":[{"embeddable":true,"href":"https:\/\/portal.compraspublicas.gob.ec\/sercop\/wp-json\/wp\/v2\/users\/75"}],"replies":[{"embeddable":true,"href":"https:\/\/portal.compraspublicas.gob.ec\/sercop\/wp-json\/wp\/v2\/comments?post=43415"}],"version-history":[{"count":14,"href":"https:\/\/portal.compraspublicas.gob.ec\/sercop\/wp-json\/wp\/v2\/pages\/43415\/revisions"}],"predecessor-version":[{"id":60223,"href":"https:\/\/portal.compraspublicas.gob.ec\/sercop\/wp-json\/wp\/v2\/pages\/43415\/revisions\/60223"}],"wp:attachment":[{"href":"https:\/\/portal.compraspublicas.gob.ec\/sercop\/wp-json\/wp\/v2\/media?parent=43415"}],"curies":[{"name":"wp","href":"https:\/\/api.w.org\/{rel}","templated":true}]}}