{"id":43417,"date":"2020-12-30T15:28:14","date_gmt":"2020-12-30T20:28:14","guid":{"rendered":"http:\/\/portal.compraspublicas.gob.ec\/sercop\/?page_id=43417"},"modified":"2024-11-28T14:52:05","modified_gmt":"2024-11-28T19:52:05","slug":"documentos-del-acuerdo-comercial-multipartes-con-ue","status":"publish","type":"page","link":"https:\/\/portal.compraspublicas.gob.ec\/sercop\/documentos-del-acuerdo-comercial-multipartes-con-ue\/","title":{"rendered":"Documentos del Acuerdo Comercial Multipartes con UE"},"content":{"rendered":"<p><a style=\"text-align: center; display:flex\"><img loading=\"lazy\" class=\"alignnone size-full wp-image-43435\" src=\"https:\/\/portal.compraspublicas.gob.ec\/sercop\/wp-content\/uploads\/2020\/12\/WhatsApp-Image-2020-12-30-at-4.41.06-PM2.jpeg\" alt=\"\" width=\"772\" height=\"238\" srcset=\"https:\/\/portal.compraspublicas.gob.ec\/sercop\/wp-content\/uploads\/2020\/12\/WhatsApp-Image-2020-12-30-at-4.41.06-PM2.jpeg 772w, https:\/\/portal.compraspublicas.gob.ec\/sercop\/wp-content\/uploads\/2020\/12\/WhatsApp-Image-2020-12-30-at-4.41.06-PM2-300x92.jpeg 300w, https:\/\/portal.compraspublicas.gob.ec\/sercop\/wp-content\/uploads\/2020\/12\/WhatsApp-Image-2020-12-30-at-4.41.06-PM2-768x237.jpeg 768w\" sizes=\"(max-width: 772px) 100vw, 772px\" \/><\/a><\/p>\n<p>&nbsp;<\/p>\n<p>a) Documento de:\u00a0<a href=\"https:\/\/portal.compraspublicas.gob.ec\/sercop\/wp-content\/uploads\/2018\/03\/01_Protocolo-suscrito-11-11-2016-EU-EC-Prot-to-CO-PE.pdf\" target=\"_blank\" rel=\"noopener noreferrer\">Protocolo de Adhesi\u00f3n del Ecuador al Acuerdo Comercial entre la Uni\u00f3n Europea y sus Estados Miembros y Colombia y Per\u00fa por otra partes<\/a><br \/>\nb) Documento de:\u00a0 <a href=\"https:\/\/portal.compraspublicas.gob.ec\/sercop\/wp-content\/uploads\/2018\/03\/02_RO-808-Consolidado_opt.pdf\" target=\"_blank\" rel=\"noopener noreferrer\">Registro Oficial Acuerdo Comercial Multipartes<\/a><\/p>\n<div>\n<p>c) Documento de:\u00a0\u00a0<a href=\"https:\/\/portal.compraspublicas.gob.ec\/sercop\/wp-content\/uploads\/2018\/03\/03_TituloVI_Compra_Publica.pdf\" target=\"_blank\" rel=\"noopener noreferrer\">\u00a0T\u00edtulo VI Compras P\u00fablica<\/a><br \/>\nd) Documento de:\u00a0 <a href=\"https:\/\/portal.compraspublicas.gob.ec\/sercop\/wp-content\/uploads\/2018\/03\/04_Anexo_XIX.pdf\" target=\"_blank\" rel=\"noopener noreferrer\">Anexo XIX del T\u00edtulo VI Compras P\u00fablica<\/a><br \/>\ne) Documento de:\u00a0 <a href=\"https:\/\/portal.compraspublicas.gob.ec\/sercop\/wp-content\/uploads\/2018\/03\/05_Apendices_4_8.pdf\" target=\"_blank\" rel=\"noopener noreferrer\">Ap\u00e9ndices del T\u00edtulo de Compras P\u00fablica<\/a><\/p>\n<\/div>\n","protected":false},"excerpt":{"rendered":"<p class=\"excerpt\">&nbsp; a) Documento de:\u00a0Protocolo de Adhesi\u00f3n del Ecuador al Acuerdo Comercial entre la Uni\u00f3n Europea y sus Estados Miembros y Colombia y Per\u00fa por otra partes b) Documento de:\u00a0 Registro Oficial Acuerdo Comercial Multipartes c) Documento de:\u00a0\u00a0\u00a0T\u00edtulo VI Compras P\u00fablica d) Documento de:\u00a0 Anexo XIX del T\u00edtulo VI Compras P\u00fablica e) Documento de:\u00a0 Ap\u00e9ndices del T\u00edtulo de Compras P\u00fablica <a href=\"https:\/\/portal.compraspublicas.gob.ec\/sercop\/documentos-del-acuerdo-comercial-multipartes-con-ue\/\">Read more &rarr;<\/a><\/p>\n","protected":false},"author":75,"featured_media":0,"parent":0,"menu_order":0,"comment_status":"closed","ping_status":"closed","template":"menugenerico.php","meta":[],"_links":{"self":[{"href":"https:\/\/portal.compraspublicas.gob.ec\/sercop\/wp-json\/wp\/v2\/pages\/43417"}],"collection":[{"href":"https:\/\/portal.compraspublicas.gob.ec\/sercop\/wp-json\/wp\/v2\/pages"}],"about":[{"href":"https:\/\/portal.compraspublicas.gob.ec\/sercop\/wp-json\/wp\/v2\/types\/page"}],"author":[{"embeddable":true,"href":"https:\/\/portal.compraspublicas.gob.ec\/sercop\/wp-json\/wp\/v2\/users\/75"}],"replies":[{"embeddable":true,"href":"https:\/\/portal.compraspublicas.gob.ec\/sercop\/wp-json\/wp\/v2\/comments?post=43417"}],"version-history":[{"count":7,"href":"https:\/\/portal.compraspublicas.gob.ec\/sercop\/wp-json\/wp\/v2\/pages\/43417\/revisions"}],"predecessor-version":[{"id":60398,"href":"https:\/\/portal.compraspublicas.gob.ec\/sercop\/wp-json\/wp\/v2\/pages\/43417\/revisions\/60398"}],"wp:attachment":[{"href":"https:\/\/portal.compraspublicas.gob.ec\/sercop\/wp-json\/wp\/v2\/media?parent=43417"}],"curies":[{"name":"wp","href":"https:\/\/api.w.org\/{rel}","templated":true}]}}