{"id":43422,"date":"2020-12-30T16:31:20","date_gmt":"2020-12-30T21:31:20","guid":{"rendered":"http:\/\/portal.compraspublicas.gob.ec\/sercop\/?page_id=43422"},"modified":"2024-11-28T14:50:39","modified_gmt":"2024-11-28T19:50:39","slug":"documentos-del-acuerdo-comercial-con-la-aelc-o-efta","status":"publish","type":"page","link":"https:\/\/portal.compraspublicas.gob.ec\/sercop\/documentos-del-acuerdo-comercial-con-la-aelc-o-efta\/","title":{"rendered":"Documentos del Acuerdo Comercial con la AELC o EFTA"},"content":{"rendered":"<p><a style=\"text-align: center; display:flex\"><img loading=\"lazy\" class=\"alignnone size-full wp-image-43444\" src=\"https:\/\/portal.compraspublicas.gob.ec\/sercop\/wp-content\/uploads\/2020\/12\/WhatsApp-Image-2020-12-30-at-4.41.06-PM.jpeg\" alt=\"\" width=\"772\" height=\"238\" srcset=\"https:\/\/portal.compraspublicas.gob.ec\/sercop\/wp-content\/uploads\/2020\/12\/WhatsApp-Image-2020-12-30-at-4.41.06-PM.jpeg 772w, https:\/\/portal.compraspublicas.gob.ec\/sercop\/wp-content\/uploads\/2020\/12\/WhatsApp-Image-2020-12-30-at-4.41.06-PM-300x92.jpeg 300w, https:\/\/portal.compraspublicas.gob.ec\/sercop\/wp-content\/uploads\/2020\/12\/WhatsApp-Image-2020-12-30-at-4.41.06-PM-768x237.jpeg 768w\" sizes=\"(max-width: 772px) 100vw, 772px\" \/><\/a><\/p>\n<p>&nbsp;<\/p>\n<p>&nbsp;<\/p>\n<p>a)\u00a0 Documento de: <a href=\"https:\/\/portal.compraspublicas.gob.ec\/sercop\/wp-content\/uploads\/2021\/03\/registro_oficial_cuarto_suplemento_No.395_ac_aelc_efta.pdf\">Registro Oficial Acuerdo Comercial AELC EFTA<\/a><br \/>\nb) Documento de:\u00a0<a href=\"https:\/\/portal.compraspublicas.gob.ec\/sercop\/wp-content\/uploads\/2020\/12\/Cap-6-Contrataci\u00f3n-P\u00fablica-AC-AELC-EFTA.pdf\">CAP\u00cdTULO 6 Contrataci\u00f3n P\u00fablica AC AELC-EFTA<\/a><br \/>\nc) Documento de:\u00a0<a href=\"https:\/\/portal.compraspublicas.gob.ec\/sercop\/wp-content\/uploads\/2020\/12\/ANEXO-17-AC-AELC-EFTA.pdf\">ANEXO 17 DEL CAP 6 AC AELC-EFTA<\/a><br \/>\nd) Documento de: <a href=\"https:\/\/portal.compraspublicas.gob.ec\/sercop\/wp-content\/uploads\/2020\/12\/DECRETO-RATIFICACI\u00d3N-AELC-EFTA.pdf\">Decreto Ratificaci\u00f3n AELC-EFTA<\/a><\/p>\n","protected":false},"excerpt":{"rendered":"<p class=\"excerpt\">&nbsp; &nbsp; a)\u00a0 Documento de: Registro Oficial Acuerdo Comercial AELC EFTA b) Documento de:\u00a0CAP\u00cdTULO 6 Contrataci\u00f3n P\u00fablica AC AELC-EFTA c) Documento de:\u00a0ANEXO 17 DEL CAP 6 AC AELC-EFTA d) Documento de: Decreto Ratificaci\u00f3n AELC-EFTA <a href=\"https:\/\/portal.compraspublicas.gob.ec\/sercop\/documentos-del-acuerdo-comercial-con-la-aelc-o-efta\/\">Read more &rarr;<\/a><\/p>\n","protected":false},"author":75,"featured_media":0,"parent":0,"menu_order":0,"comment_status":"closed","ping_status":"closed","template":"menugenerico.php","meta":[],"_links":{"self":[{"href":"https:\/\/portal.compraspublicas.gob.ec\/sercop\/wp-json\/wp\/v2\/pages\/43422"}],"collection":[{"href":"https:\/\/portal.compraspublicas.gob.ec\/sercop\/wp-json\/wp\/v2\/pages"}],"about":[{"href":"https:\/\/portal.compraspublicas.gob.ec\/sercop\/wp-json\/wp\/v2\/types\/page"}],"author":[{"embeddable":true,"href":"https:\/\/portal.compraspublicas.gob.ec\/sercop\/wp-json\/wp\/v2\/users\/75"}],"replies":[{"embeddable":true,"href":"https:\/\/portal.compraspublicas.gob.ec\/sercop\/wp-json\/wp\/v2\/comments?post=43422"}],"version-history":[{"count":8,"href":"https:\/\/portal.compraspublicas.gob.ec\/sercop\/wp-json\/wp\/v2\/pages\/43422\/revisions"}],"predecessor-version":[{"id":60396,"href":"https:\/\/portal.compraspublicas.gob.ec\/sercop\/wp-json\/wp\/v2\/pages\/43422\/revisions\/60396"}],"wp:attachment":[{"href":"https:\/\/portal.compraspublicas.gob.ec\/sercop\/wp-json\/wp\/v2\/media?parent=43422"}],"curies":[{"name":"wp","href":"https:\/\/api.w.org\/{rel}","templated":true}]}}