{"id":44151,"date":"2021-04-20T17:21:26","date_gmt":"2021-04-20T22:21:26","guid":{"rendered":"http:\/\/portal.compraspublicas.gob.ec\/sercop\/?page_id=44151"},"modified":"2024-11-28T11:20:24","modified_gmt":"2024-11-28T16:20:24","slug":"catalogo-electronico-general","status":"publish","type":"page","link":"https:\/\/portal.compraspublicas.gob.ec\/sercop\/catalogo-electronico-general\/","title":{"rendered":"CAT\u00c1LOGO ELECTR\u00d3NICO"},"content":{"rendered":"<p style=\"display:flex;\"> <img loading=\"lazy\" class=\"alignnone wp-image-58584 size-large\" src=\"https:\/\/portal.compraspublicas.gob.ec\/sercop\/wp-content\/uploads\/2024\/07\/WhatsApp-Image-2024-07-04-at-10.36.40-1024x255.jpeg\" alt=\"\" width=\"750\" height=\"187\" srcset=\"https:\/\/portal.compraspublicas.gob.ec\/sercop\/wp-content\/uploads\/2024\/07\/WhatsApp-Image-2024-07-04-at-10.36.40-1024x255.jpeg 1024w, https:\/\/portal.compraspublicas.gob.ec\/sercop\/wp-content\/uploads\/2024\/07\/WhatsApp-Image-2024-07-04-at-10.36.40-300x75.jpeg 300w, https:\/\/portal.compraspublicas.gob.ec\/sercop\/wp-content\/uploads\/2024\/07\/WhatsApp-Image-2024-07-04-at-10.36.40-768x192.jpeg 768w, https:\/\/portal.compraspublicas.gob.ec\/sercop\/wp-content\/uploads\/2024\/07\/WhatsApp-Image-2024-07-04-at-10.36.40-1536x383.jpeg 1536w, https:\/\/portal.compraspublicas.gob.ec\/sercop\/wp-content\/uploads\/2024\/07\/WhatsApp-Image-2024-07-04-at-10.36.40.jpeg 1600w\" sizes=\"(max-width: 750px) 100vw, 750px\" \/><\/p>\n<p>&nbsp;<\/p>\n<h1>Cat\u00e1logos Electr\u00f3nicos<\/h1>\n<p>Modalidad con la cual el Instituto Nacional de Contrataci\u00f3n P\u00fablica selecciona los proveedores cuyos bienes y servicios ser\u00e1n ofertados en el cat\u00e1logo electr\u00f3nico a fin de ser adquiridos o contratados de manera directa por las Entidades Contratantes en la forma, plazo y dem\u00e1s condiciones establecidas en dicho Convenio.<\/p>\n<h1>Proveedores Participantes<\/h1>\n<p>Podr\u00e1n participar en los procedimientos de selecci\u00f3n de proveedores para el Cat\u00e1logo Electr\u00f3nico las personas naturales o jur\u00eddicas, nacionales o extranjeras, ya sea de manera individual o a trav\u00e9s de asociaciones o consorcios legalmente constituidos o por compromiso de asociaci\u00f3n o consorcio, con domicilio fiscal en el Ecuador, inscritos y habilitados en el Registro \u00danico de Proveedores RUP, legalmente capaces para contratar.<\/p>\n<p>&nbsp;<\/p>\n<p>Escoge el cat\u00e1logo en el que deseas participar del men\u00fa de la izquierda \u201cDocumentos de incorporaci\u00f3n de Proveedores\u201d<\/p>\n","protected":false},"excerpt":{"rendered":"<p class=\"excerpt\">&nbsp; Cat\u00e1logos Electr\u00f3nicos Modalidad con la cual el Instituto Nacional de Contrataci\u00f3n P\u00fablica selecciona los proveedores cuyos bienes y servicios ser\u00e1n ofertados en el cat\u00e1logo electr\u00f3nico a fin de ser adquiridos o contratados de manera directa por las Entidades Contratantes en la forma, plazo y dem\u00e1s condiciones establecidas en dicho Convenio. Proveedores Participantes Podr\u00e1n participar en los procedimientos de selecci\u00f3n&hellip; <a href=\"https:\/\/portal.compraspublicas.gob.ec\/sercop\/catalogo-electronico-general\/\">Read more &rarr;<\/a><\/p>\n","protected":false},"author":75,"featured_media":0,"parent":0,"menu_order":0,"comment_status":"closed","ping_status":"closed","template":"menugenerico.php","meta":[],"_links":{"self":[{"href":"https:\/\/portal.compraspublicas.gob.ec\/sercop\/wp-json\/wp\/v2\/pages\/44151"}],"collection":[{"href":"https:\/\/portal.compraspublicas.gob.ec\/sercop\/wp-json\/wp\/v2\/pages"}],"about":[{"href":"https:\/\/portal.compraspublicas.gob.ec\/sercop\/wp-json\/wp\/v2\/types\/page"}],"author":[{"embeddable":true,"href":"https:\/\/portal.compraspublicas.gob.ec\/sercop\/wp-json\/wp\/v2\/users\/75"}],"replies":[{"embeddable":true,"href":"https:\/\/portal.compraspublicas.gob.ec\/sercop\/wp-json\/wp\/v2\/comments?post=44151"}],"version-history":[{"count":65,"href":"https:\/\/portal.compraspublicas.gob.ec\/sercop\/wp-json\/wp\/v2\/pages\/44151\/revisions"}],"predecessor-version":[{"id":60289,"href":"https:\/\/portal.compraspublicas.gob.ec\/sercop\/wp-json\/wp\/v2\/pages\/44151\/revisions\/60289"}],"wp:attachment":[{"href":"https:\/\/portal.compraspublicas.gob.ec\/sercop\/wp-json\/wp\/v2\/media?parent=44151"}],"curies":[{"name":"wp","href":"https:\/\/api.w.org\/{rel}","templated":true}]}}