{"id":44253,"date":"2021-05-03T11:53:30","date_gmt":"2021-05-03T16:53:30","guid":{"rendered":"http:\/\/portal.compraspublicas.gob.ec\/sercop\/?page_id=44253"},"modified":"2026-04-06T14:42:06","modified_gmt":"2026-04-06T19:42:06","slug":"seminarios-permanentes-webinars","status":"publish","type":"page","link":"https:\/\/portal.compraspublicas.gob.ec\/sercop\/seminarios-permanentes-webinars\/","title":{"rendered":"Seminarios en l\u00ednea"},"content":{"rendered":"<p><a style=\"display: flex;\" href=\"https:\/\/portal.compraspublicas.gob.ec\/sercop\/wp-content\/uploads\/2024\/01\/Programacion_seminarios_web_enero-2024-replanificacion.xlsx\"><img loading=\"lazy\" class=\"wp-image-57159 size-full aligncenter\" src=\"https:\/\/portal.compraspublicas.gob.ec\/sercop\/wp-content\/uploads\/2024\/01\/Seminarios-En-Linea.png\" alt=\"\" width=\"900\" height=\"225\" srcset=\"https:\/\/portal.compraspublicas.gob.ec\/sercop\/wp-content\/uploads\/2024\/01\/Seminarios-En-Linea.png 900w, https:\/\/portal.compraspublicas.gob.ec\/sercop\/wp-content\/uploads\/2024\/01\/Seminarios-En-Linea-300x75.png 300w, https:\/\/portal.compraspublicas.gob.ec\/sercop\/wp-content\/uploads\/2024\/01\/Seminarios-En-Linea-768x192.png 768w\" sizes=\"(max-width: 900px) 100vw, 900px\" \/><\/a><\/p>\n<p><a href=\"https:\/\/portal.compraspublicas.gob.ec\/sercop\/wp-content\/uploads\/2026\/01\/2026.jpeg\"><img loading=\"lazy\" class=\"wp-image-63722 size-large aligncenter\" src=\"https:\/\/portal.compraspublicas.gob.ec\/sercop\/wp-content\/uploads\/2026\/01\/2026-1024x109.jpeg\" alt=\"\" width=\"750\" height=\"80\" srcset=\"https:\/\/portal.compraspublicas.gob.ec\/sercop\/wp-content\/uploads\/2026\/01\/2026-1024x109.jpeg 1024w, https:\/\/portal.compraspublicas.gob.ec\/sercop\/wp-content\/uploads\/2026\/01\/2026-300x32.jpeg 300w, https:\/\/portal.compraspublicas.gob.ec\/sercop\/wp-content\/uploads\/2026\/01\/2026-768x82.jpeg 768w, https:\/\/portal.compraspublicas.gob.ec\/sercop\/wp-content\/uploads\/2026\/01\/2026-1536x164.jpeg 1536w, https:\/\/portal.compraspublicas.gob.ec\/sercop\/wp-content\/uploads\/2026\/01\/2026.jpeg 1600w\" sizes=\"(max-width: 750px) 100vw, 750px\" \/><\/a><a href=\"https:\/\/portal.compraspublicas.gob.ec\/sercop\/wp-content\/uploads\/2026\/01\/CRONOGRAMA-CAPACITACION-EN-LINEA-FEBRERO-2026_v1.xls\"><img loading=\"lazy\" class=\"aligncenter wp-image-63723 size-large\" src=\"https:\/\/portal.compraspublicas.gob.ec\/sercop\/wp-content\/uploads\/2026\/01\/Febrerp2026-1024x57.jpeg\" alt=\"\" width=\"750\" height=\"42\" srcset=\"https:\/\/portal.compraspublicas.gob.ec\/sercop\/wp-content\/uploads\/2026\/01\/Febrerp2026-1024x57.jpeg 1024w, https:\/\/portal.compraspublicas.gob.ec\/sercop\/wp-content\/uploads\/2026\/01\/Febrerp2026-300x17.jpeg 300w, https:\/\/portal.compraspublicas.gob.ec\/sercop\/wp-content\/uploads\/2026\/01\/Febrerp2026-768x43.jpeg 768w, https:\/\/portal.compraspublicas.gob.ec\/sercop\/wp-content\/uploads\/2026\/01\/Febrerp2026-1536x85.jpeg 1536w, https:\/\/portal.compraspublicas.gob.ec\/sercop\/wp-content\/uploads\/2026\/01\/Febrerp2026.jpeg 1600w\" sizes=\"(max-width: 750px) 100vw, 750px\" \/><\/a><a href=\"https:\/\/portal.compraspublicas.gob.ec\/sercop\/wp-content\/uploads\/2026\/03\/Programacio\u0301n-_Webbinars-marzo-2026-micrositio.xlsx\"><img loading=\"lazy\" class=\"aligncenter wp-image-63851 size-large\" src=\"https:\/\/portal.compraspublicas.gob.ec\/sercop\/wp-content\/uploads\/2026\/03\/Programacio\u0301n-MARZO_2026_Barra-03-1024x57.png\" alt=\"\" width=\"750\" height=\"42\" srcset=\"https:\/\/portal.compraspublicas.gob.ec\/sercop\/wp-content\/uploads\/2026\/03\/Programacio\u0301n-MARZO_2026_Barra-03-1024x57.png 1024w, https:\/\/portal.compraspublicas.gob.ec\/sercop\/wp-content\/uploads\/2026\/03\/Programacio\u0301n-MARZO_2026_Barra-03-300x17.png 300w, https:\/\/portal.compraspublicas.gob.ec\/sercop\/wp-content\/uploads\/2026\/03\/Programacio\u0301n-MARZO_2026_Barra-03-768x43.png 768w, https:\/\/portal.compraspublicas.gob.ec\/sercop\/wp-content\/uploads\/2026\/03\/Programacio\u0301n-MARZO_2026_Barra-03-1536x86.png 1536w, https:\/\/portal.compraspublicas.gob.ec\/sercop\/wp-content\/uploads\/2026\/03\/Programacio\u0301n-MARZO_2026_Barra-03-2048x114.png 2048w\" sizes=\"(max-width: 750px) 100vw, 750px\" \/><\/a><a href=\"https:\/\/portal.compraspublicas.gob.ec\/sercop\/wp-content\/uploads\/2026\/04\/CRONOGRAMA-CAPACITACION-EN-LINEA-ABRIL-2026_DCC_0.xlsx\"><img loading=\"lazy\" class=\"aligncenter wp-image-63851 size-large\" style=\"width: 750px !important;\" src=\"https:\/\/portal.compraspublicas.gob.ec\/sercop\/wp-content\/uploads\/2026\/04\/Programacio\u0301n-Abril_2026-04.png\" alt=\"\" width=\"750\" height=\"42\" \/><\/a><\/p>\n<p>&nbsp;<\/p>\n<div style=\"display: none;\">\n<p><img loading=\"lazy\" class=\"alignnone size-full wp-image-57160\" src=\"https:\/\/portal.compraspublicas.gob.ec\/sercop\/wp-content\/uploads\/2024\/12\/Seminarios-2025.jpeg\" alt=\"\" width=\"900\" height=\"50\" \/><\/p>\n<p><a href=\"https:\/\/portal.compraspublicas.gob.ec\/sercop\/wp-content\/uploads\/2025\/01\/CRONOGRAMA-CAPACITACION-EN-LINEA-ENERO-2025rep.xlsx\"><img loading=\"lazy\" class=\"alignnone wp-image-60996 size-full\" src=\"https:\/\/portal.compraspublicas.gob.ec\/sercop\/wp-content\/uploads\/2025\/08\/mes-02.png\" alt=\"\" width=\"900\" height=\"50\" \/><\/a><\/p>\n<p><a href=\"https:\/\/portal.compraspublicas.gob.ec\/sercop\/wp-content\/uploads\/2025\/02\/CRONOGRAMA-CAPACITACION-EN-LINEA-FEBRERO-2025-rep4-1.xlsx\"><img loading=\"lazy\" class=\"alignnone wp-image-61022 size-full\" src=\"https:\/\/portal.compraspublicas.gob.ec\/sercop\/wp-content\/uploads\/2025\/08\/mes-03.png\" alt=\"\" width=\"900\" height=\"50\" \/><\/a><\/p>\n<p><a href=\"https:\/\/portal.compraspublicas.gob.ec\/sercop\/wp-content\/uploads\/2025\/03\/CRONOGRAMA-CAPACITACION-EN-LINEA-MARZO-2025rep3.xlsx\"><img loading=\"lazy\" class=\"alignnone wp-image-61197 size-full\" src=\"https:\/\/portal.compraspublicas.gob.ec\/sercop\/wp-content\/uploads\/2025\/08\/mes-04.png\" alt=\"\" width=\"900\" height=\"50\" \/><\/a><\/p>\n<p><a href=\"https:\/\/portal.compraspublicas.gob.ec\/sercop\/wp-content\/uploads\/2025\/04\/CRONOGRAMA-CAPACITACION-EN-LINEA-ABRILmod3.xlsx\"><img loading=\"lazy\" class=\"alignnone\" src=\"https:\/\/portal.compraspublicas.gob.ec\/sercop\/wp-content\/uploads\/2025\/08\/mes-05.png\" alt=\"\" width=\"900\" height=\"50\" \/><\/a><\/p>\n<p><a href=\"https:\/\/portal.compraspublicas.gob.ec\/sercop\/wp-content\/uploads\/2025\/05\/CRONOGRAMA-CAPACITACION-EN-LINEA-MAYO-2025ing.xlsx\"><img loading=\"lazy\" class=\"alignnone\" src=\"https:\/\/portal.compraspublicas.gob.ec\/sercop\/wp-content\/uploads\/2025\/08\/mes-06.png\" alt=\"\" width=\"900\" height=\"50\" \/><\/a><\/p>\n<p><a href=\"https:\/\/portal.compraspublicas.gob.ec\/sercop\/wp-content\/uploads\/2025\/06\/CRONOGRAMA-CAPACITACION-EN-LINEA-JUNIO-2025-V4.xlsx\"><img loading=\"lazy\" class=\"alignnone\" src=\"https:\/\/portal.compraspublicas.gob.ec\/sercop\/wp-content\/uploads\/2025\/08\/mes-07.png\" alt=\"\" width=\"900\" height=\"50\" \/><\/a><\/p>\n<p><a href=\"https:\/\/portal.compraspublicas.gob.ec\/sercop\/wp-content\/uploads\/2025\/07\/CRONOGRAMA-CAPACITACION-EN-LINEA-JULIO-2025-rep2.xlsx\"><img loading=\"lazy\" class=\"alignnone\" src=\"https:\/\/portal.compraspublicas.gob.ec\/sercop\/wp-content\/uploads\/2025\/08\/mes-08.png\" alt=\"\" width=\"900\" height=\"50\" \/><\/a><\/p>\n<p><a href=\"https:\/\/portal.compraspublicas.gob.ec\/sercop\/wp-content\/uploads\/2025\/08\/CRONOGRAMA-CAPACITACION-EN-LINEA-AGOSTO-2025v22.xlsx\"><img loading=\"lazy\" class=\"alignnone\" src=\"https:\/\/portal.compraspublicas.gob.ec\/sercop\/wp-content\/uploads\/2025\/08\/Agosto.png\" alt=\"\" width=\"900\" height=\"50\" \/><\/a><\/p>\n<p><a href=\"https:\/\/portal.compraspublicas.gob.ec\/sercop\/wp-content\/uploads\/2025\/09\/12.-CRONOGRAMA-CAPACITACION-EN-LINEA-SEPTIEMBRE-2025-V2.xlsx\"><img loading=\"lazy\" class=\"alignnone\" style=\"width: 900px !important;\" src=\"https:\/\/portal.compraspublicas.gob.ec\/sercop\/wp-content\/uploads\/2025\/09\/SEPTIEMBRE.jpeg\" alt=\"\" width=\"900\" height=\"50\" \/><\/a><\/p>\n<p><a href=\"https:\/\/portal.compraspublicas.gob.ec\/sercop\/wp-content\/uploads\/2025\/10\/1.CRONOGRAMA-CAPACITACION-EN-LINEA-OCTUBRE-2025-v41-1.xlsx\"><img loading=\"lazy\" class=\"alignnone\" style=\"width: 900px !important;\" src=\"https:\/\/portal.compraspublicas.gob.ec\/sercop\/wp-content\/uploads\/2025\/10\/Programacio\u0301n.png\" alt=\" width=\" width=\"3334\" height=\"50\" \/><\/a><\/p>\n<p><a href=\"https:\/\/portal.compraspublicas.gob.ec\/sercop\/wp-content\/uploads\/2025\/11\/CRONOGRAMA-CAPACITACION-EN-LINEA-NOVIEMBRE-2025-1.xlsx\"><img loading=\"lazy\" class=\"alignnone\" style=\"width: 900px !important;\" src=\"https:\/\/portal.compraspublicas.gob.ec\/sercop\/wp-content\/uploads\/2025\/11\/Noviembre_2025.png\" alt=\" width=\" width=\"3334\" height=\"50\" \/><\/a><\/p>\n<p><a href=\"https:\/\/portal.compraspublicas.gob.ec\/sercop\/wp-content\/uploads\/2025\/12\/CRONOGRAMA-CAPACITACION-EN-LINEA-DICIEMBRE-2025_DC-1.xlsx\"><img loading=\"lazy\" class=\"alignnone\" style=\"width: 900px !important;\" src=\"https:\/\/portal.compraspublicas.gob.ec\/sercop\/wp-content\/uploads\/2025\/12\/Banner-capacitaciones-02.png\" alt=\" width=\" width=\"3334\" height=\"50\" \/><\/a><\/p>\n<\/div>\n<p><em><strong>Consideraciones:<\/strong><\/em><\/p>\n<ul>\n<li><i>La capacitaci\u00f3n clarifica conceptos y brinda asesor\u00eda puntual de tipo NO VINCULANTE en procedimientos y normativa de contrataci\u00f3n p\u00fablica.<\/i><\/li>\n<li><i>La capacitaci\u00f3n se brindar\u00e1 a trav\u00e9s de la plataforma zoom, para lo cual deber\u00e1 revisar previamente el cronograma.<\/i><\/li>\n<li><i>Ingresar al seminario 15 minutos antes, su micr\u00f3fono y c\u00e1mara deber\u00e1n estar apagados.<\/i><\/li>\n<li><i>Las preguntas deber\u00e1n ser puntuales, relacionadas al tema y realizadas por medio del chat en el tiempo indicado por el moderador del evento.<\/i><\/li>\n<\/ul>\n","protected":false},"excerpt":{"rendered":"<p class=\"excerpt\">&nbsp; Consideraciones: La capacitaci\u00f3n clarifica conceptos y brinda asesor\u00eda puntual de tipo NO VINCULANTE en procedimientos y normativa de contrataci\u00f3n p\u00fablica. La capacitaci\u00f3n se brindar\u00e1 a trav\u00e9s de la plataforma zoom, para lo cual deber\u00e1 revisar previamente el cronograma. Ingresar al seminario 15 minutos antes, su micr\u00f3fono y c\u00e1mara deber\u00e1n estar apagados. Las preguntas deber\u00e1n ser puntuales, relacionadas al tema&hellip; <a href=\"https:\/\/portal.compraspublicas.gob.ec\/sercop\/seminarios-permanentes-webinars\/\">Read more &rarr;<\/a><\/p>\n","protected":false},"author":75,"featured_media":0,"parent":0,"menu_order":0,"comment_status":"closed","ping_status":"closed","template":"menugenerico.php","meta":[],"_links":{"self":[{"href":"https:\/\/portal.compraspublicas.gob.ec\/sercop\/wp-json\/wp\/v2\/pages\/44253"}],"collection":[{"href":"https:\/\/portal.compraspublicas.gob.ec\/sercop\/wp-json\/wp\/v2\/pages"}],"about":[{"href":"https:\/\/portal.compraspublicas.gob.ec\/sercop\/wp-json\/wp\/v2\/types\/page"}],"author":[{"embeddable":true,"href":"https:\/\/portal.compraspublicas.gob.ec\/sercop\/wp-json\/wp\/v2\/users\/75"}],"replies":[{"embeddable":true,"href":"https:\/\/portal.compraspublicas.gob.ec\/sercop\/wp-json\/wp\/v2\/comments?post=44253"}],"version-history":[{"count":216,"href":"https:\/\/portal.compraspublicas.gob.ec\/sercop\/wp-json\/wp\/v2\/pages\/44253\/revisions"}],"predecessor-version":[{"id":64173,"href":"https:\/\/portal.compraspublicas.gob.ec\/sercop\/wp-json\/wp\/v2\/pages\/44253\/revisions\/64173"}],"wp:attachment":[{"href":"https:\/\/portal.compraspublicas.gob.ec\/sercop\/wp-json\/wp\/v2\/media?parent=44253"}],"curies":[{"name":"wp","href":"https:\/\/api.w.org\/{rel}","templated":true}]}}