{"id":44772,"date":"2021-07-13T13:51:02","date_gmt":"2021-07-13T18:51:02","guid":{"rendered":"http:\/\/portal.compraspublicas.gob.ec\/sercop\/?page_id=44772"},"modified":"2024-11-28T16:21:40","modified_gmt":"2024-11-28T21:21:40","slug":"seminario-virtual-fundamentos-de-contratacion-publica","status":"publish","type":"page","link":"https:\/\/portal.compraspublicas.gob.ec\/sercop\/seminario-virtual-fundamentos-de-contratacion-publica\/","title":{"rendered":"SEMINARIO VIRTUAL FUNDAMENTOS DE CONTRATACI\u00d3N P\u00daBLICA"},"content":{"rendered":"<p><a style=\"display:flex\"><img loading=\"lazy\" class=\"alignnone size-full wp-image-44789\" src=\"https:\/\/portal.compraspublicas.gob.ec\/sercop\/wp-content\/uploads\/2021\/07\/WhatsApp-Image-2021-07-13-at-2.46.50-PM.jpeg\" alt=\"\" width=\"768\" height=\"192\" srcset=\"https:\/\/portal.compraspublicas.gob.ec\/sercop\/wp-content\/uploads\/2021\/07\/WhatsApp-Image-2021-07-13-at-2.46.50-PM.jpeg 768w, https:\/\/portal.compraspublicas.gob.ec\/sercop\/wp-content\/uploads\/2021\/07\/WhatsApp-Image-2021-07-13-at-2.46.50-PM-300x75.jpeg 300w\" sizes=\"(max-width: 768px) 100vw, 768px\" \/><\/a><\/p>\n<p style=\"text-align: justify;\">Se comunica a todas las entidades contratantes que debido a la alta demanda de participantes para el Seminario Virtual de \u201cFundamentos de Contrataci\u00f3n P\u00fablica\u201d,\u00a0 se ha extendido la fecha de inscripci\u00f3n hasta el mi\u00e9rcoles, 21 de julio de 2021, 11:59 PM.<\/p>\n<p style=\"text-align: justify;\">Para descargar el formulario de registro ingrese al siguiente link. <strong>Importante<\/strong>: Este documento deber\u00e1 ser llenado por la Unidad de Talento Humano de cada Instituci\u00f3n y remitirlo al correo capacitacion.usuarios@sercop.gob.ec:<\/p>\n<p><a href=\"https:\/\/portal.compraspublicas.gob.ec\/sercop\/wp-content\/uploads\/2021\/07\/Formato-para-registro-de-participantes-Curso-Fundamentos-2.xlsx\"><img loading=\"lazy\" class=\"alignnone size-full wp-image-44773\" src=\"https:\/\/portal.compraspublicas.gob.ec\/sercop\/wp-content\/uploads\/2021\/07\/WhatsApp-Image-2021-07-13-at-11.33.13-AM.jpeg\" alt=\"\" width=\"970\" height=\"57\" srcset=\"https:\/\/portal.compraspublicas.gob.ec\/sercop\/wp-content\/uploads\/2021\/07\/WhatsApp-Image-2021-07-13-at-11.33.13-AM.jpeg 970w, https:\/\/portal.compraspublicas.gob.ec\/sercop\/wp-content\/uploads\/2021\/07\/WhatsApp-Image-2021-07-13-at-11.33.13-AM-300x18.jpeg 300w, https:\/\/portal.compraspublicas.gob.ec\/sercop\/wp-content\/uploads\/2021\/07\/WhatsApp-Image-2021-07-13-at-11.33.13-AM-768x45.jpeg 768w\" sizes=\"(max-width: 970px) 100vw, 970px\" \/><\/a><\/p>\n<p style=\"text-align: justify;\"><strong>Informaci\u00f3n primera convocatoria:<\/strong> Los participantes que se registraron mediante sus Unidades de Talento Humano, hasta el viernes, 09 de julio de 2021, favor descargar la asignaci\u00f3n de sus horarios en el siguiente link:<\/p>\n<p><em><a href=\"https:\/\/portal.compraspublicas.gob.ec\/sercop\/wp-content\/uploads\/2021\/07\/LISTADO-DE-ASIGNACI\u00d3N-DE-HORARIOS-CURSO-FUNDAMENTOS-13-AL-20-DE-JULIO-2021.xlsx\"><img loading=\"lazy\" class=\"alignnone size-full wp-image-44774\" src=\"https:\/\/portal.compraspublicas.gob.ec\/sercop\/wp-content\/uploads\/2021\/07\/WhatsApp-Image-2021-07-13-at-11.33.14-AM.jpeg\" alt=\"\" width=\"970\" height=\"57\" srcset=\"https:\/\/portal.compraspublicas.gob.ec\/sercop\/wp-content\/uploads\/2021\/07\/WhatsApp-Image-2021-07-13-at-11.33.14-AM.jpeg 970w, https:\/\/portal.compraspublicas.gob.ec\/sercop\/wp-content\/uploads\/2021\/07\/WhatsApp-Image-2021-07-13-at-11.33.14-AM-300x18.jpeg 300w, https:\/\/portal.compraspublicas.gob.ec\/sercop\/wp-content\/uploads\/2021\/07\/WhatsApp-Image-2021-07-13-at-11.33.14-AM-768x45.jpeg 768w\" sizes=\"(max-width: 970px) 100vw, 970px\" \/><\/a><\/em><\/p>\n<p><a href=\"https:\/\/portal.compraspublicas.gob.ec\/sercop\/wp-content\/uploads\/2021\/07\/LISTADO-DE-ASIGNACI\u00d3N-DE-HORARIOS-CURSO-FUNDAMENTOS-21-AL-28-DE-JULIO-DEL-2021.xlsx\"><img loading=\"lazy\" class=\"alignnone size-full wp-image-44840\" src=\"https:\/\/portal.compraspublicas.gob.ec\/sercop\/wp-content\/uploads\/2021\/07\/WhatsApp-Image-2021-07-17-at-10.14.19-AM.jpeg\" alt=\"\" width=\"970\" height=\"57\" srcset=\"https:\/\/portal.compraspublicas.gob.ec\/sercop\/wp-content\/uploads\/2021\/07\/WhatsApp-Image-2021-07-17-at-10.14.19-AM.jpeg 970w, https:\/\/portal.compraspublicas.gob.ec\/sercop\/wp-content\/uploads\/2021\/07\/WhatsApp-Image-2021-07-17-at-10.14.19-AM-300x18.jpeg 300w, https:\/\/portal.compraspublicas.gob.ec\/sercop\/wp-content\/uploads\/2021\/07\/WhatsApp-Image-2021-07-17-at-10.14.19-AM-768x45.jpeg 768w\" sizes=\"(max-width: 970px) 100vw, 970px\" \/><\/a><\/p>\n<p><a href=\"https:\/\/portal.compraspublicas.gob.ec\/sercop\/wp-content\/uploads\/2021\/07\/Base-inscritos-semana-3-final-portal.xlsx\"><img loading=\"lazy\" class=\"alignnone size-full wp-image-44871\" src=\"https:\/\/portal.compraspublicas.gob.ec\/sercop\/wp-content\/uploads\/2021\/07\/banner_listado_3.jpg\" alt=\"\" width=\"970\" height=\"57\" srcset=\"https:\/\/portal.compraspublicas.gob.ec\/sercop\/wp-content\/uploads\/2021\/07\/banner_listado_3.jpg 970w, https:\/\/portal.compraspublicas.gob.ec\/sercop\/wp-content\/uploads\/2021\/07\/banner_listado_3-300x18.jpg 300w, https:\/\/portal.compraspublicas.gob.ec\/sercop\/wp-content\/uploads\/2021\/07\/banner_listado_3-768x45.jpg 768w\" sizes=\"(max-width: 970px) 100vw, 970px\" \/><\/a><\/p>\n<p style=\"text-align: justify;\"><strong>Informaci\u00f3n segunda convocatoria:<\/strong> Los participantes que se registren mediante sus Unidades de Talento Humano, hasta el martes, 21\u00a0 de julio, recibir\u00e1n por medio de sus correos las correspondientes asignaciones horarias hasta el mi\u00e9rcoles, 28 de julio de 2021.<\/p>\n<p style=\"text-align: justify;\">Podr\u00e1n registrarse todos los funcionarios p\u00fablicos que tengan relaci\u00f3n con los procesos de Contrataci\u00f3n P\u00fablica, sin restricci\u00f3n y a nivel nacional. Recuerde que la plataforma ser\u00e1 accesible solo en el horario asignado, inclusive los fines de semana.<\/p>\n","protected":false},"excerpt":{"rendered":"<p class=\"excerpt\">Se comunica a todas las entidades contratantes que debido a la alta demanda de participantes para el Seminario Virtual de \u201cFundamentos de Contrataci\u00f3n P\u00fablica\u201d,\u00a0 se ha extendido la fecha de inscripci\u00f3n hasta el mi\u00e9rcoles, 21 de julio de 2021, 11:59 PM. Para descargar el formulario de registro ingrese al siguiente link. Importante: Este documento deber\u00e1 ser llenado por la Unidad&hellip; <a href=\"https:\/\/portal.compraspublicas.gob.ec\/sercop\/seminario-virtual-fundamentos-de-contratacion-publica\/\">Read more &rarr;<\/a><\/p>\n","protected":false},"author":75,"featured_media":0,"parent":0,"menu_order":0,"comment_status":"closed","ping_status":"closed","template":"menugenerico.php","meta":[],"_links":{"self":[{"href":"https:\/\/portal.compraspublicas.gob.ec\/sercop\/wp-json\/wp\/v2\/pages\/44772"}],"collection":[{"href":"https:\/\/portal.compraspublicas.gob.ec\/sercop\/wp-json\/wp\/v2\/pages"}],"about":[{"href":"https:\/\/portal.compraspublicas.gob.ec\/sercop\/wp-json\/wp\/v2\/types\/page"}],"author":[{"embeddable":true,"href":"https:\/\/portal.compraspublicas.gob.ec\/sercop\/wp-json\/wp\/v2\/users\/75"}],"replies":[{"embeddable":true,"href":"https:\/\/portal.compraspublicas.gob.ec\/sercop\/wp-json\/wp\/v2\/comments?post=44772"}],"version-history":[{"count":16,"href":"https:\/\/portal.compraspublicas.gob.ec\/sercop\/wp-json\/wp\/v2\/pages\/44772\/revisions"}],"predecessor-version":[{"id":60508,"href":"https:\/\/portal.compraspublicas.gob.ec\/sercop\/wp-json\/wp\/v2\/pages\/44772\/revisions\/60508"}],"wp:attachment":[{"href":"https:\/\/portal.compraspublicas.gob.ec\/sercop\/wp-json\/wp\/v2\/media?parent=44772"}],"curies":[{"name":"wp","href":"https:\/\/api.w.org\/{rel}","templated":true}]}}