{"id":45617,"date":"2021-10-04T16:29:28","date_gmt":"2021-10-04T21:29:28","guid":{"rendered":"http:\/\/portal.compraspublicas.gob.ec\/sercop\/?page_id=45617"},"modified":"2026-03-10T12:48:58","modified_gmt":"2026-03-10T17:48:58","slug":"cursos-virtuales-autocapacitacion","status":"publish","type":"page","link":"https:\/\/portal.compraspublicas.gob.ec\/sercop\/cursos-virtuales-autocapacitacion\/","title":{"rendered":"Cursos Virtuales de Autocapacitaci\u00f3n"},"content":{"rendered":"<p><a style=\"display: flex;\"><img loading=\"lazy\" class=\"alignnone wp-image-55899 size-full\" src=\"https:\/\/portal.compraspublicas.gob.ec\/sercop\/wp-content\/uploads\/2023\/10\/WhatsApp-Image-2023-10-11-at-15.02.46-1.jpeg\" alt=\"\" width=\"1600\" height=\"393\" srcset=\"https:\/\/portal.compraspublicas.gob.ec\/sercop\/wp-content\/uploads\/2023\/10\/WhatsApp-Image-2023-10-11-at-15.02.46-1.jpeg 1600w, https:\/\/portal.compraspublicas.gob.ec\/sercop\/wp-content\/uploads\/2023\/10\/WhatsApp-Image-2023-10-11-at-15.02.46-1-300x74.jpeg 300w, https:\/\/portal.compraspublicas.gob.ec\/sercop\/wp-content\/uploads\/2023\/10\/WhatsApp-Image-2023-10-11-at-15.02.46-1-1024x252.jpeg 1024w, https:\/\/portal.compraspublicas.gob.ec\/sercop\/wp-content\/uploads\/2023\/10\/WhatsApp-Image-2023-10-11-at-15.02.46-1-768x189.jpeg 768w, https:\/\/portal.compraspublicas.gob.ec\/sercop\/wp-content\/uploads\/2023\/10\/WhatsApp-Image-2023-10-11-at-15.02.46-1-1536x377.jpeg 1536w\" sizes=\"(max-width: 1600px) 100vw, 1600px\" \/><\/a><\/p>\n<h4><strong>Objetivo:<\/strong><\/h4>\n<h4>Proporcionar a los participantes una comprensi\u00f3n s\u00f3lida de los principios y fundamentos clave de la contrataci\u00f3n p\u00fablica, para que sean aplicados eficazmente en los procesos de contrataci\u00f3n p\u00fablica, garantizando transparencia, legalidad y eficiencia en las adquisiciones gubernamentales.<\/h4>\n<h4><strong>Carga Horaria: <\/strong>40 horas.<\/h4>\n<h4><strong>Horario: <\/strong>Actualizamos nuestra oferta de capacitaci\u00f3n. Muy pronto publicaremos el calendario de admisiones.<\/h4>\n<h4><strong>Aprobaci\u00f3n y certificado:<\/strong><\/h4>\n<h4>Una vez que el participante haya concluido con todos los m\u00f3dulos del curso, el sistema validar\u00e1 su avance y podr\u00e1 finalizar el mismo.<\/h4>\n<h4>Los participantes que hayan completado las actividades establecidas obtendr\u00e1n un certificado de capacitaci\u00f3n equivalente a 40 horas de estudio.<\/h4>\n<h4><strong>Inscripci\u00f3n<\/strong>: <a href=\"https:\/\/capacitate4.compraspublicas.gob.ec\/virtual04\/\">https:\/\/capacitate4.compraspublicas.gob.ec\/virtual04\/<\/a><\/h4>\n<p>&nbsp;<\/p>\n<hr \/>\n<p><a href=\"https:\/\/portal.compraspublicas.gob.ec\/sercop\/wp-content\/uploads\/2023\/10\/WhatsApp-Image-2023-10-12-at-11.10.10.jpeg\"><img loading=\"lazy\" class=\"alignnone wp-image-55922 size-full\" src=\"https:\/\/portal.compraspublicas.gob.ec\/sercop\/wp-content\/uploads\/2023\/10\/WhatsApp-Image-2023-10-12-at-11.10.10.jpeg\" alt=\"\" width=\"1600\" height=\"393\" srcset=\"https:\/\/portal.compraspublicas.gob.ec\/sercop\/wp-content\/uploads\/2023\/10\/WhatsApp-Image-2023-10-12-at-11.10.10.jpeg 1600w, https:\/\/portal.compraspublicas.gob.ec\/sercop\/wp-content\/uploads\/2023\/10\/WhatsApp-Image-2023-10-12-at-11.10.10-300x74.jpeg 300w, https:\/\/portal.compraspublicas.gob.ec\/sercop\/wp-content\/uploads\/2023\/10\/WhatsApp-Image-2023-10-12-at-11.10.10-1024x252.jpeg 1024w, https:\/\/portal.compraspublicas.gob.ec\/sercop\/wp-content\/uploads\/2023\/10\/WhatsApp-Image-2023-10-12-at-11.10.10-768x189.jpeg 768w, https:\/\/portal.compraspublicas.gob.ec\/sercop\/wp-content\/uploads\/2023\/10\/WhatsApp-Image-2023-10-12-at-11.10.10-1536x377.jpeg 1536w\" sizes=\"(max-width: 1600px) 100vw, 1600px\" \/><\/a><\/p>\n<h4><\/h4>\n<h4><strong>Objetivo:<\/strong><\/h4>\n<h4>Brindar a los participantes los conocimientos que les permita desarrollar las habilidades necesarias para gestionar de manera efectiva y eficiente los contratos durante su ejecuci\u00f3n. Los participantes aprender\u00e1n a supervisar el cumplimiento contractual y maximizar el valor de los contratos, asegurando que las partes involucradas alcancen sus objetivos y se cumplan los t\u00e9rminos acordados.<\/h4>\n<h4><strong>Carga Horaria: <\/strong>40 horas.<\/h4>\n<h4><strong>Horario: <\/strong>Inscripciones abiertas permanentemente.<\/h4>\n<h4><strong>Aprobaci\u00f3n y certificado:<\/strong><\/h4>\n<h4>Una vez que el participante haya concluido con todos los m\u00f3dulos del curso, el sistema validar\u00e1 su avance y podr\u00e1 finalizar el mismo.<\/h4>\n<h4>Los participantes que hayan completado las actividades establecidas obtendr\u00e1n un certificado de capacitaci\u00f3n equivalente a 40 horas de estudio.<\/h4>\n<h4><strong>Inscripci\u00f3n<\/strong>: <a href=\"https:\/\/capacitate4.compraspublicas.gob.ec\/virtual04\/\">https:\/\/capacitate4.compraspublicas.gob.ec\/virtual04\/<\/a><\/h4>\n","protected":false},"excerpt":{"rendered":"<p class=\"excerpt\">Objetivo: Proporcionar a los participantes una comprensi\u00f3n s\u00f3lida de los principios y fundamentos clave de la contrataci\u00f3n p\u00fablica, para que sean aplicados eficazmente en los procesos de contrataci\u00f3n p\u00fablica, garantizando transparencia, legalidad y eficiencia en las adquisiciones gubernamentales. Carga Horaria: 40 horas. Horario: Actualizamos nuestra oferta de capacitaci\u00f3n. Muy pronto publicaremos el calendario de admisiones. Aprobaci\u00f3n y certificado: Una vez&hellip; <a href=\"https:\/\/portal.compraspublicas.gob.ec\/sercop\/cursos-virtuales-autocapacitacion\/\">Read more &rarr;<\/a><\/p>\n","protected":false},"author":75,"featured_media":0,"parent":0,"menu_order":0,"comment_status":"closed","ping_status":"closed","template":"menugenerico.php","meta":[],"_links":{"self":[{"href":"https:\/\/portal.compraspublicas.gob.ec\/sercop\/wp-json\/wp\/v2\/pages\/45617"}],"collection":[{"href":"https:\/\/portal.compraspublicas.gob.ec\/sercop\/wp-json\/wp\/v2\/pages"}],"about":[{"href":"https:\/\/portal.compraspublicas.gob.ec\/sercop\/wp-json\/wp\/v2\/types\/page"}],"author":[{"embeddable":true,"href":"https:\/\/portal.compraspublicas.gob.ec\/sercop\/wp-json\/wp\/v2\/users\/75"}],"replies":[{"embeddable":true,"href":"https:\/\/portal.compraspublicas.gob.ec\/sercop\/wp-json\/wp\/v2\/comments?post=45617"}],"version-history":[{"count":42,"href":"https:\/\/portal.compraspublicas.gob.ec\/sercop\/wp-json\/wp\/v2\/pages\/45617\/revisions"}],"predecessor-version":[{"id":63936,"href":"https:\/\/portal.compraspublicas.gob.ec\/sercop\/wp-json\/wp\/v2\/pages\/45617\/revisions\/63936"}],"wp:attachment":[{"href":"https:\/\/portal.compraspublicas.gob.ec\/sercop\/wp-json\/wp\/v2\/media?parent=45617"}],"curies":[{"name":"wp","href":"https:\/\/api.w.org\/{rel}","templated":true}]}}