{"id":45641,"date":"2021-10-05T14:08:57","date_gmt":"2021-10-05T19:08:57","guid":{"rendered":"http:\/\/portal.compraspublicas.gob.ec\/sercop\/?page_id=45641"},"modified":"2024-11-28T14:54:04","modified_gmt":"2024-11-28T19:54:04","slug":"entidades-contratantes","status":"publish","type":"page","link":"https:\/\/portal.compraspublicas.gob.ec\/sercop\/entidades-contratantes\/","title":{"rendered":"Entidades Contratantes"},"content":{"rendered":"<p style=\"text-align: center; display:flex\"><img loading=\"lazy\" class=\"alignnone size-full wp-image-45924\" src=\"https:\/\/portal.compraspublicas.gob.ec\/sercop\/wp-content\/uploads\/2021\/10\/cab_cifras_entidades_11.png\" alt=\"\" width=\"759\" height=\"659\" srcset=\"https:\/\/portal.compraspublicas.gob.ec\/sercop\/wp-content\/uploads\/2021\/10\/cab_cifras_entidades_11.png 759w, https:\/\/portal.compraspublicas.gob.ec\/sercop\/wp-content\/uploads\/2021\/10\/cab_cifras_entidades_11-300x260.png 300w\" sizes=\"(max-width: 759px) 100vw, 759px\" \/><\/p>\n<p><iframe loading=\"lazy\" src=\"https:\/\/app.powerbi.com\/view?r=eyJrIjoiMmUxOWUwMmUtODg1Zi00NjRiLWJhYmYtYjYyMDM4Zjc3NmE5IiwidCI6ImQ2NDk2NzM4LWY5MTItNGExZS04NDE1LTQwY2E2ZjRhOTRlZCJ9\" width=\"980\" height=\"573.5\" frameborder=\"0\" allowfullscreen=\"allowfullscreen\"><span style=\"display: inline-block; width: 0px; overflow: hidden; line-height: 0;\" data-mce-type=\"bookmark\" class=\"mce_SELRES_start\">\ufeff<\/span><\/iframe><\/p>\n<p><!--\n\n\n<p style=\"text-align: justify;\">Se refiere a los organismos, las entidades o en general las personas jur\u00eddicas previstas en el <em>art\u00edculo 1<\/em> <em>de la Ley Org\u00e1nica del Sistema Nacional de Contrataci\u00f3n P\u00fablica (LOSNCP)<\/em>. Raz\u00f3n Social de la Entidad Estatal o P\u00fablica.<\/p>\n\n\n\n\n<p style=\"text-align: justify;\">Las Entidades del Estado que requieran realizar procesos de contrataci\u00f3n, es indispensable\u00a0 realizar su registro en la base de datos que administra el SERCOP.<\/p>\n\n\n\n\n<p style=\"text-align: justify;\">Para el registro de las entidades se debe realizar dos pasos: 1) registro inform\u00e1tico y 2) la habilitaci\u00f3n. Una vez que el SERCOP haya constado la validez de la autorizaci\u00f3n del representante de la entidad contratante, le entregar\u00e1 el permiso de accesibilidad para operar dentro del Portal. www.compraspublicas.gob.ec<\/p>\n\n\n\n\n<p style=\"text-align: justify;\">Las Entidades Contratantes podr\u00e1n realizar su registro por una sola vez dentro del Sistema Nacional de Contrataci\u00f3n P\u00fablica (SNCP), el cual ser\u00e1 determinado por el n\u00famero de su Registro \u00danico de Contribuyentes (RUC), excepto en el caso de que existan establecimientos desconcentrados administrativa y financieramente, tales como: sucursales, regionales, agencias, unidades de negocios territorialmente delimitadas, entre otras, podr\u00e1 inscribir a cada uno de dichos establecimientos como unidad de contrataci\u00f3n individual, para lo que ser\u00e1 condici\u00f3n indispensable que \u00e9stos cuenten con un RUC independiente.<\/p>\n\n\n\n\n<p style=\"text-align: justify;\">Este reporte estad\u00edstico permite poner al alcance del usuario informaci\u00f3n relacionada con aquellas entidades que realizan alg\u00fan tipo de contrataci\u00f3n, las mismas que se encuentran debidamente registradas dentro del SNCP. En este sentido se presentan m\u00e9tricas concernientes al estado de las entidades (habilitada o deshabilitada), su provincia de registro, a\u00f1o de registro, entre otras.<\/p>\n\n\n&nbsp;\n\n<iframe loading=\"lazy\" src=\"https:\/\/app.powerbi.com\/view?r=eyJrIjoiZmMyZmRlZjEtMWMwNS00MDNkLTk1ODctZGQyYzA0OGY0NTgzIiwidCI6ImQ2NDk2NzM4LWY5MTItNGExZS04NDE1LTQwY2E2ZjRhOTRlZCJ9\" width=\"1000\" height=\"500\" frameborder=\"0\" allowfullscreen=\"allowfullscreen\"><\/iframe> <span style=\"display: inline-block; width: 0px; overflow: hidden; line-height: 0;\" data-mce-type=\"bookmark\" class=\"mce_SELRES_start\"><\/span>--><\/p>\n","protected":false},"excerpt":{"rendered":"<p class=\"excerpt\">\ufeff <a href=\"https:\/\/portal.compraspublicas.gob.ec\/sercop\/entidades-contratantes\/\">Read more &rarr;<\/a><\/p>\n","protected":false},"author":75,"featured_media":0,"parent":0,"menu_order":0,"comment_status":"closed","ping_status":"closed","template":"menugenerico.php","meta":[],"_links":{"self":[{"href":"https:\/\/portal.compraspublicas.gob.ec\/sercop\/wp-json\/wp\/v2\/pages\/45641"}],"collection":[{"href":"https:\/\/portal.compraspublicas.gob.ec\/sercop\/wp-json\/wp\/v2\/pages"}],"about":[{"href":"https:\/\/portal.compraspublicas.gob.ec\/sercop\/wp-json\/wp\/v2\/types\/page"}],"author":[{"embeddable":true,"href":"https:\/\/portal.compraspublicas.gob.ec\/sercop\/wp-json\/wp\/v2\/users\/75"}],"replies":[{"embeddable":true,"href":"https:\/\/portal.compraspublicas.gob.ec\/sercop\/wp-json\/wp\/v2\/comments?post=45641"}],"version-history":[{"count":20,"href":"https:\/\/portal.compraspublicas.gob.ec\/sercop\/wp-json\/wp\/v2\/pages\/45641\/revisions"}],"predecessor-version":[{"id":60403,"href":"https:\/\/portal.compraspublicas.gob.ec\/sercop\/wp-json\/wp\/v2\/pages\/45641\/revisions\/60403"}],"wp:attachment":[{"href":"https:\/\/portal.compraspublicas.gob.ec\/sercop\/wp-json\/wp\/v2\/media?parent=45641"}],"curies":[{"name":"wp","href":"https:\/\/api.w.org\/{rel}","templated":true}]}}