{"id":45655,"date":"2021-10-05T14:35:40","date_gmt":"2021-10-05T19:35:40","guid":{"rendered":"http:\/\/portal.compraspublicas.gob.ec\/sercop\/?page_id=45655"},"modified":"2024-11-28T15:18:10","modified_gmt":"2024-11-28T20:18:10","slug":"inscripciones","status":"publish","type":"page","link":"https:\/\/portal.compraspublicas.gob.ec\/sercop\/inscripciones\/","title":{"rendered":"Inscripciones"},"content":{"rendered":"<p><a style=\"display:flex\"><img loading=\"lazy\" class=\"alignnone wp-image-45667\" src=\"https:\/\/portal.compraspublicas.gob.ec\/sercop\/wp-content\/uploads\/2021\/10\/bn_cronograma_2021.jpg\" alt=\"\" width=\"708\" height=\"177\" srcset=\"https:\/\/portal.compraspublicas.gob.ec\/sercop\/wp-content\/uploads\/2021\/10\/bn_cronograma_2021.jpg 768w, https:\/\/portal.compraspublicas.gob.ec\/sercop\/wp-content\/uploads\/2021\/10\/bn_cronograma_2021-300x75.jpg 300w\" sizes=\"(max-width: 708px) 100vw, 708px\" \/><\/a><\/p>\n<p>&nbsp;<\/p>\n<p style=\"text-align: justify;\"><strong>CRONOGRAMA DE FECHAS DEL SEMINARIO<\/strong><\/p>\n<table style=\"height: 164px;\" border=\"1\" width=\"651\">\n<tbody>\n<tr>\n<td width=\"227\">&nbsp;<\/p>\n<p style=\"text-align: center;\"><strong>TIPOS DE CURSOS<\/strong><\/p>\n<\/td>\n<td width=\"217\">&nbsp;<\/p>\n<p style=\"text-align: center;\"><strong> INSCRIPCIONES<\/strong><\/p>\n<\/td>\n<td width=\"208\">&nbsp;<\/p>\n<p style=\"text-align: center;\"><strong>FECHA DE INICIO Y FINALIZACI\u00d3N DEL SEMINARIO<\/strong><\/p>\n<\/td>\n<\/tr>\n<tr>\n<td width=\"227\"><strong>CURSO FUNDAMENTOS DE CONTRATACI\u00d3N<\/strong><\/td>\n<td width=\"217\">6 al 11 de octubre<\/p>\n<p>03 al 07 de noviembre<\/p>\n<p>01 al 05 de diciembre<\/td>\n<td width=\"208\">11 al 15 de octubre<\/p>\n<p>8 al 12 de noviembre<\/p>\n<p>6 al 10 de diciembre<\/td>\n<\/tr>\n<\/tbody>\n<\/table>\n<p>&nbsp;<\/p>\n<p style=\"text-align: justify;\">Para la inscripci\u00f3n todos los participantes se registrar\u00e1n de forma individual y solo en las fechas establecidas en el cronograma. Las inscripciones se pueden realizar en el mes en el que se va a cursar el seminario. Los participantes podr\u00e1n registrarse en cualquiera de los siguientes enlaces:<\/p>\n<p>&nbsp;<\/p>\n<p><strong>INSTRUCTIVOS<br \/>\n<\/strong><\/p>\n<ul>\n<li><a href=\"https:\/\/portal.compraspublicas.gob.ec\/sercop\/wp-content\/uploads\/2021\/10\/Instructivo-para-acceso-al-Seminario-Fundamentos-oct20212.pdf\">Instructivo para acceso al Seminario Fundamentos<\/a><\/li>\n<li><a href=\"https:\/\/portal.compraspublicas.gob.ec\/sercop\/wp-content\/uploads\/2021\/10\/Instructivo-para-inscripci\u00f3n-y-matriculaci\u00f3noct-202131.pdf\">Instructivo para inscripci\u00f3n y matriculaci\u00f3n<\/a><\/li>\n<\/ul>\n<p>&nbsp;<\/p>\n<p><strong>INSCRIPCI\u00d3N<\/strong><\/p>\n<p>Para realizar su \u00a0inscripci\u00f3n de clic en el siguiente enlace:<\/p>\n<p><a href=\"https:\/\/capacitate4.compraspublicas.gob.ec\/virtual04\/course\/index.php?categoryid=17\">https:\/\/capacitate4.compraspublicas.gob.ec\/virtual04\/course\/index.php?categoryid=17<\/a><\/p>\n<p>&nbsp;<\/p>\n<p style=\"text-align: justify;\"><strong><em>NOTA: <\/em><\/strong>Los participantes que se inscribieron \u00a0en la anterior jornada de capacitaci\u00f3n y no realizaron el Seminario de Fundamentos o no concluyeron, podr\u00e1n MATRICULARSE en las siguientes jornadas de capacitaci\u00f3n sin necesidad de inscribirse.<\/p>\n<p>&nbsp;<\/p>\n<p>&nbsp;<\/p>\n","protected":false},"excerpt":{"rendered":"<p class=\"excerpt\">&nbsp; CRONOGRAMA DE FECHAS DEL SEMINARIO &nbsp; TIPOS DE CURSOS &nbsp; INSCRIPCIONES &nbsp; FECHA DE INICIO Y FINALIZACI\u00d3N DEL SEMINARIO CURSO FUNDAMENTOS DE CONTRATACI\u00d3N 6 al 11 de octubre 03 al 07 de noviembre 01 al 05 de diciembre 11 al 15 de octubre 8 al 12 de noviembre 6 al 10 de diciembre &nbsp; Para la inscripci\u00f3n todos los&hellip; <a href=\"https:\/\/portal.compraspublicas.gob.ec\/sercop\/inscripciones\/\">Read more &rarr;<\/a><\/p>\n","protected":false},"author":75,"featured_media":0,"parent":0,"menu_order":0,"comment_status":"closed","ping_status":"closed","template":"menugenerico.php","meta":[],"_links":{"self":[{"href":"https:\/\/portal.compraspublicas.gob.ec\/sercop\/wp-json\/wp\/v2\/pages\/45655"}],"collection":[{"href":"https:\/\/portal.compraspublicas.gob.ec\/sercop\/wp-json\/wp\/v2\/pages"}],"about":[{"href":"https:\/\/portal.compraspublicas.gob.ec\/sercop\/wp-json\/wp\/v2\/types\/page"}],"author":[{"embeddable":true,"href":"https:\/\/portal.compraspublicas.gob.ec\/sercop\/wp-json\/wp\/v2\/users\/75"}],"replies":[{"embeddable":true,"href":"https:\/\/portal.compraspublicas.gob.ec\/sercop\/wp-json\/wp\/v2\/comments?post=45655"}],"version-history":[{"count":20,"href":"https:\/\/portal.compraspublicas.gob.ec\/sercop\/wp-json\/wp\/v2\/pages\/45655\/revisions"}],"predecessor-version":[{"id":60428,"href":"https:\/\/portal.compraspublicas.gob.ec\/sercop\/wp-json\/wp\/v2\/pages\/45655\/revisions\/60428"}],"wp:attachment":[{"href":"https:\/\/portal.compraspublicas.gob.ec\/sercop\/wp-json\/wp\/v2\/media?parent=45655"}],"curies":[{"name":"wp","href":"https:\/\/api.w.org\/{rel}","templated":true}]}}