{"id":45672,"date":"2021-10-05T16:18:31","date_gmt":"2021-10-05T21:18:31","guid":{"rendered":"http:\/\/portal.compraspublicas.gob.ec\/sercop\/?page_id=45672"},"modified":"2024-11-28T15:46:10","modified_gmt":"2024-11-28T20:46:10","slug":"plan-anual-de-contratacion-3","status":"publish","type":"page","link":"https:\/\/portal.compraspublicas.gob.ec\/sercop\/plan-anual-de-contratacion-3\/","title":{"rendered":"Plan Anual de Contrataci\u00f3n P\u00fablica"},"content":{"rendered":"<p><a style=\"display:flex\"><img loading=\"lazy\" class=\"alignnone size-full wp-image-45928\" src=\"https:\/\/portal.compraspublicas.gob.ec\/sercop\/wp-content\/uploads\/2021\/10\/cab_cifras_plananual_11.png\" alt=\"\" width=\"759\" height=\"545\" srcset=\"https:\/\/portal.compraspublicas.gob.ec\/sercop\/wp-content\/uploads\/2021\/10\/cab_cifras_plananual_11.png 759w, https:\/\/portal.compraspublicas.gob.ec\/sercop\/wp-content\/uploads\/2021\/10\/cab_cifras_plananual_11-300x215.png 300w\" sizes=\"(max-width: 759px) 100vw, 759px\" \/><\/a><\/p>\n<p>&nbsp;<\/p>\n<p><iframe loading=\"lazy\" src=\"https:\/\/app.powerbi.com\/view?r=eyJrIjoiYmNhZTE3MGYtMWE5OC00MzcyLWI2MmYtNDVlZDNlMGQwOTY1IiwidCI6ImQ2NDk2NzM4LWY5MTItNGExZS04NDE1LTQwY2E2ZjRhOTRlZCJ9\" width=\"950\" height=\"573.5\" frameborder=\"0\" allowfullscreen=\"allowfullscreen\"><\/iframe><\/p>\n<p><strong>\u00a0<\/strong><br \/>\n<strong>\u00bfQu\u00e9 planific\u00f3 comprar el Estado?<\/strong><\/p>\n<p>A continuaci\u00f3n, se visualizan los bienes o servicios que son m\u00e1s demandados por el Estado para este a\u00f1o. Tambi\u00e9n encontrar\u00e1s los bienes y servicios m\u00e1s demandados por entidad contratante, su adquisici\u00f3n por tipo de procedimiento de contrataci\u00f3n, por tipo de compra, inclusive el origen de su presupuesto, adem\u00e1s se responder\u00e1 la inc\u00f3gnita de que entidad ha planificado un valor mayor en contrataci\u00f3n p\u00fablica.<\/p>\n<p><iframe loading=\"lazy\" src=\"https:\/\/app.powerbi.com\/view?r=eyJrIjoiMjQzM2E1NzctZDZlOS00MDAxLTk1MDUtMTUxMWRlZTAxM2M0IiwidCI6ImQ2NDk2NzM4LWY5MTItNGExZS04NDE1LTQwY2E2ZjRhOTRlZCJ9\" width=\"950\" height=\"573.5\" frameborder=\"0\" allowfullscreen=\"allowfullscreen\"><\/iframe><\/p>\n","protected":false},"excerpt":{"rendered":"<p class=\"excerpt\">&nbsp; \u00a0 \u00bfQu\u00e9 planific\u00f3 comprar el Estado? A continuaci\u00f3n, se visualizan los bienes o servicios que son m\u00e1s demandados por el Estado para este a\u00f1o. Tambi\u00e9n encontrar\u00e1s los bienes y servicios m\u00e1s demandados por entidad contratante, su adquisici\u00f3n por tipo de procedimiento de contrataci\u00f3n, por tipo de compra, inclusive el origen de su presupuesto, adem\u00e1s se responder\u00e1 la inc\u00f3gnita de&hellip; <a href=\"https:\/\/portal.compraspublicas.gob.ec\/sercop\/plan-anual-de-contratacion-3\/\">Read more &rarr;<\/a><\/p>\n","protected":false},"author":75,"featured_media":0,"parent":0,"menu_order":0,"comment_status":"closed","ping_status":"closed","template":"menugenerico.php","meta":[],"_links":{"self":[{"href":"https:\/\/portal.compraspublicas.gob.ec\/sercop\/wp-json\/wp\/v2\/pages\/45672"}],"collection":[{"href":"https:\/\/portal.compraspublicas.gob.ec\/sercop\/wp-json\/wp\/v2\/pages"}],"about":[{"href":"https:\/\/portal.compraspublicas.gob.ec\/sercop\/wp-json\/wp\/v2\/types\/page"}],"author":[{"embeddable":true,"href":"https:\/\/portal.compraspublicas.gob.ec\/sercop\/wp-json\/wp\/v2\/users\/75"}],"replies":[{"embeddable":true,"href":"https:\/\/portal.compraspublicas.gob.ec\/sercop\/wp-json\/wp\/v2\/comments?post=45672"}],"version-history":[{"count":11,"href":"https:\/\/portal.compraspublicas.gob.ec\/sercop\/wp-json\/wp\/v2\/pages\/45672\/revisions"}],"predecessor-version":[{"id":60464,"href":"https:\/\/portal.compraspublicas.gob.ec\/sercop\/wp-json\/wp\/v2\/pages\/45672\/revisions\/60464"}],"wp:attachment":[{"href":"https:\/\/portal.compraspublicas.gob.ec\/sercop\/wp-json\/wp\/v2\/media?parent=45672"}],"curies":[{"name":"wp","href":"https:\/\/api.w.org\/{rel}","templated":true}]}}