{"id":45848,"date":"2021-10-14T14:52:33","date_gmt":"2021-10-14T19:52:33","guid":{"rendered":"http:\/\/portal.compraspublicas.gob.ec\/sercop\/?page_id=45848"},"modified":"2024-11-28T16:07:31","modified_gmt":"2024-11-28T21:07:31","slug":"proveedores-del-estado","status":"publish","type":"page","link":"https:\/\/portal.compraspublicas.gob.ec\/sercop\/proveedores-del-estado\/","title":{"rendered":"Proveedores del Estado"},"content":{"rendered":"<p style=\"display:flex\"><img loading=\"lazy\" class=\"alignnone size-full wp-image-46257\" src=\"https:\/\/portal.compraspublicas.gob.ec\/sercop\/wp-content\/uploads\/2021\/11\/proveedores_estado_bn_12_11_2021.png\" alt=\"\" width=\"759\" height=\"659\" srcset=\"https:\/\/portal.compraspublicas.gob.ec\/sercop\/wp-content\/uploads\/2021\/11\/proveedores_estado_bn_12_11_2021.png 759w, https:\/\/portal.compraspublicas.gob.ec\/sercop\/wp-content\/uploads\/2021\/11\/proveedores_estado_bn_12_11_2021-300x260.png 300w\" sizes=\"(max-width: 759px) 100vw, 759px\" \/><\/p>\n<p>&nbsp;<\/p>\n<p><iframe loading=\"lazy\" src=\"https:\/\/app.powerbi.com\/view?r=eyJrIjoiNzgyYjEyMWMtNjBkMS00MzMyLThmMTMtZDNmN2JiYjJiYTA0IiwidCI6ImQ2NDk2NzM4LWY5MTItNGExZS04NDE1LTQwY2E2ZjRhOTRlZCJ9\" width=\"950\" height=\"573.5\" frameborder=\"0\" allowfullscreen=\"allowfullscreen\"><\/iframe><\/p>\n<p>La distribuci\u00f3n del registro de proveedores por provincia, y su estado para ser part\u00edcipes en los procedimientos de contrataci\u00f3n p\u00fablica, evidencia la posibilidad de respuesta que tendr\u00e1n las entidades contratantes a su solicitud de oferentes para la contrataci\u00f3n o adquisici\u00f3n de bienes y servicios.<\/p>\n<p>&nbsp;<\/p>\n<p><iframe loading=\"lazy\" src=\"https:\/\/app.powerbi.com\/view?r=eyJrIjoiYTBjNWRkMmQtYTFmYy00OWU2LTg5OWMtNTE5NmU0NWZiMmJkIiwidCI6ImQ2NDk2NzM4LWY5MTItNGExZS04NDE1LTQwY2E2ZjRhOTRlZCJ9\" width=\"950\" height=\"573.5\" frameborder=\"0\" allowfullscreen=\"allowfullscreen\"><span style=\"display: inline-block; width: 0px; overflow: hidden; line-height: 0;\" data-mce-type=\"bookmark\" class=\"mce_SELRES_start\">\ufeff<\/span><\/iframe><\/p>\n<p>&nbsp;<\/p>\n<p><strong>Evoluci\u00f3n del registro de proveedores por provincia y a\u00f1o<\/strong><\/p>\n<p>La evoluci\u00f3n de la oferta en las diferentes provincias del Ecuador marcada por el registro de los proveedores en cada a\u00f1o se presenta a continuaci\u00f3n:<\/p>\n<p><iframe loading=\"lazy\" src=\"https:\/\/app.powerbi.com\/view?r=eyJrIjoiZmI0ZTk0OGItZTAxMS00MmNlLTg5YzMtY2U2NzBhNzNjZjUyIiwidCI6ImQ2NDk2NzM4LWY5MTItNGExZS04NDE1LTQwY2E2ZjRhOTRlZCJ9\" width=\"950\" height=\"573.5\" frameborder=\"0\" allowfullscreen=\"allowfullscreen\"><\/iframe><\/p>\n<p>&nbsp;<\/p>\n<div>\n<p><b><span lang=\"ES\">Proveedores que son<\/span><\/b> <strong>Actores de la Econom\u00eda Popular y Solidaria (AEPYS)<\/strong><\/p>\n<p><strong>\u00bfC\u00f3mo se identifica a un proveedor de la Econom\u00eda Popular y Solidaria en contrataci\u00f3n p\u00fablica?<\/strong><\/p>\n<p>El \u00fanico instrumento que identifica a un proveedor como parte de la Econom\u00eda Popular y Solidaria es el Registro \u00danico de la Econom\u00eda Popular y Solidaria (RUEPS).<\/p>\n<p>El RUEPS es el \u00fanico instrumento que las entidades contratantes verificar\u00e1n para otorgar los respectivos mecanismos de preferencia previstos en la LOSNCP y su normativa secundaria.<\/p>\n<p>&nbsp;<\/p>\n<p><strong>\u00bfQui\u00e9n otorga el Registro \u00danico de la Econom\u00eda Popular y Solidaria?<\/strong><\/p>\n<p>El Instituto de la Econom\u00eda Popular y Solidaria es el encargado de certificar a un proveedor como parte de la Econom\u00eda Popular y Solidaria a trav\u00e9s del RUEPS.<\/p>\n<p>&nbsp;<\/p>\n<p><strong>Procesos de contrataci\u00f3n p\u00fablica adjudicados a los Actores de la Econom\u00eda Popular y Solidaria (AEPYS)<\/strong><\/p>\n<p>Con el objetivo de conocer los procesos adjudicados a aquellos proveedores que se registraron en contrataci\u00f3n p\u00fablica y que cuentan con el RUEPS, a continuaci\u00f3n, se presenta la informaci\u00f3n de los procesos adjudicados a proveedores que cuentan con el RUEPS y que a partir del 07 de julio de 2023 fueron adjudicados a trav\u00e9s de alg\u00fan procedimiento de contrataci\u00f3n p\u00fablica.<\/p>\n<\/div>\n<p>&nbsp;<\/p>\n<p><a href=\"https:\/\/app.powerbi.com\/view?r=eyJrIjoiODkxZDY4OTMtMzRjYi00Zjk1LWIwNWEtOWY4NTYxYTc1ZmM0IiwidCI6ImQ2NDk2NzM4LWY5MTItNGExZS04NDE1LTQwY2E2ZjRhOTRlZCJ9\"><img loading=\"lazy\" class=\"alignnone wp-image-56749 size-full\" src=\"https:\/\/portal.compraspublicas.gob.ec\/sercop\/wp-content\/uploads\/2023\/11\/WhatsApp-Image-2023-11-14-at-16.27.28.jpeg\" alt=\"\" width=\"1600\" height=\"390\" srcset=\"https:\/\/portal.compraspublicas.gob.ec\/sercop\/wp-content\/uploads\/2023\/11\/WhatsApp-Image-2023-11-14-at-16.27.28.jpeg 1600w, https:\/\/portal.compraspublicas.gob.ec\/sercop\/wp-content\/uploads\/2023\/11\/WhatsApp-Image-2023-11-14-at-16.27.28-300x73.jpeg 300w, https:\/\/portal.compraspublicas.gob.ec\/sercop\/wp-content\/uploads\/2023\/11\/WhatsApp-Image-2023-11-14-at-16.27.28-1024x250.jpeg 1024w, https:\/\/portal.compraspublicas.gob.ec\/sercop\/wp-content\/uploads\/2023\/11\/WhatsApp-Image-2023-11-14-at-16.27.28-768x187.jpeg 768w, https:\/\/portal.compraspublicas.gob.ec\/sercop\/wp-content\/uploads\/2023\/11\/WhatsApp-Image-2023-11-14-at-16.27.28-1536x374.jpeg 1536w\" sizes=\"(max-width: 1600px) 100vw, 1600px\" \/><\/a><\/p>\n<p><a href=\"https:\/\/portal.compraspublicas.gob.ec\/sercop\/wp-content\/uploads\/2023\/11\/WhatsApp-Image-2023-11-14-at-16.27.27-3.jpeg\"><img loading=\"lazy\" class=\"alignnone wp-image-56752 size-full\" src=\"https:\/\/portal.compraspublicas.gob.ec\/sercop\/wp-content\/uploads\/2023\/11\/WhatsApp-Image-2023-11-14-at-16.27.27-3.jpeg\" alt=\"\" width=\"1600\" height=\"191\" srcset=\"https:\/\/portal.compraspublicas.gob.ec\/sercop\/wp-content\/uploads\/2023\/11\/WhatsApp-Image-2023-11-14-at-16.27.27-3.jpeg 1600w, https:\/\/portal.compraspublicas.gob.ec\/sercop\/wp-content\/uploads\/2023\/11\/WhatsApp-Image-2023-11-14-at-16.27.27-3-300x36.jpeg 300w, https:\/\/portal.compraspublicas.gob.ec\/sercop\/wp-content\/uploads\/2023\/11\/WhatsApp-Image-2023-11-14-at-16.27.27-3-1024x122.jpeg 1024w, https:\/\/portal.compraspublicas.gob.ec\/sercop\/wp-content\/uploads\/2023\/11\/WhatsApp-Image-2023-11-14-at-16.27.27-3-768x92.jpeg 768w, https:\/\/portal.compraspublicas.gob.ec\/sercop\/wp-content\/uploads\/2023\/11\/WhatsApp-Image-2023-11-14-at-16.27.27-3-1536x183.jpeg 1536w\" sizes=\"(max-width: 1600px) 100vw, 1600px\" \/><\/a><\/p>\n<table style=\"height: 125px; border: 0px;\" width=\"100%;\">\n<tbody>\n<tr>\n<td width=\"189\"><a href=\"https:\/\/app.powerbi.com\/view?r=eyJrIjoiODkxZDY4OTMtMzRjYi00Zjk1LWIwNWEtOWY4NTYxYTc1ZmM0IiwidCI6ImQ2NDk2NzM4LWY5MTItNGExZS04NDE1LTQwY2E2ZjRhOTRlZCJ9\"><img loading=\"lazy\" class=\"alignnone wp-image-56751\" src=\"https:\/\/portal.compraspublicas.gob.ec\/sercop\/wp-content\/uploads\/2023\/11\/WhatsApp-Image-2023-11-14-at-16.27.27-2-300x84.jpeg\" alt=\"\" width=\"450\" height=\"125\" srcset=\"https:\/\/portal.compraspublicas.gob.ec\/sercop\/wp-content\/uploads\/2023\/11\/WhatsApp-Image-2023-11-14-at-16.27.27-2-300x84.jpeg 300w, https:\/\/portal.compraspublicas.gob.ec\/sercop\/wp-content\/uploads\/2023\/11\/WhatsApp-Image-2023-11-14-at-16.27.27-2.jpeg 596w\" sizes=\"(max-width: 450px) 100vw, 450px\" \/><\/a><\/td>\n<td width=\"189\"><a href=\"https:\/\/portal.compraspublicas.gob.ec\/sercop\/wp-content\/uploads\/2024\/01\/Tutorial-29122023.mp4\"><img loading=\"lazy\" class=\"alignnone wp-image-56750\" src=\"https:\/\/portal.compraspublicas.gob.ec\/sercop\/wp-content\/uploads\/2023\/11\/WhatsApp-Image-2023-11-14-at-16.27.27-1-300x84.jpeg\" alt=\"\" width=\"450\" height=\"125\" srcset=\"https:\/\/portal.compraspublicas.gob.ec\/sercop\/wp-content\/uploads\/2023\/11\/WhatsApp-Image-2023-11-14-at-16.27.27-1-300x84.jpeg 300w, https:\/\/portal.compraspublicas.gob.ec\/sercop\/wp-content\/uploads\/2023\/11\/WhatsApp-Image-2023-11-14-at-16.27.27-1.jpeg 596w\" sizes=\"(max-width: 450px) 100vw, 450px\" \/><\/a><\/td>\n<td width=\"189\"><a href=\"https:\/\/portal.compraspublicas.gob.ec\/sercop\/wp-content\/uploads\/2023\/11\/Definiciones_notas_metodologicas.pdf\"><img loading=\"lazy\" class=\"alignnone wp-image-56986\" src=\"https:\/\/portal.compraspublicas.gob.ec\/sercop\/wp-content\/uploads\/2023\/12\/WhatsApp-Image-2023-12-13-at-08.32.08-300x84.jpeg\" alt=\"\" width=\"450\" height=\"125\" srcset=\"https:\/\/portal.compraspublicas.gob.ec\/sercop\/wp-content\/uploads\/2023\/12\/WhatsApp-Image-2023-12-13-at-08.32.08-300x84.jpeg 300w, https:\/\/portal.compraspublicas.gob.ec\/sercop\/wp-content\/uploads\/2023\/12\/WhatsApp-Image-2023-12-13-at-08.32.08.jpeg 596w\" sizes=\"(max-width: 450px) 100vw, 450px\" \/><\/a><\/td>\n<\/tr>\n<\/tbody>\n<\/table>\n<p>&nbsp;<\/p>\n<p>&nbsp;<\/p>\n","protected":false},"excerpt":{"rendered":"<p class=\"excerpt\">&nbsp; La distribuci\u00f3n del registro de proveedores por provincia, y su estado para ser part\u00edcipes en los procedimientos de contrataci\u00f3n p\u00fablica, evidencia la posibilidad de respuesta que tendr\u00e1n las entidades contratantes a su solicitud de oferentes para la contrataci\u00f3n o adquisici\u00f3n de bienes y servicios. &nbsp; \ufeff &nbsp; Evoluci\u00f3n del registro de proveedores por provincia y a\u00f1o La evoluci\u00f3n de&hellip; <a href=\"https:\/\/portal.compraspublicas.gob.ec\/sercop\/proveedores-del-estado\/\">Read more &rarr;<\/a><\/p>\n","protected":false},"author":75,"featured_media":0,"parent":0,"menu_order":0,"comment_status":"closed","ping_status":"closed","template":"menugenerico.php","meta":[],"_links":{"self":[{"href":"https:\/\/portal.compraspublicas.gob.ec\/sercop\/wp-json\/wp\/v2\/pages\/45848"}],"collection":[{"href":"https:\/\/portal.compraspublicas.gob.ec\/sercop\/wp-json\/wp\/v2\/pages"}],"about":[{"href":"https:\/\/portal.compraspublicas.gob.ec\/sercop\/wp-json\/wp\/v2\/types\/page"}],"author":[{"embeddable":true,"href":"https:\/\/portal.compraspublicas.gob.ec\/sercop\/wp-json\/wp\/v2\/users\/75"}],"replies":[{"embeddable":true,"href":"https:\/\/portal.compraspublicas.gob.ec\/sercop\/wp-json\/wp\/v2\/comments?post=45848"}],"version-history":[{"count":44,"href":"https:\/\/portal.compraspublicas.gob.ec\/sercop\/wp-json\/wp\/v2\/pages\/45848\/revisions"}],"predecessor-version":[{"id":60483,"href":"https:\/\/portal.compraspublicas.gob.ec\/sercop\/wp-json\/wp\/v2\/pages\/45848\/revisions\/60483"}],"wp:attachment":[{"href":"https:\/\/portal.compraspublicas.gob.ec\/sercop\/wp-json\/wp\/v2\/media?parent=45848"}],"curies":[{"name":"wp","href":"https:\/\/api.w.org\/{rel}","templated":true}]}}