{"id":46093,"date":"2021-10-27T15:05:27","date_gmt":"2021-10-27T20:05:27","guid":{"rendered":"http:\/\/portal.compraspublicas.gob.ec\/sercop\/?page_id=46093"},"modified":"2024-11-28T15:18:30","modified_gmt":"2024-11-28T20:18:30","slug":"instaladores-mfc-para-proveedores-del-estado","status":"publish","type":"page","link":"https:\/\/portal.compraspublicas.gob.ec\/sercop\/instaladores-mfc-para-proveedores-del-estado\/","title":{"rendered":"Instaladores MFC para Proveedores del Estado"},"content":{"rendered":"<p><a style=\"display:flex\"><img loading=\"lazy\" class=\"alignnone size-full wp-image-53378\" src=\"https:\/\/portal.compraspublicas.gob.ec\/sercop\/wp-content\/uploads\/2023\/06\/WhatsApp-Image-2023-06-16-at-10.10.54-AM.jpeg\" alt=\"\" width=\"751\" height=\"190\" srcset=\"https:\/\/portal.compraspublicas.gob.ec\/sercop\/wp-content\/uploads\/2023\/06\/WhatsApp-Image-2023-06-16-at-10.10.54-AM.jpeg 751w, https:\/\/portal.compraspublicas.gob.ec\/sercop\/wp-content\/uploads\/2023\/06\/WhatsApp-Image-2023-06-16-at-10.10.54-AM-300x76.jpeg 300w\" sizes=\"(max-width: 751px) 100vw, 751px\" \/><\/a><\/p>\n<p>Informamos que a partir del 01 de noviembre de 2024, se actualiz\u00f3 el M\u00f3dulo Facilitador de la Contrataci\u00f3n P\u00fablica MFC \u2013 Pliegos.<\/p>\n<p><b>La versi\u00f3n MFC Ofertas 1.8.0 DEBER\u00c1N DESCARGAR E INSTALAR OBLIGATORIAMENTE.<\/b><\/p>\n<p>&nbsp;<\/p>\n<p><strong>ESTADO:<\/strong><\/p>\n<p><strong>WINDOWS<\/strong><br \/>\nPara computadores con sistema operativo Windows:<\/p>\n<ul>\n<li><a href=\"http:\/\/portal.compraspublicas.gob.ec\/contador_descargas\/descargarp.php?fichero=ModuloFacilitadorWindowsO.zip\">Paquete para Windows 8 \u2013 10 &#8211; 11<\/a><\/li>\n<\/ul>\n<p><!--\n\u2013<a href=\"http:\/\/portal.compraspublicas.gob.ec\/contador_descargas\/descargarp.php?fichero=ModuloFacilitadorWXPO.zip\">Paquete para Windows XP<\/a>  --><\/p>\n","protected":false},"excerpt":{"rendered":"<p class=\"excerpt\">Informamos que a partir del 01 de noviembre de 2024, se actualiz\u00f3 el M\u00f3dulo Facilitador de la Contrataci\u00f3n P\u00fablica MFC \u2013 Pliegos. La versi\u00f3n MFC Ofertas 1.8.0 DEBER\u00c1N DESCARGAR E INSTALAR OBLIGATORIAMENTE. &nbsp; ESTADO: WINDOWS Para computadores con sistema operativo Windows: Paquete para Windows 8 \u2013 10 &#8211; 11 <a href=\"https:\/\/portal.compraspublicas.gob.ec\/sercop\/instaladores-mfc-para-proveedores-del-estado\/\">Read more &rarr;<\/a><\/p>\n","protected":false},"author":75,"featured_media":0,"parent":0,"menu_order":0,"comment_status":"closed","ping_status":"closed","template":"menugenerico.php","meta":[],"_links":{"self":[{"href":"https:\/\/portal.compraspublicas.gob.ec\/sercop\/wp-json\/wp\/v2\/pages\/46093"}],"collection":[{"href":"https:\/\/portal.compraspublicas.gob.ec\/sercop\/wp-json\/wp\/v2\/pages"}],"about":[{"href":"https:\/\/portal.compraspublicas.gob.ec\/sercop\/wp-json\/wp\/v2\/types\/page"}],"author":[{"embeddable":true,"href":"https:\/\/portal.compraspublicas.gob.ec\/sercop\/wp-json\/wp\/v2\/users\/75"}],"replies":[{"embeddable":true,"href":"https:\/\/portal.compraspublicas.gob.ec\/sercop\/wp-json\/wp\/v2\/comments?post=46093"}],"version-history":[{"count":16,"href":"https:\/\/portal.compraspublicas.gob.ec\/sercop\/wp-json\/wp\/v2\/pages\/46093\/revisions"}],"predecessor-version":[{"id":60429,"href":"https:\/\/portal.compraspublicas.gob.ec\/sercop\/wp-json\/wp\/v2\/pages\/46093\/revisions\/60429"}],"wp:attachment":[{"href":"https:\/\/portal.compraspublicas.gob.ec\/sercop\/wp-json\/wp\/v2\/media?parent=46093"}],"curies":[{"name":"wp","href":"https:\/\/api.w.org\/{rel}","templated":true}]}}