{"id":46714,"date":"2022-01-03T14:14:48","date_gmt":"2022-01-03T19:14:48","guid":{"rendered":"http:\/\/portal.compraspublicas.gob.ec\/sercop\/?page_id=46714"},"modified":"2024-11-28T15:40:44","modified_gmt":"2024-11-28T20:40:44","slug":"montos-de-contratacion-publica-2022","status":"publish","type":"page","link":"https:\/\/portal.compraspublicas.gob.ec\/sercop\/montos-de-contratacion-publica-2022\/","title":{"rendered":"MONTOS DE CONTRATACI\u00d3N P\u00daBLICA 2022"},"content":{"rendered":"<p><a style=\"display:flex\" href=\"https:\/\/portal.compraspublicas.gob.ec\/sercop\/wp-content\/uploads\/2022\/01\/montos_contratacion_2022-2-1.pdf\"><img loading=\"lazy\" class=\"alignnone wp-image-46801\" src=\"https:\/\/portal.compraspublicas.gob.ec\/sercop\/wp-content\/uploads\/2022\/01\/WhatsApp-Image-2022-01-12-at-9.17.27-AM.jpeg\" alt=\"\" width=\"773\" height=\"195\" srcset=\"https:\/\/portal.compraspublicas.gob.ec\/sercop\/wp-content\/uploads\/2022\/01\/WhatsApp-Image-2022-01-12-at-9.17.27-AM.jpeg 900w, https:\/\/portal.compraspublicas.gob.ec\/sercop\/wp-content\/uploads\/2022\/01\/WhatsApp-Image-2022-01-12-at-9.17.27-AM-300x76.jpeg 300w, https:\/\/portal.compraspublicas.gob.ec\/sercop\/wp-content\/uploads\/2022\/01\/WhatsApp-Image-2022-01-12-at-9.17.27-AM-768x194.jpeg 768w\" sizes=\"(max-width: 773px) 100vw, 773px\" \/><\/a><\/p>\n<p>&nbsp;<\/p>\n<table border=\"1\" cellspacing=\"0\" cellpadding=\"0\">\n<tbody>\n<tr>\n<td style=\"text-align: center;\" colspan=\"5\" width=\"794\"><strong>TABLA DE MONTOS DE CONTRATACI\u00d3N SEG\u00daN TIPO Y PROCEDIMIENTO<\/strong><\/td>\n<\/tr>\n<tr>\n<td width=\"228\"><\/td>\n<td colspan=\"2\" bgcolor=\"#4e81bd\" width=\"348\"><span style=\"color: #ffffff;\">Coeficientes del PIE \/ LOSNCP<\/span><\/td>\n<td colspan=\"2\" bgcolor=\"#4e81bd\"><span style=\"color: #ffffff;\">PIE 2022<\/span><\/td>\n<\/tr>\n<tr>\n<td width=\"228\">Presupuesto Inicial del Estado para el 2022<\/td>\n<td colspan=\"2\"><\/td>\n<td colspan=\"2\">33.899.734.759,85<\/td>\n<\/tr>\n<tr>\n<td bgcolor=\"#4e81bd\" width=\"228\"><span style=\"color: #ffffff;\">BIENES Y SERVICIOS NORMALIZADOS<\/span><\/td>\n<td colspan=\"4\"><\/td>\n<\/tr>\n<tr>\n<td width=\"228\">Cat\u00e1logo Electr\u00f3nico<\/td>\n<td><\/td>\n<td width=\"149\">Sin l\u00edmite de monto<\/td>\n<td><\/td>\n<td><\/td>\n<\/tr>\n<tr>\n<td width=\"228\"><span lang=\"ES\">Subasta Inversa Electr\u00f3nica<\/span><\/td>\n<td>0,0000002<\/td>\n<td width=\"149\">Mayor a<\/td>\n<td>6.779,95<\/td>\n<td><\/td>\n<\/tr>\n<tr>\n<td width=\"228\">\u00cdnfima Cuant\u00eda<\/td>\n<td>0,0000002<\/td>\n<td width=\"149\">Menor a<\/td>\n<td>6.779,95<\/td>\n<td><\/td>\n<\/tr>\n<tr>\n<td bgcolor=\"#4e81bd\" width=\"228\"><span style=\"color: #ffffff;\">BIENES Y SERVICIOS NO NORMALIZADOS<\/span><\/td>\n<td colspan=\"4\"><\/td>\n<\/tr>\n<tr>\n<td width=\"228\">Menor Cuant\u00eda<\/td>\n<td>0,000002<\/td>\n<td width=\"149\">Inferior a<\/td>\n<td>67.799,47<\/td>\n<td><\/td>\n<\/tr>\n<tr>\n<td width=\"228\">Cotizaci\u00f3n<\/td>\n<td>Entre 0,000002 y 0,000015<\/td>\n<td width=\"149\">Entre<\/td>\n<td>67.799,47<\/td>\n<td>508.496,02<\/td>\n<\/tr>\n<tr>\n<td width=\"228\">Licitaci\u00f3n<\/td>\n<td>0,000015<\/td>\n<td width=\"149\">Mayor a<\/td>\n<td>508.496,02<\/td>\n<td><\/td>\n<\/tr>\n<tr>\n<td bgcolor=\"#4e81bd\" width=\"228\"><span style=\"color: #ffffff;\">OBRAS<\/span><\/td>\n<td colspan=\"4\"><\/td>\n<\/tr>\n<tr>\n<td width=\"228\">Menor Cuant\u00eda<\/td>\n<td>0,000007<\/td>\n<td width=\"149\">Inferior a<\/td>\n<td>237.298,14<\/td>\n<td><\/td>\n<\/tr>\n<tr>\n<td width=\"228\">Cotizaci\u00f3n<\/td>\n<td>Entre 0,000007 y 0,00003<\/td>\n<td width=\"149\">Entre<\/td>\n<td>237.298,14<\/td>\n<td>1.016.992,04<\/td>\n<\/tr>\n<tr>\n<td width=\"228\">Licitaci\u00f3n<\/td>\n<td>0,00003<\/td>\n<td width=\"149\">Mayor a<\/td>\n<td>1.016.992,04<\/td>\n<td><\/td>\n<\/tr>\n<tr>\n<td width=\"228\">Precio Fijo<\/td>\n<td>0,000007<\/td>\n<td width=\"149\">Mayor a<\/td>\n<td>237.298,14<\/td>\n<td><\/td>\n<\/tr>\n<tr>\n<td bgcolor=\"#4e81bd\" width=\"228\"><span style=\"color: #ffffff;\">CONSULTOR\u00cdA<\/span><\/td>\n<td colspan=\"4\"><\/td>\n<\/tr>\n<tr>\n<td width=\"228\">Contrataci\u00f3n Directa<\/td>\n<td>0,000002<\/td>\n<td width=\"149\">Menor o igual a<\/td>\n<td>67.799,47<\/td>\n<td><\/td>\n<\/tr>\n<tr>\n<td width=\"228\">Lista Corta<\/td>\n<td>0,000015<\/td>\n<td width=\"149\">Mayor a &#8211; Menor a<\/td>\n<td>67.799,47<\/td>\n<td>508.496,02<\/td>\n<\/tr>\n<tr>\n<td width=\"228\">Concurso P\u00fablico<\/td>\n<td>0,000015<\/td>\n<td width=\"149\">Mayor o igual a<\/td>\n<td>508.496,02<\/td>\n<td><\/td>\n<\/tr>\n<\/tbody>\n<\/table>\n<p>&nbsp;<\/p>\n<table border=\"1\" cellspacing=\"0\" cellpadding=\"0\">\n<tbody>\n<tr>\n<td style=\"text-align: center;\" colspan=\"5\" width=\"871\"><strong>TABLA DE MONTOS DE CONTRATACI\u00d3N SEG\u00daN TIPO Y PROCEDIMIENTO<\/strong><\/td>\n<\/tr>\n<tr>\n<td style=\"text-align: center;\" colspan=\"5\"><strong>CON FINANCIAMIENTO BID -2022<\/strong><\/td>\n<\/tr>\n<tr>\n<td width=\"227\"><\/td>\n<td colspan=\"2\" bgcolor=\"#4e81bd\" width=\"403\"><span style=\"color: #ffffff;\">Coeficientes del PIE \/ LOSNCP<\/span><\/td>\n<td colspan=\"2\" bgcolor=\"#4e81bd\"><span style=\"color: #ffffff;\">PIE 2022<\/span><\/td>\n<\/tr>\n<tr>\n<td bgcolor=\"#4e81bd\" width=\"227\"><span style=\"color: #ffffff;\">Presupuesto Inicial del Estado para el 2022<\/span><\/td>\n<td colspan=\"2\"><\/td>\n<td colspan=\"2\">33.899.734.759,85<\/td>\n<\/tr>\n<tr>\n<td width=\"227\"><span lang=\"ES\">Subasta Inversa Electr\u00f3nica<\/span><\/td>\n<td>0,0000002<\/td>\n<td width=\"92\">Mayor a<\/td>\n<td>6.779,95<\/td>\n<td>250.000,00<\/td>\n<\/tr>\n<tr>\n<td bgcolor=\"#4e81bd\" width=\"227\"><span style=\"color: #ffffff;\">BIENES Y SERVICIOS NO NORMALIZADOS<\/span><\/td>\n<td colspan=\"4\"><\/td>\n<\/tr>\n<tr>\n<td width=\"227\">Menor Cuant\u00eda<\/td>\n<td>0,000002<\/td>\n<td width=\"92\">Inferior a<\/td>\n<td><\/td>\n<td>67.799,47<\/td>\n<\/tr>\n<tr>\n<td width=\"227\">Cotizaci\u00f3n<\/td>\n<td>Entre 0,000002 del PIE hasta $250000 USD<\/td>\n<td width=\"92\">Entre<\/td>\n<td>67.799,47<\/td>\n<td>250.000,00<\/td>\n<\/tr>\n<tr>\n<td bgcolor=\"#4e81bd\" width=\"227\"><span style=\"color: #ffffff;\">OBRAS<\/span><\/td>\n<td colspan=\"4\"><\/td>\n<\/tr>\n<tr>\n<td width=\"227\">Menor Cuant\u00eda<\/td>\n<td>0,000007<\/td>\n<td width=\"92\">Inferior a<\/td>\n<td><\/td>\n<td>237.298,14<\/td>\n<\/tr>\n<tr>\n<td width=\"227\">Cotizaci\u00f3n<\/td>\n<td>Entre 0,000007 y 0,00003<\/td>\n<td width=\"92\">Entre<\/td>\n<td>237.298,14<\/td>\n<td>1.016.992,04<\/td>\n<\/tr>\n<tr>\n<td width=\"227\">Licitaci\u00f3n<\/td>\n<td>Entre 0,00003 del PIE hasta $3\u00b4000.000,00<\/td>\n<td width=\"92\">Mayor a<\/td>\n<td>1.016.992,04<\/td>\n<td>3.000.000,00<\/td>\n<\/tr>\n<tr>\n<td bgcolor=\"#4e81bd\" width=\"227\"><span style=\"color: #ffffff;\">CONSULTOR\u00cdA<\/span><\/td>\n<td colspan=\"4\"><\/td>\n<\/tr>\n<tr>\n<td width=\"227\">Contrataci\u00f3n Directa<\/td>\n<td>0,0000020<\/td>\n<td width=\"92\">Menor o igual a<\/td>\n<td><\/td>\n<td>67.799,47<\/td>\n<\/tr>\n<tr>\n<td width=\"227\">Lista Corta<\/td>\n<td>Entre 0,000015 del PIE hasta $200.000,00 USD<\/td>\n<td width=\"92\">Mayor a &#8211; Menor a<\/td>\n<td>67.799,47<\/td>\n<td>200.000,00<\/td>\n<\/tr>\n<\/tbody>\n<\/table>\n<p>&nbsp;<\/p>\n<table border=\"1\" cellspacing=\"0\" cellpadding=\"0\">\n<tbody>\n<tr>\n<td style=\"text-align: center;\" colspan=\"3\" width=\"606\"><strong>ACUERDOS COMERCIALES SUSCRITOS CON LA UNI\u00d3N EUROPEA Y CON GRAN BRETA\u00d1A E IRLANDA DEL NORTE<\/strong><\/td>\n<\/tr>\n<tr>\n<td><strong><span role=\"link\"><span role=\"link\">1 DE ENERO DE 2022 A 31 DE DICIEMBRE DE 2023<\/span><\/span><\/strong><\/td>\n<td><\/td>\n<td><\/td>\n<\/tr>\n<tr>\n<td><\/td>\n<td><\/td>\n<td><\/td>\n<\/tr>\n<tr>\n<td bgcolor=\"#4e81bd\"><span style=\"color: #ffffff;\"><strong>NIVEL<\/strong><\/span><\/td>\n<td bgcolor=\"#4e81bd\"><span style=\"color: #ffffff;\"><strong>TIPO<\/strong><\/span><\/td>\n<td bgcolor=\"#4e81bd\"><span style=\"color: #ffffff;\"><strong>VALOR EN D\u00d3LARES<\/strong><\/span><\/td>\n<\/tr>\n<tr>\n<td rowspan=\"3\" width=\"379\">NIVEL CENTRAL<\/td>\n<td>Bienes<\/td>\n<td align=\"right\">182.000<\/td>\n<\/tr>\n<tr>\n<td>Servicios<\/td>\n<td align=\"right\">182.000<\/td>\n<\/tr>\n<tr>\n<td>Obras<\/td>\n<td align=\"right\">7.018.000<\/td>\n<\/tr>\n<tr>\n<td rowspan=\"3\" width=\"379\">NIVEL SUBCENTRAL<\/td>\n<td>Bienes<\/td>\n<td align=\"right\">281.000<\/td>\n<\/tr>\n<tr>\n<td>Servicios<\/td>\n<td align=\"right\">281.000<\/td>\n<\/tr>\n<tr>\n<td>Obras<\/td>\n<td align=\"right\">7.018.000<\/td>\n<\/tr>\n<tr>\n<td rowspan=\"3\" width=\"379\">OTRAS ENTIDADES<\/td>\n<td>Bienes<\/td>\n<td align=\"right\">561.000<\/td>\n<\/tr>\n<tr>\n<td>Servicios<\/td>\n<td align=\"right\">561.000<\/td>\n<\/tr>\n<tr>\n<td>Obras<\/td>\n<td align=\"right\">7.018.000<\/td>\n<\/tr>\n<\/tbody>\n<\/table>\n<p>&nbsp;<\/p>\n<table border=\"1\" cellspacing=\"0\" cellpadding=\"0\">\n<tbody>\n<tr>\n<td style=\"text-align: center;\" colspan=\"3\" width=\"606\"><strong>ACUERDO ASOCIACIONES ECON\u00d3MICO INCLUSIVO CON LA ASOCIACI\u00d3N EUROPEA DE LIBRE COMERCIO (EFTA, POR SUS SIGLAS EN INGL\u00c9S)<\/strong><\/td>\n<\/tr>\n<tr>\n<td><strong><span role=\"link\"><span role=\"link\">1 DE ENERO DE 2022 A 31 DE DICIEMBRE DE 2023<\/span><\/span><\/strong><\/td>\n<td><\/td>\n<td><\/td>\n<\/tr>\n<tr>\n<td><\/td>\n<td><\/td>\n<td><\/td>\n<\/tr>\n<tr>\n<td bgcolor=\"#4e81bd\"><span style=\"color: #ffffff;\"><strong>NIVEL<\/strong><\/span><\/td>\n<td bgcolor=\"#4e81bd\"><span style=\"color: #ffffff;\"><strong>TIPO<\/strong><\/span><\/td>\n<td bgcolor=\"#4e81bd\"><span style=\"color: #ffffff;\"><strong>VALOR EN D\u00d3LARES<\/strong><\/span><\/td>\n<\/tr>\n<tr>\n<td rowspan=\"3\" width=\"379\">NIVEL CENTRAL<\/td>\n<td>Bienes<\/td>\n<td align=\"right\">365.000<\/td>\n<\/tr>\n<tr>\n<td>Servicios<\/td>\n<td align=\"right\">365.000<\/td>\n<\/tr>\n<tr>\n<td>Obras<\/td>\n<td align=\"right\">8.422.000<\/td>\n<\/tr>\n<tr>\n<td rowspan=\"3\" width=\"379\">NIVEL SUBCENTRAL<\/td>\n<td>Bienes<\/td>\n<td align=\"right\">491.000<\/td>\n<\/tr>\n<tr>\n<td>Servicios<\/td>\n<td align=\"right\">491.000<\/td>\n<\/tr>\n<tr>\n<td>Obras<\/td>\n<td align=\"right\">8.422.000<\/td>\n<\/tr>\n<tr>\n<td rowspan=\"3\">OTRAS ENTIDADES<\/td>\n<td>Bienes<\/td>\n<td align=\"right\">561.000<\/td>\n<\/tr>\n<tr>\n<td>Servicios<\/td>\n<td align=\"right\">561.000<\/td>\n<\/tr>\n<tr>\n<td>Obras<\/td>\n<td align=\"right\">8.422.000<\/td>\n<\/tr>\n<\/tbody>\n<\/table>\n<p>&nbsp;<\/p>\n","protected":false},"excerpt":{"rendered":"<p class=\"excerpt\">&nbsp; TABLA DE MONTOS DE CONTRATACI\u00d3N SEG\u00daN TIPO Y PROCEDIMIENTO Coeficientes del PIE \/ LOSNCP PIE 2022 Presupuesto Inicial del Estado para el 2022 33.899.734.759,85 BIENES Y SERVICIOS NORMALIZADOS Cat\u00e1logo Electr\u00f3nico Sin l\u00edmite de monto Subasta Inversa Electr\u00f3nica 0,0000002 Mayor a 6.779,95 \u00cdnfima Cuant\u00eda 0,0000002 Menor a 6.779,95 BIENES Y SERVICIOS NO NORMALIZADOS Menor Cuant\u00eda 0,000002 Inferior a 67.799,47 Cotizaci\u00f3n&hellip; <a href=\"https:\/\/portal.compraspublicas.gob.ec\/sercop\/montos-de-contratacion-publica-2022\/\">Read more &rarr;<\/a><\/p>\n","protected":false},"author":75,"featured_media":0,"parent":0,"menu_order":0,"comment_status":"closed","ping_status":"closed","template":"menugenerico.php","meta":[],"_links":{"self":[{"href":"https:\/\/portal.compraspublicas.gob.ec\/sercop\/wp-json\/wp\/v2\/pages\/46714"}],"collection":[{"href":"https:\/\/portal.compraspublicas.gob.ec\/sercop\/wp-json\/wp\/v2\/pages"}],"about":[{"href":"https:\/\/portal.compraspublicas.gob.ec\/sercop\/wp-json\/wp\/v2\/types\/page"}],"author":[{"embeddable":true,"href":"https:\/\/portal.compraspublicas.gob.ec\/sercop\/wp-json\/wp\/v2\/users\/75"}],"replies":[{"embeddable":true,"href":"https:\/\/portal.compraspublicas.gob.ec\/sercop\/wp-json\/wp\/v2\/comments?post=46714"}],"version-history":[{"count":19,"href":"https:\/\/portal.compraspublicas.gob.ec\/sercop\/wp-json\/wp\/v2\/pages\/46714\/revisions"}],"predecessor-version":[{"id":60452,"href":"https:\/\/portal.compraspublicas.gob.ec\/sercop\/wp-json\/wp\/v2\/pages\/46714\/revisions\/60452"}],"wp:attachment":[{"href":"https:\/\/portal.compraspublicas.gob.ec\/sercop\/wp-json\/wp\/v2\/media?parent=46714"}],"curies":[{"name":"wp","href":"https:\/\/api.w.org\/{rel}","templated":true}]}}