{"id":47085,"date":"2022-02-16T10:30:22","date_gmt":"2022-02-16T15:30:22","guid":{"rendered":"http:\/\/portal.compraspublicas.gob.ec\/sercop\/?page_id=47085"},"modified":"2024-11-28T16:02:24","modified_gmt":"2024-11-28T21:02:24","slug":"proforma-de-precios-para-el-catalogo-dinamico-inclusivo","status":"publish","type":"page","link":"https:\/\/portal.compraspublicas.gob.ec\/sercop\/proforma-de-precios-para-el-catalogo-dinamico-inclusivo\/","title":{"rendered":"PROFORMA DE PRECIOS PARA EL CAT\u00c1LOGO DIN\u00c1MICO INCLUSIVO"},"content":{"rendered":"<p><strong style=\"display:flex\"><img loading=\"lazy\" class=\"alignnone size-full\" src=\"https:\/\/portal.compraspublicas.gob.ec\/sercop\/wp-content\/uploads\/2023\/03\/bn_proforma_precios_cdi.png\" width=\"751\" height=\"190\" \/><\/strong><\/p>\n<p>&nbsp;<\/p>\n<p style=\"text-align: justify;\"><strong>SE\u00d1ORES PROVEEDORES\u00a0 PRODUCTOS\u00a0 ALIMENTICIOS<\/strong><\/p>\n<p style=\"text-align: justify;\">El Servicio Nacional de Contrataci\u00f3n P\u00fablica, de acuerdo a la atribuci\u00f3n establecida en el numeral 7 del art\u00edculo 10 de la Ley Org\u00e1nica del Sistema Nacional de Contrataci\u00f3n P\u00fablica, de <em>\u201cEstablecer y administrar cat\u00e1logos de bienes y servicios normalizados\u201d<\/em>; invita a los proveedores que pertenezcan a las micro y peque\u00f1as empresas, artesanos\u00a0 y actores de la Econom\u00eda Popular y Solidaria a nivel nacional del Cat\u00e1logo de Productos Alimenticios,\u00a0 registrados y habilitados en el Registro \u00danico de Proveedores \u2013RUP o NO a presentar proformas\u00a0 de Canastas\u00a0 de\u00a0 Productos\u00a0 Alimenticios , esto dentro de la etapa preparatoria del proceso de determinaci\u00f3n de precios que se encuentra ejecutando actualmente la\u00a0 Direcci\u00f3n\u00a0 de\u00a0 Compras\u00a0 Inclusivas<\/p>\n<p style=\"text-align: justify;\">Los interesados en presentar las proformas, deber\u00e1n seguir los siguientes pasos:<\/p>\n<ul style=\"text-align: justify;\">\n<li>Descargar las especificaciones t\u00e9cnicas de las canastas de su inter\u00e9s.<\/li>\n<li>Descargar el modelo de proforma.<\/li>\n<li>Llenar la proforma de precios de la canasta de productos con base a los requerimientos de la informaci\u00f3n establecida en las especificaciones t\u00e9cnicas.<\/li>\n<li>Firmar la proforma \u00a0de manera\u00a0 manual con esfero azul, de forma digital o electr\u00f3nica e ingresarla en los links correspondientes en formato PDF en cada\u00a0 formulario.<\/li>\n<\/ul>\n<p style=\"text-align: justify;\">Para descargar las especificaciones t\u00e9cnicas y el formato de cotizaciones, el proveedor interesado debe acceder a los mismos con la siguiente clave <strong>Sercop2023<\/strong><\/p>\n<p style=\"text-align: justify;\">El plazo m\u00e1ximo para remitir las proformas es hasta el <strong>24 de marzo de 2023<\/strong>. Las especificaciones t\u00e9cnicas\u00a0 de los productos requeridos y modelo de proforma usted los puedes descargar en el siguiente cuadro:\u00a0 (adjunto\u00a0 link\u00a0 en\u00a0 cuadro\u00a0 Excel)<\/p>\n<p style=\"text-align: justify;\">NOTA: Cabe recalcar que este proceso constituye una recopilaci\u00f3n de informaci\u00f3n de mercado que forma parte de la fase preparatoria para la catalogaci\u00f3n de los PRODUCTOS ALIMENTICIOS\u00a0 y no constituye a\u00fan, un procedimiento de selecci\u00f3n de proveedores<\/p>\n<p>&nbsp;<\/p>\n<table border=\"1\" width=\"1093\">\n<tbody>\n<tr>\n<td width=\"204\"><strong>Detalle<\/strong><\/td>\n<td width=\"265\"><strong>Descargue Especificaciones T\u00e9cnicas Productos Alimenticios<\/strong><\/td>\n<td width=\"261\"><strong>Descargue el modelo de proforma<\/strong><\/td>\n<td width=\"363\"><strong>Link para cargar la proforma<\/strong><\/td>\n<\/tr>\n<tr>\n<td width=\"204\">CANASTA DE\u00a0 PRODUCTOS C\u00c1RNICOS<\/td>\n<td width=\"265\"><a href=\"https:\/\/files.sercop.gob.ec\/index.php\/s\/4iXJoG7AitylC1d\">Descargar<\/a><\/td>\n<td width=\"261\"><a href=\"https:\/\/files.sercop.gob.ec\/index.php\/s\/FoFIR011eWSaghI\">Descargar<\/a><\/td>\n<td width=\"363\"><a href=\"https:\/\/docs.google.com\/forms\/d\/e\/1FAIpQLScia3b0upPgIs8auAwKkQ_0mdop2j18WGi_O-myccuNMyZwzw\/viewform?vc=0&amp;c=0&amp;w=1&amp;flr=0\">Descargar<\/a><\/td>\n<\/tr>\n<tr>\n<td width=\"204\">CANASTA DE PRODUCTOS\u00a0 L\u00c1CTEO<\/td>\n<td width=\"265\"><a href=\"https:\/\/files.sercop.gob.ec\/index.php\/s\/YjPOBwUXmiH4Ouw\">Descargar<\/a><\/td>\n<td width=\"261\"><a href=\"https:\/\/files.sercop.gob.ec\/index.php\/s\/ZrThQ4kES9jOnvB\">Descargar<\/a><\/td>\n<td width=\"363\"><a href=\"https:\/\/docs.google.com\/forms\/d\/e\/1FAIpQLSf-Su3pJAA8UisPxvF6Joo3ndGUHPVSreW4HrWOKIDTjsqqNA\/viewform?vc=0&amp;c=0&amp;w=1&amp;flr=0\">Descargar\u00a0<\/a><\/td>\n<\/tr>\n<tr>\n<td width=\"204\">CANASTA DE PRODUCTOS\u00a0 FRUTAS FRESCAS<\/td>\n<td width=\"265\"><a href=\"https:\/\/files.sercop.gob.ec\/index.php\/s\/Hd8oryA0ME10H65\">Descargar<\/a><\/td>\n<td width=\"261\"><a href=\"https:\/\/files.sercop.gob.ec\/index.php\/s\/NI6taCufo6obZIj\">Descargar<\/a><\/td>\n<td width=\"363\"><a href=\"https:\/\/docs.google.com\/forms\/d\/e\/1FAIpQLSdvUTh3kwpaC_Bx7Lam8xrIBbhIN6FOQZvRZN2P93skH9Xw-w\/viewform?vc=0&amp;c=0&amp;w=1&amp;flr=0\">Descargar\u00a0<\/a><\/td>\n<\/tr>\n<tr>\n<td width=\"204\">CANASTA DE PRODUCTOS\u00a0 VERDURAS Y\u00a0 HORTALIZAS<\/td>\n<td width=\"265\"><a href=\"https:\/\/files.sercop.gob.ec\/index.php\/s\/GyAEUEQ9sezYuwM\">Descargar<\/a><\/td>\n<td width=\"261\"><a href=\"https:\/\/files.sercop.gob.ec\/index.php\/s\/gdv2Rhche0FsvOy\">Descargar<\/a><\/td>\n<td width=\"363\"><a href=\"https:\/\/docs.google.com\/forms\/d\/e\/1FAIpQLSc7Uy_1cYTMQvvcYl7MnawDmoBgosmG-5xbAY5gnAG4EEFelA\/viewform?vc=0&amp;c=0&amp;w=1&amp;flr=0\">Descargar<\/a><\/td>\n<\/tr>\n<tr>\n<td width=\"204\">CANASTA DE PRODUCTOS ESPECIAS Y\u00a0 PROCESADOS<\/td>\n<td width=\"265\"><a href=\"https:\/\/files.sercop.gob.ec\/index.php\/s\/DrwC6B3VYrw2vNW\">Descargar<\/a><\/td>\n<td width=\"261\"><a href=\"https:\/\/files.sercop.gob.ec\/index.php\/s\/WNPVcj6Y6HWYCfR\">Descargar<\/a><\/td>\n<td width=\"363\"><a href=\"https:\/\/docs.google.com\/forms\/d\/e\/1FAIpQLSe9O297IPqLARndeVlQc_zXsd8k8jEqfR8hXpTKOssWIK43tw\/viewform?vc=0&amp;c=0&amp;w=1&amp;flr=0\">Descargar<\/a><\/td>\n<\/tr>\n<tr>\n<td width=\"204\">CANASTA DE PRODUCTOS\u00a0 CEREALES , FRUTOS SECOS ,\u00a0 HARINAS<\/td>\n<td width=\"265\"><a href=\"https:\/\/files.sercop.gob.ec\/index.php\/s\/IuS1ZnJkh37XYAW\">Descargar<\/a><\/td>\n<td width=\"261\"><a href=\"https:\/\/files.sercop.gob.ec\/index.php\/s\/Mna6U30Q7YD44vN\">Descargar<\/a><\/td>\n<td width=\"363\"><a href=\"https:\/\/docs.google.com\/forms\/d\/e\/1FAIpQLScW04HrFm7qdzy4bRuRO87Gb_V_B8KWfGXuUOS1LbLiy2Tjcg\/viewform?usp=pp_url\">Descargar<\/a><\/td>\n<\/tr>\n<tr>\n<td width=\"204\">CANASATA DE TUB\u00c9RCULOS<\/td>\n<td><a href=\"https:\/\/files.sercop.gob.ec\/index.php\/s\/5z12MywL9idSmVX\">Descargar\u00a0<\/a><\/td>\n<td width=\"261\"><a href=\"https:\/\/files.sercop.gob.ec\/index.php\/s\/x5h9SxtIOSM7Kj2\">Descargar<\/a><\/td>\n<td width=\"363\"><a href=\"https:\/\/docs.google.com\/forms\/d\/e\/1FAIpQLSe9KDJRnny7Mbu5YWthqfbQ8qsndB-t50h9n_Faw2Zsh0w9cQ\/viewform?usp=pp_url\">Descargar<\/a><\/td>\n<\/tr>\n<\/tbody>\n<\/table>\n","protected":false},"excerpt":{"rendered":"<p class=\"excerpt\">&nbsp; SE\u00d1ORES PROVEEDORES\u00a0 PRODUCTOS\u00a0 ALIMENTICIOS El Servicio Nacional de Contrataci\u00f3n P\u00fablica, de acuerdo a la atribuci\u00f3n establecida en el numeral 7 del art\u00edculo 10 de la Ley Org\u00e1nica del Sistema Nacional de Contrataci\u00f3n P\u00fablica, de \u201cEstablecer y administrar cat\u00e1logos de bienes y servicios normalizados\u201d; invita a los proveedores que pertenezcan a las micro y peque\u00f1as empresas, artesanos\u00a0 y actores de&hellip; <a href=\"https:\/\/portal.compraspublicas.gob.ec\/sercop\/proforma-de-precios-para-el-catalogo-dinamico-inclusivo\/\">Read more &rarr;<\/a><\/p>\n","protected":false},"author":75,"featured_media":0,"parent":0,"menu_order":0,"comment_status":"closed","ping_status":"closed","template":"menugenerico.php","meta":[],"_links":{"self":[{"href":"https:\/\/portal.compraspublicas.gob.ec\/sercop\/wp-json\/wp\/v2\/pages\/47085"}],"collection":[{"href":"https:\/\/portal.compraspublicas.gob.ec\/sercop\/wp-json\/wp\/v2\/pages"}],"about":[{"href":"https:\/\/portal.compraspublicas.gob.ec\/sercop\/wp-json\/wp\/v2\/types\/page"}],"author":[{"embeddable":true,"href":"https:\/\/portal.compraspublicas.gob.ec\/sercop\/wp-json\/wp\/v2\/users\/75"}],"replies":[{"embeddable":true,"href":"https:\/\/portal.compraspublicas.gob.ec\/sercop\/wp-json\/wp\/v2\/comments?post=47085"}],"version-history":[{"count":33,"href":"https:\/\/portal.compraspublicas.gob.ec\/sercop\/wp-json\/wp\/v2\/pages\/47085\/revisions"}],"predecessor-version":[{"id":60475,"href":"https:\/\/portal.compraspublicas.gob.ec\/sercop\/wp-json\/wp\/v2\/pages\/47085\/revisions\/60475"}],"wp:attachment":[{"href":"https:\/\/portal.compraspublicas.gob.ec\/sercop\/wp-json\/wp\/v2\/media?parent=47085"}],"curies":[{"name":"wp","href":"https:\/\/api.w.org\/{rel}","templated":true}]}}