{"id":47195,"date":"2022-02-25T12:47:30","date_gmt":"2022-02-25T17:47:30","guid":{"rendered":"http:\/\/portal.compraspublicas.gob.ec\/sercop\/?page_id=47195"},"modified":"2022-02-25T14:30:12","modified_gmt":"2022-02-25T19:30:12","slug":"47195-2","status":"publish","type":"page","link":"https:\/\/portal.compraspublicas.gob.ec\/sercop\/47195-2\/","title":{"rendered":"2014 &#8211; 2018 &#8211; 2019 (No Vigentes)"},"content":{"rendered":"<p>&nbsp;<\/p>\n<table style=\"height: 114px;\" border=\"3\" width=\"813\" cellspacing=\"0\" cellpadding=\"0\">\n<tbody>\n<tr>\n<td style=\"text-align: center;\" colspan=\"3\" width=\"512\"><strong><span style=\"color: #ff0000;\">LISTADO DE POSTULANTES CERTIFICADOS A\u00d1O 2019<br \/>\n<\/span><\/strong><\/td>\n<\/tr>\n<tr>\n<td>\n<div><strong>Funcionarios P\u00fablicos Certificados<\/strong><\/div>\n<\/td>\n<td style=\"text-align: center;\"><a href=\"https:\/\/portal.compraspublicas.gob.ec\/sercop\/wp-content\/uploads\/2022\/02\/Listado-de-Postulantes-Certificados-An\u0303o-2019_publicar.xlsx\">Descarga Excel<\/a><\/td>\n<td style=\"text-align: center;\"><a href=\"https:\/\/portal.compraspublicas.gob.ec\/sercop\/wp-content\/uploads\/2022\/02\/Listado-de-Postulantes-Certificados-An\u0303o-2019_publicar.pdf\">Descarga PDF<\/a><\/td>\n<\/tr>\n<\/tbody>\n<\/table>\n<p>&nbsp;<\/p>\n<table style=\"height: 114px;\" border=\"3\" width=\"813\" cellspacing=\"0\" cellpadding=\"0\">\n<tbody>\n<tr>\n<td style=\"text-align: center;\" colspan=\"3\" width=\"512\"><strong><span style=\"color: #ff0000;\">LISTADO DE POSTULANTES CERTIFICADOS A\u00d1O 2018<\/span><\/strong><\/td>\n<\/tr>\n<tr>\n<td>\n<div><strong>Funcionarios P\u00fablicos Certificados<\/strong><\/div>\n<\/td>\n<td style=\"text-align: center;\"><a href=\"https:\/\/portal.compraspublicas.gob.ec\/sercop\/wp-content\/uploads\/2022\/02\/Listado-de-Postulantes-Certificados-An\u0303o-2018_publicar.xlsx\">Descarga Excel<\/a><\/td>\n<td style=\"text-align: center;\"><a href=\"https:\/\/portal.compraspublicas.gob.ec\/sercop\/wp-content\/uploads\/2022\/02\/Listado-de-Postulantes-Certificados-An\u0303o-2018_publicar.pdf\">Descarga PDF<\/a><\/td>\n<\/tr>\n<\/tbody>\n<\/table>\n<p>&nbsp;<\/p>\n<table style=\"height: 114px;\" border=\"3\" width=\"813\" cellspacing=\"0\" cellpadding=\"0\">\n<tbody>\n<tr>\n<td style=\"text-align: center;\" colspan=\"3\" width=\"512\"><strong><span style=\"color: #ff0000;\">LISTADO DE POSTULANTES CERTIFICADOS A\u00d1O 2014<\/span><\/strong><\/td>\n<\/tr>\n<tr>\n<td>\n<div><strong>Funcionarios P\u00fablicos Certificados<\/strong><\/div>\n<\/td>\n<td style=\"text-align: center;\"><a href=\"https:\/\/portal.compraspublicas.gob.ec\/sercop\/wp-content\/uploads\/2022\/02\/Listado-de-Postulantes-Certificados-An\u0303o-2014_publicar.xlsx\">Descarga Excel<\/a><\/td>\n<td style=\"text-align: center;\"><a href=\"https:\/\/portal.compraspublicas.gob.ec\/sercop\/wp-content\/uploads\/2022\/02\/Listado-de-Postulantes-Certificados-An\u0303o-2014_publicar.pdf\">Descarga PDF<\/a><\/td>\n<\/tr>\n<\/tbody>\n<\/table>\n<p>&nbsp;<\/p>\n","protected":false},"excerpt":{"rendered":"<p class=\"excerpt\">&nbsp; LISTADO DE POSTULANTES CERTIFICADOS A\u00d1O 2019 Funcionarios P\u00fablicos Certificados Descarga Excel Descarga PDF &nbsp; LISTADO DE POSTULANTES CERTIFICADOS A\u00d1O 2018 Funcionarios P\u00fablicos Certificados Descarga Excel Descarga PDF &nbsp; LISTADO DE POSTULANTES CERTIFICADOS A\u00d1O 2014 Funcionarios P\u00fablicos Certificados Descarga Excel Descarga PDF &nbsp; <a href=\"https:\/\/portal.compraspublicas.gob.ec\/sercop\/47195-2\/\">Read more &rarr;<\/a><\/p>\n","protected":false},"author":75,"featured_media":0,"parent":0,"menu_order":0,"comment_status":"closed","ping_status":"closed","template":"menugenerico.php","meta":[],"_links":{"self":[{"href":"https:\/\/portal.compraspublicas.gob.ec\/sercop\/wp-json\/wp\/v2\/pages\/47195"}],"collection":[{"href":"https:\/\/portal.compraspublicas.gob.ec\/sercop\/wp-json\/wp\/v2\/pages"}],"about":[{"href":"https:\/\/portal.compraspublicas.gob.ec\/sercop\/wp-json\/wp\/v2\/types\/page"}],"author":[{"embeddable":true,"href":"https:\/\/portal.compraspublicas.gob.ec\/sercop\/wp-json\/wp\/v2\/users\/75"}],"replies":[{"embeddable":true,"href":"https:\/\/portal.compraspublicas.gob.ec\/sercop\/wp-json\/wp\/v2\/comments?post=47195"}],"version-history":[{"count":4,"href":"https:\/\/portal.compraspublicas.gob.ec\/sercop\/wp-json\/wp\/v2\/pages\/47195\/revisions"}],"predecessor-version":[{"id":47205,"href":"https:\/\/portal.compraspublicas.gob.ec\/sercop\/wp-json\/wp\/v2\/pages\/47195\/revisions\/47205"}],"wp:attachment":[{"href":"https:\/\/portal.compraspublicas.gob.ec\/sercop\/wp-json\/wp\/v2\/media?parent=47195"}],"curies":[{"name":"wp","href":"https:\/\/api.w.org\/{rel}","templated":true}]}}