{"id":47310,"date":"2022-03-09T09:01:24","date_gmt":"2022-03-09T14:01:24","guid":{"rendered":"http:\/\/portal.compraspublicas.gob.ec\/sercop\/?page_id=47310"},"modified":"2025-07-23T14:12:29","modified_gmt":"2025-07-23T19:12:29","slug":"servicios-de-limpieza","status":"publish","type":"page","link":"https:\/\/portal.compraspublicas.gob.ec\/sercop\/servicios-de-limpieza\/","title":{"rendered":"Servicios de limpieza 2022-2025"},"content":{"rendered":"<p style=\"text-align: justify;\">El art\u00edculo 1 de la<a href=\"https:\/\/portal.compraspublicas.gob.ec\/sercop\/wp-content\/uploads\/2023\/03\/SERCOP-SERCOP-2023-0141-R-1.pdf\" target=\"_blank\" rel=\"noopener\"> Resoluci\u00f3n SERCOP-SERCOP-2023-0141-R<\/a> dispone: \u201c<em>Habilitar los productos pertenecientes a la categor\u00eda de \u201cServicios de Limpieza 2022-2025\u201d, signado con el c\u00f3digo FISP-SERCOP-002-2022 en el Cat\u00e1logo Din\u00e1mico Inclusivo y a los proveedores adjudicados dentro del procedimiento de feria inclusiva antes referido.\u201d\u00a0<\/em><\/p>\n<p>Si\u00a0 te interesa participar en los Cat\u00e1logos Inclusivos del Servicio Nacional de Contrataci\u00f3n P\u00fablica revisa los requisitos de participaci\u00f3n para los productos lanzados mediante nuevas Ferias Inclusivas o mediante Adhesi\u00f3n de Productos.<\/p>\n<p style=\"text-align: justify;\"><strong>PARA LA INCORPORACI\u00d3N DE NUEVOS PROVEEDORES EN EL CDI:<\/strong><\/p>\n<p style=\"text-align: justify;\">Si usted a\u00fan no forma parte de este cat\u00e1logo y est\u00e1 interesado en participar, debe seguir los siguientes pasos:<\/p>\n<ol style=\"text-align: justify;\">\n<li>Lee y analiza el <a href=\"https:\/\/portal.compraspublicas.gob.ec\/sercop\/wp-content\/uploads\/2023\/03\/Pliego_procedimiento_FISP-SERCOP-002-2022.pdf\" target=\"_blank\" rel=\"noopener\"><strong>PLIEGO<\/strong><\/a> del procedimiento y las fichas t\u00e9cnicas de los servicios que requiere aplicar, para que conozcas los requisitos m\u00ednimos de participaci\u00f3n y las especificaciones t\u00e9cnicas de los bienes catalogados.<\/li>\n<li>Llena los formularios de la oferta y adjunta los requisitos que se solicitan en el pliego y las fichas t\u00e9cnicas. Recuerda que los formularios y los documentos requeridos deben estar firmados electr\u00f3nicamente. <a href=\"https:\/\/portal.compraspublicas.gob.ec\/sercop\/wp-content\/uploads\/2023\/03\/Formularios_nuevos_proveedores_final-3.xlsx\" target=\"_blank\" rel=\"noopener\">Descarga formularios.<\/a><\/li>\n<\/ol>\n<p><strong><u>CONSIDERACIONES:<\/u><\/strong><\/p>\n<ul>\n<li>La oferta o manifestaci\u00f3n de inter\u00e9s obligatoriamente deber\u00e1 ser firmada electr\u00f3nicamente por el representante legal, apoderado, persona natural o procurador com\u00fan, con sus respectivos anexos o documentaci\u00f3n de respaldo seg\u00fan el caso.<\/li>\n<li>Finalmente, la oferta o manifestaci\u00f3n de inter\u00e9s deber\u00e1 ser enviada al correo electr\u00f3nico <strong>ofertascatalogo@sercop.gob.ec<\/strong>, de ser el caso, si el tama\u00f1o del o los archivos no le permita remitir la oferta por correo electr\u00f3nico, el oferente podr\u00e1 usar un servicio web de alojamiento de archivos, y deber\u00e1 enviar el link, mismo que debe ser de acceso p\u00fablico sin clave y sin fecha de caducidad.<\/li>\n<\/ul>\n<table style=\"height: 633px;\" border=\"1\" width=\"876\" cellspacing=\"0\" cellpadding=\"0\">\n<tbody>\n<tr>\n<td style=\"text-align: center;\" colspan=\"5\" width=\"435\"><strong>LISTADO DE PRODUCTOS CATALOGADOS<\/strong><\/td>\n<\/tr>\n<tr>\n<td style=\"text-align: center;\" colspan=\"5\"><strong>PROCESO FISP-SERCOP-002-2022\u00a0 \u201cSERVICIOS DE LIMPIEZA 2022-2025\u201d<\/strong><\/td>\n<\/tr>\n<tr>\n<td style=\"text-align: center;\" width=\"87\"><strong>NOMBRE DE PRODUCTO<\/strong><\/td>\n<td style=\"text-align: center;\" width=\"87\"><strong>PROCESO DE CATALOGACI\u00d3N<\/strong><\/td>\n<td style=\"text-align: center;\" width=\"87\"><strong>FECHA DE PUBLICACI\u00d3N<\/strong><\/td>\n<td style=\"text-align: center;\" width=\"87\"><strong>DOCUMENTOS<\/strong><\/td>\n<td style=\"text-align: center;\" width=\"87\"><strong>ACTUALIZACIONES<\/strong><\/td>\n<\/tr>\n<tr>\n<td width=\"87\">SERVICIO DE LIMPIEZA DE INSTITUCIONES EDUCATIVAS<\/td>\n<td width=\"87\">FERIA INCLUSIVA<\/td>\n<td width=\"87\">08 de marzo de 2022<\/td>\n<td width=\"87\"><a href=\"https:\/\/portal.compraspublicas.gob.ec\/sercop\/wp-content\/uploads\/2023\/03\/1_UNIDADES-EDUCATIVAS.pdf\" target=\"_blank\" rel=\"noopener\">1.Ficha T\u00e9cnica.<\/a><\/p>\n<p><a href=\"https:\/\/portal.compraspublicas.gob.ec\/sercop\/wp-content\/uploads\/2025\/07\/manifestacion_de_interes_servicio-de-limpieza_22-25.doc\">2.Manifestaci\u00f3n de inter\u00e9s.<\/a><\/p>\n<p><a href=\"https:\/\/portal.compraspublicas.gob.ec\/sercop\/wp-content\/uploads\/2025\/07\/Anexos-1_2_3_Manifestacio\u0301n-Limpieza-1.xlsx\">3.Anexos.<\/a><\/td>\n<td><\/td>\n<\/tr>\n<tr>\n<td width=\"87\">SERVICIO DE LIMPIEZA EN EDIFICACIONES CON \u00c1REAS DE ALTA AFLUENCIA DE USUARIOS<\/td>\n<td width=\"87\">FERIA INCLUSIVA<\/td>\n<td width=\"87\">08 de marzo de 2022<\/td>\n<td width=\"87\"><a href=\"https:\/\/portal.compraspublicas.gob.ec\/sercop\/wp-content\/uploads\/2023\/03\/2_ALTA-AFLUENCIA-USUARIO.pdf\" target=\"_blank\" rel=\"noopener\">1.Ficha T\u00e9cnica.<\/a><\/p>\n<p><a href=\"https:\/\/portal.compraspublicas.gob.ec\/sercop\/wp-content\/uploads\/2025\/07\/manifestacion_de_interes_servicio-de-limpieza_22-25.doc\">2.Manifestaci\u00f3n de inter\u00e9s.<\/a><\/p>\n<p><a href=\"https:\/\/portal.compraspublicas.gob.ec\/sercop\/wp-content\/uploads\/2025\/07\/Anexos-1_2_3_Manifestacio\u0301n-Limpieza-1.xlsx\">3.Anexos.<\/a><\/td>\n<td><\/td>\n<\/tr>\n<tr>\n<td width=\"87\">SERVICIO DE LIMPIEZA DE \u00c1REAS INTERNAS DE EDIFICACIONES<\/td>\n<td width=\"87\">FERIA INCLUSIVA<\/td>\n<td width=\"87\">08 de marzo de 2022<\/td>\n<td width=\"87\"><a href=\"https:\/\/portal.compraspublicas.gob.ec\/sercop\/wp-content\/uploads\/2023\/03\/3_LIMPIEZA-AREA-INTERNA.pdf\" target=\"_blank\" rel=\"noopener\">1.Ficha T\u00e9cnica.<\/a><\/p>\n<p><a href=\"https:\/\/portal.compraspublicas.gob.ec\/sercop\/wp-content\/uploads\/2025\/07\/manifestacion_de_interes_servicio-de-limpieza_22-25.doc\">2.Manifestaci\u00f3n de inter\u00e9s.<\/a><\/p>\n<p><a href=\"https:\/\/portal.compraspublicas.gob.ec\/sercop\/wp-content\/uploads\/2025\/07\/Anexos-1_2_3_Manifestacio\u0301n-Limpieza-1.xlsx\">3.Anexos.<\/a><\/td>\n<td><\/td>\n<\/tr>\n<tr>\n<td width=\"87\">SERVICIO DE LIMPIEZA DE \u00c1REAS EXTERNAS DE EDIFICACIONES.<\/td>\n<td width=\"87\">FERIA INCLUSIVA<\/td>\n<td width=\"87\">08 de marzo de 2022<\/td>\n<td width=\"87\"><a href=\"https:\/\/portal.compraspublicas.gob.ec\/sercop\/wp-content\/uploads\/2023\/03\/4_LIMPIEZA-AREA-EXTERNA.pdf\" target=\"_blank\" rel=\"noopener\">1.Ficha T\u00e9cnica.<\/a><\/p>\n<p><a href=\"https:\/\/portal.compraspublicas.gob.ec\/sercop\/wp-content\/uploads\/2025\/07\/manifestacion_de_interes_servicio-de-limpieza_22-25.doc\">2.Manifestaci\u00f3n de inter\u00e9s.<\/a><\/p>\n<p><a href=\"https:\/\/portal.compraspublicas.gob.ec\/sercop\/wp-content\/uploads\/2025\/07\/Anexos-1_2_3_Manifestacio\u0301n-Limpieza-1.xlsx\">3.Anexos.<\/a><\/td>\n<td><\/td>\n<\/tr>\n<\/tbody>\n<\/table>\n","protected":false},"excerpt":{"rendered":"<p class=\"excerpt\">El art\u00edculo 1 de la Resoluci\u00f3n SERCOP-SERCOP-2023-0141-R dispone: \u201cHabilitar los productos pertenecientes a la categor\u00eda de \u201cServicios de Limpieza 2022-2025\u201d, signado con el c\u00f3digo FISP-SERCOP-002-2022 en el Cat\u00e1logo Din\u00e1mico Inclusivo y a los proveedores adjudicados dentro del procedimiento de feria inclusiva antes referido.\u201d\u00a0 Si\u00a0 te interesa participar en los Cat\u00e1logos Inclusivos del Servicio Nacional de Contrataci\u00f3n P\u00fablica revisa los requisitos&hellip; <a href=\"https:\/\/portal.compraspublicas.gob.ec\/sercop\/servicios-de-limpieza\/\">Read more &rarr;<\/a><\/p>\n","protected":false},"author":75,"featured_media":0,"parent":0,"menu_order":0,"comment_status":"closed","ping_status":"closed","template":"menugenerico.php","meta":[],"_links":{"self":[{"href":"https:\/\/portal.compraspublicas.gob.ec\/sercop\/wp-json\/wp\/v2\/pages\/47310"}],"collection":[{"href":"https:\/\/portal.compraspublicas.gob.ec\/sercop\/wp-json\/wp\/v2\/pages"}],"about":[{"href":"https:\/\/portal.compraspublicas.gob.ec\/sercop\/wp-json\/wp\/v2\/types\/page"}],"author":[{"embeddable":true,"href":"https:\/\/portal.compraspublicas.gob.ec\/sercop\/wp-json\/wp\/v2\/users\/75"}],"replies":[{"embeddable":true,"href":"https:\/\/portal.compraspublicas.gob.ec\/sercop\/wp-json\/wp\/v2\/comments?post=47310"}],"version-history":[{"count":16,"href":"https:\/\/portal.compraspublicas.gob.ec\/sercop\/wp-json\/wp\/v2\/pages\/47310\/revisions"}],"predecessor-version":[{"id":62652,"href":"https:\/\/portal.compraspublicas.gob.ec\/sercop\/wp-json\/wp\/v2\/pages\/47310\/revisions\/62652"}],"wp:attachment":[{"href":"https:\/\/portal.compraspublicas.gob.ec\/sercop\/wp-json\/wp\/v2\/media?parent=47310"}],"curies":[{"name":"wp","href":"https:\/\/api.w.org\/{rel}","templated":true}]}}