{"id":47418,"date":"2022-03-18T08:54:11","date_gmt":"2022-03-18T13:54:11","guid":{"rendered":"http:\/\/portal.compraspublicas.gob.ec\/sercop\/?page_id=47418"},"modified":"2024-11-28T16:08:58","modified_gmt":"2024-11-28T21:08:58","slug":"publicaciones","status":"publish","type":"page","link":"https:\/\/portal.compraspublicas.gob.ec\/sercop\/publicaciones\/","title":{"rendered":"Publicaciones"},"content":{"rendered":"<p><a style=\"display:flex\"><img loading=\"lazy\" class=\"alignnone wp-image-47430 size-full\" src=\"https:\/\/portal.compraspublicas.gob.ec\/sercop\/wp-content\/uploads\/2022\/03\/WhatsApp-Image-2022-03-18-at-9.03.57-AM.jpeg\" alt=\"\" width=\"920\" height=\"221\" srcset=\"https:\/\/portal.compraspublicas.gob.ec\/sercop\/wp-content\/uploads\/2022\/03\/WhatsApp-Image-2022-03-18-at-9.03.57-AM.jpeg 920w, https:\/\/portal.compraspublicas.gob.ec\/sercop\/wp-content\/uploads\/2022\/03\/WhatsApp-Image-2022-03-18-at-9.03.57-AM-300x72.jpeg 300w, https:\/\/portal.compraspublicas.gob.ec\/sercop\/wp-content\/uploads\/2022\/03\/WhatsApp-Image-2022-03-18-at-9.03.57-AM-768x184.jpeg 768w\" sizes=\"(max-width: 920px) 100vw, 920px\" \/><\/a><\/p>\n<p>&nbsp;<\/p>\n<p>&nbsp;<\/p>\n<table border=\"1\" cellspacing=\"0\" cellpadding=\"0\">\n<tbody>\n<tr>\n<td style=\"text-align: center;\" bgcolor=\"#0066cc\" width=\"85\"><span style=\"color: #ffffff;\"><strong>No.<\/strong><\/span><\/td>\n<td style=\"text-align: center;\" bgcolor=\"#0066cc\" width=\"511\"><span style=\"color: #ffffff;\"><strong>T\u00edtulo estudio<\/strong><\/span><\/td>\n<td style=\"text-align: center;\" bgcolor=\"#0066cc\" width=\"140\"><span style=\"color: #ffffff;\"><strong>Fecha publicaci\u00f3n<\/strong><\/span><\/td>\n<td style=\"text-align: center;\" bgcolor=\"#0066cc\" width=\"303\"><span style=\"color: #ffffff;\"><strong>Autor<\/strong><\/span><\/td>\n<td style=\"text-align: center;\" bgcolor=\"#0066cc\" width=\"185\"><span style=\"color: #ffffff;\"><strong>Enlace descarga<\/strong><\/span><\/td>\n<\/tr>\n<tr>\n<td style=\"text-align: center;\"><strong>1<\/strong><\/td>\n<td style=\"text-align: center;\" width=\"511\">An\u00e1lisis de la contrataci\u00f3n p\u00fablica con enfoque de g\u00e9nero.<br \/>\nPer\u00edodo 2017 a octubre 2021<\/td>\n<td style=\"text-align: center;\">2022<\/td>\n<td style=\"text-align: center;\">Servicio Nacional de Contrataci\u00f3n P\u00fablica<\/td>\n<td style=\"text-align: center;\"><a href=\"https:\/\/portal.compraspublicas.gob.ec\/sercop\/wp-content\/uploads\/2022\/03\/An\u00e1lisis-de-la-contrataci\u00f3n-p\u00fablica-con-enfoque-de-g\u00e9nero-signed.pdfLB-signed.pdf\"><strong>Descarga<\/strong><\/a><\/td>\n<\/tr>\n<tr>\n<td style=\"text-align: center;\"><strong>2<\/strong><\/td>\n<td style=\"text-align: center;\" width=\"511\">An\u00e1lisis de la contrataci\u00f3n p\u00fablica realizada a trav\u00e9s de Subasta Inversa Electr\u00f3nica.<br \/>\nPer\u00edodo 2015 a octubre 2022<\/td>\n<td style=\"text-align: center;\">2023<\/td>\n<td style=\"text-align: center;\">Servicio Nacional de Contrataci\u00f3n P\u00fablica<\/td>\n<td style=\"text-align: center;\"><a href=\"https:\/\/portal.compraspublicas.gob.ec\/sercop\/wp-content\/uploads\/2023\/12\/subasta_doc_2023-Recuperado.pdf\"><strong>Descarga<\/strong><\/a><\/td>\n<\/tr>\n<tr>\n<td style=\"text-align: center;\"><strong>3<\/strong><\/td>\n<td style=\"text-align: center;\" width=\"511\">Bienes y servicios adjudicados a los Actores de la Econom\u00eda Popular y Solidaria a trav\u00e9s del Sistema Nacional de Contrataci\u00f3n P\u00fablica.<br \/>\nPer\u00edodo: 2019 &#8211; 2023<\/td>\n<td style=\"text-align: center;\">2024<\/td>\n<td style=\"text-align: center;\">Servicio Nacional de Contrataci\u00f3n P\u00fablica<\/td>\n<td style=\"text-align: center;\"><a href=\"https:\/\/portal.compraspublicas.gob.ec\/sercop\/wp-content\/uploads\/2024\/02\/Estudio-Bienes-y-servicios-adjudicados-a-los-AEPS-a-traves-del-SNCP.pdf\"><strong>Descarga<\/strong><\/a><\/td>\n<\/tr>\n<\/tbody>\n<\/table>\n","protected":false},"excerpt":{"rendered":"<p class=\"excerpt\">&nbsp; &nbsp; No. T\u00edtulo estudio Fecha publicaci\u00f3n Autor Enlace descarga 1 An\u00e1lisis de la contrataci\u00f3n p\u00fablica con enfoque de g\u00e9nero. Per\u00edodo 2017 a octubre 2021 2022 Servicio Nacional de Contrataci\u00f3n P\u00fablica Descarga 2 An\u00e1lisis de la contrataci\u00f3n p\u00fablica realizada a trav\u00e9s de Subasta Inversa Electr\u00f3nica. Per\u00edodo 2015 a octubre 2022 2023 Servicio Nacional de Contrataci\u00f3n P\u00fablica Descarga 3 Bienes y&hellip; <a href=\"https:\/\/portal.compraspublicas.gob.ec\/sercop\/publicaciones\/\">Read more &rarr;<\/a><\/p>\n","protected":false},"author":75,"featured_media":0,"parent":0,"menu_order":0,"comment_status":"closed","ping_status":"closed","template":"menugenerico.php","meta":[],"_links":{"self":[{"href":"https:\/\/portal.compraspublicas.gob.ec\/sercop\/wp-json\/wp\/v2\/pages\/47418"}],"collection":[{"href":"https:\/\/portal.compraspublicas.gob.ec\/sercop\/wp-json\/wp\/v2\/pages"}],"about":[{"href":"https:\/\/portal.compraspublicas.gob.ec\/sercop\/wp-json\/wp\/v2\/types\/page"}],"author":[{"embeddable":true,"href":"https:\/\/portal.compraspublicas.gob.ec\/sercop\/wp-json\/wp\/v2\/users\/75"}],"replies":[{"embeddable":true,"href":"https:\/\/portal.compraspublicas.gob.ec\/sercop\/wp-json\/wp\/v2\/comments?post=47418"}],"version-history":[{"count":13,"href":"https:\/\/portal.compraspublicas.gob.ec\/sercop\/wp-json\/wp\/v2\/pages\/47418\/revisions"}],"predecessor-version":[{"id":60486,"href":"https:\/\/portal.compraspublicas.gob.ec\/sercop\/wp-json\/wp\/v2\/pages\/47418\/revisions\/60486"}],"wp:attachment":[{"href":"https:\/\/portal.compraspublicas.gob.ec\/sercop\/wp-json\/wp\/v2\/media?parent=47418"}],"curies":[{"name":"wp","href":"https:\/\/api.w.org\/{rel}","templated":true}]}}