{"id":47964,"date":"2022-05-04T09:12:28","date_gmt":"2022-05-04T14:12:28","guid":{"rendered":"http:\/\/portal.compraspublicas.gob.ec\/sercop\/?page_id=47964"},"modified":"2025-10-20T13:44:06","modified_gmt":"2025-10-20T18:44:06","slug":"informacion-general-normativa-requisitos","status":"publish","type":"page","link":"https:\/\/portal.compraspublicas.gob.ec\/sercop\/informacion-general-normativa-requisitos\/","title":{"rendered":"Informaci\u00f3n General \u2013 Normativa \u2013 Requisitos"},"content":{"rendered":"<p>&nbsp;<\/p>\n<p style=\"text-align: justify;\"><strong><a style=\"display: flex;\"><img loading=\"lazy\" class=\"alignnone size-full wp-image-47980\" src=\"https:\/\/portal.compraspublicas.gob.ec\/sercop\/wp-content\/uploads\/2022\/05\/Mesa-de-trabajo-28-copia-4-8.png\" alt=\"\" width=\"914\" height=\"257\" srcset=\"https:\/\/portal.compraspublicas.gob.ec\/sercop\/wp-content\/uploads\/2022\/05\/Mesa-de-trabajo-28-copia-4-8.png 914w, https:\/\/portal.compraspublicas.gob.ec\/sercop\/wp-content\/uploads\/2022\/05\/Mesa-de-trabajo-28-copia-4-8-300x84.png 300w, https:\/\/portal.compraspublicas.gob.ec\/sercop\/wp-content\/uploads\/2022\/05\/Mesa-de-trabajo-28-copia-4-8-768x216.png 768w\" sizes=\"(max-width: 914px) 100vw, 914px\" \/><\/a><\/strong><\/p>\n<p><img src=\"https:\/\/portal.compraspublicas.gob.ec\/sercop\/wp-content\/uploads\/2022\/05\/Mesa-de-trabajo-28-copia-5-8-1.png\" \/><\/p>\n<p><strong>\u00bfQu\u00e9 es la Certificaci\u00f3n como Operadores del Sistema Nacional de Contrataci\u00f3n P\u00fablica?<\/strong><\/p>\n<p>Es la acreditaci\u00f3n emitida por el Servicio Nacional de Contrataci\u00f3n P\u00fablica, sobre la suficiencia de conocimientos respecto a las competencias de un rol determinado, para desempe\u00f1arse como operador del Sistema Nacional de Contrataci\u00f3n P\u00fablica.<\/p>\n<p><strong>\u00bfQui\u00e9nes deben certificarse?<\/strong><\/p>\n<p>De acuerdo con lo dispuesto en el Art. 7 de la Ley Org\u00e1nica del Sistema Nacional de Contrataci\u00f3n P\u00fablica, los servidores tendr\u00e1n la obligaci\u00f3n de \u00a0certificarse con el ente rector del SNC sobre la suficiencia de conocimientos.<\/p>\n<p>En este contexto, el Servicio Nacional de Contrataci\u00f3n P\u00fablica (SERCOP) ofrece dos tipos de certificaci\u00f3n:<\/p>\n<ul>\n<li>Certificaci\u00f3n como Operador del Sistema Nacional de Contrataci\u00f3n P\u00fablica \u2013 Fundamentos de Contrataci\u00f3n P\u00fablica, la cual se obtiene mediante la aprobaci\u00f3n de un examen de conocimientos en modalidad virtual.<\/li>\n<\/ul>\n<p>Vigencia de la certificaci\u00f3n: 2 a\u00f1os<\/p>\n<p>&nbsp;<\/p>\n<ul>\n<li>Certificaci\u00f3n en roles espec\u00edficos:\n<ul>\n<li>Administrador de Contrato en Bienes, Servicios y Consultor\u00eda<\/li>\n<li>Administrador de Contrato en Obras<\/li>\n<li>Gestor de Contrataci\u00f3n P\u00fablica<\/li>\n<li>Jefe de Contrataci\u00f3n P\u00fablica<\/li>\n<li>Responsable Jur\u00eddico<\/li>\n<li>Responsable Requirente<\/li>\n<\/ul>\n<\/li>\n<\/ul>\n<p>Cabe destacar que el SERCOP cuenta con el reconocimiento del Ministerio de Trabajo como Organismo Evaluador de la Conformidad. En este sentido, quienes obtengan la certificaci\u00f3n en cualquiera de los roles mencionados podr\u00e1n visualizar su certificado en la plataforma de la Secretar\u00eda de Educaci\u00f3n Superior, Ciencia, Tecnolog\u00eda e Innovaci\u00f3n (SENESCYT).<\/p>\n<p>Vigencia de la certificaci\u00f3n: 2 a\u00f1os.<\/p>\n<p>&nbsp;<\/p>\n<p style=\"text-align: justify;\"><a href=\"https:\/\/portal.compraspublicas.gob.ec\/sercop\/wp-content\/uploads\/2022\/05\/Mesa-de-trabajo-28-copia-6-8-1.png\"><img loading=\"lazy\" class=\"alignnone size-full wp-image-48033\" src=\"https:\/\/portal.compraspublicas.gob.ec\/sercop\/wp-content\/uploads\/2022\/05\/Mesa-de-trabajo-28-copia-6-8-1.png\" alt=\"\" width=\"914\" height=\"58\" srcset=\"https:\/\/portal.compraspublicas.gob.ec\/sercop\/wp-content\/uploads\/2022\/05\/Mesa-de-trabajo-28-copia-6-8-1.png 914w, https:\/\/portal.compraspublicas.gob.ec\/sercop\/wp-content\/uploads\/2022\/05\/Mesa-de-trabajo-28-copia-6-8-1-300x19.png 300w, https:\/\/portal.compraspublicas.gob.ec\/sercop\/wp-content\/uploads\/2022\/05\/Mesa-de-trabajo-28-copia-6-8-1-768x49.png 768w\" sizes=\"(max-width: 914px) 100vw, 914px\" \/><\/a><\/p>\n<p><strong>Para el Servidor P\u00fablico<\/strong><\/p>\n<ol>\n<li>Profesionaliza las actividades de la contrataci\u00f3n p\u00fablica, posibilitando un plan de carrera y desarrollo profesional para los funcionarios certificados<\/li>\n<li>Eleva su desempe\u00f1o mediante la mejora de sus competencias en la gesti\u00f3n de \u00a0los procesos de contrataci\u00f3n.<\/li>\n<li>Aplica rigurosamente la normativa e instrumentos de contrataci\u00f3n p\u00fablica, con menor margen de errores.<\/li>\n<li>Prioridad para recibir capacitaci\u00f3n y actualizaci\u00f3n en materia de contrataci\u00f3n p\u00fablica.<\/li>\n<\/ol>\n<p><strong>Para las Entidades Contratantes<\/strong><\/p>\n<ul>\n<li>Mejoramiento de la gesti\u00f3n organizacional (Gesti\u00f3n de competencias en contrataci\u00f3n p\u00fablica).<\/li>\n<li>Aumento de la eficiencia en los procesos de talento humano: reclutamiento, selecci\u00f3n, inducci\u00f3n, evaluaci\u00f3n del desempe\u00f1o.<\/li>\n<li>Competencias desarrolladas de acuerdo a los requerimientos planteados por las Instituciones P\u00fablicas.<\/li>\n<li>Cumplimiento de los objetivos y presupuesto institucional de manera segura y oportuna.<\/li>\n<li>Prestaci\u00f3n de un mejor servicio a la comunidad entregando servicios y obras oportunas y en mejores condiciones.<\/li>\n<li>Sistematizar las actividades de la contrataci\u00f3n p\u00fablica, posibilitando un plan de carrera para los funcionarios certificados.<\/li>\n<\/ul>\n<p><strong>Para el Estado y el Pa\u00eds<\/strong><\/p>\n<ul>\n<li>Eleva la calidad de la gesti\u00f3n de los procesos t\u00e9cnicos y administrativos del Estado.<\/li>\n<li>Aumenta la eficiencia en los procesos de contrataci\u00f3n p\u00fablica, mejorando la ejecuci\u00f3n presupuestaria de las entidades contratantes.<\/li>\n<li>Acreditaci\u00f3n de las competencias en el \u00e1mbito de la contrataci\u00f3n p\u00fablica, distinta a la certificaci\u00f3n de la educaci\u00f3n formal.<\/li>\n<li>Legitimidad y transparencia del proceso de certificaci\u00f3n, basado en la evaluaci\u00f3n de las competencias en funci\u00f3n de los roles desempe\u00f1ados por el servidor en la contrataci\u00f3n p\u00fablica.<\/li>\n<li>Disminuci\u00f3n del riesgo en la inversi\u00f3n p\u00fablica, cumpliendo la programaci\u00f3n institucional, optimizando los resultados y maximizando el beneficio social.<\/li>\n<li>Brindar un mejor servicio a la comunidad entregando servicios y obras oportunas en mejores condiciones.<\/li>\n<\/ul>\n<p>&nbsp;<\/p>\n<p style=\"text-align: justify;\"><a href=\"https:\/\/portal.compraspublicas.gob.ec\/sercop\/wp-content\/uploads\/2022\/05\/Mesa-de-trabajo-28-copia-7-8-1.png\"><img loading=\"lazy\" class=\"alignnone size-full wp-image-48034\" src=\"https:\/\/portal.compraspublicas.gob.ec\/sercop\/wp-content\/uploads\/2022\/05\/Mesa-de-trabajo-28-copia-7-8-1.png\" alt=\"\" width=\"914\" height=\"57\" srcset=\"https:\/\/portal.compraspublicas.gob.ec\/sercop\/wp-content\/uploads\/2022\/05\/Mesa-de-trabajo-28-copia-7-8-1.png 914w, https:\/\/portal.compraspublicas.gob.ec\/sercop\/wp-content\/uploads\/2022\/05\/Mesa-de-trabajo-28-copia-7-8-1-300x19.png 300w, https:\/\/portal.compraspublicas.gob.ec\/sercop\/wp-content\/uploads\/2022\/05\/Mesa-de-trabajo-28-copia-7-8-1-768x48.png 768w\" sizes=\"(max-width: 914px) 100vw, 914px\" \/><\/a><\/p>\n<p>&nbsp;<\/p>\n<p>Competencia Laboral es la capacidad de una persona para desempe\u00f1ar las actividades que componen una funci\u00f3n laboral, seg\u00fan los est\u00e1ndares y calidad esperados. Incluye los conocimientos, habilidades y actitudes requeridas para lograr los resultados previstos.<\/p>\n<p>&nbsp;<\/p>\n<p style=\"text-align: justify;\"><a href=\"https:\/\/portal.compraspublicas.gob.ec\/sercop\/wp-content\/uploads\/2022\/05\/Mesa-de-trabajo-28-copia-9-8-1.png\"><img loading=\"lazy\" class=\"alignnone size-full wp-image-48036\" src=\"https:\/\/portal.compraspublicas.gob.ec\/sercop\/wp-content\/uploads\/2022\/05\/Mesa-de-trabajo-28-copia-9-8-1.png\" alt=\"\" width=\"914\" height=\"57\" srcset=\"https:\/\/portal.compraspublicas.gob.ec\/sercop\/wp-content\/uploads\/2022\/05\/Mesa-de-trabajo-28-copia-9-8-1.png 914w, https:\/\/portal.compraspublicas.gob.ec\/sercop\/wp-content\/uploads\/2022\/05\/Mesa-de-trabajo-28-copia-9-8-1-300x19.png 300w, https:\/\/portal.compraspublicas.gob.ec\/sercop\/wp-content\/uploads\/2022\/05\/Mesa-de-trabajo-28-copia-9-8-1-768x48.png 768w\" sizes=\"(max-width: 914px) 100vw, 914px\" \/><\/a><\/p>\n<p>Certificaci\u00f3n como Operador del Sistema Nacional de Contrataci\u00f3n P\u00fablica \u2013 Fundamentos de Contrataci\u00f3n P\u00fablica: No se requiere requisitos<\/p>\n<p>Certificaci\u00f3n en un determinado rol: Los requisitos establecidos para cada rol se encuentran disponibles en el siguiente enlace: <strong><a href=\"https:\/\/portal.compraspublicas.gob.ec\/sercop\/registro-de-postulantes-certificacion-por-roles\/\">https:\/\/portal.compraspublicas.gob.ec\/sercop\/registro-de-postulantes-certificacion-por-roles\/<\/a><\/strong><\/p>\n<p><strong><u>REGISTRO<\/u><\/strong><\/p>\n<p>Para participar en el proceso de evaluaci\u00f3n para obtener\u00a0 la Certificaci\u00f3n como Operadores del Sistema Nacional de Contrataci\u00f3n P\u00fablica- SNCP los servidores p\u00fablicos, las personas interesadas en ingresar al servicio p\u00fablico y proveedores del Estado, deber\u00e1n ingresar al enlace\u00a0<a href=\"https:\/\/certificaciones.compraspublicas.gob.ec\/\"><strong>https:\/\/certificaciones.compraspublicas.gob.ec\/<\/strong><\/a>\u00a0para realizar su registro y postulaci\u00f3n de forma personal.<\/p>\n<p style=\"text-align: justify;\">\n","protected":false},"excerpt":{"rendered":"<p class=\"excerpt\">&nbsp; \u00bfQu\u00e9 es la Certificaci\u00f3n como Operadores del Sistema Nacional de Contrataci\u00f3n P\u00fablica? Es la acreditaci\u00f3n emitida por el Servicio Nacional de Contrataci\u00f3n P\u00fablica, sobre la suficiencia de conocimientos respecto a las competencias de un rol determinado, para desempe\u00f1arse como operador del Sistema Nacional de Contrataci\u00f3n P\u00fablica. \u00bfQui\u00e9nes deben certificarse? De acuerdo con lo dispuesto en el Art. 7 de&hellip; <a href=\"https:\/\/portal.compraspublicas.gob.ec\/sercop\/informacion-general-normativa-requisitos\/\">Read more &rarr;<\/a><\/p>\n","protected":false},"author":75,"featured_media":0,"parent":0,"menu_order":0,"comment_status":"closed","ping_status":"closed","template":"menugenerico.php","meta":[],"_links":{"self":[{"href":"https:\/\/portal.compraspublicas.gob.ec\/sercop\/wp-json\/wp\/v2\/pages\/47964"}],"collection":[{"href":"https:\/\/portal.compraspublicas.gob.ec\/sercop\/wp-json\/wp\/v2\/pages"}],"about":[{"href":"https:\/\/portal.compraspublicas.gob.ec\/sercop\/wp-json\/wp\/v2\/types\/page"}],"author":[{"embeddable":true,"href":"https:\/\/portal.compraspublicas.gob.ec\/sercop\/wp-json\/wp\/v2\/users\/75"}],"replies":[{"embeddable":true,"href":"https:\/\/portal.compraspublicas.gob.ec\/sercop\/wp-json\/wp\/v2\/comments?post=47964"}],"version-history":[{"count":12,"href":"https:\/\/portal.compraspublicas.gob.ec\/sercop\/wp-json\/wp\/v2\/pages\/47964\/revisions"}],"predecessor-version":[{"id":63131,"href":"https:\/\/portal.compraspublicas.gob.ec\/sercop\/wp-json\/wp\/v2\/pages\/47964\/revisions\/63131"}],"wp:attachment":[{"href":"https:\/\/portal.compraspublicas.gob.ec\/sercop\/wp-json\/wp\/v2\/media?parent=47964"}],"curies":[{"name":"wp","href":"https:\/\/api.w.org\/{rel}","templated":true}]}}