{"id":48283,"date":"2022-06-01T09:45:00","date_gmt":"2022-06-01T14:45:00","guid":{"rendered":"http:\/\/portal.compraspublicas.gob.ec\/sercop\/?page_id=48283"},"modified":"2024-11-28T16:06:23","modified_gmt":"2024-11-28T21:06:23","slug":"proforma-de-precios-para-el-catalogo-electronico","status":"publish","type":"page","link":"https:\/\/portal.compraspublicas.gob.ec\/sercop\/proforma-de-precios-para-el-catalogo-electronico\/","title":{"rendered":"PROFORMA DE PRECIOS PARA EL CAT\u00c1LOGO ELECTR\u00d3NICO"},"content":{"rendered":"<p><strong><a style=\"display:flex\"><img loading=\"lazy\" class=\"alignnone wp-image-48286\" src=\"https:\/\/portal.compraspublicas.gob.ec\/sercop\/wp-content\/uploads\/2022\/06\/WhatsApp-Image-2022-06-01-at-9.10.46-AM.jpeg\" alt=\"\" width=\"766\" height=\"184\" srcset=\"https:\/\/portal.compraspublicas.gob.ec\/sercop\/wp-content\/uploads\/2022\/06\/WhatsApp-Image-2022-06-01-at-9.10.46-AM.jpeg 920w, https:\/\/portal.compraspublicas.gob.ec\/sercop\/wp-content\/uploads\/2022\/06\/WhatsApp-Image-2022-06-01-at-9.10.46-AM-300x72.jpeg 300w, https:\/\/portal.compraspublicas.gob.ec\/sercop\/wp-content\/uploads\/2022\/06\/WhatsApp-Image-2022-06-01-at-9.10.46-AM-768x184.jpeg 768w\" sizes=\"(max-width: 766px) 100vw, 766px\" \/><\/a><\/strong><\/p>\n<p><strong>PROFORMA DE PRECIOS PARA EL CAT\u00c1LOGO ELECTR\u00d3NICO<\/strong><\/p>\n<p>&nbsp;<\/p>\n<p><strong>SE\u00d1ORES PROVEEDORES DE SUMIDEROS, TAPAS Y REJILLAS DE HIERRO<\/strong><\/p>\n<p>El Servicio Nacional de Contrataci\u00f3n P\u00fablica, como ente rector de la Contrataci\u00f3n P\u00fablica y administrador del portal institucional del SERCOP, tiene el agrado de invitar a todos los oferentes de la actividad econ\u00f3mica \u00a0\u201cSumideros, Tapas y Rejillas de Hierro\u201d inscritos y habilitados en el Registro \u00danico de Proveedores \u2013RUP o No, a participar en la incorporaci\u00f3n de nuevos productos del cat\u00e1logo: \u201cSumideros, Tapas y Rejillas de Hierro\u201d con c\u00f3digo signado SERCOP-SELPROV-003-2022, a trav\u00e9s del Portal Institucional para que puedan ser adquiridos por las entidades p\u00fablicas a trav\u00e9s de la herramienta de Cat\u00e1logo Electr\u00f3nico, mediante la entrega de proformas con precios unitarios de cada uno de los bienes a ser incorporados en el Cat\u00e1logo Electr\u00f3nico General.<\/p>\n<p>Los interesados en presentar las proformas, deber\u00e1n seguir los siguientes pasos:<\/p>\n<ul>\n<li>Descargar las Fichas T\u00e9cnicas \u201cSumideros, Tapas y Rejillas de Hierro\u201d<\/li>\n<li>Descargar el \u201cModelo_proforma\u201d<\/li>\n<li>Llenar el \u201cModelo_proforma\u201d<\/li>\n<li>Firmar la proforma \u201cModelo_proforma\u201d con esfero azul, de forma digital o electr\u00f3nica<\/li>\n<li>Guardar \u201cModelo_proforma\u201d en formato PDF.<\/li>\n<li>Llenar la PROFORMA DIGITAL, la misma que se encuentra en el <strong>Link para cargar <\/strong>en base a los requerimientos de la informaci\u00f3n establecida en la \u00a0ficha t\u00e9cnica de cada bien.<\/li>\n<li>Anexar el \u201cModelo_proforma\u201d con la firma correspondiente dentro de la proforma digital<\/li>\n<li>Enviar<\/li>\n<\/ul>\n<p>El plazo m\u00e1ximo para remitir las proformas ser\u00e1 hasta el <strong>07 de julio de 2023<\/strong>.<\/p>\n<p>Las fichas t\u00e9cnicas de los bienes requeridos y modelo de proforma usted los puedes descargar en el siguiente cuadro, as\u00ed como los link de carga de las proformas:<\/p>\n<table cellspacing=\"0\" cellpadding=\"0\">\n<tbody>\n<tr bgcolor=\"#4DA3E9\">\n<td width=\"285\"><span style=\"color: #ffffff;\">Nombre Columna<\/span><\/td>\n<td width=\"504\"><span style=\"color: #ffffff;\">Descripci\u00f3n archivo adjunto<\/span><\/td>\n<\/tr>\n<tr>\n<td width=\"285\">Descargue fichas t\u00e9cnicas (Especificaciones t\u00e9cnicas)<\/td>\n<td width=\"504\"><a href=\"https:\/\/portal.compraspublicas.gob.ec\/sercop\/wp-content\/uploads\/2023\/06\/Fichas-Te\u0301cnicas_Sumideros-Tapas-y-Rejillas-de-Hierro.docx\">Fichas T\u00e9cnicas_Sumideros, Tapas y Rejillas de Hierro<\/a><\/td>\n<\/tr>\n<tr>\n<td width=\"285\">Descargue el modelo de proforma<\/td>\n<td width=\"504\"><a href=\"https:\/\/portal.compraspublicas.gob.ec\/sercop\/wp-content\/uploads\/2023\/06\/Modelo_Proforma-Sumideros-Tapas-y-Rejillas-de-Hierro-1.docx\">Modelo_Proforma Sumideros, Tapas y Rejillas de Hierro<\/a><\/td>\n<\/tr>\n<tr>\n<td rowspan=\"2\" width=\"285\">Link para para cargar la proforma digital<\/td>\n<td rowspan=\"2\" width=\"504\"><a href=\"https:\/\/docs.google.com\/forms\/d\/e\/1FAIpQLSfq3wttK2MBWgs-egmPgo1Z46NwtHnMIX71wNupHVLMCh2geA\/viewform?usp=sf_link\">https:\/\/docs.google.com\/forms\/d\/e\/1FAIpQLSfq3wttK2MBWgs-egmPgo1Z46NwtHnMIX71wNupHVLMCh2geA\/viewform?usp=sf_link<\/a><\/td>\n<\/tr>\n<\/tbody>\n<\/table>\n","protected":false},"excerpt":{"rendered":"<p class=\"excerpt\">PROFORMA DE PRECIOS PARA EL CAT\u00c1LOGO ELECTR\u00d3NICO &nbsp; SE\u00d1ORES PROVEEDORES DE SUMIDEROS, TAPAS Y REJILLAS DE HIERRO El Servicio Nacional de Contrataci\u00f3n P\u00fablica, como ente rector de la Contrataci\u00f3n P\u00fablica y administrador del portal institucional del SERCOP, tiene el agrado de invitar a todos los oferentes de la actividad econ\u00f3mica \u00a0\u201cSumideros, Tapas y Rejillas de Hierro\u201d inscritos y habilitados en&hellip; <a href=\"https:\/\/portal.compraspublicas.gob.ec\/sercop\/proforma-de-precios-para-el-catalogo-electronico\/\">Read more &rarr;<\/a><\/p>\n","protected":false},"author":75,"featured_media":0,"parent":0,"menu_order":0,"comment_status":"closed","ping_status":"closed","template":"menugenerico.php","meta":[],"_links":{"self":[{"href":"https:\/\/portal.compraspublicas.gob.ec\/sercop\/wp-json\/wp\/v2\/pages\/48283"}],"collection":[{"href":"https:\/\/portal.compraspublicas.gob.ec\/sercop\/wp-json\/wp\/v2\/pages"}],"about":[{"href":"https:\/\/portal.compraspublicas.gob.ec\/sercop\/wp-json\/wp\/v2\/types\/page"}],"author":[{"embeddable":true,"href":"https:\/\/portal.compraspublicas.gob.ec\/sercop\/wp-json\/wp\/v2\/users\/75"}],"replies":[{"embeddable":true,"href":"https:\/\/portal.compraspublicas.gob.ec\/sercop\/wp-json\/wp\/v2\/comments?post=48283"}],"version-history":[{"count":13,"href":"https:\/\/portal.compraspublicas.gob.ec\/sercop\/wp-json\/wp\/v2\/pages\/48283\/revisions"}],"predecessor-version":[{"id":60481,"href":"https:\/\/portal.compraspublicas.gob.ec\/sercop\/wp-json\/wp\/v2\/pages\/48283\/revisions\/60481"}],"wp:attachment":[{"href":"https:\/\/portal.compraspublicas.gob.ec\/sercop\/wp-json\/wp\/v2\/media?parent=48283"}],"curies":[{"name":"wp","href":"https:\/\/api.w.org\/{rel}","templated":true}]}}