{"id":48361,"date":"2022-06-09T11:37:32","date_gmt":"2022-06-09T16:37:32","guid":{"rendered":"http:\/\/portal.compraspublicas.gob.ec\/sercop\/?page_id=48361"},"modified":"2024-11-28T16:06:58","modified_gmt":"2024-11-28T21:06:58","slug":"proforma-de-precios-para-el-catalogo-electronico-2","status":"publish","type":"page","link":"https:\/\/portal.compraspublicas.gob.ec\/sercop\/proforma-de-precios-para-el-catalogo-electronico-2\/","title":{"rendered":"PROFORMA DE PRECIOS PARA EL CAT\u00c1LOGO ELECTR\u00d3NICO"},"content":{"rendered":"<p><a style=\"display:flex\"><img loading=\"lazy\" class=\"alignnone size-full wp-image-48365\" src=\"https:\/\/portal.compraspublicas.gob.ec\/sercop\/wp-content\/uploads\/2022\/06\/WhatsApp-Image-2022-06-09-at-11.11.26-AM.jpeg\" alt=\"\" width=\"766\" height=\"184\" \/><\/a><\/p>\n<p>&nbsp;<\/p>\n<p style=\"text-align: justify;\"><strong>SE\u00d1ORES PROVEEDORES DE COMPUTADORAS QUE CUMPLAN CON EL PRINCIPIO DE \u00a0VIGENCIA TECNOL\u00d3GICA<\/strong><\/p>\n<p style=\"text-align: justify;\">El Servicio Nacional de Contrataci\u00f3n P\u00fablica, como ente rector de la Contrataci\u00f3n P\u00fablica y administrador del portal institucional del SERCOP, tiene el agrado de invitar a todos los oferentes de la actividad econ\u00f3mica \u00a0\u201cComputadoras que cumplan con el principio de vigencia tecnol\u00f3gica\u201d inscritos y habilitados en el Registro \u00danico de Proveedores \u2013RUP o No, a participar en la fase preparatoria para la incorporaci\u00f3n de <strong>COMPUTADORAS PORT\u00c1TILES<\/strong> al proceso SERCOP-SELPROV-005-2021 a trav\u00e9s del Portal Institucional para que puedan ser adquiridos por las entidades p\u00fablicas por la herramienta de Cat\u00e1logo Electr\u00f3nico, mediante la entrega de proformas con precios unitarios de cada uno de los bienes a ser incorporados en el Cat\u00e1logo Electr\u00f3nico General.<\/p>\n<p style=\"text-align: justify;\">Los interesados en presentar las proformas, deber\u00e1n seguir los siguientes pasos:<\/p>\n<ul style=\"text-align: justify;\">\n<li>Descargar las Fichas T\u00e9cnicas \u201cCOMPUTADORAS QUE CUMPLAN CON EL PRINCIPIO DE VIGENCIA TECNOL\u00d3GICA\u201d<\/li>\n<li>Descargar el \u201cModelo_proforma\u201d<\/li>\n<li>Llenar el \u201cModelo_proforma\u201d<\/li>\n<li>Firmar la proforma \u201cModelo_proforma\u201d con esfero azul, de forma digital o electr\u00f3nica<\/li>\n<li>Guardar \u201cModelo_proforma\u201d en formato PDF.<\/li>\n<li>Llenar la PROFORMA DIGITAL, la misma que se encuentra en el <strong>Link para cargar <\/strong>en base a los requerimientos de la informaci\u00f3n establecida en la \u00a0ficha t\u00e9cnica de cada bien.<\/li>\n<li>Anexar el \u201cModelo_proforma\u201d con la firma correspondiente dentro de la proforma digital<\/li>\n<li>Enviar<\/li>\n<\/ul>\n<p style=\"text-align: justify;\">El plazo m\u00e1ximo para remitir las proformas ser\u00e1 hasta el <strong>14 de junio de 2022<\/strong>.<\/p>\n<p style=\"text-align: justify;\">Las fichas t\u00e9cnicas de los bienes requeridos y modelo de proforma usted los puedes descargar en el siguiente cuadro, as\u00ed como los link de carga de las proformas:<\/p>\n<table width=\"98%\">\n<tbody>\n<tr>\n<td bgcolor=\"#4da3e9\" width=\"42%\">\n<p style=\"text-align: left;\"><span style=\"color: #ffffff;\"><strong>Descargue fichas t\u00e9cnicas<\/strong><\/span><\/p>\n<p style=\"text-align: left;\"><span style=\"color: #ffffff;\"><strong>(Especificaciones t\u00e9cnicas)<\/strong><\/span><\/p>\n<\/td>\n<td bgcolor=\"#4da3e9\" width=\"27%\"><span style=\"color: #ffffff;\"><strong>Descargue el modelo de proforma<\/strong><\/span><\/td>\n<td bgcolor=\"#4da3e9\" width=\"30%\"><span style=\"color: #ffffff;\"><strong>Link para cargar la proforma digital<\/strong><\/span><\/td>\n<\/tr>\n<tr>\n<td width=\"42%\"><a href=\"https:\/\/portal.compraspublicas.gob.ec\/sercop\/wp-content\/uploads\/2022\/06\/Fichas-T\u00e9cnicas-Computadoras-que-cumplan-con-el-principio-de-vigencia-tecnol\u00f3gica_Port\u00e1tiles.pdf\">Fichas T\u00e9cnicas \u201cCOMPUTADORAS QUE CUMPLAN CON EL PRINCIPIO DE VIGENCIA TECNOL\u00d3GICA\u201d<\/a><\/td>\n<td width=\"27%\"><a href=\"https:\/\/portal.compraspublicas.gob.ec\/sercop\/wp-content\/uploads\/2022\/06\/Modelo-Proforma-Computadoras-que-cumplan-con-el-principio-de-vigencia-tecnol\u00f3gica.docx\">Modelo_proforma<\/a><\/td>\n<td width=\"30%\"><a href=\"https:\/\/docs.google.com\/forms\/d\/e\/1FAIpQLScPRyEcNy2kiKbBKUeIyFG9n3GddtDZ4aZgLkX8RkYm8EJBiA\/viewform?usp=sf_link\">https:\/\/docs.google.com\/forms\/d\/e\/1FAIpQLScPRyEcNy2kiKbBKUeIyFG9n3GddtDZ4aZgLkX8RkYm8EJBiA\/viewform?usp=sf_link<\/a><\/td>\n<\/tr>\n<\/tbody>\n<\/table>\n<p style=\"text-align: justify;\">\n","protected":false},"excerpt":{"rendered":"<p class=\"excerpt\">&nbsp; SE\u00d1ORES PROVEEDORES DE COMPUTADORAS QUE CUMPLAN CON EL PRINCIPIO DE \u00a0VIGENCIA TECNOL\u00d3GICA El Servicio Nacional de Contrataci\u00f3n P\u00fablica, como ente rector de la Contrataci\u00f3n P\u00fablica y administrador del portal institucional del SERCOP, tiene el agrado de invitar a todos los oferentes de la actividad econ\u00f3mica \u00a0\u201cComputadoras que cumplan con el principio de vigencia tecnol\u00f3gica\u201d inscritos y habilitados en el&hellip; <a href=\"https:\/\/portal.compraspublicas.gob.ec\/sercop\/proforma-de-precios-para-el-catalogo-electronico-2\/\">Read more &rarr;<\/a><\/p>\n","protected":false},"author":75,"featured_media":0,"parent":0,"menu_order":0,"comment_status":"closed","ping_status":"closed","template":"menugenerico.php","meta":[],"_links":{"self":[{"href":"https:\/\/portal.compraspublicas.gob.ec\/sercop\/wp-json\/wp\/v2\/pages\/48361"}],"collection":[{"href":"https:\/\/portal.compraspublicas.gob.ec\/sercop\/wp-json\/wp\/v2\/pages"}],"about":[{"href":"https:\/\/portal.compraspublicas.gob.ec\/sercop\/wp-json\/wp\/v2\/types\/page"}],"author":[{"embeddable":true,"href":"https:\/\/portal.compraspublicas.gob.ec\/sercop\/wp-json\/wp\/v2\/users\/75"}],"replies":[{"embeddable":true,"href":"https:\/\/portal.compraspublicas.gob.ec\/sercop\/wp-json\/wp\/v2\/comments?post=48361"}],"version-history":[{"count":10,"href":"https:\/\/portal.compraspublicas.gob.ec\/sercop\/wp-json\/wp\/v2\/pages\/48361\/revisions"}],"predecessor-version":[{"id":60482,"href":"https:\/\/portal.compraspublicas.gob.ec\/sercop\/wp-json\/wp\/v2\/pages\/48361\/revisions\/60482"}],"wp:attachment":[{"href":"https:\/\/portal.compraspublicas.gob.ec\/sercop\/wp-json\/wp\/v2\/media?parent=48361"}],"curies":[{"name":"wp","href":"https:\/\/api.w.org\/{rel}","templated":true}]}}